{"id":540,"date":"2023-03-28T09:18:40","date_gmt":"2023-03-28T08:18:40","guid":{"rendered":"https:\/\/wordpress-1074717-3818660.cloudwaysapps.com\/?page_id=540"},"modified":"2026-01-26T17:11:47","modified_gmt":"2026-01-26T16:11:47","slug":"arquitetura","status":"publish","type":"page","link":"https:\/\/colosseo-roma.it\/pt\/explorar\/coliseu\/arquitetura\/","title":{"rendered":"Arquitetura"},"content":{"rendered":"<div data-elementor-type=\"wp-page\" data-elementor-id=\"540\" class=\"elementor elementor-540\" data-elementor-post-type=\"page\">\n\t\t\t\t\t\t<section class=\"elementor-section elementor-top-section elementor-element elementor-element-bd0a364 elementor-section-boxed elementor-section-height-default elementor-section-height-default\" data-id=\"bd0a364\" data-element_type=\"section\" data-settings=\"{&quot;jet_parallax_layout_list&quot;:[],&quot;ekit_has_onepagescroll_dot&quot;:&quot;yes&quot;}\">\n\t\t\t\t\t\t<div class=\"elementor-container elementor-column-gap-default\">\n\t\t\t\t\t<div class=\"elementor-column elementor-col-100 elementor-top-column elementor-element elementor-element-e53f870\" data-id=\"e53f870\" data-element_type=\"column\" data-settings=\"{&quot;background_background&quot;:&quot;classic&quot;}\">\n\t\t\t<div class=\"elementor-widget-wrap elementor-element-populated\">\n\t\t\t\t\t\t<div class=\"elementor-element elementor-element-3f626a0 elementor-widget elementor-widget-heading\" data-id=\"3f626a0\" data-element_type=\"widget\" data-settings=\"{&quot;ekit_we_effect_on&quot;:&quot;none&quot;}\" data-widget_type=\"heading.default\">\n\t\t\t\t<div class=\"elementor-widget-container\">\n\t\t\t<h1 class=\"elementor-heading-title elementor-size-default\">Arquitetura do Coliseu<\/h1>\t\t<\/div>\n\t\t\t\t<\/div>\n\t\t\t\t<div class=\"elementor-element elementor-element-63abe57 elementor-widget elementor-widget-text-editor\" data-id=\"63abe57\" data-element_type=\"widget\" data-settings=\"{&quot;ekit_we_effect_on&quot;:&quot;none&quot;}\" data-widget_type=\"text-editor.default\">\n\t\t\t\t<div class=\"elementor-widget-container\">\n\t\t\t\t\t\t\t<p><strong>O Coliseu tem 52 metros de altura.<\/strong><br \/><strong>O eixo menor de 156 metros.<\/strong><br \/><strong>O eixo principal tem 188 metros.<\/strong><br \/><strong>A arena tem uma \u00e1rea de 3357 metros quadrados.<\/strong><\/p>\t\t\t\t\t\t<\/div>\n\t\t\t\t<\/div>\n\t\t\t\t<div class=\"elementor-element elementor-element-0ad6c2a elementor-widget elementor-widget-heading\" data-id=\"0ad6c2a\" data-element_type=\"widget\" data-settings=\"{&quot;ekit_we_effect_on&quot;:&quot;none&quot;}\" data-widget_type=\"heading.default\">\n\t\t\t\t<div class=\"elementor-widget-container\">\n\t\t\t<h4 class=\"elementor-heading-title elementor-size-default\">As carater\u00edsticas do Coliseu<\/h4>\t\t<\/div>\n\t\t\t\t<\/div>\n\t\t\t\t<div class=\"elementor-element elementor-element-f411953 elementor-widget elementor-widget-text-editor\" data-id=\"f411953\" data-element_type=\"widget\" data-settings=\"{&quot;ekit_we_effect_on&quot;:&quot;none&quot;}\" data-widget_type=\"text-editor.default\">\n\t\t\t\t<div class=\"elementor-widget-container\">\n\t\t\t\t\t\t\t<p>A estrutura articula-se no exterior em quatro ordens, correspondendo no interior a cinco sectores de assentos que constituem a cavea. A estrutura de suporte \u00e9 formada por pilares de blocos de travertino intercalados, na primeira ordem, por alvenaria de blocos de tufo e, nas ordens superiores, por divis\u00f3rias radiais de tijolo. As ab\u00f3badas de cobertura s\u00e3o de bet\u00e3o de tufo amarelo e laranja, o primeiro da \u00e9poca flaviana e o segundo da \u00e9poca severiana. O pavimento da primeira ordem era de lajes de travertino, exceto ao longo do corredor junto \u00e0 arena, que, por se destinar aos senadores, era revestido de m\u00e1rmore. Nas ordens superiores, o pavimento era em opus spicatum, feito de tijolos dispostos em espinha de peixe. O travertino era ainda utilizado no revestimento das escadas e patamares e nas condutas vis\u00edveis. As ab\u00f3badas e as paredes de tijolo e tufo eram revestidas de reboco branco; a base das paredes era vermelha. Todos os caminhos do imperador, da ordem senatorial e das mais altas autoridades religiosas eram revestidos de m\u00e1rmore.<\/p>\t\t\t\t\t\t<\/div>\n\t\t\t\t<\/div>\n\t\t\t\t<div class=\"elementor-element elementor-element-3a32cd8 elementor-widget elementor-widget-heading\" data-id=\"3a32cd8\" data-element_type=\"widget\" data-settings=\"{&quot;ekit_we_effect_on&quot;:&quot;none&quot;}\" data-widget_type=\"heading.default\">\n\t\t\t\t<div class=\"elementor-widget-container\">\n\t\t\t<h4 class=\"elementor-heading-title elementor-size-default\">A estrutura do anfiteatro flaviano<\/h4>\t\t<\/div>\n\t\t\t\t<\/div>\n\t\t\t\t<div class=\"elementor-element elementor-element-c8ccae0 elementor-widget elementor-widget-text-editor\" data-id=\"c8ccae0\" data-element_type=\"widget\" data-settings=\"{&quot;ekit_we_effect_on&quot;:&quot;none&quot;}\" data-widget_type=\"text-editor.default\">\n\t\t\t\t<div class=\"elementor-widget-container\">\n\t\t\t\t\t\t\t<p>O anfiteatro ergue-se sobre uma crepidina baixa de blocos de travertino, formando dois n\u00edveis. As tr\u00eas primeiras ordens s\u00e3o formadas por 80 arcos assentes sobre pilares em opus quadratum, com meias-colunas salientes encimadas por capit\u00e9is d\u00f3ricos na primeira ordem, j\u00f3nicos na segunda e cor\u00edntios na terceira. O quarto e \u00faltimo registo \u00e9 constitu\u00eddo por uma parede maci\u00e7a na qual alternam pilastras de ordem cor\u00edntia com janelas quadradas. Ainda s\u00e3o vis\u00edveis as m\u00edsulas de travertino sobre as quais assentavam as bases das vigas de madeira que suportavam o vel\u00e1rio do telhado; na cornija saliente encontram-se orif\u00edcios para a inser\u00e7\u00e3o das vigas, um para cada m\u00edsula abaixo.<\/p>\t\t\t\t\t\t<\/div>\n\t\t\t\t<\/div>\n\t\t\t\t<div class=\"elementor-element elementor-element-27c309a elementor-widget elementor-widget-heading\" data-id=\"27c309a\" data-element_type=\"widget\" data-settings=\"{&quot;ekit_we_effect_on&quot;:&quot;none&quot;}\" data-widget_type=\"heading.default\">\n\t\t\t\t<div class=\"elementor-widget-container\">\n\t\t\t<h4 class=\"elementor-heading-title elementor-size-default\">Mergulhar na arquitetura do Coliseu<\/h4>\t\t<\/div>\n\t\t\t\t<\/div>\n\t\t\t\t<div class=\"elementor-element elementor-element-378bf9b elementor-widget elementor-widget-text-editor\" data-id=\"378bf9b\" data-element_type=\"widget\" data-settings=\"{&quot;ekit_we_effect_on&quot;:&quot;none&quot;}\" data-widget_type=\"text-editor.default\">\n\t\t\t\t<div class=\"elementor-widget-container\">\n\t\t\t\t\t\t\t<p>A cavea estava subdividida, a partir da parte inferior, num primeiro sector de assentos (podium), composto por quatro grandes n\u00edveis de m\u00e1rmore sobre os quais assentavam os assentos m\u00f3veis dos senadores; um segundo sector, o maenianum primum, era composto por oito degraus de m\u00e1rmore; o maenianum secundum, o maior sector, era dividido em imum e summum e estava reservado \u00e0 ordem equestre; o maenianum summum in ligneis situava-se na parte mais alta, logo abaixo do velarium, e tinha 11 degraus de madeira sob uma colunata. Corredores el\u00edpticos chamados praecinctiones separavam os v\u00e1rios sectores de assentos: o praecinctio que distinguia o maenianum inferior do superior formava uma eleva\u00e7\u00e3o alta articulada em portas, vomitoria (corredores para a sa\u00edda da multid\u00e3o) e nichos.<\/p>\t\t\t\t\t\t<\/div>\n\t\t\t\t<\/div>\n\t\t\t\t<div class=\"elementor-element elementor-element-b25ef14 elementor-widget elementor-widget-heading\" data-id=\"b25ef14\" data-element_type=\"widget\" data-settings=\"{&quot;ekit_we_effect_on&quot;:&quot;none&quot;}\" data-widget_type=\"heading.default\">\n\t\t\t\t<div class=\"elementor-widget-container\">\n\t\t\t<h4 class=\"elementor-heading-title elementor-size-default\">Quantas pessoas podia conter o Coliseu de Roma?<\/h4>\t\t<\/div>\n\t\t\t\t<\/div>\n\t\t\t\t<div class=\"elementor-element elementor-element-9dfaf83 elementor-widget elementor-widget-text-editor\" data-id=\"9dfaf83\" data-element_type=\"widget\" data-settings=\"{&quot;ekit_we_effect_on&quot;:&quot;none&quot;}\" data-widget_type=\"text-editor.default\">\n\t\t\t\t<div class=\"elementor-widget-container\">\n\t\t\t\t\t\t\t<p>Calcula-se que o anfiteatro podia acolher cerca de 55.000 espectadores, dos quais 50.000 sentados e 5.000 de p\u00e9 na parte mais alta. \u00c0 volta da arena corria uma galeria da qual apenas se conserva a parede do fundo com 24 nichos, que comunicava com o piso dos jogos atrav\u00e9s de portas utilizadas pelo pessoal de servi\u00e7o. Uma pequena parte da galeria de servi\u00e7o foi reconstru\u00edda no s\u00e9culo XIX ao longo da encosta sul, para real\u00e7ar a presen\u00e7a do criptop\u00f3rtico imperial, que nesta altura chegava ao palco para o imperador.<\/p><p>A entrada no anfiteatro era gratuita, mas regulada de acordo com um crit\u00e9rio hier\u00e1rquico preciso: os melhores lugares \u00e0 volta da arena estavam reservados aos senadores, enquanto os piores lugares, mais altos e mais distantes, com visibilidade reduzida, estavam reservados aos plebeus e situavam-se no maenianum summum in ligneis.<\/p><p>As entradas eram numeradas: alguns n\u00fameros podem ainda ser vistos no topo das arcadas do anel exterior, ao longo do lado norte intacto. Outros sinais foram pintados no topo das arcadas interiores para permitir aos espectadores encontrar facilmente o caminho para os lugares que lhes foram atribu\u00eddos: os mesmos sinais estavam no cart\u00e3o pessoal que cada cidad\u00e3o tinha. Apenas as entradas nas extremidades dos eixos maior e menor n\u00e3o eram numeradas, pois estavam reservadas \u00e0s autoridades e aos gladiadores.<\/p><p>No Coliseu, para al\u00e9m dos combates de gladiadores (munera) e dos espect\u00e1culos de ca\u00e7a (venationes), realizavam-se execu\u00e7\u00f5es de senten\u00e7as de morte (noxii), que tinham para os romanos um elevado valor pedag\u00f3gico, como advert\u00eancia para a observ\u00e2ncia de comportamentos socialmente corretos. As execu\u00e7\u00f5es p\u00fablicas tornaram-se mais frequentes no Imp\u00e9rio Tardio, altura em que desapareceram certos tipos de tortura, como a forca e a crucifica\u00e7\u00e3o, sobrevivendo a queimadura e a decapita\u00e7\u00e3o.<\/p>\t\t\t\t\t\t<\/div>\n\t\t\t\t<\/div>\n\t\t\t\t<div class=\"elementor-element elementor-element-76b51ab elementor-widget elementor-widget-heading\" data-id=\"76b51ab\" data-element_type=\"widget\" data-settings=\"{&quot;ekit_we_effect_on&quot;:&quot;none&quot;}\" data-widget_type=\"heading.default\">\n\t\t\t\t<div class=\"elementor-widget-container\">\n\t\t\t<h4 class=\"elementor-heading-title elementor-size-default\">A masmorra dos gladiadores<\/h4>\t\t<\/div>\n\t\t\t\t<\/div>\n\t\t\t\t<div class=\"elementor-element elementor-element-c7220c5 elementor-widget elementor-widget-text-editor\" data-id=\"c7220c5\" data-element_type=\"widget\" data-settings=\"{&quot;ekit_we_effect_on&quot;:&quot;none&quot;}\" data-widget_type=\"text-editor.default\">\n\t\t\t\t<div class=\"elementor-widget-container\">\n\t\t\t\t\t\t\t<p>O piso onde se desenrolavam os espect\u00e1culos, a arena, escondia completamente da vista dos espectadores as salas subterr\u00e2neas onde se desenrolavam todas as actividades ligadas \u00e0 realiza\u00e7\u00e3o dos jogos. A arena era polvilhada com areia (da\u00ed o nome \"arena\"), \u00fatil tanto para evitar escorregamentos como para absorver o sangue abundante resultante da matan\u00e7a de grandes animais. As passagens subterr\u00e2neas do Coliseu estiveram abertas de 80 d.C. at\u00e9 508 d.C., altura em que foram completamente preenchidas com terra. As paredes hoje vis\u00edveis s\u00e3o o resultado de uma s\u00e9rie de altera\u00e7\u00f5es estruturais, nem sempre f\u00e1ceis de compreender, devidas tanto a restauros como a altera\u00e7\u00f5es cenogr\u00e1ficas. Nas caves, encontravam-se os elevadores (em n\u00famero de 80) que permitiam a comunica\u00e7\u00e3o com o pavimento da arena e a r\u00e1pida sa\u00edda de homens, animais, cen\u00e1rios e materiais necess\u00e1rios aos jogos. A diferen\u00e7a de altura entre o ch\u00e3o das masmorras e a primeira ordem era de 6 metros. O espa\u00e7o el\u00edptico das masmorras est\u00e1 dividido em quatro sectores sim\u00e9tricos, delimitados por dois corredores principais dispostos ao longo dos eixos principais, que se intersectam em \u00e2ngulos rectos. As paredes de tufo, nas quais s\u00e3o vis\u00edveis as ranhuras para a inser\u00e7\u00e3o de vigas e as guias verticalmente ranhuradas para as talhas, datam da fase original de constru\u00e7\u00e3o do per\u00edodo de Domiciano. Durante as escava\u00e7\u00f5es efectuadas entre 1874 e 1875, foram encontrados muitos elementos de madeira relativos aos mecanismos de eleva\u00e7\u00e3o, e at\u00e9 mesmo um pavimento inteiro de madeira, encontrado intacto no corredor central, ainda no local, talvez para isolar o pavimento da \u00e1gua que subia.<\/p>\t\t\t\t\t\t<\/div>\n\t\t\t\t<\/div>\n\t\t\t\t<div class=\"elementor-element elementor-element-c77714e elementor-widget elementor-widget-heading\" data-id=\"c77714e\" data-element_type=\"widget\" data-settings=\"{&quot;ekit_we_effect_on&quot;:&quot;none&quot;}\" data-widget_type=\"heading.default\">\n\t\t\t\t<div class=\"elementor-widget-container\">\n\t\t\t<h4 class=\"elementor-heading-title elementor-size-default\">Edif\u00edcios que servem o anfiteatro<\/h4>\t\t<\/div>\n\t\t\t\t<\/div>\n\t\t\t\t<div class=\"elementor-element elementor-element-1e25503 elementor-widget elementor-widget-text-editor\" data-id=\"1e25503\" data-element_type=\"widget\" data-settings=\"{&quot;ekit_we_effect_on&quot;:&quot;none&quot;}\" data-widget_type=\"text-editor.default\">\n\t\t\t\t<div class=\"elementor-widget-container\">\n\t\t\t\t\t\t\t<p>A constru\u00e7\u00e3o do anfiteatro implicou tamb\u00e9m a constru\u00e7\u00e3o simult\u00e2nea de uma s\u00e9rie de edif\u00edcios de servi\u00e7o, todos eles datados de Domiciano (81-96 d.C.).): os quatro Ludi, ou gin\u00e1sios para o treino dos gladiadores e dos venatores (o Ludus Magnus, no in\u00edcio da Via Labicana, est\u00e1 bem conservado), o quartel para os marinheiros da frota do Cabo Misenum (Castra Misenatium) encarregados de manobrar o velarium, o Summum Choragium, ou armaz\u00e9m dos cen\u00e1rios, e a Armamentaria, o armaz\u00e9m das armas dos gladiadores. Existia ainda o Saniarium, onde se prestavam os primeiros socorros aos feridos que podiam ser tratados no local, e o Spoliarium, onde se procedia \u00e0 desnuda\u00e7\u00e3o dos corpos dos gladiadores mortos e \u00e0 recupera\u00e7\u00e3o das armaduras.<\/p>\t\t\t\t\t\t<\/div>\n\t\t\t\t<\/div>\n\t\t\t\t\t<\/div>\n\t\t<\/div>\n\t\t\t\t\t<\/div>\n\t\t<\/section>\n\t\t\t\t<\/div>","protected":false},"excerpt":{"rendered":"<p>Archittetura del Colosseo Il Colosseo \u00e8 alto 52 metri. L&#8217;asse minore di 156 metri. L&#8217;asse maggiore di 188 metri. L&#8217;arena ha una superficie di 3357 metri quadrati. Le caratteristiche del Colosseo La struttura \u00e8 articolata all&#8217;esterno in quattro ordini, corrispondenti all&#8217;interno a cinque settori di posti a sedere costituenti la cavea. La struttura portante \u00e8 [&hellip;]<\/p>","protected":false},"author":1,"featured_media":0,"parent":528,"menu_order":3,"comment_status":"closed","ping_status":"closed","template":"","meta":{"site-sidebar-layout":"no-sidebar","site-content-layout":"page-builder","ast-site-content-layout":"full-width-container","site-content-style":"unboxed","site-sidebar-style":"unboxed","ast-global-header-display":"","ast-banner-title-visibility":"","ast-main-header-display":"","ast-hfb-above-header-display":"","ast-hfb-below-header-display":"","ast-hfb-mobile-header-display":"","site-post-title":"disabled","ast-breadcrumbs-content":"","ast-featured-img":"disabled","footer-sml-layout":"","ast-disable-related-posts":"","theme-transparent-header-meta":"default","adv-header-id-meta":"","stick-header-meta":"","header-above-stick-meta":"","header-main-stick-meta":"","header-below-stick-meta":"","astra-migrate-meta-layouts":"set","ast-page-background-enabled":"default","ast-page-background-meta":{"desktop":{"background-color":"var(--ast-global-color-4)","background-image":"","background-repeat":"repeat","background-position":"center center","background-size":"auto","background-attachment":"scroll","background-type":"","background-media":"","overlay-type":"","overlay-color":"","overlay-opacity":"","overlay-gradient":""},"tablet":{"background-color":"","background-image":"","background-repeat":"repeat","background-position":"center center","background-size":"auto","background-attachment":"scroll","background-type":"","background-media":"","overlay-type":"","overlay-color":"","overlay-opacity":"","overlay-gradient":""},"mobile":{"background-color":"","background-image":"","background-repeat":"repeat","background-position":"center center","background-size":"auto","background-attachment":"scroll","background-type":"","background-media":"","overlay-type":"","overlay-color":"","overlay-opacity":"","overlay-gradient":""}},"ast-content-background-meta":{"desktop":{"background-color":"var(--ast-global-color-5)","background-image":"","background-repeat":"repeat","background-position":"center center","background-size":"auto","background-attachment":"scroll","background-type":"","background-media":"","overlay-type":"","overlay-color":"","overlay-opacity":"","overlay-gradient":""},"tablet":{"background-color":"var(--ast-global-color-5)","background-image":"","background-repeat":"repeat","background-position":"center center","background-size":"auto","background-attachment":"scroll","background-type":"","background-media":"","overlay-type":"","overlay-color":"","overlay-opacity":"","overlay-gradient":""},"mobile":{"background-color":"var(--ast-global-color-5)","background-image":"","background-repeat":"repeat","background-position":"center center","background-size":"auto","background-attachment":"scroll","background-type":"","background-media":"","overlay-type":"","overlay-color":"","overlay-opacity":"","overlay-gradient":""}},"iawp_total_views":4316,"footnotes":""},"class_list":["post-540","page","type-page","status-publish","hentry"],"_links":{"self":[{"href":"https:\/\/colosseo-roma.it\/pt\/wp-json\/wp\/v2\/pages\/540","targetHints":{"allow":["GET"]}}],"collection":[{"href":"https:\/\/colosseo-roma.it\/pt\/wp-json\/wp\/v2\/pages"}],"about":[{"href":"https:\/\/colosseo-roma.it\/pt\/wp-json\/wp\/v2\/types\/page"}],"author":[{"embeddable":true,"href":"https:\/\/colosseo-roma.it\/pt\/wp-json\/wp\/v2\/users\/1"}],"replies":[{"embeddable":true,"href":"https:\/\/colosseo-roma.it\/pt\/wp-json\/wp\/v2\/comments?post=540"}],"version-history":[{"count":0,"href":"https:\/\/colosseo-roma.it\/pt\/wp-json\/wp\/v2\/pages\/540\/revisions"}],"up":[{"embeddable":true,"href":"https:\/\/colosseo-roma.it\/pt\/wp-json\/wp\/v2\/pages\/528"}],"wp:attachment":[{"href":"https:\/\/colosseo-roma.it\/pt\/wp-json\/wp\/v2\/media?parent=540"}],"curies":[{"name":"wp","href":"https:\/\/api.w.org\/{rel}","templated":true}]}}