{"id":541,"date":"2023-03-28T09:18:49","date_gmt":"2023-03-28T08:18:49","guid":{"rendered":"https:\/\/wordpress-1074717-3818660.cloudwaysapps.com\/?page_id=541"},"modified":"2026-01-26T17:11:26","modified_gmt":"2026-01-26T16:11:26","slug":"historia","status":"publish","type":"page","link":"https:\/\/colosseo-roma.it\/pt\/explorar\/coliseu\/historia\/","title":{"rendered":"Hist\u00f3ria"},"content":{"rendered":"<div data-elementor-type=\"wp-page\" data-elementor-id=\"541\" class=\"elementor elementor-541\" data-elementor-post-type=\"page\">\n\t\t\t\t\t\t<section class=\"elementor-section elementor-top-section elementor-element elementor-element-2d9a5e1 elementor-section-boxed elementor-section-height-default elementor-section-height-default\" data-id=\"2d9a5e1\" data-element_type=\"section\" data-settings=\"{&quot;jet_parallax_layout_list&quot;:[],&quot;ekit_has_onepagescroll_dot&quot;:&quot;yes&quot;}\">\n\t\t\t\t\t\t<div class=\"elementor-container elementor-column-gap-default\">\n\t\t\t\t\t<div class=\"elementor-column elementor-col-100 elementor-top-column elementor-element elementor-element-6e78c0a\" data-id=\"6e78c0a\" data-element_type=\"column\" data-settings=\"{&quot;background_background&quot;:&quot;classic&quot;}\">\n\t\t\t<div class=\"elementor-widget-wrap elementor-element-populated\">\n\t\t\t\t\t\t<div class=\"elementor-element elementor-element-d6843ff elementor-widget elementor-widget-heading\" data-id=\"d6843ff\" data-element_type=\"widget\" data-settings=\"{&quot;ekit_we_effect_on&quot;:&quot;none&quot;}\" data-widget_type=\"heading.default\">\n\t\t\t\t<div class=\"elementor-widget-container\">\n\t\t\t<h1 class=\"elementor-heading-title elementor-size-default\">A hist\u00f3ria do Coliseu<\/h1>\t\t<\/div>\n\t\t\t\t<\/div>\n\t\t\t\t<div class=\"elementor-element elementor-element-a0dcb53 elementor-widget elementor-widget-text-editor\" data-id=\"a0dcb53\" data-element_type=\"widget\" data-settings=\"{&quot;ekit_we_effect_on&quot;:&quot;none&quot;}\" data-widget_type=\"text-editor.default\">\n\t\t\t\t<div class=\"elementor-widget-container\">\n\t\t\t\t\t\t\t<p style=\"text-align: center;\">Sobre a hist\u00f3ria do <strong>Coliseu<\/strong> Ao longo dos s\u00e9culos, da constru\u00e7\u00e3o \u00e0 destrui\u00e7\u00e3o, h\u00e1 muito a dizer. Um longo per\u00edodo hist\u00f3rico, durante o qual o Coliseu foi utilizado e restaurado muitas e muitas vezes, de diferentes formas, com diferentes m\u00e9todos. As hist\u00f3rias do Coliseu, de facto, s\u00e3o muitas e marcam os v\u00e1rios per\u00edodos da <strong>Roma Antiga.<\/strong> Em suma, este magn\u00edfico anfiteatro viu e sofreu todo o tipo de coisas e continua a faz\u00ea-lo! Porque o Coliseu ainda est\u00e1 de p\u00e9, tamb\u00e9m pertence \u00e0 era moderna.<\/p><p style=\"text-align: center;\">O Coliseu \u00e9 ainda hoje reconhecido por todo o mundo como um s\u00edmbolo de Roma. Os antigos romanos chamavam-lhe<em><strong>Amphitheatrum Flavium\".<\/strong><\/em> O seu nome deriva da fam\u00edlia imperial flaviana, sob a qual se iniciaram e terminaram os trabalhos de constru\u00e7\u00e3o. No ano 72 d.C., o imperador Vespasiano iniciou as obras, que foram conclu\u00eddas no ano 80 d.C. pelo seu filho Tito. No final das obras, a inaugura\u00e7\u00e3o foi celebrada com jogos e combates extraordin\u00e1rios que duraram 100 dias.<\/p><p style=\"text-align: center;\">Esta pequena informa\u00e7\u00e3o d\u00e1-nos uma breve panor\u00e2mica da hist\u00f3ria do Coliseu, mas a sua hist\u00f3ria \u00e9 muito mais complexa e fascinante. Constru\u00eddo para ser o maior anfiteatro jamais constru\u00eddo, o Coliseu representava o poder e a grandeza dos<strong>Imp\u00e9rio Romano<\/strong>tornando-se n\u00e3o s\u00f3 um local de entretenimento, mas tamb\u00e9m um instrumento pol\u00edtico para afirmar o controlo e a autoridade dos imperadores romanos.<\/p>\t\t\t\t\t\t<\/div>\n\t\t\t\t<\/div>\n\t\t\t\t<div class=\"elementor-element elementor-element-32a6686 elementor-widget elementor-widget-jet-timeline\" data-id=\"32a6686\" data-element_type=\"widget\" data-settings=\"{&quot;ekit_we_effect_on&quot;:&quot;none&quot;}\" data-widget_type=\"jet-timeline.default\">\n\t\t\t\t<div class=\"elementor-widget-container\">\n\t\t\t<div class=\"elementor-jet-timeline jet-elements\"><div class=\"jet-timeline jet-timeline--align-center jet-timeline--align-middle\">\n\t<div class=\"jet-timeline__line\"><div class=\"jet-timeline__line-progress\"><\/div><\/div>\n\t<div class=\"jet-timeline-list\"><div class=\"jet-timeline-item  elementor-repeater-item-fd1235f jet-timeline-item--image-inside\">\n\t<div class=\"timeline-item__card\">\n\t\t<div class=\"timeline-item__card-inner\">\n\t\t\t\t\t\t\t\t<div class=\"timeline-item__card-content\">\n\t\t\t\t\t<div class=\"timeline-item__meta\"><div class=\"timeline-item__meta-content\">A constru\u00e7\u00e3o e a idade de ouro<\/div><\/div><h5 class=\"timeline-item__card-title\"> Roma Antiga, per\u00edodo Flaviano (72-80 d.C.)<\/h5><div class=\"timeline-item__card-desc\">A ideia de construir um anfiteatro t\u00e3o imponente no cora\u00e7\u00e3o de Roma nasceu durante o reinado de Vespasiano, o primeiro imperador da dinastia Flaviana. A decis\u00e3o de o construir sobre o lago artificial da Domus Aurea, a luxuosa villa de Nero, foi simb\u00f3lica: uma forma de devolver ao povo romano as terras que lhe tinham sido retiradas pelo anterior tirano e de conquistar o favor das massas. A sua constru\u00e7\u00e3o representou uma das maiores obras arquitect\u00f3nicas da Antiguidade, constru\u00edda com o emprego de milhares de escravos e trabalhadores.\n\nA inaugura\u00e7\u00e3o do anfiteatro foi um acontecimento extraordin\u00e1rio que reflectiu a grandeza de Roma. Para celebrar a abertura do Coliseu, Tito organizou jogos e espect\u00e1culos que duraram 100 dias consecutivos, durante os quais se calcula que tenham sido mortos milhares de animais selvagens e gladiadores. Estes eventos de massas faziam parte do \"panem et circenses\" (p\u00e3o e jogos), uma estrat\u00e9gia pol\u00edtica para distrair e controlar a popula\u00e7\u00e3o romana.<\/div>\t\t\t\t<\/div>\n\t\t\t\t\t\t<\/div>\n\t\t<div class=\"timeline-item__card-arrow\"><\/div>\n\t<\/div>\n\t<div class=\"timeline-item__point\"><div class=\"timeline-item__point-content timeline-item__point-content--icon\"><span class=\"jet-elements-icon\"><i aria-hidden=\"true\" class=\"fas fa-history\"><\/i><\/span><\/div><\/div><div class=\"timeline-item__meta\"><div class=\"timeline-item__meta-content\">A constru\u00e7\u00e3o e a idade de ouro<\/div><\/div><\/div><div class=\"jet-timeline-item  elementor-repeater-item-c9e98a0 jet-timeline-item--image-inside\">\n\t<div class=\"timeline-item__card\">\n\t\t<div class=\"timeline-item__card-inner\">\n\t\t\t\t\t\t\t\t<div class=\"timeline-item__card-content\">\n\t\t\t\t\t<div class=\"timeline-item__meta\"><div class=\"timeline-item__meta-content\">Decl\u00ednio e transforma\u00e7\u00e3o<\/div><\/div><h5 class=\"timeline-item__card-title\">Imp\u00e9rio romano tardio e Idade M\u00e9dia (s\u00e9culos V a XV)<\/h5><div class=\"timeline-item__card-desc\">Ap\u00f3s a queda do Imp\u00e9rio Romano do Ocidente, o Coliseu sofreu numerosas transforma\u00e7\u00f5es. Durante a Idade M\u00e9dia, o anfiteatro deixou de ser utilizado para espect\u00e1culos p\u00fablicos e foi adaptado a v\u00e1rias utiliza\u00e7\u00f5es. Alguns dos arcos exteriores foram convertidos em habita\u00e7\u00f5es e lojas, enquanto o piso inferior foi transformado num cemit\u00e9rio.\n\nAo longo dos s\u00e9culos, os terramotos, as pilhagens e as mudan\u00e7as de utiliza\u00e7\u00e3o dos edif\u00edcios provocaram danos consider\u00e1veis na estrutura. Algumas das pedras foram retiradas e reutilizadas para a constru\u00e7\u00e3o de outros edif\u00edcios em Roma, incluindo a Bas\u00edlica de S\u00e3o Pedro. No entanto, o Coliseu continuou a ser um s\u00edmbolo da cidade e uma testemunha silenciosa da sua tumultuosa hist\u00f3ria.\n<\/div>\t\t\t\t<\/div>\n\t\t\t\t\t\t<\/div>\n\t\t<div class=\"timeline-item__card-arrow\"><\/div>\n\t<\/div>\n\t<div class=\"timeline-item__point\"><div class=\"timeline-item__point-content timeline-item__point-content--icon\"><span class=\"jet-elements-icon\"><i aria-hidden=\"true\" class=\"fas fa-history\"><\/i><\/span><\/div><\/div><div class=\"timeline-item__meta\"><div class=\"timeline-item__meta-content\">Decl\u00ednio e transforma\u00e7\u00e3o<\/div><\/div><\/div><div class=\"jet-timeline-item  elementor-repeater-item-1a116c5 jet-timeline-item--image-inside\">\n\t<div class=\"timeline-item__card\">\n\t\t<div class=\"timeline-item__card-inner\">\n\t\t\t\t\t\t\t\t<div class=\"timeline-item__card-content\">\n\t\t\t\t\t<div class=\"timeline-item__meta\"><div class=\"timeline-item__meta-content\">Redescoberta e renova\u00e7\u00e3o<\/div><\/div><h5 class=\"timeline-item__card-title\">Renascimento e per\u00edodos posteriores (s\u00e9c. XVI a XIX)<\/h5><div class=\"timeline-item__card-desc\">Durante o Renascimento, o Coliseu foi redescoberto como um s\u00edmbolo do passado glorioso de Roma. Artistas, escritores e intelectuais come\u00e7aram a interessar-se pelo antigo anfiteatro, inspirados pela sua grandeza e hist\u00f3ria complexa. No s\u00e9culo XVII, a Igreja Cat\u00f3lica declarou o Coliseu um local sagrado para comemorar os m\u00e1rtires crist\u00e3os que, segundo a tradi\u00e7\u00e3o, tinham sido mortos no local. Foi constru\u00edda uma Via Sacra no interior do anfiteatro, transformando-o num local de culto e de recorda\u00e7\u00e3o.\n\nNos s\u00e9culos XVIII e XIX, o Coliseu foi objeto de v\u00e1rios projectos de restauro para preservar a sua estrutura e o seu valor hist\u00f3rico. Os esfor\u00e7os de conserva\u00e7\u00e3o continuaram ao longo do s\u00e9culo XX e at\u00e9 aos dias de hoje, permitindo que o Coliseu mantenha a sua grandeza e encanto, apesar dos desafios do tempo.\n<\/div>\t\t\t\t<\/div>\n\t\t\t\t\t\t<\/div>\n\t\t<div class=\"timeline-item__card-arrow\"><\/div>\n\t<\/div>\n\t<div class=\"timeline-item__point\"><div class=\"timeline-item__point-content timeline-item__point-content--icon\"><span class=\"jet-elements-icon\"><i aria-hidden=\"true\" class=\"fas fa-history\"><\/i><\/span><\/div><\/div><div class=\"timeline-item__meta\"><div class=\"timeline-item__meta-content\">Redescoberta e renova\u00e7\u00e3o<\/div><\/div><\/div><div class=\"jet-timeline-item  elementor-repeater-item-7ed7f15 jet-timeline-item--image-inside\">\n\t<div class=\"timeline-item__card\">\n\t\t<div class=\"timeline-item__card-inner\">\n\t\t\t\t\t\t\t\t<div class=\"timeline-item__card-content\">\n\t\t\t\t\t<div class=\"timeline-item__meta\"><div class=\"timeline-item__meta-content\">O Coliseu hoje<\/div><\/div><h5 class=\"timeline-item__card-title\">\u00c9poca moderna e contempor\u00e2nea (s\u00e9culos XX e XXI)<\/h5><div class=\"timeline-item__card-desc\">Atualmente, o Coliseu \u00e9 um dos monumentos mais visitados do mundo, um \u00edcone da cultura italiana e um s\u00edmbolo da resili\u00eancia da cidade de Roma. Continua a inspirar milh\u00f5es de pessoas todos os anos, gra\u00e7as \u00e0 sua estrutura imponente e \u00e0 sua fascinante hist\u00f3ria ao longo dos s\u00e9culos. O Coliseu \u00e9 mais do que um s\u00edtio arqueol\u00f3gico, \u00e9 um testemunho vivo da hist\u00f3ria, da cultura e do engenho de uma civiliza\u00e7\u00e3o que marcou o curso da humanidade.\n\nVisitar o Coliseu \u00e9 fazer uma viagem no tempo, mergulhando nas suas muitas hist\u00f3rias, desde os esplendores da Roma antiga at\u00e9 aos desafios da modernidade. Apesar de ter enfrentado destrui\u00e7\u00f5es, terramotos e s\u00e9culos de abandono, este majestoso anfiteatro continua de p\u00e9, testemunha silenciosa e imponente de um passado que vive no presente.<\/div>\t\t\t\t<\/div>\n\t\t\t\t\t\t<\/div>\n\t\t<div class=\"timeline-item__card-arrow\"><\/div>\n\t<\/div>\n\t<div class=\"timeline-item__point\"><div class=\"timeline-item__point-content timeline-item__point-content--icon\"><span class=\"jet-elements-icon\"><i aria-hidden=\"true\" class=\"fas fa-history\"><\/i><\/span><\/div><\/div><div class=\"timeline-item__meta\"><div class=\"timeline-item__meta-content\">O Coliseu hoje<\/div><\/div><\/div><\/div><\/div><\/div>\t\t<\/div>\n\t\t\t\t<\/div>\n\t\t\t\t\t<\/div>\n\t\t<\/div>\n\t\t\t\t\t<\/div>\n\t\t<\/section>\n\t\t\t\t<\/div>","protected":false},"excerpt":{"rendered":"<p>A hist\u00f3ria do Coliseu H\u00e1 muito a dizer sobre a hist\u00f3ria do Coliseu ao longo dos s\u00e9culos, desde a sua constru\u00e7\u00e3o at\u00e9 \u00e0 sua destrui\u00e7\u00e3o. Um longo per\u00edodo hist\u00f3rico, durante o qual o Coliseu foi utilizado e restaurado muitas e muitas vezes, de diferentes formas, com diferentes m\u00e9todos. As hist\u00f3rias do Coliseu, de facto, s\u00e3o muitas e marcam os v\u00e1rios per\u00edodos da hist\u00f3ria [...]<\/p>","protected":false},"author":1,"featured_media":0,"parent":528,"menu_order":4,"comment_status":"closed","ping_status":"closed","template":"","meta":{"site-sidebar-layout":"no-sidebar","site-content-layout":"page-builder","ast-site-content-layout":"full-width-container","site-content-style":"unboxed","site-sidebar-style":"unboxed","ast-global-header-display":"","ast-banner-title-visibility":"","ast-main-header-display":"","ast-hfb-above-header-display":"","ast-hfb-below-header-display":"","ast-hfb-mobile-header-display":"","site-post-title":"disabled","ast-breadcrumbs-content":"","ast-featured-img":"disabled","footer-sml-layout":"","ast-disable-related-posts":"","theme-transparent-header-meta":"default","adv-header-id-meta":"","stick-header-meta":"","header-above-stick-meta":"","header-main-stick-meta":"","header-below-stick-meta":"","astra-migrate-meta-layouts":"set","ast-page-background-enabled":"default","ast-page-background-meta":{"desktop":{"background-color":"var(--ast-global-color-4)","background-image":"","background-repeat":"repeat","background-position":"center center","background-size":"auto","background-attachment":"scroll","background-type":"","background-media":"","overlay-type":"","overlay-color":"","overlay-opacity":"","overlay-gradient":""},"tablet":{"background-color":"","background-image":"","background-repeat":"repeat","background-position":"center center","background-size":"auto","background-attachment":"scroll","background-type":"","background-media":"","overlay-type":"","overlay-color":"","overlay-opacity":"","overlay-gradient":""},"mobile":{"background-color":"","background-image":"","background-repeat":"repeat","background-position":"center center","background-size":"auto","background-attachment":"scroll","background-type":"","background-media":"","overlay-type":"","overlay-color":"","overlay-opacity":"","overlay-gradient":""}},"ast-content-background-meta":{"desktop":{"background-color":"var(--ast-global-color-5)","background-image":"","background-repeat":"repeat","background-position":"center center","background-size":"auto","background-attachment":"scroll","background-type":"","background-media":"","overlay-type":"","overlay-color":"","overlay-opacity":"","overlay-gradient":""},"tablet":{"background-color":"var(--ast-global-color-5)","background-image":"","background-repeat":"repeat","background-position":"center center","background-size":"auto","background-attachment":"scroll","background-type":"","background-media":"","overlay-type":"","overlay-color":"","overlay-opacity":"","overlay-gradient":""},"mobile":{"background-color":"var(--ast-global-color-5)","background-image":"","background-repeat":"repeat","background-position":"center center","background-size":"auto","background-attachment":"scroll","background-type":"","background-media":"","overlay-type":"","overlay-color":"","overlay-opacity":"","overlay-gradient":""}},"iawp_total_views":5046,"footnotes":""},"class_list":["post-541","page","type-page","status-publish","hentry"],"_links":{"self":[{"href":"https:\/\/colosseo-roma.it\/pt\/wp-json\/wp\/v2\/pages\/541","targetHints":{"allow":["GET"]}}],"collection":[{"href":"https:\/\/colosseo-roma.it\/pt\/wp-json\/wp\/v2\/pages"}],"about":[{"href":"https:\/\/colosseo-roma.it\/pt\/wp-json\/wp\/v2\/types\/page"}],"author":[{"embeddable":true,"href":"https:\/\/colosseo-roma.it\/pt\/wp-json\/wp\/v2\/users\/1"}],"replies":[{"embeddable":true,"href":"https:\/\/colosseo-roma.it\/pt\/wp-json\/wp\/v2\/comments?post=541"}],"version-history":[{"count":0,"href":"https:\/\/colosseo-roma.it\/pt\/wp-json\/wp\/v2\/pages\/541\/revisions"}],"up":[{"embeddable":true,"href":"https:\/\/colosseo-roma.it\/pt\/wp-json\/wp\/v2\/pages\/528"}],"wp:attachment":[{"href":"https:\/\/colosseo-roma.it\/pt\/wp-json\/wp\/v2\/media?parent=541"}],"curies":[{"name":"wp","href":"https:\/\/api.w.org\/{rel}","templated":true}]}}