{"id":5833,"date":"2024-10-02T13:03:07","date_gmt":"2024-10-02T12:03:07","guid":{"rendered":"https:\/\/colosseo-roma.it\/?page_id=5833"},"modified":"2024-10-02T13:18:50","modified_gmt":"2024-10-02T12:18:50","slug":"mapa-do-sitio","status":"publish","type":"page","link":"https:\/\/colosseo-roma.it\/pt\/mapa-do-sitio\/","title":{"rendered":"Mapa do s\u00edtio"},"content":{"rendered":"<div class=\"wshs-post-simple-list full-layout\"><h2>Mapa do site<\/h2><ul><li><a href=\"https:\/\/colosseo-roma.it\/pt\/visita-ao-coliseu-adv\/\" title=\"Tour do Coliseu Adv\">Tour do Coliseu Adv<\/a><ul class=\"children\" ><li><a href=\"https:\/\/colosseo-roma.it\/pt\/visita-ao-coliseu-adv\/coliseu-arena-gladiadores-colina-do-palatino-forum-romano\/\" title=\"Coliseu + Arena dos Gladiadores + Monte Palatino + F\u00f3rum Romano\">Coliseu + Arena dos Gladiadores + Monte Palatino + F\u00f3rum Romano<\/a><\/li><li><a href=\"https:\/\/colosseo-roma.it\/pt\/visita-ao-coliseu-adv\/coliseu-colina-do-palatino-forum-romano\/\" title=\"Coliseu + Monte Palatino + F\u00f3rum Romano\">Coliseu + Monte Palatino + F\u00f3rum Romano<\/a><\/li><li><a href=\"https:\/\/colosseo-roma.it\/pt\/visita-ao-coliseu-adv\/coliseu-arena-gladiadores-subterraneo\/\" title=\"Coliseu + Arena dos Gladiadores + Subterr\u00e2neo\">Coliseu + Arena dos Gladiadores + Subterr\u00e2neo<\/a><\/li><li><a href=\"https:\/\/colosseo-roma.it\/pt\/visita-ao-coliseu-adv\/coliseum-arena-express\/\" title=\"Colosseum Arena Express\">Colosseum Arena Express<\/a><\/li><\/ul><\/li><li><a href=\"https:\/\/colosseo-roma.it\/pt\/categoria\/\" title=\"CATEGORIA\">CATEGORIA<\/a><\/li><li><a href=\"https:\/\/colosseo-roma.it\/pt\/quem-somos\/\" title=\"Sobre n\u00f3s\">Sobre n\u00f3s<\/a><\/li><li><a href=\"https:\/\/colosseo-roma.it\/pt\/romanos\/\" title=\"Romanos\">Romanos<\/a><ul class=\"children\" ><li><a href=\"https:\/\/colosseo-roma.it\/pt\/romanos\/culinaria\/\" title=\"Cozinha\">Cozinha<\/a><\/li><li><a href=\"https:\/\/colosseo-roma.it\/pt\/romanos\/dinastias\/\" title=\"Dinastias\">Dinastias<\/a><ul class=\"children\" ><li><a href=\"https:\/\/colosseo-roma.it\/pt\/romanos\/dinastias\/dinastia-flaviense\/\" title=\"Dinastia Flaviana\">Dinastia Flaviana<\/a><\/li><li><a href=\"https:\/\/colosseo-roma.it\/pt\/romanos\/dinastias\/dinastia-julio-claudia\/\" title=\"Dinastia J\u00falio-Claudiana\">Dinastia J\u00falio-Claudiana<\/a><\/li><\/ul><\/li><li><a href=\"https:\/\/colosseo-roma.it\/pt\/romanos\/monumentos-imperio-romano\/\" title=\"Monumentos do Imp\u00e9rio Romano\">Monumentos do Imp\u00e9rio Romano<\/a><ul class=\"children\" ><li><a href=\"https:\/\/colosseo-roma.it\/pt\/romanos\/monumentos-imperio-romano\/villa-adriana\/\" title=\"Vila de Adriano\">Vila de Adriano<\/a><\/li><li><a href=\"https:\/\/colosseo-roma.it\/pt\/romanos\/monumentos-imperio-romano\/pompeia-e-ercolano\/\" title=\"Pompeia e Herculano\">Pompeia e Herculano<\/a><\/li><li><a href=\"https:\/\/colosseo-roma.it\/pt\/romanos\/monumentos-imperio-romano\/arena-de-verona-2\/\" title=\"Arena de Verona\">Arena de Verona<\/a><\/li><\/ul><\/li><li><a href=\"https:\/\/colosseo-roma.it\/pt\/romanos\/monumentos-de-roma\/\" title=\"Monumentos Roma\">Monumentos Roma<\/a><ul class=\"children\" ><li><a href=\"https:\/\/colosseo-roma.it\/pt\/romanos\/monumentos-de-roma\/circo-maximus\/\" title=\"Circo M\u00e1ximo\">Circo M\u00e1ximo<\/a><\/li><li><a href=\"https:\/\/colosseo-roma.it\/pt\/romanos\/monumentos-de-roma\/arco-de-septimio-severo\/\" title=\"Arco Sept\u00edmio Severo\">Arco Sept\u00edmio Severo<\/a><\/li><li><a href=\"https:\/\/colosseo-roma.it\/pt\/romanos\/monumentos-de-roma\/arco-de-tito\/\" title=\"Arco de Tito\">Arco de Tito<\/a><\/li><li><a href=\"https:\/\/colosseo-roma.it\/pt\/romanos\/monumentos-de-roma\/coluna-de-trajano\/\" title=\"Coluna de Trajano\">Coluna de Trajano<\/a><\/li><li><a href=\"https:\/\/colosseo-roma.it\/pt\/romanos\/monumentos-de-roma\/coluna-de-marcus-aurelius\/\" title=\"Coluna de Marco Aur\u00e9lio\">Coluna de Marco Aur\u00e9lio<\/a><\/li><\/ul><\/li><li><a href=\"https:\/\/colosseo-roma.it\/pt\/romanos\/gladiadores\/\" title=\"Gladiadores\">Gladiadores<\/a><\/li><li><a href=\"https:\/\/colosseo-roma.it\/pt\/romanos\/estradas\/\" title=\"Estradas\">Estradas<\/a><ul class=\"children\" ><li><a href=\"https:\/\/colosseo-roma.it\/pt\/romanos\/estradas\/via-salaria\/\" title=\"Via Salaria\">Via Salaria<\/a><\/li><li><a href=\"https:\/\/colosseo-roma.it\/pt\/romanos\/estradas\/via-cassia\/\" title=\"Via Cassia\">Via Cassia<\/a><\/li><li><a href=\"https:\/\/colosseo-roma.it\/pt\/romanos\/estradas\/via-appia-antica\/\" title=\"Via Appia Antica\">Via Appia Antica<\/a><\/li><li><a href=\"https:\/\/colosseo-roma.it\/pt\/romanos\/estradas\/via-clodia\/\" title=\"Via Clodia\">Via Clodia<\/a><\/li><li><a href=\"https:\/\/colosseo-roma.it\/pt\/romanos\/estradas\/via-aurelia\/\" title=\"Via Aurelia\">Via Aurelia<\/a><\/li><li><a href=\"https:\/\/colosseo-roma.it\/pt\/romanos\/estradas\/via-emilia\/\" title=\"Via Emilia\">Via Emilia<\/a><\/li><\/ul><\/li><li><a href=\"https:\/\/colosseo-roma.it\/pt\/romanos\/ludus\/\" title=\"Ludus\">Ludus<\/a><\/li><\/ul><\/li><li><a href=\"https:\/\/colosseo-roma.it\/pt\/visita-guiada\/\" title=\"Visitas guiadas\">Visitas guiadas<\/a><ul class=\"children\" ><li><a href=\"https:\/\/colosseo-roma.it\/pt\/visita-guiada\/cruzeiros-no-rio-tibre\/\" title=\"Cruzeiros no Tibre\">Cruzeiros no Tibre<\/a><\/li><li><a href=\"https:\/\/colosseo-roma.it\/pt\/visita-guiada\/visitas-gastronomicas-em-roma\/\" title=\"Visitas gastron\u00f3micas em Roma\">Visitas gastron\u00f3micas em Roma<\/a><\/li><li><a href=\"https:\/\/colosseo-roma.it\/pt\/visita-guiada\/visita-de-degustacao-de-vinhos\/\" title=\"Tour de degusta\u00e7\u00e3o de vinhos\">Tour de degusta\u00e7\u00e3o de vinhos<\/a><\/li><li><a href=\"https:\/\/colosseo-roma.it\/pt\/visita-guiada\/catacumbas-e-visitas-subterraneas\/\" title=\"Visita \u00e0s catacumbas e ao subsolo\">Visita \u00e0s catacumbas e ao subsolo<\/a><\/li><li><a href=\"https:\/\/colosseo-roma.it\/pt\/visita-guiada\/visita-audio-guiada-a-roma\/\" title=\"Visita \u00e1udio-guiada a Roma\">Visita \u00e1udio-guiada a Roma<\/a><\/li><li><a href=\"https:\/\/colosseo-roma.it\/pt\/visita-guiada\/passeios-a-pe-em-roma\/\" title=\"Passeios a p\u00e9 em Roma\">Passeios a p\u00e9 em Roma<\/a><\/li><\/ul><\/li><li><a href=\"https:\/\/colosseo-roma.it\/pt\/museus-roma\/\" title=\"Museus de Roma\">Museus de Roma<\/a><ul class=\"children\" ><li><a href=\"https:\/\/colosseo-roma.it\/pt\/museus-roma\/palacio-barberini\/\" title=\"Pal\u00e1cio Barberini\">Pal\u00e1cio Barberini<\/a><\/li><li><a href=\"https:\/\/colosseo-roma.it\/pt\/museus-roma\/museu-lara-pacis\/\" title=\"Museu Ara Pacis\">Museu Ara Pacis<\/a><\/li><li><a href=\"https:\/\/colosseo-roma.it\/pt\/museus-roma\/museus-capitolinos\/\" title=\"Museus Capitolinos\">Museus Capitolinos<\/a><\/li><li><a href=\"https:\/\/colosseo-roma.it\/pt\/museus-roma\/villa-giulia-museu-etrusco\/\" title=\"Museu Etrusco de Villa Giulia\">Museu Etrusco de Villa Giulia<\/a><\/li><li><a href=\"https:\/\/colosseo-roma.it\/pt\/museus-roma\/galeria-borghese\/\" title=\"Galeria Borghese\">Galeria Borghese<\/a><\/li><li><a href=\"https:\/\/colosseo-roma.it\/pt\/museus-roma\/museus-do-vaticano\/\" title=\"Museus do Vaticano\">Museus do Vaticano<\/a><ul class=\"children\" ><li><a href=\"https:\/\/colosseo-roma.it\/pt\/museus-roma\/museus-do-vaticano\/capela-sistina\/\" title=\"Capela Sistina\">Capela Sistina<\/a><\/li><\/ul><\/li><li><a href=\"https:\/\/colosseo-roma.it\/pt\/museus-roma\/museus-capitolinos\/\" title=\"Museus Capitolinos\">Museus Capitolinos<\/a><\/li><\/ul><\/li><li><a href=\"https:\/\/colosseo-roma.it\/pt\/atraccoes-de-roma\/\" title=\"Atrac\u00e7\u00f5es de Roma\">Atrac\u00e7\u00f5es de Roma<\/a><ul class=\"children\" ><li><a href=\"https:\/\/colosseo-roma.it\/pt\/atraccoes-de-roma\/panteao-2\/\" title=\"Pante\u00e3o\">Pante\u00e3o<\/a><\/li><li><a href=\"https:\/\/colosseo-roma.it\/pt\/atraccoes-de-roma\/foruns-imperiais\/\" title=\"F\u00f3runs Imperiais\">F\u00f3runs Imperiais<\/a><\/li><li><a href=\"https:\/\/colosseo-roma.it\/pt\/atraccoes-de-roma\/castel-santangelo\/\" title=\"Castel Sant&#039;Angelo\">Castel Sant'Angelo<\/a><\/li><li><a href=\"https:\/\/colosseo-roma.it\/pt\/atraccoes-de-roma\/banhos-de-caracala\/\" title=\"Termas de Caracala\">Termas de Caracala<\/a><\/li><li><a href=\"https:\/\/colosseo-roma.it\/pt\/atraccoes-de-roma\/zona-arqueologica-de-ostia-antica\/\" title=\"\u00c1rea Arqueol\u00f3gica de Ostia Antica\">\u00c1rea Arqueol\u00f3gica de Ostia Antica<\/a><\/li><li><a href=\"https:\/\/colosseo-roma.it\/pt\/atraccoes-de-roma\/basilica-de-sao-pedro\/\" title=\"Bas\u00edlica de S\u00e3o Pedro\">Bas\u00edlica de S\u00e3o Pedro<\/a><ul class=\"children\" ><li><a href=\"https:\/\/colosseo-roma.it\/pt\/atraccoes-de-roma\/basilica-de-sao-pedro\/cupula-de-sao-pedro\/\" title=\"C\u00fapula de S\u00e3o Pedro\">C\u00fapula de S\u00e3o Pedro<\/a><\/li><li><a href=\"https:\/\/colosseo-roma.it\/pt\/atraccoes-de-roma\/basilica-de-sao-pedro\/praca-de-sao-pedro\/\" title=\"Pra\u00e7a de S\u00e3o Pedro\">Pra\u00e7a de S\u00e3o Pedro<\/a><\/li><\/ul><\/li><li><a href=\"https:\/\/colosseo-roma.it\/pt\/atraccoes-de-roma\/catacumbas-de-roma\/\" title=\"Catacumbas de Roma\">Catacumbas de Roma<\/a><ul class=\"children\" ><li><a href=\"https:\/\/colosseo-roma.it\/pt\/atraccoes-de-roma\/catacumbas-de-roma\/catacumbas-de-domitilla\/\" title=\"Catacumbas de Domitilla\">Catacumbas de Domitilla<\/a><\/li><li><a href=\"https:\/\/colosseo-roma.it\/pt\/atraccoes-de-roma\/catacumbas-de-roma\/catacumbas-de-sao-sebastiao\/\" title=\"Catacumbas de S\u00e3o Sebasti\u00e3o\">Catacumbas de S\u00e3o Sebasti\u00e3o<\/a><\/li><li><a href=\"https:\/\/colosseo-roma.it\/pt\/atraccoes-de-roma\/catacumbas-de-roma\/catacumbas-de-priscila\/\" title=\"Catacumbas de Priscila\">Catacumbas de Priscila<\/a><\/li><li><a href=\"https:\/\/colosseo-roma.it\/pt\/atraccoes-de-roma\/catacumbas-de-roma\/catacumbas-de-santagnese\/\" title=\"Catacumbas de Santa In\u00eas\">Catacumbas de Santa In\u00eas<\/a><\/li><li><a href=\"https:\/\/colosseo-roma.it\/pt\/atraccoes-de-roma\/catacumbas-de-roma\/catacumbas-de-sao-calisto\/\" title=\"Catacumbas de S\u00e3o Calisto\">Catacumbas de S\u00e3o Calisto<\/a><\/li><\/ul><\/li><li><a href=\"https:\/\/colosseo-roma.it\/pt\/atraccoes-de-roma\/bio-parque-roma\/\" title=\"Bio Park Roma\">Bio Park Roma<\/a><\/li><li><a href=\"https:\/\/colosseo-roma.it\/pt\/atraccoes-de-roma\/villa-borghese\/\" title=\"Villa Borghese\">Villa Borghese<\/a><\/li><li><a href=\"https:\/\/colosseo-roma.it\/pt\/atraccoes-de-roma\/capital\/\" title=\"Capit\u00f3lio\">Capit\u00f3lio<\/a><\/li><li><a href=\"https:\/\/colosseo-roma.it\/pt\/atraccoes-de-roma\/fonte-de-trevi\/\" title=\"Fonte de Trevi\">Fonte de Trevi<\/a><\/li><li><a href=\"https:\/\/colosseo-roma.it\/pt\/atraccoes-de-roma\/roma-subterranea\/\" title=\"Roma subterr\u00e2nea\">Roma subterr\u00e2nea<\/a><\/li><li><a href=\"https:\/\/colosseo-roma.it\/pt\/atraccoes-de-roma\/villa-doria-pamphilj\/\" title=\"Villa Doria Pamphilj\">Villa Doria Pamphilj<\/a><\/li><li><a href=\"https:\/\/colosseo-roma.it\/pt\/atraccoes-de-roma\/piazza-navona\/\" title=\"Piazza Navona\">Piazza Navona<\/a><\/li><li><a href=\"https:\/\/colosseo-roma.it\/pt\/atraccoes-de-roma\/piazza-venezia\/\" title=\"Piazza Venezia\">Piazza Venezia<\/a><\/li><li><a href=\"https:\/\/colosseo-roma.it\/pt\/atraccoes-de-roma\/praca-espanhola\/\" title=\"Escadaria espanhola\">Escadaria espanhola<\/a><\/li><\/ul><\/li><li><a href=\"https:\/\/colosseo-roma.it\/pt\/explorar\/\" title=\"Parque Arqueol\u00f3gico do Coliseu\">Parque Arqueol\u00f3gico do Coliseu<\/a><ul class=\"children\" ><li><a href=\"https:\/\/colosseo-roma.it\/pt\/explorar\/arco-de-constantino\/\" title=\"Arco de Constantino\">Arco de Constantino<\/a><\/li><li><a href=\"https:\/\/colosseo-roma.it\/pt\/explorar\/forum-romano\/\" title=\"F\u00f3rum Romano\">F\u00f3rum Romano<\/a><\/li><li><a href=\"https:\/\/colosseo-roma.it\/pt\/explorar\/museu-palatino\/\" title=\"Museu Palatino\">Museu Palatino<\/a><\/li><li><a href=\"https:\/\/colosseo-roma.it\/pt\/explorar\/palatine-hill\/\" title=\"Monte Palatino\">Monte Palatino<\/a><\/li><li><a href=\"https:\/\/colosseo-roma.it\/pt\/explorar\/praca-do-coliseu\/\" title=\"Pra\u00e7a do Coliseu\">Pra\u00e7a do Coliseu<\/a><\/li><li><a href=\"https:\/\/colosseo-roma.it\/pt\/explorar\/colina-do-opio\/\" title=\"Colina do \u00f3pio\">Colina do \u00f3pio<\/a><\/li><li><a href=\"https:\/\/colosseo-roma.it\/pt\/explorar\/prisao-de-mamertine\/\" title=\"Pris\u00e3o de Mamertine\">Pris\u00e3o de Mamertine<\/a><\/li><li><a href=\"https:\/\/colosseo-roma.it\/pt\/explorar\/meta-sudaneses\/\" title=\"Meta Sudans\">Meta Sudans<\/a><\/li><li><a href=\"https:\/\/colosseo-roma.it\/pt\/explorar\/domus-aurea\/\" title=\"Domus Aurea\">Domus Aurea<\/a><\/li><li><a href=\"https:\/\/colosseo-roma.it\/pt\/explorar\/coliseu\/\" title=\"Coliseu\">Coliseu<\/a><ul class=\"children\" ><li><a href=\"https:\/\/colosseo-roma.it\/pt\/explorar\/coliseu\/10-coisas-a-saber-sobre-o-coliseu\/\" title=\"10 coisas a saber sobre o Coliseu\">10 coisas a saber sobre o Coliseu<\/a><\/li><li><a href=\"https:\/\/colosseo-roma.it\/pt\/explorar\/coliseu\/fotos\/\" title=\"Fotos\">Fotos<\/a><\/li><li><a href=\"https:\/\/colosseo-roma.it\/pt\/explorar\/coliseu\/factos\/\" title=\"Factos\">Factos<\/a><\/li><li><a href=\"https:\/\/colosseo-roma.it\/pt\/explorar\/coliseu\/museu-do-coliseu\/\" title=\"Museu do Coliseu\">Museu do Coliseu<\/a><\/li><li><a href=\"https:\/\/colosseo-roma.it\/pt\/explorar\/coliseu\/historia\/\" title=\"Hist\u00f3ria\">Hist\u00f3ria<\/a><\/li><li><a href=\"https:\/\/colosseo-roma.it\/pt\/explorar\/coliseu\/arquitetura\/\" title=\"Arquitetura\">Arquitetura<\/a><\/li><li><a href=\"https:\/\/colosseo-roma.it\/pt\/explorar\/coliseu\/caves\/\" title=\"Subterr\u00e2neo\">Subterr\u00e2neo<\/a><\/li><li><a href=\"https:\/\/colosseo-roma.it\/pt\/explorar\/coliseu\/arena\/\" title=\"Arena\">Arena<\/a><\/li><li><a href=\"https:\/\/colosseo-roma.it\/pt\/explorar\/coliseu\/anfiteatro-de-flavio\/\" title=\"Anfiteatro Flaviano\">Anfiteatro Flaviano<\/a><\/li><\/ul><\/li><\/ul><\/li><li><a href=\"https:\/\/colosseo-roma.it\/pt\/visita\/\" title=\"Visita\">Visita<\/a><ul class=\"children\" ><li><a href=\"https:\/\/colosseo-roma.it\/pt\/visita\/servicos\/\" title=\"Servi\u00e7os\">Servi\u00e7os<\/a><\/li><li><a href=\"https:\/\/colosseo-roma.it\/pt\/visita\/eventos\/\" title=\"Eventos\">Eventos<\/a><\/li><li><a href=\"https:\/\/colosseo-roma.it\/pt\/visita\/precos-e-reducoes\/\" title=\"Pre\u00e7os e redu\u00e7\u00f5es\">Pre\u00e7os e redu\u00e7\u00f5es<\/a><\/li><li><a href=\"https:\/\/colosseo-roma.it\/pt\/visita\/entradas\/\" title=\"Entradas\">Entradas<\/a><\/li><li><a href=\"https:\/\/colosseo-roma.it\/pt\/visita\/planear-a-visita\/\" title=\"Planeamento da visita\">Planeamento da visita<\/a><\/li><li><a href=\"https:\/\/colosseo-roma.it\/pt\/visita\/como-la-chegar\/\" title=\"Como l\u00e1 chegar\">Como l\u00e1 chegar<\/a><ul class=\"children\" ><li><a href=\"https:\/\/colosseo-roma.it\/pt\/visita\/como-la-chegar\/parque-de-estacionamento-do-coliseu\/\" title=\"Estacionamento no Coliseu\">Estacionamento no Coliseu<\/a><\/li><li><a href=\"https:\/\/colosseo-roma.it\/pt\/visita\/como-la-chegar\/pes\/\" title=\"P\u00e9s\">P\u00e9s<\/a><\/li><li><a href=\"https:\/\/colosseo-roma.it\/pt\/visita\/como-la-chegar\/taxi\/\" title=\"T\u00e1xi\">T\u00e1xi<\/a><\/li><li><a href=\"https:\/\/colosseo-roma.it\/pt\/visita\/como-la-chegar\/bicicleta\/\" title=\"Bicicleta\">Bicicleta<\/a><\/li><li><a href=\"https:\/\/colosseo-roma.it\/pt\/visita\/como-la-chegar\/electricos\/\" title=\"El\u00e9trico\">El\u00e9trico<\/a><\/li><li><a href=\"https:\/\/colosseo-roma.it\/pt\/visita\/como-la-chegar\/carros\/\" title=\"Carro\">Carro<\/a><\/li><li><a href=\"https:\/\/colosseo-roma.it\/pt\/visita\/como-la-chegar\/autocarro\/\" title=\"Autocarro\">Autocarro<\/a><\/li><li><a href=\"https:\/\/colosseo-roma.it\/pt\/visita\/como-la-chegar\/metro\/\" title=\"Metro\">Metro<\/a><\/li><li><a href=\"https:\/\/colosseo-roma.it\/pt\/visita\/como-la-chegar\/comboio\/\" title=\"Comboio\">Comboio<\/a><\/li><\/ul><\/li><li><a href=\"https:\/\/colosseo-roma.it\/pt\/visita\/horario-de-funcionamento\/\" title=\"Hor\u00e1rio de funcionamento\">Hor\u00e1rio de funcionamento<\/a><\/li><li><a href=\"https:\/\/colosseo-roma.it\/pt\/visita\/cartao-2\/\" title=\"Cart\u00e3o\">Cart\u00e3o<\/a><ul class=\"children\" ><li><a href=\"https:\/\/colosseo-roma.it\/pt\/visita\/cartao-2\/cartao-omnia\/\" title=\"Cart\u00e3o Omnia\">Cart\u00e3o Omnia<\/a><\/li><li><a href=\"https:\/\/colosseo-roma.it\/pt\/visita\/cartao-2\/cartao-hop-on-hop-off\/\" title=\"Cart\u00e3o Hop-On Hop-Off\">Cart\u00e3o Hop-On Hop-Off<\/a><\/li><li><a href=\"https:\/\/colosseo-roma.it\/pt\/visita\/cartao-2\/passe-de-roma\/\" title=\"Passe de Roma\">Passe de Roma<\/a><\/li><li><a href=\"https:\/\/colosseo-roma.it\/pt\/visita\/cartao-2\/cartao-turistico-de-roma\/\" title=\"Cart\u00e3o tur\u00edstico de Roma\">Cart\u00e3o tur\u00edstico de Roma<\/a><\/li><\/ul><\/li><li><a href=\"https:\/\/colosseo-roma.it\/pt\/visita\/experiencia-guiada\/\" title=\"Visitas guiadas\">Visitas guiadas<\/a><ul class=\"children\" ><li><a href=\"https:\/\/colosseo-roma.it\/pt\/visita\/experiencia-guiada\/visitas-guiadas-para-pessoas-com-deficiencia\/\" title=\"Excurs\u00f5es para pessoas com defici\u00eancia\">Excurs\u00f5es para pessoas com defici\u00eancia<\/a><\/li><li><a href=\"https:\/\/colosseo-roma.it\/pt\/visita\/experiencia-guiada\/visita-nocturna\/\" title=\"Visita nocturna\">Visita nocturna<\/a><\/li><li><a href=\"https:\/\/colosseo-roma.it\/pt\/visita\/experiencia-guiada\/visitas-subterraneas\/\" title=\"Passeios subterr\u00e2neos\">Passeios subterr\u00e2neos<\/a><\/li><li><a href=\"https:\/\/colosseo-roma.it\/pt\/visita\/experiencia-guiada\/digressao-de-arena\/\" title=\"Arena de digress\u00e3o\">Arena de digress\u00e3o<\/a><\/li><li><a href=\"https:\/\/colosseo-roma.it\/pt\/visita\/experiencia-guiada\/visita-guiada\/\" title=\"Visitas guiadas\">Visitas guiadas<\/a><\/li><li><a href=\"https:\/\/colosseo-roma.it\/pt\/visita\/experiencia-guiada\/passar-a-frente-da-fila\/\" title=\"Saltar a fila\">Saltar a fila<\/a><\/li><\/ul><\/li><li><a href=\"https:\/\/colosseo-roma.it\/pt\/visita\/bilhete-combinado\/\" title=\"Bilhete combinado\">Bilhete combinado<\/a><\/li><li><a href=\"https:\/\/colosseo-roma.it\/pt\/visita\/bilhetes\/\" title=\"Bilhetes\">Bilhetes<\/a><\/li><\/ul><\/li><li><a href=\"https:\/\/colosseo-roma.it\/pt\/bilhetes-para-o-coliseu-local-adv\/\" title=\"Bilhetes Colosseum Local Adv\">Bilhetes Colosseum Local Adv<\/a><ul class=\"children\" ><li><a href=\"https:\/\/colosseo-roma.it\/pt\/bilhetes-para-o-coliseu-local-adv\/coliseu-arena-colina-do-palatino-forum-romano\/\" title=\"Coliseu + Arena + Monte Palatino + F\u00f3rum Romano\">Coliseu + Arena + Monte Palatino + F\u00f3rum Romano<\/a><\/li><li><a href=\"https:\/\/colosseo-roma.it\/pt\/bilhetes-para-o-coliseu-local-adv\/coliseu-forum-romano\/\" title=\"Coliseu + F\u00f3rum Romano\">Coliseu + F\u00f3rum Romano<\/a><\/li><li><a href=\"https:\/\/colosseo-roma.it\/pt\/bilhetes-para-o-coliseu-local-adv\/coliseu-forum-romano-prisao-de-mamertino\/\" title=\"Coliseu + F\u00f3rum Romano + Pris\u00e3o Mamertina\">Coliseu + F\u00f3rum Romano + Pris\u00e3o Mamertina<\/a><\/li><li><a href=\"https:\/\/colosseo-roma.it\/pt\/bilhetes-para-o-coliseu-local-adv\/passar\/\" title=\"Passar\">Passar<\/a><\/li><\/ul><\/li><li><a href=\"https:\/\/colosseo-roma.it\/pt\/\" title=\"Coliseu de Roma\">Coliseu de Roma<\/a><\/li><li><a href=\"https:\/\/colosseo-roma.it\/pt\/bilhetes-para-o-coliseu-global-adv\/\" title=\"Bilhetes Colosseum Global Adv\">Bilhetes Colosseum Global Adv<\/a><ul class=\"children\" ><li><a href=\"https:\/\/colosseo-roma.it\/pt\/bilhetes-para-o-coliseu-global-adv\/coliseu-arena-colina-do-palatino-forum-romano\/\" title=\"Coliseu + Arena + Monte Palatino + F\u00f3rum Romano\">Coliseu + Arena + Monte Palatino + F\u00f3rum Romano<\/a><\/li><li><a href=\"https:\/\/colosseo-roma.it\/pt\/bilhetes-para-o-coliseu-global-adv\/coliseu-forum-romano\/\" title=\"Coliseu + F\u00f3rum Romano\">Coliseu + F\u00f3rum Romano<\/a><\/li><li><a href=\"https:\/\/colosseo-roma.it\/pt\/bilhetes-para-o-coliseu-global-adv\/coliseu-forum-romano-prisao-de-mamertino\/\" title=\"Coliseu + F\u00f3rum Romano + Pris\u00e3o Mamertina\">Coliseu + F\u00f3rum Romano + Pris\u00e3o Mamertina<\/a><\/li><li><a href=\"https:\/\/colosseo-roma.it\/pt\/bilhetes-para-o-coliseu-global-adv\/passar\/\" title=\"Passar\">Passar<\/a><\/li><\/ul><\/li><li><a href=\"https:\/\/colosseo-roma.it\/pt\/mapa-do-sitio\/\" title=\"Mapa do s\u00edtio\">Mapa do s\u00edtio<\/a><\/li><\/ul><\/div>","protected":false},"excerpt":{"rendered":"","protected":false},"author":1,"featured_media":0,"parent":0,"menu_order":0,"comment_status":"closed","ping_status":"closed","template":"","meta":{"site-sidebar-layout":"default","site-content-layout":"","ast-site-content-layout":"default","site-content-style":"default","site-sidebar-style":"default","ast-global-header-display":"","ast-banner-title-visibility":"","ast-main-header-display":"","ast-hfb-above-header-display":"","ast-hfb-below-header-display":"","ast-hfb-mobile-header-display":"","site-post-title":"","ast-breadcrumbs-content":"","ast-featured-img":"","footer-sml-layout":"","ast-disable-related-posts":"","theme-transparent-header-meta":"default","adv-header-id-meta":"","stick-header-meta":"","header-above-stick-meta":"","header-main-stick-meta":"","header-below-stick-meta":"","astra-migrate-meta-layouts":"set","ast-page-background-enabled":"default","ast-page-background-meta":{"desktop":{"background-color":"var(--ast-global-color-4)","background-image":"","background-repeat":"repeat","background-position":"center center","background-size":"auto","background-attachment":"scroll","background-type":"","background-media":"","overlay-type":"","overlay-color":"","overlay-opacity":"","overlay-gradient":""},"tablet":{"background-color":"","background-image":"","background-repeat":"repeat","background-position":"center center","background-size":"auto","background-attachment":"scroll","background-type":"","background-media":"","overlay-type":"","overlay-color":"","overlay-opacity":"","overlay-gradient":""},"mobile":{"background-color":"","background-image":"","background-repeat":"repeat","background-position":"center center","background-size":"auto","background-attachment":"scroll","background-type":"","background-media":"","overlay-type":"","overlay-color":"","overlay-opacity":"","overlay-gradient":""}},"ast-content-background-meta":{"desktop":{"background-color":"var(--ast-global-color-5)","background-image":"","background-repeat":"repeat","background-position":"center center","background-size":"auto","background-attachment":"scroll","background-type":"","background-media":"","overlay-type":"","overlay-color":"","overlay-opacity":"","overlay-gradient":""},"tablet":{"background-color":"var(--ast-global-color-5)","background-image":"","background-repeat":"repeat","background-position":"center center","background-size":"auto","background-attachment":"scroll","background-type":"","background-media":"","overlay-type":"","overlay-color":"","overlay-opacity":"","overlay-gradient":""},"mobile":{"background-color":"var(--ast-global-color-5)","background-image":"","background-repeat":"repeat","background-position":"center center","background-size":"auto","background-attachment":"scroll","background-type":"","background-media":"","overlay-type":"","overlay-color":"","overlay-opacity":"","overlay-gradient":""}},"iawp_total_views":31,"footnotes":""},"class_list":["post-5833","page","type-page","status-publish","hentry"],"_links":{"self":[{"href":"https:\/\/colosseo-roma.it\/pt\/wp-json\/wp\/v2\/pages\/5833","targetHints":{"allow":["GET"]}}],"collection":[{"href":"https:\/\/colosseo-roma.it\/pt\/wp-json\/wp\/v2\/pages"}],"about":[{"href":"https:\/\/colosseo-roma.it\/pt\/wp-json\/wp\/v2\/types\/page"}],"author":[{"embeddable":true,"href":"https:\/\/colosseo-roma.it\/pt\/wp-json\/wp\/v2\/users\/1"}],"replies":[{"embeddable":true,"href":"https:\/\/colosseo-roma.it\/pt\/wp-json\/wp\/v2\/comments?post=5833"}],"version-history":[{"count":0,"href":"https:\/\/colosseo-roma.it\/pt\/wp-json\/wp\/v2\/pages\/5833\/revisions"}],"wp:attachment":[{"href":"https:\/\/colosseo-roma.it\/pt\/wp-json\/wp\/v2\/media?parent=5833"}],"curies":[{"name":"wp","href":"https:\/\/api.w.org\/{rel}","templated":true}]}}