{"id":61,"date":"2023-03-10T11:32:23","date_gmt":"2023-03-10T10:32:23","guid":{"rendered":"https:\/\/wordpress-1074717-3818660.cloudwaysapps.com\/?page_id=61"},"modified":"2026-01-26T16:42:45","modified_gmt":"2026-01-26T15:42:45","slug":"gladiadores","status":"publish","type":"page","link":"https:\/\/colosseo-roma.it\/pt\/romanos\/gladiadores\/","title":{"rendered":"Gladiadores"},"content":{"rendered":"<div data-elementor-type=\"wp-page\" data-elementor-id=\"61\" class=\"elementor elementor-61\" data-elementor-post-type=\"page\">\n\t\t\t\t\t\t<section class=\"elementor-section elementor-top-section elementor-element elementor-element-492661c elementor-section-boxed elementor-section-height-default elementor-section-height-default\" data-id=\"492661c\" data-element_type=\"section\" data-settings=\"{&quot;jet_parallax_layout_list&quot;:[],&quot;ekit_has_onepagescroll_dot&quot;:&quot;yes&quot;}\">\n\t\t\t\t\t\t<div class=\"elementor-container elementor-column-gap-default\">\n\t\t\t\t\t<div class=\"elementor-column elementor-col-100 elementor-top-column elementor-element elementor-element-e3c653a\" data-id=\"e3c653a\" data-element_type=\"column\">\n\t\t\t<div class=\"elementor-widget-wrap elementor-element-populated\">\n\t\t\t\t\t\t<div class=\"elementor-element elementor-element-ab68d20 elementor-widget elementor-widget-heading\" data-id=\"ab68d20\" data-element_type=\"widget\" data-settings=\"{&quot;ekit_we_effect_on&quot;:&quot;none&quot;}\" data-widget_type=\"heading.default\">\n\t\t\t\t<div class=\"elementor-widget-container\">\n\t\t\t<h1 class=\"elementor-heading-title elementor-size-default\">O Gladiador<\/h1>\t\t<\/div>\n\t\t\t\t<\/div>\n\t\t\t\t<div class=\"elementor-element elementor-element-1ed1f6a elementor-widget elementor-widget-heading\" data-id=\"1ed1f6a\" data-element_type=\"widget\" data-settings=\"{&quot;ekit_we_effect_on&quot;:&quot;none&quot;}\" data-widget_type=\"heading.default\">\n\t\t\t\t<div class=\"elementor-widget-container\">\n\t\t\t<h5 class=\"elementor-heading-title elementor-size-default\">No anfiteatro flaviano, os combates de gladiadores realizavam-se \u00e0 tarde. O seu nome deriva da espada curta que utilizavam nos combates: o \"gladius\". Em Roma, o gladiador aprendia a arte do combate de gladiadores nos \"ludi\", escolas que eram casernas muito semelhantes \u00e0s pris\u00f5es existentes em todo o imp\u00e9rio; dormia em pequenas celas dispostas \u00e0 volta do p\u00e1tio onde treinava.<\/h5>\t\t<\/div>\n\t\t\t\t<\/div>\n\t\t\t\t<div class=\"elementor-element elementor-element-51acbbc elementor-widget elementor-widget-jet-unfold\" data-id=\"51acbbc\" data-element_type=\"widget\" data-settings=\"{&quot;mask_height&quot;:{&quot;unit&quot;:&quot;px&quot;,&quot;size&quot;:50,&quot;sizes&quot;:[]},&quot;mask_height_tablet&quot;:{&quot;unit&quot;:&quot;px&quot;,&quot;size&quot;:&quot;&quot;,&quot;sizes&quot;:[]},&quot;mask_height_mobile&quot;:{&quot;unit&quot;:&quot;px&quot;,&quot;size&quot;:&quot;&quot;,&quot;sizes&quot;:[]},&quot;unfold_duration&quot;:{&quot;unit&quot;:&quot;ms&quot;,&quot;size&quot;:500,&quot;sizes&quot;:[]},&quot;unfold_easing&quot;:&quot;easeOutBack&quot;,&quot;fold_duration&quot;:{&quot;unit&quot;:&quot;ms&quot;,&quot;size&quot;:300,&quot;sizes&quot;:[]},&quot;fold_easing&quot;:&quot;easeOutSine&quot;,&quot;ekit_we_effect_on&quot;:&quot;none&quot;}\" data-widget_type=\"jet-unfold.default\">\n\t\t\t\t<div class=\"elementor-widget-container\">\n\t\t\t\t\t<div class=\"jet-unfold\" data-settings=\"{&quot;height&quot;:{&quot;unit&quot;:&quot;px&quot;,&quot;size&quot;:50,&quot;sizes&quot;:[]},&quot;separatorHeight&quot;:{&quot;unit&quot;:&quot;px&quot;,&quot;size&quot;:10,&quot;sizes&quot;:[]},&quot;unfoldDuration&quot;:{&quot;unit&quot;:&quot;ms&quot;,&quot;size&quot;:500,&quot;sizes&quot;:[]},&quot;foldDuration&quot;:{&quot;unit&quot;:&quot;ms&quot;,&quot;size&quot;:300,&quot;sizes&quot;:[]},&quot;unfoldEasing&quot;:&quot;easeOutBack&quot;,&quot;foldEasing&quot;:&quot;easeOutSine&quot;,&quot;foldScrolling&quot;:&quot;false&quot;,&quot;hideOutsideClick&quot;:&quot;false&quot;,&quot;autoHide&quot;:&quot;false&quot;,&quot;autoHideTime&quot;:&quot;&quot;,&quot;foldScrollOffset&quot;:null}\">\n\t\t\t<div class=\"jet-unfold__inner\">\n\t\t\t\t<div class=\"jet-unfold__mask\">\n\t\t\t\t\t<div class=\"jet-unfold__content\">\n\t\t\t\t\t\t<div class=\"jet-unfold__content-inner elementor-text-editor elementor-clearfix\"><p style=\"text-align: center;\">Os ludi eram dirigidos por um propriet\u00e1rio (o lanista), um instrutor dos gladiadores que tinha poder absoluto sobre eles. Em Roma, os ludi imperiais, (as \u00fanicas escolas autorizadas), albergavam at\u00e9 2 000 homens: o \"ludus matutinus\", onde se praticava a ca\u00e7a de animais selvagens, o \"ludus gallicus\", o \"ludus dacicus\" e o \"ludus magnus\".<\/p><p style=\"text-align: center;\">Os gladiadores podiam ser prisioneiros de guerra, criminosos, condenados, escravos, homens condenados ou homens livres sem futuro; podiam ser inexperientes ou verdadeiros profissionais, especialmente prisioneiros de guerra que, depois de terem passado por v\u00e1rias lutas armadas, combates, batalhas e sofrimentos, eram particularmente endurecidos e ferozes e vinham frequentemente de terras distantes como a Tr\u00e1cia e a Alemanha. Estes personagens eram os mais procurados e, como n\u00e3o tinham outra forma de viver decentemente, entregavam-se de bom grado e empenhavam-se fortemente na perigosa carreira de gladiador.<\/p><p style=\"text-align: center;\">As mulheres tamb\u00e9m lutavam, mas eram muito raras e, por isso, tamb\u00e9m muito procuradas. A popularidade do gladiador vencedor era verdadeiramente not\u00e1vel, as pessoas exaltavam-no e seguiam os combates e os espect\u00e1culos com paix\u00e3o e o seu nome tornou-se famoso.<\/p><p style=\"text-align: center;\">Os gladiadores treinavam diferentes t\u00e9cnicas de ataque ou defesa com a utiliza\u00e7\u00e3o de diferentes armas e, consoante o tipo de arma e a t\u00e9cnica utilizada, eram designados por: \"cetervari\", \"secutores\", \"reziari\", \"mirmillones\" e \"traces\".<\/p><p style=\"text-align: center;\">Os combates eram sempre travados por diferentes pares de gladiadores; os mais cl\u00e1ssicos eram entre os \"reziari\" e os \"mirmilloni\" e entre os \"traci\" e os \"secutores\".<\/p><p style=\"text-align: center;\">O gladiador que tinha derrotado o seu advers\u00e1rio voltava-se para o p\u00fablico do anfiteatro para perguntar qual o destino que a multid\u00e3o queria reservar para o derrotado, e o p\u00fablico, com um sinal de m\u00e3o, decidia pela morte ou pela vida: o polegar que apontava para cima, \"mitte\" (seguro), significava que devia viver e o polegar que apontava para baixo, \"jugula\" (morte), significava que devia morrer. No final, por\u00e9m, era o imperador ou o organizador do espet\u00e1culo em quest\u00e3o que determinava com o polegar o destino do gladiador derrotado.<\/p><p style=\"text-align: center;\">Cada gladiador morto custava ao imperador ou \u00e0 pessoa que organizava o espet\u00e1culo uma quantia muito elevada de dinheiro e, evidentemente, n\u00e3o era f\u00e1cil pedir a sua morte; provavelmente, dependia tamb\u00e9m da forte procura por parte da popula\u00e7\u00e3o espetadora.<\/p><p style=\"text-align: center;\">As lutas dos gladiadores eram inspiradas em epis\u00f3dios mitol\u00f3gicos, tentando sempre competir com novos espect\u00e1culos e novas ideias para n\u00e3o cansar o p\u00fablico, mas tamb\u00e9m encenando situa\u00e7\u00f5es grotescas que divertiam e excitavam a multid\u00e3o ao mesmo tempo.<\/p><p style=\"text-align: center;\">Os gladiadores eram, de facto, prisioneiros e n\u00e3o podiam fugir, s\u00f3 podiam recuperar a sua liberdade lutando na arena e esperando que uma pessoa poderosa reparasse na sua coragem e for\u00e7a e decidisse libert\u00e1-los. Esta esperan\u00e7a estava no cora\u00e7\u00e3o dos gladiadores e ajudava-os a suportar melhor o seu destino.<\/p><p style=\"text-align: center;\">O gladiador tinha, portanto, uma vida dif\u00edcil e muito arriscada. Lutava pela vida, pela liberdade e pela gl\u00f3ria, e o povo romano apreciava e ficava fascinado com a for\u00e7a e a coragem do gladiador vitorioso, que se tornava um grande her\u00f3i.<\/p><\/div>\n\t\t\t\t\t<\/div>\n\t\t\t\t\t<div class=\"jet-unfold__separator\"><\/div>\n\t\t\t\t<\/div>\n\t\t\t\t<div class=\"jet-unfold__trigger\"><div class=\"jet-unfold__button elementor-button elementor-size-md\" href=\"#\" data-unfold-text=\"Mostra di pi\u00f9\" data-fold-text=\"Mostra meno\" data-fold-icon=\"&lt;i aria-hidden=&quot;true&quot; class=&quot;fas fa-chevron-up&quot;&gt;&lt;\/i&gt;\" data-unfold-icon=\"&lt;i aria-hidden=&quot;true&quot; class=&quot;fas fa-chevron-down&quot;&gt;&lt;\/i&gt;\" tabindex=\"0\" role=\"button\"><span class=\"jet-unfold__button-icon jet-tricks-icon\"><i aria-hidden=\"true\" class=\"fas fa-chevron-down\"><\/i><\/span><span class=\"jet-unfold__button-text\">Mostrar mais<\/span><\/div>\t\t\t\t<\/div>\n\t\t\t<\/div>\n\t\t<\/div>\n\t\t\t\t<\/div>\n\t\t\t\t<\/div>\n\t\t\t\t<section data-dce-background-image-url=\"https:\/\/colosseo-roma.it\/wp-content\/uploads\/2023\/03\/rome-3632318_1920-2.jpg\" class=\"elementor-section elementor-inner-section elementor-element elementor-element-66d3a1d elementor-section-height-min-height elementor-section-boxed elementor-section-height-default\" data-id=\"66d3a1d\" data-element_type=\"section\" data-settings=\"{&quot;jet_parallax_layout_list&quot;:[],&quot;background_background&quot;:&quot;classic&quot;,&quot;ekit_has_onepagescroll_dot&quot;:&quot;yes&quot;}\">\n\t\t\t\t\t\t<div class=\"elementor-container elementor-column-gap-default\">\n\t\t\t\t\t<div class=\"elementor-column elementor-col-100 elementor-inner-column elementor-element elementor-element-fe87e41\" data-id=\"fe87e41\" data-element_type=\"column\">\n\t\t\t<div class=\"elementor-widget-wrap\">\n\t\t\t\t\t\t\t<\/div>\n\t\t<\/div>\n\t\t\t\t\t<\/div>\n\t\t<\/section>\n\t\t\t\t<div class=\"elementor-element elementor-element-347d54d elementor-widget elementor-widget-heading\" data-id=\"347d54d\" data-element_type=\"widget\" data-settings=\"{&quot;ekit_we_effect_on&quot;:&quot;none&quot;}\" data-widget_type=\"heading.default\">\n\t\t\t\t<div class=\"elementor-widget-container\">\n\t\t\t<h5 class=\"elementor-heading-title elementor-size-default\">Quem eram os gladiadores romanos?<\/h5>\t\t<\/div>\n\t\t\t\t<\/div>\n\t\t\t\t<div class=\"elementor-element elementor-element-4a8b2ba elementor-widget elementor-widget-text-editor\" data-id=\"4a8b2ba\" data-element_type=\"widget\" data-settings=\"{&quot;ekit_we_effect_on&quot;:&quot;none&quot;}\" data-widget_type=\"text-editor.default\">\n\t\t\t\t<div class=\"elementor-widget-container\">\n\t\t\t\t\t\t\t<p>Os gladiadores eram escravos, prisioneiros de guerra, mas tamb\u00e9m homens livres. Tamb\u00e9m se podia optar por se tornar um gladiador.<\/p><p>Desde o s\u00e9culo I a.C., para al\u00e9m dos prisioneiros de guerra, um grande n\u00famero de escravos culpados de crimes muito graves eram obrigados a tornar-se gladiadores.<\/p><p>Eram obrigados a entrar numa escola de gladiadores e, na maior parte dos casos, tinham a sua pena de morte adiada, mas tamb\u00e9m tinham a possibilidade de reabilita\u00e7\u00e3o.<\/p><p>Alguns gladiadores conseguiram recuperar um lugar na sociedade lutando na arena e demonstrando coragem e per\u00edcia com actua\u00e7\u00f5es que captavam a aprova\u00e7\u00e3o dos espectadores.<\/p><p>Para alguns escravos, a perspetiva era pior; alguns eram condenados \u00e0 morte por feras ferozes (ad bestias). Mesmo os cidad\u00e3os que cometiam crimes graves podiam ser condenados a uma morte atroz na arena, pela espada (ad gladium) e, para outros escravos, havia a morte ainda mais tr\u00e1gica por crucifica\u00e7\u00e3o (crucifixio).<\/p><p>A maioria dos gladiadores era, portanto, for\u00e7ada a desempenhar esse papel, mas n\u00e3o faltavam homens livres que se apresentavam voluntariamente porque eram fascinados pelo risco e pela viol\u00eancia.<\/p><p>Estes homens celebravam um contrato que durava um certo per\u00edodo e entravam nas escolas de gladiadores para se prepararem para os combates.<\/p><p>Muitos fizeram-no por dinheiro, outros porque foram atra\u00eddos pelas fortes emo\u00e7\u00f5es vividas durante os combates, outros ainda para deixarem para tr\u00e1s um estado de grande pobreza que lhes dificultava a vida e a procura de um lugar digno na sociedade.<\/p><p>A maior parte dos cidad\u00e3os livres que se alistaram eram soldados que tinham sido dispensados e que, depois de terem sido sujeitos a tanta viol\u00eancia, j\u00e1 n\u00e3o conseguiam integrar-se na vida normal da cidade.<\/p><p>Tamb\u00e9m acontecia que os filhos dos cavaleiros e dos senadores lutassem como volunt\u00e1rios na arena, talvez por uma vez e com armas menos perigosas, provavelmente para provar algo ou para mudar as suas vidas de alguma forma.<\/p><p>Alguns aristocratas tamb\u00e9m lutavam na arena sem seguir o treino das escolas de gladiadores. Os senadores e os cavaleiros tornavam-se temporariamente gladiadores por divers\u00e3o ou porque eram obrigados pelo imperador que queria cobrar-lhes alguma coisa.<\/p><p>Ao que parece, nem os pr\u00f3prios imperadores resistiram ao fasc\u00ednio dos combates no coliseu.<\/p><p>Alguns deles, como Tito, Adriano, Cal\u00edgula e o famoso comediante que se vestia regularmente de gladiador, actuaram na arena.<\/p><p>Convenientemente, parece ter sido um verdadeiro passatempo, uma esp\u00e9cie de jogo e de divertimento, e \u00e9 evidente que nenhum gladiador se atreveria a fazer mal ao seu imperador...<\/p>\t\t\t\t\t\t<\/div>\n\t\t\t\t<\/div>\n\t\t\t\t<section data-dce-background-image-url=\"https:\/\/colosseo-roma.it\/wp-content\/uploads\/2023\/03\/colosseum-75003_1920.jpg\" class=\"elementor-section elementor-inner-section elementor-element elementor-element-e433b2f elementor-section-height-min-height elementor-section-boxed elementor-section-height-default\" data-id=\"e433b2f\" data-element_type=\"section\" data-settings=\"{&quot;jet_parallax_layout_list&quot;:[],&quot;background_background&quot;:&quot;classic&quot;,&quot;ekit_has_onepagescroll_dot&quot;:&quot;yes&quot;}\">\n\t\t\t\t\t\t<div class=\"elementor-container elementor-column-gap-default\">\n\t\t\t\t\t<div class=\"elementor-column elementor-col-100 elementor-inner-column elementor-element elementor-element-9e57a8c\" data-id=\"9e57a8c\" data-element_type=\"column\">\n\t\t\t<div class=\"elementor-widget-wrap\">\n\t\t\t\t\t\t\t<\/div>\n\t\t<\/div>\n\t\t\t\t\t<\/div>\n\t\t<\/section>\n\t\t\t\t<div class=\"elementor-element elementor-element-4820706 elementor-widget elementor-widget-heading\" data-id=\"4820706\" data-element_type=\"widget\" data-settings=\"{&quot;ekit_we_effect_on&quot;:&quot;none&quot;}\" data-widget_type=\"heading.default\">\n\t\t\t\t<div class=\"elementor-widget-container\">\n\t\t\t<h5 class=\"elementor-heading-title elementor-size-default\">Esperan\u00e7a de vida dos gladiadores de Roma<\/h5>\t\t<\/div>\n\t\t\t\t<\/div>\n\t\t\t\t<div class=\"elementor-element elementor-element-95a5248 elementor-widget elementor-widget-text-editor\" data-id=\"95a5248\" data-element_type=\"widget\" data-settings=\"{&quot;ekit_we_effect_on&quot;:&quot;none&quot;}\" data-widget_type=\"text-editor.default\">\n\t\t\t\t<div class=\"elementor-widget-container\">\n\t\t\t\t\t\t\t<p>Qual era a esperan\u00e7a de vida dos gladiadores? Em que condi\u00e7\u00f5es enfrentavam a arena? Para um gladiador, como \u00e9 que uma luta podia terminar na arena?<\/p><p>Lutar com os colegas e amigos.<\/p><p>Um combate na arena para um gladiador podia terminar de cinco formas diferentes: o gladiador podia vencer ou ser morto, podia ser executado pelo povo ou pelo imperador depois de se render, podia sair vivo da arena por gra\u00e7a e, se o combate terminasse empatado, podia sair juntamente com o seu advers\u00e1rio.<\/p><p>Sempre que um gladiador enfrentava um combate, sabia que a probabilidade de morrer era bastante elevada, tanto na arena como devido aos ferimentos. Os gladiadores que se comportassem de forma her\u00f3ica tinham mais probabilidades de serem perdoados pelo povo.<\/p><p>Muitos gladiadores morreram jovens, mesmo depois de apenas um combate.<\/p><p>Tentando imaginar o estado de esp\u00edrito dos gladiadores enquanto treinavam, enquanto partilhavam as escolas e o local onde viviam, ocorre-me que era provavelmente dif\u00edcil para muitos deles ter uma palavra com o amigo que se tornaria um inimigo na arena para ser confrontado e talvez morto ou por quem seria morto.<\/p><p>O stress a que os gladiadores estavam sujeitos diariamente n\u00e3o era certamente f\u00e1cil e as condi\u00e7\u00f5es de vida eram tudo menos f\u00e1ceis, especialmente para aqueles que n\u00e3o tinham uma grande reputa\u00e7\u00e3o e eram considerados lutadores med\u00edocres.<\/p><p>Parece, de facto, que muitos gladiadores, especialmente os novos recrutas, tentavam frequentemente fugir. Parece tamb\u00e9m que muitos dos gladiadores que n\u00e3o eram considerados her\u00f3is e grandes lutadores, vivendo uma vida quotidiana muito dif\u00edcil, preferiam o suic\u00eddio \u00e0 humilha\u00e7\u00e3o e \u00e0 morte sem honra que lhes podia ser apresentada na arena.<\/p>\t\t\t\t\t\t<\/div>\n\t\t\t\t<\/div>\n\t\t\t\t<section data-dce-background-image-url=\"https:\/\/colosseo-roma.it\/wp-content\/uploads\/2023\/03\/rome-173469_1920.jpg\" class=\"elementor-section elementor-inner-section elementor-element elementor-element-242c095 elementor-section-height-min-height elementor-section-boxed elementor-section-height-default\" data-id=\"242c095\" data-element_type=\"section\" data-settings=\"{&quot;jet_parallax_layout_list&quot;:[],&quot;background_background&quot;:&quot;classic&quot;,&quot;ekit_has_onepagescroll_dot&quot;:&quot;yes&quot;}\">\n\t\t\t\t\t\t<div class=\"elementor-container elementor-column-gap-default\">\n\t\t\t\t\t<div class=\"elementor-column elementor-col-100 elementor-inner-column elementor-element elementor-element-65b01bc\" data-id=\"65b01bc\" data-element_type=\"column\">\n\t\t\t<div class=\"elementor-widget-wrap\">\n\t\t\t\t\t\t\t<\/div>\n\t\t<\/div>\n\t\t\t\t\t<\/div>\n\t\t<\/section>\n\t\t\t\t<div class=\"elementor-element elementor-element-48304c1 elementor-widget elementor-widget-heading\" data-id=\"48304c1\" data-element_type=\"widget\" data-settings=\"{&quot;ekit_we_effect_on&quot;:&quot;none&quot;}\" data-widget_type=\"heading.default\">\n\t\t\t\t<div class=\"elementor-widget-container\">\n\t\t\t<h5 class=\"elementor-heading-title elementor-size-default\">Origem das lutas de gladiadores ou dos jogos de gladiadores<\/h5>\t\t<\/div>\n\t\t\t\t<\/div>\n\t\t\t\t<div class=\"elementor-element elementor-element-d6becbf elementor-widget elementor-widget-text-editor\" data-id=\"d6becbf\" data-element_type=\"widget\" data-settings=\"{&quot;ekit_we_effect_on&quot;:&quot;none&quot;}\" data-widget_type=\"text-editor.default\">\n\t\t\t\t<div class=\"elementor-widget-container\">\n\t\t\t\t\t\t\t<p>Como \u00e9 que come\u00e7aram as lutas de gladiadores ou os jogos de gladiadores? Quando se realizavam os combates de gladiadores?<\/p><p>Os combates de gladiadores e o culto dos mortos.<\/p><p>As lutas de gladiadores (munera) t\u00eam a sua origem no culto dos mortos. Podemos constatar que j\u00e1 na Il\u00edada de Homero se conta que, em honra do falecido her\u00f3i P\u00e1troclo, se realizavam jogos f\u00fanebres e para isso eram sacrificados prisioneiros, que tinham de lutar entre si at\u00e9 \u00e0 morte. Com estes sacrif\u00edcios, pensava-se que o esp\u00edrito do falecido poderia encontrar a paz, verdadeiros ritos m\u00e1gicos<\/p><p>Aparentemente, os primeiros ludi romanos remontam ao tempo de Tarquinius Priscus, quando Roma estava sob a influ\u00eancia dos etruscos, mas os combates de gladiadores surgiram muito mais tarde.<\/p><p>Em 264 a.C., realizou-se o primeiro combate entre gladiadores em honra do d\u00e9cimo Junius Brutus Pera, durante a cerim\u00f3nia f\u00fanebre.<\/p><p>Em breve, as lutas de gladiadores tornaram-se essenciais nas cerim\u00f3nias f\u00fanebres dos nobres romanos, mas tamb\u00e9m em eventos especiais e festividades da vida romana.<\/p><p>\"[...] os inferiae s\u00e3o os sacrif\u00edcios pelos mortos, oferecidos ao reino dos mortos. Sem d\u00favida, era costume matar prisioneiros de guerra diante dos t\u00famulos de homens valentes: como este costume parecia cruel, pareceu apropriado que gladiadores chamados bustuarii, da busta [...] lutassem diante dos t\u00famulos.<\/p><p>(coment\u00e1rios em vergili aeneidos, livro x, 519)<\/p><p>Aos combates de gladiadores, \u00e0s execu\u00e7\u00f5es e aos espect\u00e1culos de ca\u00e7a com animais ferozes, juntaram-se as trag\u00e9dias e as com\u00e9dias, a partir de 186 a.C.. Os atletas profissionais gregos come\u00e7aram tamb\u00e9m a atuar em Roma.<\/p><p>Outro grande espet\u00e1culo era a corrida de bigas, em que o primeiro a cruzar a linha de chegada com a biga puxada por quatro cavalos alcan\u00e7ava grande fama entre o povo romano.<\/p><p>Mas, apesar da variedade de espect\u00e1culos, o favorito eram sempre os combates de gladiadores, organizados por funcion\u00e1rios p\u00fablicos eleitos pelo povo.<\/p><p>Para se tornar algu\u00e9m e ser apreciado pelo povo, era preciso criar um espet\u00e1culo inesquec\u00edvel com v\u00e1rias divers\u00f5es luxuosas e caras.<\/p>\t\t\t\t\t\t<\/div>\n\t\t\t\t<\/div>\n\t\t\t\t\t<\/div>\n\t\t<\/div>\n\t\t\t\t\t<\/div>\n\t\t<\/section>\n\t\t\t\t<\/div>","protected":false},"excerpt":{"rendered":"<p>O Gladiador No anfiteatro flaviano, os combates de gladiadores realizavam-se \u00e0 tarde. O seu nome deriva da espada curta que usavam nos combates: o \"gladius\". O gladiador de Roma aprendia a arte do combate de gladiadores nos \"ludi\", escolas que eram casernas muito semelhantes \u00e0s pris\u00f5es existentes em todo o imp\u00e9rio; dormia em pequenas celas dispostas [...].<\/p>","protected":false},"author":1,"featured_media":0,"parent":556,"menu_order":2,"comment_status":"closed","ping_status":"closed","template":"","meta":{"site-sidebar-layout":"no-sidebar","site-content-layout":"page-builder","ast-site-content-layout":"full-width-container","site-content-style":"unboxed","site-sidebar-style":"unboxed","ast-global-header-display":"","ast-banner-title-visibility":"","ast-main-header-display":"","ast-hfb-above-header-display":"","ast-hfb-below-header-display":"","ast-hfb-mobile-header-display":"","site-post-title":"disabled","ast-breadcrumbs-content":"","ast-featured-img":"disabled","footer-sml-layout":"","ast-disable-related-posts":"","theme-transparent-header-meta":"default","adv-header-id-meta":"","stick-header-meta":"","header-above-stick-meta":"","header-main-stick-meta":"","header-below-stick-meta":"","astra-migrate-meta-layouts":"set","ast-page-background-enabled":"default","ast-page-background-meta":{"desktop":{"background-color":"var(--ast-global-color-4)","background-image":"","background-repeat":"repeat","background-position":"center center","background-size":"auto","background-attachment":"scroll","background-type":"","background-media":"","overlay-type":"","overlay-color":"","overlay-opacity":"","overlay-gradient":""},"tablet":{"background-color":"","background-image":"","background-repeat":"repeat","background-position":"center center","background-size":"auto","background-attachment":"scroll","background-type":"","background-media":"","overlay-type":"","overlay-color":"","overlay-opacity":"","overlay-gradient":""},"mobile":{"background-color":"","background-image":"","background-repeat":"repeat","background-position":"center center","background-size":"auto","background-attachment":"scroll","background-type":"","background-media":"","overlay-type":"","overlay-color":"","overlay-opacity":"","overlay-gradient":""}},"ast-content-background-meta":{"desktop":{"background-color":"var(--ast-global-color-5)","background-image":"","background-repeat":"repeat","background-position":"center center","background-size":"auto","background-attachment":"scroll","background-type":"","background-media":"","overlay-type":"","overlay-color":"","overlay-opacity":"","overlay-gradient":""},"tablet":{"background-color":"var(--ast-global-color-5)","background-image":"","background-repeat":"repeat","background-position":"center center","background-size":"auto","background-attachment":"scroll","background-type":"","background-media":"","overlay-type":"","overlay-color":"","overlay-opacity":"","overlay-gradient":""},"mobile":{"background-color":"var(--ast-global-color-5)","background-image":"","background-repeat":"repeat","background-position":"center center","background-size":"auto","background-attachment":"scroll","background-type":"","background-media":"","overlay-type":"","overlay-color":"","overlay-opacity":"","overlay-gradient":""}},"iawp_total_views":3078,"footnotes":""},"class_list":["post-61","page","type-page","status-publish","hentry"],"_links":{"self":[{"href":"https:\/\/colosseo-roma.it\/pt\/wp-json\/wp\/v2\/pages\/61","targetHints":{"allow":["GET"]}}],"collection":[{"href":"https:\/\/colosseo-roma.it\/pt\/wp-json\/wp\/v2\/pages"}],"about":[{"href":"https:\/\/colosseo-roma.it\/pt\/wp-json\/wp\/v2\/types\/page"}],"author":[{"embeddable":true,"href":"https:\/\/colosseo-roma.it\/pt\/wp-json\/wp\/v2\/users\/1"}],"replies":[{"embeddable":true,"href":"https:\/\/colosseo-roma.it\/pt\/wp-json\/wp\/v2\/comments?post=61"}],"version-history":[{"count":0,"href":"https:\/\/colosseo-roma.it\/pt\/wp-json\/wp\/v2\/pages\/61\/revisions"}],"up":[{"embeddable":true,"href":"https:\/\/colosseo-roma.it\/pt\/wp-json\/wp\/v2\/pages\/556"}],"wp:attachment":[{"href":"https:\/\/colosseo-roma.it\/pt\/wp-json\/wp\/v2\/media?parent=61"}],"curies":[{"name":"wp","href":"https:\/\/api.w.org\/{rel}","templated":true}]}}