{"id":65,"date":"2023-03-10T11:33:02","date_gmt":"2023-03-10T10:33:02","guid":{"rendered":"https:\/\/wordpress-1074717-3818660.cloudwaysapps.com\/?page_id=65"},"modified":"2026-01-26T16:51:30","modified_gmt":"2026-01-26T15:51:30","slug":"arco-de-constantino","status":"publish","type":"page","link":"https:\/\/colosseo-roma.it\/pt\/explorar\/arco-de-constantino\/","title":{"rendered":"Arco de Constantino"},"content":{"rendered":"<div data-elementor-type=\"wp-page\" data-elementor-id=\"65\" class=\"elementor elementor-65\" data-elementor-post-type=\"page\">\n\t\t\t\t\t\t<section class=\"elementor-section elementor-top-section elementor-element elementor-element-8ca547d elementor-section-boxed elementor-section-height-default elementor-section-height-default\" data-id=\"8ca547d\" data-element_type=\"section\" data-settings=\"{&quot;jet_parallax_layout_list&quot;:[],&quot;ekit_has_onepagescroll_dot&quot;:&quot;yes&quot;}\">\n\t\t\t\t\t\t<div class=\"elementor-container elementor-column-gap-default\">\n\t\t\t\t\t<div class=\"elementor-column elementor-col-100 elementor-top-column elementor-element elementor-element-0fd28ff\" data-id=\"0fd28ff\" data-element_type=\"column\" data-settings=\"{&quot;background_background&quot;:&quot;classic&quot;}\">\n\t\t\t<div class=\"elementor-widget-wrap elementor-element-populated\">\n\t\t\t\t\t\t<div class=\"elementor-element elementor-element-6dde05d elementor-widget elementor-widget-heading\" data-id=\"6dde05d\" data-element_type=\"widget\" data-settings=\"{&quot;ekit_we_effect_on&quot;:&quot;none&quot;}\" data-widget_type=\"heading.default\">\n\t\t\t\t<div class=\"elementor-widget-container\">\n\t\t\t<h1 class=\"elementor-heading-title elementor-size-default\">Arco de Constantino<\/h1>\t\t<\/div>\n\t\t\t\t<\/div>\n\t\t\t\t<div class=\"elementor-element elementor-element-6b61970 elementor-widget elementor-widget-heading\" data-id=\"6b61970\" data-element_type=\"widget\" data-settings=\"{&quot;ekit_we_effect_on&quot;:&quot;none&quot;}\" data-widget_type=\"heading.default\">\n\t\t\t\t<div class=\"elementor-widget-container\">\n\t\t\t<div class=\"elementor-heading-title elementor-size-default\">O arco de Constantino \u00e9 o mais majestoso arco triunfal de Roma, o maior e mais rico arco honor\u00edfico que chegou at\u00e9 aos nossos dias.\n\n<\/div>\t\t<\/div>\n\t\t\t\t<\/div>\n\t\t\t\t<div class=\"elementor-element elementor-element-856975f elementor-widget elementor-widget-jet-unfold\" data-id=\"856975f\" data-element_type=\"widget\" data-settings=\"{&quot;mask_height&quot;:{&quot;unit&quot;:&quot;px&quot;,&quot;size&quot;:57,&quot;sizes&quot;:[]},&quot;mask_height_tablet&quot;:{&quot;unit&quot;:&quot;px&quot;,&quot;size&quot;:53,&quot;sizes&quot;:[]},&quot;mask_height_mobile&quot;:{&quot;unit&quot;:&quot;px&quot;,&quot;size&quot;:100,&quot;sizes&quot;:[]},&quot;unfold_duration&quot;:{&quot;unit&quot;:&quot;ms&quot;,&quot;size&quot;:500,&quot;sizes&quot;:[]},&quot;unfold_easing&quot;:&quot;easeOutBack&quot;,&quot;fold_duration&quot;:{&quot;unit&quot;:&quot;ms&quot;,&quot;size&quot;:300,&quot;sizes&quot;:[]},&quot;fold_easing&quot;:&quot;easeOutSine&quot;,&quot;ekit_we_effect_on&quot;:&quot;none&quot;}\" data-widget_type=\"jet-unfold.default\">\n\t\t\t\t<div class=\"elementor-widget-container\">\n\t\t\t\t\t<div class=\"jet-unfold\" data-settings=\"{&quot;height&quot;:{&quot;unit&quot;:&quot;px&quot;,&quot;size&quot;:57,&quot;sizes&quot;:[]},&quot;separatorHeight&quot;:{&quot;unit&quot;:&quot;px&quot;,&quot;size&quot;:&quot;&quot;,&quot;sizes&quot;:[]},&quot;unfoldDuration&quot;:{&quot;unit&quot;:&quot;ms&quot;,&quot;size&quot;:500,&quot;sizes&quot;:[]},&quot;foldDuration&quot;:{&quot;unit&quot;:&quot;ms&quot;,&quot;size&quot;:300,&quot;sizes&quot;:[]},&quot;unfoldEasing&quot;:&quot;easeOutBack&quot;,&quot;foldEasing&quot;:&quot;easeOutSine&quot;,&quot;foldScrolling&quot;:&quot;false&quot;,&quot;hideOutsideClick&quot;:&quot;false&quot;,&quot;autoHide&quot;:&quot;false&quot;,&quot;autoHideTime&quot;:&quot;&quot;,&quot;foldScrollOffset&quot;:null}\">\n\t\t\t<div class=\"jet-unfold__inner\">\n\t\t\t\t<div class=\"jet-unfold__mask\">\n\t\t\t\t\t<div class=\"jet-unfold__content\">\n\t\t\t\t\t\t<div class=\"jet-unfold__content-inner elementor-text-editor elementor-clearfix\"><p>Um arco triunfal rico em escultura. O Arco de Constantino \u00e9 o maior arco honor\u00edfico que chegou at\u00e9 aos nossos dias. Est\u00e1 situado entre o Coliseu e o Arco de Tito, na via romana utilizada para as prociss\u00f5es triunfais e que se dirige ao templo Capitolino de J\u00fapiter.<\/p><p>O arco celebra a vit\u00f3ria do imperador romano Constantino sobre Max\u00eancio ap\u00f3s a batalha da Ponte Milviana, em 28 de outubro de 312 d.C., e o d\u00e9cimo anivers\u00e1rio do seu reinado (315 d.C.).<\/p><p>O Arco de Constantino insere-se numa longa tradi\u00e7\u00e3o romana de representa\u00e7\u00e3o do triunfo em batalha. A arte da representa\u00e7\u00e3o configurou-se em Roma com regras definidas, que por vezes procediam de forma aut\u00f3noma em rela\u00e7\u00e3o \u00e0 fenomenologia dos acontecimentos hist\u00f3ricos, mas interagiam fortemente com ela. Colunas rostradas, monumentos equestres, imagens de vit\u00f3rias e trof\u00e9us, inimigos vencidos e est\u00e1tuas divinas come\u00e7aram a decorar o monte Capitolino, o F\u00f3rum, depois todos os espa\u00e7os pol\u00edticos e templos relevantes de Roma a partir de finais do s\u00e9culo IV a.C., configurando os primeiros tra\u00e7os de um g\u00e9nero destinado a ter uma longa vitalidade.<\/p><p>Acima do f\u00f3rnix, no centro dos dois lados do s\u00f3t\u00e3o, encontra-se a inscri\u00e7\u00e3o:<\/p><p>Imp - caes - fl - constantino - maximo - p - f - avgusto - s - p - q - r - qvod - instinctv - divinatatis - mentis - magnitvdine - cvm - exercitv - svo - tam - de - tyranno - qvam - de - omni - eivs - factione - vno - tempore - ivstis - rem-publicam - vltvs - est - armis - arcvm - trivmphis - insignem - dicavit -<\/p><p>Tradu\u00e7\u00e3o:<\/p><p>\"Ao imperador C\u00e9sar Fl\u00e1vio Constantino M\u00e1ximo, piedoso, feliz, augusto, o Senado e o povo de Roma, porque, por inspira\u00e7\u00e3o da divindade e pela grandeza do seu esp\u00edrito, com o seu ex\u00e9rcito, vingou o Estado de um tirano e de toda a sua fa\u00e7\u00e3o com armas justas, dedicaram este arco insigne para triunfos.\"<\/p><p>O Arco de Constantino tem tr\u00eas arcos com uma passagem central maior e duas laterais mais pequenas.<\/p><p>O arco \u00e9 constru\u00eddo em cantaria de m\u00e1rmore nos pilares, enquanto o s\u00f3t\u00e3o, que \u00e9 acess\u00edvel, \u00e9 feito em alvenaria de bet\u00e3o e coberto com blocos de m\u00e1rmore no exterior.<\/p><p>O Arco de Constantino \u00e9 decorado com placas de m\u00e1rmore em relevo retiradas de monumentos mais antigos. De facto, todo o arco est\u00e1 decorado principalmente com esculturas de monumentos anteriores, das \u00e9pocas de Trajano, Adriano e Comicus.<\/p><p>Outros elementos, como cornijas, capit\u00e9is e colunas, tamb\u00e9m foram reciclados.<\/p><p>A decora\u00e7\u00e3o em placas de m\u00e1rmore em relevo foi concebida e realizada na \u00e9poca constantiniana segundo um projeto unificado, utilizando principalmente materiais de outros monumentos imperiais. Nas faces principais do arco e nos lados, alternam-se, em padr\u00f5es sim\u00e9tricos, relevos da \u00e9poca de Trajano, Adriano, Marco Aur\u00e9lio e, finalmente, na sec\u00e7\u00e3o inferior, da \u00e9poca de Constantino. Todos os rostos dos imperadores que aparecem nos relevos foram remodelados \u00e0 semelhan\u00e7a de Constantino, com o nimbo conotando a sua majestade imperial.<\/p><p>A cr\u00edtica moderna atribuiu ao arco a fun\u00e7\u00e3o de sintetizar em forma monumental as mudan\u00e7as da \u00e9poca constantiniana. Tanto nos pormenores iconogr\u00e1ficos do programa figurativo como na grande inscri\u00e7\u00e3o que aparece, de forma id\u00eantica, no s\u00f3t\u00e3o de ambas as fachadas, procuram-se pistas para reconstruir os acontecimentos de 312 e para identificar os s\u00edmbolos da convers\u00e3o precoce de Constantino e da rejei\u00e7\u00e3o pelo imperador da ascens\u00e3o tradicional como cena final do triunfo, no Templo de J\u00fapiter Capitolino. O monumento apresenta uma deliberada ambiguidade figurativa, reflectindo a implementa\u00e7\u00e3o de um compromisso entre a f\u00e9 crist\u00e3 do imperador e os costumes da Roma pag\u00e3.<\/p><p>Incluindo o s\u00f3t\u00e3o, o monumento tem 25 metros de altura.<\/p><p>No seu conjunto, o Arco de Constantino pode ser considerado como uma esp\u00e9cie de museu da escultura romana oficial, porque re\u00fane \"pe\u00e7as\" preciosas de diferentes \u00e9pocas, pertencentes a diferentes monumentos importantes.<\/p><p>General, este \u00e9 considerado o arco triunfal de Roma por excel\u00eancia e, sendo um arco triunfal ao lado do Coliseu, tornou-se tamb\u00e9m um dos lugares simb\u00f3licos mais imortalizados pelos turistas.<\/p><\/div>\n\t\t\t\t\t<\/div>\n\t\t\t\t\t<div class=\"jet-unfold__separator\"><\/div>\n\t\t\t\t<\/div>\n\t\t\t\t<div class=\"jet-unfold__trigger\"><div class=\"jet-unfold__button elementor-button elementor-size-md\" href=\"#\" data-unfold-text=\"Mostra di pi\u00f9\" data-fold-text=\"Mostra meno\" data-fold-icon=\"&lt;i aria-hidden=&quot;true&quot; class=&quot;fas fa-chevron-up&quot;&gt;&lt;\/i&gt;\" data-unfold-icon=\"&lt;i aria-hidden=&quot;true&quot; class=&quot;fas fa-chevron-down&quot;&gt;&lt;\/i&gt;\" tabindex=\"0\" role=\"button\"><span class=\"jet-unfold__button-icon jet-tricks-icon\"><i aria-hidden=\"true\" class=\"fas fa-chevron-down\"><\/i><\/span><span class=\"jet-unfold__button-text\">Mostrar mais<\/span><\/div>\t\t\t\t<\/div>\n\t\t\t<\/div>\n\t\t<\/div>\n\t\t\t\t<\/div>\n\t\t\t\t<\/div>\n\t\t\t\t<section data-dce-background-image-url=\"https:\/\/colosseo-roma.it\/wp-content\/uploads\/2023\/03\/the-colosseum-2182367_1920.jpg\" class=\"elementor-section elementor-inner-section elementor-element elementor-element-4862c94 elementor-section-height-min-height elementor-section-boxed elementor-section-height-default\" data-id=\"4862c94\" data-element_type=\"section\" data-settings=\"{&quot;jet_parallax_layout_list&quot;:[],&quot;background_background&quot;:&quot;classic&quot;,&quot;ekit_has_onepagescroll_dot&quot;:&quot;yes&quot;}\">\n\t\t\t\t\t\t<div class=\"elementor-container elementor-column-gap-default\">\n\t\t\t\t\t<div class=\"elementor-column elementor-col-100 elementor-inner-column elementor-element elementor-element-8062a60\" data-id=\"8062a60\" data-element_type=\"column\">\n\t\t\t<div class=\"elementor-widget-wrap\">\n\t\t\t\t\t\t\t<\/div>\n\t\t<\/div>\n\t\t\t\t\t<\/div>\n\t\t<\/section>\n\t\t\t\t<div class=\"elementor-element elementor-element-8b7478e elementor-widget elementor-widget-text-editor\" data-id=\"8b7478e\" data-element_type=\"widget\" data-settings=\"{&quot;ekit_we_effect_on&quot;:&quot;none&quot;}\" data-widget_type=\"text-editor.default\">\n\t\t\t\t<div class=\"elementor-widget-container\">\n\t\t\t\t\t\t\t<p>Trata-se de um arco triunfal que comemora a tomada de Jerusal\u00e9m por Tito no ano 70 d.C. O arco \u00e9 constru\u00eddo com um \u00fanico f\u00f3rnix e em opus quadratum de m\u00e1rmore pent\u00e9lico, o n\u00facleo interior \u00e9 de bet\u00e3o e o plinto de travertino.<\/p><p>\u00c9 ladeado por semi-colunas compostas, as centrais com fustes canelados e as dos cantos com fustes lisos. Sobre as colunas assenta um entablamento com um epistilo j\u00f3nico representando um sacrif\u00edcio, uma cornija denticulada e m\u00edsulas, tudo encimado por um s\u00f3t\u00e3o alto.<\/p><p>Na ab\u00f3bada, pode admirar-se uma bela decora\u00e7\u00e3o em caixot\u00f5es com uma \u00e1guia ao centro, que transporta para o c\u00e9u, ap\u00f3s a sua morte, o deificado Tito. Os dois relevos nas paredes interiores representam momentos de triunfo na vit\u00f3ria sobre os judeus.<\/p><p>No lado sul, v\u00ea-se a representa\u00e7\u00e3o da prociss\u00e3o que atravessa a porta triunfal, com os portadores a erguerem os objectos sagrados da ritualidade judaica saqueados do Templo de Jerusal\u00e9m: as duas trombetas de prata que chamam os fi\u00e9is \u00e0 ora\u00e7\u00e3o, a mesa com os vasos sagrados, o candelabro de ouro de sete bra\u00e7os.<\/p><p>No lado norte est\u00e1 representado o imperador Tito triunfante na quadriga, enquanto atr\u00e1s dele uma vit\u00f3ria alada o coroa, com a deusa armada Roma a acompanh\u00e1-lo ao Capit\u00f3lio, e \u00e0 direita a figura seminua, que talvez seja outra alegoria, o g\u00e9nio do povo romano.<\/p><p>O monumento sobreviveu em excelentes condi\u00e7\u00f5es porque, na Idade M\u00e9dia, foi incorporado na fortaleza de Frangiane e integrado em travertino em 1822 por Valdieri. O arco tito \u00e9 t\u00e3o conhecido que at\u00e9 o belli, num soneto, o ilustra magistralmente.<\/p>\t\t\t\t\t\t<\/div>\n\t\t\t\t<\/div>\n\t\t\t\t\t<\/div>\n\t\t<\/div>\n\t\t\t\t\t<\/div>\n\t\t<\/section>\n\t\t\t\t<\/div>","protected":false},"excerpt":{"rendered":"<p>Arco de Constantino O Arco de Constantino \u00e9 o arco triunfal mais majestoso de Roma, o maior e mais rico arco honor\u00e1rio at\u00e9 \u00e0 data. Um arco triunfal rico em esculturas. O Arco de Constantino \u00e9 o maior arco honor\u00edfico que chegou at\u00e9 aos nossos dias. Est\u00e1 situado entre o Coliseu e o Arco de Tito, na [...].<\/p>","protected":false},"author":1,"featured_media":0,"parent":526,"menu_order":9,"comment_status":"closed","ping_status":"closed","template":"","meta":{"site-sidebar-layout":"no-sidebar","site-content-layout":"page-builder","ast-site-content-layout":"full-width-container","site-content-style":"unboxed","site-sidebar-style":"unboxed","ast-global-header-display":"","ast-banner-title-visibility":"","ast-main-header-display":"","ast-hfb-above-header-display":"","ast-hfb-below-header-display":"","ast-hfb-mobile-header-display":"","site-post-title":"disabled","ast-breadcrumbs-content":"","ast-featured-img":"disabled","footer-sml-layout":"","ast-disable-related-posts":"","theme-transparent-header-meta":"default","adv-header-id-meta":"","stick-header-meta":"","header-above-stick-meta":"","header-main-stick-meta":"","header-below-stick-meta":"","astra-migrate-meta-layouts":"set","ast-page-background-enabled":"default","ast-page-background-meta":{"desktop":{"background-color":"var(--ast-global-color-4)","background-image":"","background-repeat":"repeat","background-position":"center center","background-size":"auto","background-attachment":"scroll","background-type":"","background-media":"","overlay-type":"","overlay-color":"","overlay-opacity":"","overlay-gradient":""},"tablet":{"background-color":"","background-image":"","background-repeat":"repeat","background-position":"center center","background-size":"auto","background-attachment":"scroll","background-type":"","background-media":"","overlay-type":"","overlay-color":"","overlay-opacity":"","overlay-gradient":""},"mobile":{"background-color":"","background-image":"","background-repeat":"repeat","background-position":"center center","background-size":"auto","background-attachment":"scroll","background-type":"","background-media":"","overlay-type":"","overlay-color":"","overlay-opacity":"","overlay-gradient":""}},"ast-content-background-meta":{"desktop":{"background-color":"var(--ast-global-color-5)","background-image":"","background-repeat":"repeat","background-position":"center center","background-size":"auto","background-attachment":"scroll","background-type":"","background-media":"","overlay-type":"","overlay-color":"","overlay-opacity":"","overlay-gradient":""},"tablet":{"background-color":"var(--ast-global-color-5)","background-image":"","background-repeat":"repeat","background-position":"center center","background-size":"auto","background-attachment":"scroll","background-type":"","background-media":"","overlay-type":"","overlay-color":"","overlay-opacity":"","overlay-gradient":""},"mobile":{"background-color":"var(--ast-global-color-5)","background-image":"","background-repeat":"repeat","background-position":"center center","background-size":"auto","background-attachment":"scroll","background-type":"","background-media":"","overlay-type":"","overlay-color":"","overlay-opacity":"","overlay-gradient":""}},"iawp_total_views":978,"footnotes":""},"class_list":["post-65","page","type-page","status-publish","hentry"],"_links":{"self":[{"href":"https:\/\/colosseo-roma.it\/pt\/wp-json\/wp\/v2\/pages\/65","targetHints":{"allow":["GET"]}}],"collection":[{"href":"https:\/\/colosseo-roma.it\/pt\/wp-json\/wp\/v2\/pages"}],"about":[{"href":"https:\/\/colosseo-roma.it\/pt\/wp-json\/wp\/v2\/types\/page"}],"author":[{"embeddable":true,"href":"https:\/\/colosseo-roma.it\/pt\/wp-json\/wp\/v2\/users\/1"}],"replies":[{"embeddable":true,"href":"https:\/\/colosseo-roma.it\/pt\/wp-json\/wp\/v2\/comments?post=65"}],"version-history":[{"count":0,"href":"https:\/\/colosseo-roma.it\/pt\/wp-json\/wp\/v2\/pages\/65\/revisions"}],"up":[{"embeddable":true,"href":"https:\/\/colosseo-roma.it\/pt\/wp-json\/wp\/v2\/pages\/526"}],"wp:attachment":[{"href":"https:\/\/colosseo-roma.it\/pt\/wp-json\/wp\/v2\/media?parent=65"}],"curies":[{"name":"wp","href":"https:\/\/api.w.org\/{rel}","templated":true}]}}