{"id":77,"date":"2023-03-10T11:34:31","date_gmt":"2023-03-10T10:34:31","guid":{"rendered":"https:\/\/wordpress-1074717-3818660.cloudwaysapps.com\/?page_id=77"},"modified":"2026-01-26T16:43:07","modified_gmt":"2026-01-26T15:43:07","slug":"via-emilia","status":"publish","type":"page","link":"https:\/\/colosseo-roma.it\/pt\/romanos\/estradas\/via-emilia\/","title":{"rendered":"Via Emilia"},"content":{"rendered":"<div data-elementor-type=\"wp-page\" data-elementor-id=\"77\" class=\"elementor elementor-77\" data-elementor-post-type=\"page\">\n\t\t\t\t\t\t<section class=\"elementor-section elementor-top-section elementor-element elementor-element-f71a303 elementor-section-boxed elementor-section-height-default elementor-section-height-default\" data-id=\"f71a303\" data-element_type=\"section\" data-settings=\"{&quot;jet_parallax_layout_list&quot;:[],&quot;ekit_has_onepagescroll_dot&quot;:&quot;yes&quot;}\">\n\t\t\t\t\t\t<div class=\"elementor-container elementor-column-gap-default\">\n\t\t\t\t\t<div class=\"elementor-column elementor-col-100 elementor-top-column elementor-element elementor-element-bd018f7\" data-id=\"bd018f7\" data-element_type=\"column\">\n\t\t\t<div class=\"elementor-widget-wrap elementor-element-populated\">\n\t\t\t\t\t\t<div class=\"elementor-element elementor-element-60fc539 elementor-widget elementor-widget-heading\" data-id=\"60fc539\" data-element_type=\"widget\" data-settings=\"{&quot;ekit_we_effect_on&quot;:&quot;none&quot;}\" data-widget_type=\"heading.default\">\n\t\t\t\t<div class=\"elementor-widget-container\">\n\t\t\t<h1 class=\"elementor-heading-title elementor-size-default\">A Via Emilia<\/h1>\t\t<\/div>\n\t\t\t\t<\/div>\n\t\t\t\t<div class=\"elementor-element elementor-element-cbc1e95 elementor-widget elementor-widget-heading\" data-id=\"cbc1e95\" data-element_type=\"widget\" data-settings=\"{&quot;ekit_we_effect_on&quot;:&quot;none&quot;}\" data-widget_type=\"heading.default\">\n\t\t\t\t<div class=\"elementor-widget-container\">\n\t\t\t<div class=\"elementor-heading-title elementor-size-default\">Estradas romanas, estradas consulares da Roma antiga<\/div>\t\t<\/div>\n\t\t\t\t<\/div>\n\t\t\t\t<div class=\"elementor-element elementor-element-3308ae6 elementor-widget elementor-widget-text-editor\" data-id=\"3308ae6\" data-element_type=\"widget\" data-settings=\"{&quot;ekit_we_effect_on&quot;:&quot;none&quot;}\" data-widget_type=\"text-editor.default\">\n\t\t\t\t<div class=\"elementor-widget-container\">\n\t\t\t\t\t\t\t<p>\u00a0A Via Emilia, a antiga estrada conveniente para o ex\u00e9rcito romano.<\/p><p>A antiga estrada romana que atravessava a Emilia Romagna permitia ao ex\u00e9rcito romano deslocar-se rapidamente e chegar \u00e0 cidade de Placentia.<\/p><p>A via emilia teve origem na Roma antiga como estrada romana. Foi constru\u00edda entre 189 e 187 a.C. pelo c\u00f4nsul Marco Emilio Lepido. A estrada foi constru\u00edda para ligar diretamente Rimini a Piacenza, numa altura em que \"placentia\" estava cercada pelos Boii Gauleses que, embora derrotados pelos romanos, se tinham recusado a assinar um tratado de paz com Roma e amea\u00e7avam revoltas.<\/p><p>Roma decidiu, por isso, construir uma estrada conveniente para levar rapidamente o ex\u00e9rcito a Placentia, pronto a reprimir qualquer revolta dos Boii Gauleses.<\/p><p>Alguns anos mais tarde, a estrada foi alargada de Piacenza a Mil\u00e3o.<\/p><p>As cidades mais importantes atravessadas pela Via Emilia de funda\u00e7\u00e3o romana e as refundadas pelos romanos s\u00e3o caesena (cesena), forum popili (forlimpopoli), forum livii (forl\u00ec), faventia (faenza), forum cornelii (imola), bononia (bologna), mutina (modena), regium lepidi (reggio emilia), tannetum (sant ilario d'enza), fidentia (fidenza), parma, placentia (piacenza).<br \/><br \/>A Via Aemilia ligava duas estradas romanas muito importantes: a Via Emilia, que partia de Roma e chegava a Rimini (col\u00f3nia fundada em 268 a.C.) e a Via Postumia, que ia de Piacenza a Aquileia.<br \/><br \/>Ainda hoje, a Via Emilia romana \u00e9 a principal art\u00e9ria da Emilia Romagna (a regi\u00e3o que recebeu o nome da estrada). A Via Emilia \u00e9 uma estrada larga e confort\u00e1vel, maioritariamente rectil\u00ednea, uma carater\u00edstica t\u00edpica das estradas romanas. Os romanos come\u00e7aram a construir estradas longas e rectil\u00edneas para fins militares, comerciais e pol\u00edticos; eram necess\u00e1rias para o crescimento do seu imp\u00e9rio, pois permitiam que o ex\u00e9rcito romano se deslocasse rapidamente.<\/p>\t\t\t\t\t\t<\/div>\n\t\t\t\t<\/div>\n\t\t\t\t\t<\/div>\n\t\t<\/div>\n\t\t\t\t\t<\/div>\n\t\t<\/section>\n\t\t\t\t<\/div>","protected":false},"excerpt":{"rendered":"<p>La Via Emilia Strade romane, Vie consolari dell&#8217;antica Roma La Via Emilia, la strada antica comoda per l\u2019esercito romano. L\u2019antica strada romana che attraversa l\u2019emilia romagna permetteva all\u2019esercito romano di muoversi rapidamente e raggiungere la citt\u00e0 di placentia. La via emilia nasce nell\u2019antica roma come strada romana. fatta costruire tra il 189 e il 187 [&hellip;]<\/p>","protected":false},"author":1,"featured_media":0,"parent":75,"menu_order":0,"comment_status":"closed","ping_status":"closed","template":"","meta":{"site-sidebar-layout":"no-sidebar","site-content-layout":"page-builder","ast-site-content-layout":"full-width-container","site-content-style":"unboxed","site-sidebar-style":"unboxed","ast-global-header-display":"","ast-banner-title-visibility":"","ast-main-header-display":"","ast-hfb-above-header-display":"","ast-hfb-below-header-display":"","ast-hfb-mobile-header-display":"","site-post-title":"disabled","ast-breadcrumbs-content":"","ast-featured-img":"disabled","footer-sml-layout":"","ast-disable-related-posts":"","theme-transparent-header-meta":"default","adv-header-id-meta":"","stick-header-meta":"","header-above-stick-meta":"","header-main-stick-meta":"","header-below-stick-meta":"","astra-migrate-meta-layouts":"set","ast-page-background-enabled":"default","ast-page-background-meta":{"desktop":{"background-color":"var(--ast-global-color-4)","background-image":"","background-repeat":"repeat","background-position":"center center","background-size":"auto","background-attachment":"scroll","background-type":"","background-media":"","overlay-type":"","overlay-color":"","overlay-opacity":"","overlay-gradient":""},"tablet":{"background-color":"","background-image":"","background-repeat":"repeat","background-position":"center center","background-size":"auto","background-attachment":"scroll","background-type":"","background-media":"","overlay-type":"","overlay-color":"","overlay-opacity":"","overlay-gradient":""},"mobile":{"background-color":"","background-image":"","background-repeat":"repeat","background-position":"center center","background-size":"auto","background-attachment":"scroll","background-type":"","background-media":"","overlay-type":"","overlay-color":"","overlay-opacity":"","overlay-gradient":""}},"ast-content-background-meta":{"desktop":{"background-color":"var(--ast-global-color-5)","background-image":"","background-repeat":"repeat","background-position":"center center","background-size":"auto","background-attachment":"scroll","background-type":"","background-media":"","overlay-type":"","overlay-color":"","overlay-opacity":"","overlay-gradient":""},"tablet":{"background-color":"var(--ast-global-color-5)","background-image":"","background-repeat":"repeat","background-position":"center center","background-size":"auto","background-attachment":"scroll","background-type":"","background-media":"","overlay-type":"","overlay-color":"","overlay-opacity":"","overlay-gradient":""},"mobile":{"background-color":"var(--ast-global-color-5)","background-image":"","background-repeat":"repeat","background-position":"center center","background-size":"auto","background-attachment":"scroll","background-type":"","background-media":"","overlay-type":"","overlay-color":"","overlay-opacity":"","overlay-gradient":""}},"iawp_total_views":716,"footnotes":""},"class_list":["post-77","page","type-page","status-publish","hentry"],"_links":{"self":[{"href":"https:\/\/colosseo-roma.it\/pt\/wp-json\/wp\/v2\/pages\/77","targetHints":{"allow":["GET"]}}],"collection":[{"href":"https:\/\/colosseo-roma.it\/pt\/wp-json\/wp\/v2\/pages"}],"about":[{"href":"https:\/\/colosseo-roma.it\/pt\/wp-json\/wp\/v2\/types\/page"}],"author":[{"embeddable":true,"href":"https:\/\/colosseo-roma.it\/pt\/wp-json\/wp\/v2\/users\/1"}],"replies":[{"embeddable":true,"href":"https:\/\/colosseo-roma.it\/pt\/wp-json\/wp\/v2\/comments?post=77"}],"version-history":[{"count":0,"href":"https:\/\/colosseo-roma.it\/pt\/wp-json\/wp\/v2\/pages\/77\/revisions"}],"up":[{"embeddable":true,"href":"https:\/\/colosseo-roma.it\/pt\/wp-json\/wp\/v2\/pages\/75"}],"wp:attachment":[{"href":"https:\/\/colosseo-roma.it\/pt\/wp-json\/wp\/v2\/media?parent=77"}],"curies":[{"name":"wp","href":"https:\/\/api.w.org\/{rel}","templated":true}]}}