{"id":79,"date":"2023-03-10T11:34:57","date_gmt":"2023-03-10T10:34:57","guid":{"rendered":"https:\/\/wordpress-1074717-3818660.cloudwaysapps.com\/?page_id=79"},"modified":"2026-01-26T16:43:02","modified_gmt":"2026-01-26T15:43:02","slug":"via-salaria","status":"publish","type":"page","link":"https:\/\/colosseo-roma.it\/pt\/romanos\/estradas\/via-salaria\/","title":{"rendered":"Via Salaria"},"content":{"rendered":"<div data-elementor-type=\"wp-page\" data-elementor-id=\"79\" class=\"elementor elementor-79\" data-elementor-post-type=\"page\">\n\t\t\t\t\t\t<section class=\"elementor-section elementor-top-section elementor-element elementor-element-4934fd0 elementor-section-boxed elementor-section-height-default elementor-section-height-default\" data-id=\"4934fd0\" data-element_type=\"section\" data-settings=\"{&quot;jet_parallax_layout_list&quot;:[],&quot;ekit_has_onepagescroll_dot&quot;:&quot;yes&quot;}\">\n\t\t\t\t\t\t<div class=\"elementor-container elementor-column-gap-default\">\n\t\t\t\t\t<div class=\"elementor-column elementor-col-100 elementor-top-column elementor-element elementor-element-4a1806c\" data-id=\"4a1806c\" data-element_type=\"column\">\n\t\t\t<div class=\"elementor-widget-wrap elementor-element-populated\">\n\t\t\t\t\t\t<div class=\"elementor-element elementor-element-094bbac elementor-widget elementor-widget-heading\" data-id=\"094bbac\" data-element_type=\"widget\" data-settings=\"{&quot;ekit_we_effect_on&quot;:&quot;none&quot;}\" data-widget_type=\"heading.default\">\n\t\t\t\t<div class=\"elementor-widget-container\">\n\t\t\t<h1 class=\"elementor-heading-title elementor-size-default\">A Via Salaria<\/h1>\t\t<\/div>\n\t\t\t\t<\/div>\n\t\t\t\t<div class=\"elementor-element elementor-element-a6c2ce3 elementor-widget elementor-widget-heading\" data-id=\"a6c2ce3\" data-element_type=\"widget\" data-settings=\"{&quot;ekit_we_effect_on&quot;:&quot;none&quot;}\" data-widget_type=\"heading.default\">\n\t\t\t\t<div class=\"elementor-widget-container\">\n\t\t\t<div class=\"elementor-heading-title elementor-size-default\">Estradas romanas, estradas consulares da Roma antiga<\/div>\t\t<\/div>\n\t\t\t\t<\/div>\n\t\t\t\t<div class=\"elementor-element elementor-element-1811a3a elementor-widget elementor-widget-text-editor\" data-id=\"1811a3a\" data-element_type=\"widget\" data-settings=\"{&quot;ekit_we_effect_on&quot;:&quot;none&quot;}\" data-widget_type=\"text-editor.default\">\n\t\t\t\t<div class=\"elementor-widget-container\">\n\t\t\t\t\t\t\t<p><em>A antiga estrada romana do sal<\/em>.<\/p><p>La <strong>Via Salaria<\/strong>\u00a0\u00e9 um dos mais\u00a0<strong>antigas estradas consulares<\/strong>Constru\u00edda em v\u00e1rias ocasi\u00f5es pelos pr\u00f3prios romanos, vai da capital ao Mar Adri\u00e1tico e continua a ser utilizada atualmente, sendo mais conhecida como a estrada SS 4. \u00c9, de facto, a estrada que liga Roma a Rieti.<\/p><p>O nome curioso remonta \u00e0 utiliza\u00e7\u00e3o da estrada pelos romanos, que se destinava principalmente ao transporte do sal recolhido nas antigas salinas, presumivelmente situadas nas Marcas.<\/p><p>La\u00a0<strong>Estrada da Salaria<\/strong>\u00a0come\u00e7a a partir de\u00a0<strong>Muros Aurelianos<\/strong>\u00a0sair em dire\u00e7\u00e3o a\u00a0<strong>Port\u00e3o de Salaria<\/strong>Segue-se diretamente para Forte Antenne para atravessar o rio Aniene e, ap\u00f3s alguns quil\u00f3metros, chega-se ao que \u00e9 hoje a aldeia de Fidene.<\/p><p>Originalmente, a estrada ramificava-se entre prados e \u00e1reas recuperadas, que s\u00f3 mais tarde foram recuperadas, ou melhor, digamos que a recupera\u00e7\u00e3o final ocorreu cerca de dois s\u00e9culos mais tarde. A Via Sal\u00e1ria sai dos arredores de Roma e dirige-se para\u00a0<strong>Settebagni<\/strong>\u00a0para finalmente tomar a dire\u00e7\u00e3o do\u00a0<strong>Tenuta Marcigliana Vecchia<\/strong>\u00a0onde existia uma antiga povoa\u00e7\u00e3o romana mais conhecida por\u00a0<strong>Crustumerium<\/strong>. Um pouco mais adiante come\u00e7amos a ver as primeiras montanhas; estamos agora no Passo Corese em dire\u00e7\u00e3o a Fara Sabina.<\/p><p>Aqui, a Salaria dividia-se em dois tro\u00e7os muito importantes para o com\u00e9rcio antigo; de facto, uma rua da Ponte Buita continuava em dire\u00e7\u00e3o a\u00a0<strong>via Cecilia<\/strong>\u00a0que conduziu a\u00a0<strong>Atri<\/strong>\u00a0- a antiga hatria - enquanto o outro tronco alcan\u00e7ava\u00a0<strong>Rieti<\/strong>.<\/p><p>Antes de Rieti, de facto, podem ser vistas duas sec\u00e7\u00f5es distintas, uma que se vira para leste, atravessando os Apeninos na dire\u00e7\u00e3o de Sella di Corno para dominar a plan\u00edcie de Amiternum nas proximidades da atual \u00c1guia, toma o Passo delle Capannelle e segue para Teramo, ou melhor, atrav\u00e9s da cidade chamada Pretutii.<\/p><p>O outro tronco de Rieti sobe o rio Velino durante algum tempo at\u00e9 \u00e0s Terme di Cotilia, exploradas pelos romanos, ou melhor, suficientemente exploradas por uma grande povoa\u00e7\u00e3o para abrir um centro de bem-estar nas proximidades, com \u00e1guas termais quentes e sulfurosas.<\/p><p>Continuando, chega-se a Antrodoco, logo abaixo do Monte Giano, onde, tamb\u00e9m aqui, os romanos constru\u00edram outras termas. Mas a Salaria n\u00e3o p\u00e1ra, continua para norte, seguindo o rio e atravessando desfiladeiros e montanhas. Aqui, a cultura e a prepara\u00e7\u00e3o dos romanos s\u00e3o indiscutivelmente evidentes. Para ultrapassar todos estes \"imprevistos\", os engenheiros de Augusto e Trajano excederam-se, adoptando solu\u00e7\u00f5es t\u00e9cnicas que ainda hoje nos surpreendem.<\/p><p>Passadas as montanhas, a Via Salaria prossegue ao longo da plan\u00edcie do Vale do Tronto, na regi\u00e3o de Marche, encontrando ent\u00e3o localidades conhecidas e importantes ainda hoje, como Pescara del Tronto, Acquasanta Terme (tamb\u00e9m aqui explorada pelos romanos como centro termal devido \u00e0s suas \u00e1guas albuminosas), Lettera, Posta, Favalanciata, Quintodecimo para chegar a Ascoli Piceno. Seguindo em frente, encontramos finalmente o mar perto de Castrum Trentium, uma localidade perto de Porto d'Ascoli, no munic\u00edpio de San Benedetto del Tronto.<\/p>\t\t\t\t\t\t<\/div>\n\t\t\t\t<\/div>\n\t\t\t\t\t<\/div>\n\t\t<\/div>\n\t\t\t\t\t<\/div>\n\t\t<\/section>\n\t\t\t\t<\/div>","protected":false},"excerpt":{"rendered":"<p>Via Salaria Estradas romanas, estradas consulares da Roma antiga A antiga estrada romana do sal. A Via Salaria \u00e9 uma das mais antigas estradas consulares, constru\u00edda em v\u00e1rias etapas pelos pr\u00f3prios romanos, que vai da capital ao Mar Adri\u00e1tico, ainda hoje em uso e \u00e9 mais conhecida como a estrada SS 4. [...]<\/p>","protected":false},"author":1,"featured_media":0,"parent":75,"menu_order":5,"comment_status":"closed","ping_status":"closed","template":"","meta":{"site-sidebar-layout":"no-sidebar","site-content-layout":"page-builder","ast-site-content-layout":"full-width-container","site-content-style":"unboxed","site-sidebar-style":"unboxed","ast-global-header-display":"","ast-banner-title-visibility":"","ast-main-header-display":"","ast-hfb-above-header-display":"","ast-hfb-below-header-display":"","ast-hfb-mobile-header-display":"","site-post-title":"disabled","ast-breadcrumbs-content":"","ast-featured-img":"disabled","footer-sml-layout":"","ast-disable-related-posts":"","theme-transparent-header-meta":"default","adv-header-id-meta":"","stick-header-meta":"","header-above-stick-meta":"","header-main-stick-meta":"","header-below-stick-meta":"","astra-migrate-meta-layouts":"set","ast-page-background-enabled":"default","ast-page-background-meta":{"desktop":{"background-color":"var(--ast-global-color-4)","background-image":"","background-repeat":"repeat","background-position":"center center","background-size":"auto","background-attachment":"scroll","background-type":"","background-media":"","overlay-type":"","overlay-color":"","overlay-opacity":"","overlay-gradient":""},"tablet":{"background-color":"","background-image":"","background-repeat":"repeat","background-position":"center center","background-size":"auto","background-attachment":"scroll","background-type":"","background-media":"","overlay-type":"","overlay-color":"","overlay-opacity":"","overlay-gradient":""},"mobile":{"background-color":"","background-image":"","background-repeat":"repeat","background-position":"center center","background-size":"auto","background-attachment":"scroll","background-type":"","background-media":"","overlay-type":"","overlay-color":"","overlay-opacity":"","overlay-gradient":""}},"ast-content-background-meta":{"desktop":{"background-color":"var(--ast-global-color-5)","background-image":"","background-repeat":"repeat","background-position":"center center","background-size":"auto","background-attachment":"scroll","background-type":"","background-media":"","overlay-type":"","overlay-color":"","overlay-opacity":"","overlay-gradient":""},"tablet":{"background-color":"var(--ast-global-color-5)","background-image":"","background-repeat":"repeat","background-position":"center center","background-size":"auto","background-attachment":"scroll","background-type":"","background-media":"","overlay-type":"","overlay-color":"","overlay-opacity":"","overlay-gradient":""},"mobile":{"background-color":"var(--ast-global-color-5)","background-image":"","background-repeat":"repeat","background-position":"center center","background-size":"auto","background-attachment":"scroll","background-type":"","background-media":"","overlay-type":"","overlay-color":"","overlay-opacity":"","overlay-gradient":""}},"iawp_total_views":918,"footnotes":""},"class_list":["post-79","page","type-page","status-publish","hentry"],"_links":{"self":[{"href":"https:\/\/colosseo-roma.it\/pt\/wp-json\/wp\/v2\/pages\/79","targetHints":{"allow":["GET"]}}],"collection":[{"href":"https:\/\/colosseo-roma.it\/pt\/wp-json\/wp\/v2\/pages"}],"about":[{"href":"https:\/\/colosseo-roma.it\/pt\/wp-json\/wp\/v2\/types\/page"}],"author":[{"embeddable":true,"href":"https:\/\/colosseo-roma.it\/pt\/wp-json\/wp\/v2\/users\/1"}],"replies":[{"embeddable":true,"href":"https:\/\/colosseo-roma.it\/pt\/wp-json\/wp\/v2\/comments?post=79"}],"version-history":[{"count":0,"href":"https:\/\/colosseo-roma.it\/pt\/wp-json\/wp\/v2\/pages\/79\/revisions"}],"up":[{"embeddable":true,"href":"https:\/\/colosseo-roma.it\/pt\/wp-json\/wp\/v2\/pages\/75"}],"wp:attachment":[{"href":"https:\/\/colosseo-roma.it\/pt\/wp-json\/wp\/v2\/media?parent=79"}],"curies":[{"name":"wp","href":"https:\/\/api.w.org\/{rel}","templated":true}]}}