{"id":81,"date":"2023-03-10T11:35:09","date_gmt":"2023-03-10T10:35:09","guid":{"rendered":"https:\/\/wordpress-1074717-3818660.cloudwaysapps.com\/?page_id=81"},"modified":"2026-01-26T16:42:58","modified_gmt":"2026-01-26T15:42:58","slug":"culinaria","status":"publish","type":"page","link":"https:\/\/colosseo-roma.it\/pt\/romanos\/culinaria\/","title":{"rendered":"Cozinha"},"content":{"rendered":"<div data-elementor-type=\"wp-page\" data-elementor-id=\"81\" class=\"elementor elementor-81\" data-elementor-post-type=\"page\">\n\t\t\t\t\t\t<section class=\"elementor-section elementor-top-section elementor-element elementor-element-d5e29b2 elementor-section-boxed elementor-section-height-default elementor-section-height-default\" data-id=\"d5e29b2\" data-element_type=\"section\" data-settings=\"{&quot;jet_parallax_layout_list&quot;:[],&quot;ekit_has_onepagescroll_dot&quot;:&quot;yes&quot;}\">\n\t\t\t\t\t\t<div class=\"elementor-container elementor-column-gap-default\">\n\t\t\t\t\t<div class=\"elementor-column elementor-col-100 elementor-top-column elementor-element elementor-element-3995949\" data-id=\"3995949\" data-element_type=\"column\">\n\t\t\t<div class=\"elementor-widget-wrap elementor-element-populated\">\n\t\t\t\t\t\t<div class=\"elementor-element elementor-element-3003c25 elementor-widget elementor-widget-heading\" data-id=\"3003c25\" data-element_type=\"widget\" data-settings=\"{&quot;ekit_we_effect_on&quot;:&quot;none&quot;}\" data-widget_type=\"heading.default\">\n\t\t\t\t<div class=\"elementor-widget-container\">\n\t\t\t<h1 class=\"elementor-heading-title elementor-size-default\">A cozinha da Roma antiga<\/h1>\t\t<\/div>\n\t\t\t\t<\/div>\n\t\t\t\t<div class=\"elementor-element elementor-element-eecc097 elementor-widget elementor-widget-text-editor\" data-id=\"eecc097\" data-element_type=\"widget\" data-settings=\"{&quot;ekit_we_effect_on&quot;:&quot;none&quot;}\" data-widget_type=\"text-editor.default\">\n\t\t\t\t<div class=\"elementor-widget-container\">\n\t\t\t\t\t\t\t<p style=\"text-align: center;\">La <strong>cozinhar na Roma antiga<\/strong>O que comiam os antigos romanos e onde comiam ao longo do dia.<\/p>\t\t\t\t\t\t<\/div>\n\t\t\t\t<\/div>\n\t\t\t\t<div class=\"elementor-element elementor-element-0e8c718 elementor-widget elementor-widget-heading\" data-id=\"0e8c718\" data-element_type=\"widget\" data-settings=\"{&quot;ekit_we_effect_on&quot;:&quot;none&quot;}\" data-widget_type=\"heading.default\">\n\t\t\t\t<div class=\"elementor-widget-container\">\n\t\t\t<h2 class=\"elementor-heading-title elementor-size-default\">O que \u00e9 que os antigos romanos comiam?<\/h2>\t\t<\/div>\n\t\t\t\t<\/div>\n\t\t\t\t<div class=\"elementor-element elementor-element-efd25e9 elementor-widget elementor-widget-text-editor\" data-id=\"efd25e9\" data-element_type=\"widget\" data-settings=\"{&quot;ekit_we_effect_on&quot;:&quot;none&quot;}\" data-widget_type=\"text-editor.default\">\n\t\t\t\t<div class=\"elementor-widget-container\">\n\t\t\t\t\t\t\t<p style=\"text-align: center;\">Os antigos romanos faziam tr\u00eas refei\u00e7\u00f5es principais: <strong>jent\u00e1culo<\/strong>, <strong>prandium<\/strong> e <strong>coena<\/strong>.<\/p>\t\t\t\t\t\t<\/div>\n\t\t\t\t<\/div>\n\t\t\t\t<div class=\"elementor-element elementor-element-0a93a7c elementor-widget elementor-widget-heading\" data-id=\"0a93a7c\" data-element_type=\"widget\" data-settings=\"{&quot;ekit_we_effect_on&quot;:&quot;none&quot;}\" data-widget_type=\"heading.default\">\n\t\t\t\t<div class=\"elementor-widget-container\">\n\t\t\t<h3 class=\"elementor-heading-title elementor-size-default\">As tr\u00eas refei\u00e7\u00f5es dos antigos romanos<\/h3>\t\t<\/div>\n\t\t\t\t<\/div>\n\t\t\t\t<div class=\"elementor-element elementor-element-ddfbd7d elementor-widget elementor-widget-text-editor\" data-id=\"ddfbd7d\" data-element_type=\"widget\" data-settings=\"{&quot;ekit_we_effect_on&quot;:&quot;none&quot;}\" data-widget_type=\"text-editor.default\">\n\t\t\t\t<div class=\"elementor-widget-container\">\n\t\t\t\t\t\t\t<p style=\"text-align: center;\">primeira refei\u00e7\u00e3o correspondia, mais ou menos, ao nosso pequeno-almo\u00e7o; era \u00e0 base de p\u00e3o, queijo, leite, mel, vinho e frutos secos e comia-se muito rapidamente. Ao fim da manh\u00e3, havia outro lanche r\u00e1pido e frio, \u00e0 base de peixe, p\u00e3o, fruta, legumes e vinho, chamado <strong>prandium<\/strong>. Correspondia, grosso modo, ao nosso almo\u00e7o, mas era t\u00e3o \"espartano\" que n\u00e3o havia necessidade de p\u00f4r a mesa nem sequer de lavar as m\u00e3os depois da refei\u00e7\u00e3o. Em vez disso, a refei\u00e7\u00e3o importante tinha lugar \u00e0 tarde, depois do habitual banho nas termas, e por vezes prolongava-se at\u00e9 ao amanhecer do dia seguinte.<\/p><p>La <strong>coena<\/strong> - jantar - inicialmente, era servido no \u00e1trio, mas quando as casas se tornaram maiores e mais articuladas e, sobretudo, quando a riqueza da classe dirigente o permitia, passou a ser servido no \"triclinium\" - sala de jantar - onde o dono da casa dispunha os \"triclinarii\" - camas\/sof\u00e1s - onde os convidados se podiam deitar. Os antigos romanos comiam deitados nos \"triclinarii\", apoiando-se lateralmente no bra\u00e7o esquerdo e mantendo o bra\u00e7o direito livre para poderem agarrar os alimentos das mesas baixas cuidadosamente colocadas.<\/p><p>O convidado de honra tinha direito a um lugar de honra, designado por \"consular\", e ficava \u00e0 direita do \"triclinar\" central, colocado em frente da porta para que um mensageiro lhe pudesse comunicar facilmente uma mensagem urgente. O anfitri\u00e3o devia sentar-se \u00e0 esquerda do convidado de honra.<\/p><p>As habita\u00e7\u00f5es mais ricas dispunham de mais do que uma sala de jantar: o \"tricl\u00ednio\" de ver\u00e3o, virado para norte, e o \"tricl\u00ednio\" de inverno, virado para oeste, que aproveitava todos os raios de sol. A cozinha mais antiga era muito simples, \u00e0 base de cereais, leguminosas, queijo e fruta. Com a conquista do Oriente, adquiriu sabores e aromas especiais que, hoje em dia, nos podem parecer uma mistura entre a cozinha oriental e a cozinha medieval. As novas conquistas chegaram, naturalmente, apenas \u00e0s mesas dos ricos.<\/p>\t\t\t\t\t\t<\/div>\n\t\t\t\t<\/div>\n\t\t\t\t<div class=\"elementor-element elementor-element-38ec59b elementor-widget elementor-widget-heading\" data-id=\"38ec59b\" data-element_type=\"widget\" data-settings=\"{&quot;ekit_we_effect_on&quot;:&quot;none&quot;}\" data-widget_type=\"heading.default\">\n\t\t\t\t<div class=\"elementor-widget-container\">\n\t\t\t<h3 class=\"elementor-heading-title elementor-size-default\">A cozinha romana de Marcus Gavadius Apicius<\/h3>\t\t<\/div>\n\t\t\t\t<\/div>\n\t\t\t\t<div class=\"elementor-element elementor-element-a59a348 elementor-widget elementor-widget-text-editor\" data-id=\"a59a348\" data-element_type=\"widget\" data-settings=\"{&quot;ekit_we_effect_on&quot;:&quot;none&quot;}\" data-widget_type=\"text-editor.default\">\n\t\t\t\t<div class=\"elementor-widget-container\">\n\t\t\t\t\t\t\t<p style=\"text-align: center;\">O que sabemos hoje em dia prov\u00e9m principalmente da <strong>livro de receitas para a apicultura<\/strong>, um conhecido gastr\u00f3nomo da \u00e9poca imperial, que escreveu:<i><strong>de re coquinaria<\/strong><\/i>\"de onde se pode retirar o maior conhecimento sobre a cozinha romana antiga.<\/p>\t\t\t\t\t\t<\/div>\n\t\t\t\t<\/div>\n\t\t\t\t<div class=\"elementor-element elementor-element-b3866f5 elementor-widget elementor-widget-heading\" data-id=\"b3866f5\" data-element_type=\"widget\" data-settings=\"{&quot;ekit_we_effect_on&quot;:&quot;none&quot;}\" data-widget_type=\"heading.default\">\n\t\t\t\t<div class=\"elementor-widget-container\">\n\t\t\t<h3 class=\"elementor-heading-title elementor-size-default\">Ingrediente principal: Garum<\/h3>\t\t<\/div>\n\t\t\t\t<\/div>\n\t\t\t\t<div class=\"elementor-element elementor-element-a3e55eb elementor-widget elementor-widget-text-editor\" data-id=\"a3e55eb\" data-element_type=\"widget\" data-settings=\"{&quot;ekit_we_effect_on&quot;:&quot;none&quot;}\" data-widget_type=\"text-editor.default\">\n\t\t\t\t<div class=\"elementor-widget-container\">\n\t\t\t\t\t\t\t<p>O ingrediente principal da cozinha romana era o <i><strong>\"Garum<\/strong><\/i> provavelmente em vez de sal, que \u00e9 muito caro e dif\u00edcil de encontrar. A <strong>pimenta<\/strong>a <strong>cominho<\/strong> e o <strong>ligu\u00edstica<\/strong> eram as especiarias mais utilizadas e os \"pratos principais\" eram \u00e0 base de carne, principalmente de porco.<\/p><p style=\"text-align: center;\">Uma carater\u00edstica da cozinha romana antiga era a combina\u00e7\u00e3o de sabores contrastantes, como o doce com o picante ou o doce com o picante. \u00c9 certo que, nos nossos dias, as receitas do famoso cozinheiro Apicius n\u00e3o teriam grande sucesso, mas para os romanos da \u00e9poca eram extremamente requintadas e apetitosas.<\/p>\t\t\t\t\t\t<\/div>\n\t\t\t\t<\/div>\n\t\t\t\t<div class=\"elementor-element elementor-element-aefc1bf elementor-widget elementor-widget-heading\" data-id=\"aefc1bf\" data-element_type=\"widget\" data-settings=\"{&quot;ekit_we_effect_on&quot;:&quot;none&quot;}\" data-widget_type=\"heading.default\">\n\t\t\t\t<div class=\"elementor-widget-container\">\n\t\t\t<h3 class=\"elementor-heading-title elementor-size-default\">A cozinha pobre da Roma antiga<\/h3>\t\t<\/div>\n\t\t\t\t<\/div>\n\t\t\t\t<div class=\"elementor-element elementor-element-7d6843a elementor-widget elementor-widget-text-editor\" data-id=\"7d6843a\" data-element_type=\"widget\" data-settings=\"{&quot;ekit_we_effect_on&quot;:&quot;none&quot;}\" data-widget_type=\"text-editor.default\">\n\t\t\t\t<div class=\"elementor-widget-container\">\n\t\t\t\t\t\t\t<p style=\"text-align: center;\">A maioria da popula\u00e7\u00e3o, que n\u00e3o era rica, consumia refei\u00e7\u00f5es muito mais simples, principalmente de cereais, leguminosas e frutas, com pouca carne, e certamente n\u00e3o podia dar-se ao luxo de jantar na \"Triclinia\", e muito menos deitar-se nas confort\u00e1veis camas\/sof\u00e1s. A desvantagem era que comiam menos, a vantagem era que provavelmente comiam mais saud\u00e1vel, sem o uso de condimentos como o \"Garum\" e sem o consumo excessivo de carne, que muitas vezes causava a doen\u00e7a da gota nos ricos.<\/p>\t\t\t\t\t\t<\/div>\n\t\t\t\t<\/div>\n\t\t\t\t\t<\/div>\n\t\t<\/div>\n\t\t\t\t\t<\/div>\n\t\t<\/section>\n\t\t\t\t<\/div>","protected":false},"excerpt":{"rendered":"<p>A cozinha da Roma antiga A cozinha da Roma antiga: o que comiam os antigos romanos e onde comiam ao longo do dia. O que \u00e9 que os antigos romanos comiam? Os antigos romanos faziam tr\u00eas refei\u00e7\u00f5es principais: jentaculum, prandium e coena. As tr\u00eas refei\u00e7\u00f5es dos antigos romanos A primeira refei\u00e7\u00e3o correspondia, mais ou menos, ao nosso pequeno-almo\u00e7o; baseava-se [...].<\/p>","protected":false},"author":1,"featured_media":0,"parent":556,"menu_order":6,"comment_status":"closed","ping_status":"closed","template":"","meta":{"site-sidebar-layout":"no-sidebar","site-content-layout":"page-builder","ast-site-content-layout":"full-width-container","site-content-style":"unboxed","site-sidebar-style":"unboxed","ast-global-header-display":"","ast-banner-title-visibility":"","ast-main-header-display":"","ast-hfb-above-header-display":"","ast-hfb-below-header-display":"","ast-hfb-mobile-header-display":"","site-post-title":"disabled","ast-breadcrumbs-content":"","ast-featured-img":"disabled","footer-sml-layout":"","ast-disable-related-posts":"","theme-transparent-header-meta":"default","adv-header-id-meta":"","stick-header-meta":"","header-above-stick-meta":"","header-main-stick-meta":"","header-below-stick-meta":"","astra-migrate-meta-layouts":"set","ast-page-background-enabled":"default","ast-page-background-meta":{"desktop":{"background-color":"var(--ast-global-color-4)","background-image":"","background-repeat":"repeat","background-position":"center center","background-size":"auto","background-attachment":"scroll","background-type":"","background-media":"","overlay-type":"","overlay-color":"","overlay-opacity":"","overlay-gradient":""},"tablet":{"background-color":"","background-image":"","background-repeat":"repeat","background-position":"center center","background-size":"auto","background-attachment":"scroll","background-type":"","background-media":"","overlay-type":"","overlay-color":"","overlay-opacity":"","overlay-gradient":""},"mobile":{"background-color":"","background-image":"","background-repeat":"repeat","background-position":"center center","background-size":"auto","background-attachment":"scroll","background-type":"","background-media":"","overlay-type":"","overlay-color":"","overlay-opacity":"","overlay-gradient":""}},"ast-content-background-meta":{"desktop":{"background-color":"var(--ast-global-color-5)","background-image":"","background-repeat":"repeat","background-position":"center center","background-size":"auto","background-attachment":"scroll","background-type":"","background-media":"","overlay-type":"","overlay-color":"","overlay-opacity":"","overlay-gradient":""},"tablet":{"background-color":"var(--ast-global-color-5)","background-image":"","background-repeat":"repeat","background-position":"center center","background-size":"auto","background-attachment":"scroll","background-type":"","background-media":"","overlay-type":"","overlay-color":"","overlay-opacity":"","overlay-gradient":""},"mobile":{"background-color":"var(--ast-global-color-5)","background-image":"","background-repeat":"repeat","background-position":"center center","background-size":"auto","background-attachment":"scroll","background-type":"","background-media":"","overlay-type":"","overlay-color":"","overlay-opacity":"","overlay-gradient":""}},"iawp_total_views":1041,"footnotes":""},"class_list":["post-81","page","type-page","status-publish","hentry"],"_links":{"self":[{"href":"https:\/\/colosseo-roma.it\/pt\/wp-json\/wp\/v2\/pages\/81","targetHints":{"allow":["GET"]}}],"collection":[{"href":"https:\/\/colosseo-roma.it\/pt\/wp-json\/wp\/v2\/pages"}],"about":[{"href":"https:\/\/colosseo-roma.it\/pt\/wp-json\/wp\/v2\/types\/page"}],"author":[{"embeddable":true,"href":"https:\/\/colosseo-roma.it\/pt\/wp-json\/wp\/v2\/users\/1"}],"replies":[{"embeddable":true,"href":"https:\/\/colosseo-roma.it\/pt\/wp-json\/wp\/v2\/comments?post=81"}],"version-history":[{"count":0,"href":"https:\/\/colosseo-roma.it\/pt\/wp-json\/wp\/v2\/pages\/81\/revisions"}],"up":[{"embeddable":true,"href":"https:\/\/colosseo-roma.it\/pt\/wp-json\/wp\/v2\/pages\/556"}],"wp:attachment":[{"href":"https:\/\/colosseo-roma.it\/pt\/wp-json\/wp\/v2\/media?parent=81"}],"curies":[{"name":"wp","href":"https:\/\/api.w.org\/{rel}","templated":true}]}}