{"id":1198,"date":"2023-03-31T20:37:17","date_gmt":"2023-03-31T19:37:17","guid":{"rendered":"https:\/\/wordpress-1074717-3818660.cloudwaysapps.com\/?page_id=1198"},"modified":"2026-01-26T16:51:39","modified_gmt":"2026-01-26T15:51:39","slug":"coliseum-square","status":"publish","type":"page","link":"https:\/\/colosseo-roma.it\/sv\/colosseums-arkeologiska-park\/coliseum-square\/","title":{"rendered":"Colosseum-torget"},"content":{"rendered":"<div data-elementor-type=\"wp-page\" data-elementor-id=\"1198\" class=\"elementor elementor-1198\" data-elementor-post-type=\"page\">\n\t\t\t\t\t\t<section class=\"elementor-section elementor-top-section elementor-element elementor-element-b3da0d5 elementor-section-boxed elementor-section-height-default elementor-section-height-default\" data-id=\"b3da0d5\" data-element_type=\"section\" data-settings=\"{&quot;jet_parallax_layout_list&quot;:[],&quot;ekit_has_onepagescroll_dot&quot;:&quot;yes&quot;}\">\n\t\t\t\t\t\t<div class=\"elementor-container elementor-column-gap-default\">\n\t\t\t\t\t<div class=\"elementor-column elementor-col-100 elementor-top-column elementor-element elementor-element-166a491\" data-id=\"166a491\" data-element_type=\"column\" data-settings=\"{&quot;background_background&quot;:&quot;classic&quot;}\">\n\t\t\t<div class=\"elementor-widget-wrap elementor-element-populated\">\n\t\t\t\t\t\t<div class=\"elementor-element elementor-element-19261b7 elementor-widget elementor-widget-heading\" data-id=\"19261b7\" data-element_type=\"widget\" data-settings=\"{&quot;ekit_we_effect_on&quot;:&quot;none&quot;}\" data-widget_type=\"heading.default\">\n\t\t\t\t<div class=\"elementor-widget-container\">\n\t\t\t<h1 class=\"elementor-heading-title elementor-size-default\">Colosseum-torget<\/h1>\t\t<\/div>\n\t\t\t\t<\/div>\n\t\t\t\t<div class=\"elementor-element elementor-element-e3b357d elementor-widget elementor-widget-heading\" data-id=\"e3b357d\" data-element_type=\"widget\" data-settings=\"{&quot;ekit_we_effect_on&quot;:&quot;none&quot;}\" data-widget_type=\"heading.default\">\n\t\t\t\t<div class=\"elementor-widget-container\">\n\t\t\t<h4 class=\"elementor-heading-title elementor-size-default\">Colosseum-torget i hj\u00e4rtat av Rom<\/h4>\t\t<\/div>\n\t\t\t\t<\/div>\n\t\t\t\t<div class=\"elementor-element elementor-element-c209607 elementor-widget elementor-widget-text-editor\" data-id=\"c209607\" data-element_type=\"widget\" data-settings=\"{&quot;ekit_we_effect_on&quot;:&quot;none&quot;}\" data-widget_type=\"text-editor.default\">\n\t\t\t\t<div class=\"elementor-widget-container\">\n\t\t\t\t\t\t\t<p>P\u00e5 denna plats finns v\u00e4rldens mest ber\u00f6mda monument. Att uppt\u00e4cka Piazza del Colosseo i Rom \u00e4r att g\u00f6ra en resa genom tiden och samtidigt beundra ett av v\u00e4rldens sju underverk.<\/p>\t\t\t\t\t\t<\/div>\n\t\t\t\t<\/div>\n\t\t\t\t<div class=\"elementor-element elementor-element-6053d41 elementor-widget elementor-widget-heading\" data-id=\"6053d41\" data-element_type=\"widget\" data-settings=\"{&quot;ekit_we_effect_on&quot;:&quot;none&quot;}\" data-widget_type=\"heading.default\">\n\t\t\t\t<div class=\"elementor-widget-container\">\n\t\t\t<h4 class=\"elementor-heading-title elementor-size-default\">Colosseum-torget i hj\u00e4rtat av Rom<\/h4>\t\t<\/div>\n\t\t\t\t<\/div>\n\t\t\t\t<div class=\"elementor-element elementor-element-5bae7cf elementor-widget elementor-widget-text-editor\" data-id=\"5bae7cf\" data-element_type=\"widget\" data-settings=\"{&quot;ekit_we_effect_on&quot;:&quot;none&quot;}\" data-widget_type=\"text-editor.default\">\n\t\t\t\t<div class=\"elementor-widget-container\">\n\t\t\t\t\t\t\t<p>Mitt p\u00e5 Piazza del Colosseo ligger Roms mest ikoniska monument, en symbol f\u00f6r staden och Italien i hela v\u00e4rlden: Colosseum. Omr\u00e5det d\u00e4r torget ligger idag upptogs en g\u00e5ng i tiden av dammen till Neros Domus Aurea, d\u00e4r den kolossala statyn av kejsaren speglades, vilket gav den flaviska amfiteatern det namn som den nu \u00e4r allm\u00e4nt k\u00e4nd under. Torget ligger mellan stadsdelarna Monti, Campitelli och Celio och \u00e4r en korsning mellan Via dei Fori Imperiali och Via Claudia, en av de \u00e4ldsta romerska v\u00e4garna. Det \u00e4r d\u00e4rf\u00f6r inte f\u00f6rv\u00e5nande att Piazza del Colosseo \u00e4r en av de mest bes\u00f6kta platserna i v\u00e4rlden.<\/p>\t\t\t\t\t\t<\/div>\n\t\t\t\t<\/div>\n\t\t\t\t<div class=\"elementor-element elementor-element-dfd33c9 elementor-widget elementor-widget-heading\" data-id=\"dfd33c9\" data-element_type=\"widget\" data-settings=\"{&quot;ekit_we_effect_on&quot;:&quot;none&quot;}\" data-widget_type=\"heading.default\">\n\t\t\t\t<div class=\"elementor-widget-container\">\n\t\t\t<h5 class=\"elementor-heading-title elementor-size-default\">Viktig information inf\u00f6r ditt bes\u00f6k:<\/h5>\t\t<\/div>\n\t\t\t\t<\/div>\n\t\t\t\t<div class=\"elementor-element elementor-element-7a2e9b6 elementor-widget elementor-widget-text-editor\" data-id=\"7a2e9b6\" data-element_type=\"widget\" data-settings=\"{&quot;ekit_we_effect_on&quot;:&quot;none&quot;}\" data-widget_type=\"text-editor.default\">\n\t\t\t\t<div class=\"elementor-widget-container\">\n\t\t\t\t\t\t\t<p>Fr\u00e5n Colosseumtorget kan du n\u00e5 de tre ing\u00e5ngarna till Colosseum.<\/p><p>Det finns ett turistinformationscenter p\u00e5 sidan.<\/p><p>Colosseo-stationen p\u00e5 linje B har utsikt \u00f6ver torget.<\/p><p>Piazza leder till Via dei Fori Imperiali.<\/p><p>Det nattliga bes\u00f6ket med den konstn\u00e4rliga belysningen av Colosseum \u00e4r ett m\u00e5ste.<\/p>\t\t\t\t\t\t<\/div>\n\t\t\t\t<\/div>\n\t\t\t\t<div class=\"elementor-element elementor-element-87d7b43 elementor-widget elementor-widget-heading\" data-id=\"87d7b43\" data-element_type=\"widget\" data-settings=\"{&quot;ekit_we_effect_on&quot;:&quot;none&quot;}\" data-widget_type=\"heading.default\">\n\t\t\t\t<div class=\"elementor-widget-container\">\n\t\t\t<h4 class=\"elementor-heading-title elementor-size-default\">De andra monumenten p\u00e5 Colosseum-torget:<\/h4>\t\t<\/div>\n\t\t\t\t<\/div>\n\t\t\t\t<div class=\"elementor-element elementor-element-f45ad75 elementor-widget elementor-widget-heading\" data-id=\"f45ad75\" data-element_type=\"widget\" data-settings=\"{&quot;ekit_we_effect_on&quot;:&quot;none&quot;}\" data-widget_type=\"heading.default\">\n\t\t\t\t<div class=\"elementor-widget-container\">\n\t\t\t<h5 class=\"elementor-heading-title elementor-size-default\">Konstantins b\u00e5ge <\/h5>\t\t<\/div>\n\t\t\t\t<\/div>\n\t\t\t\t<div class=\"elementor-element elementor-element-4e4e7d3 elementor-widget elementor-widget-text-editor\" data-id=\"4e4e7d3\" data-element_type=\"widget\" data-settings=\"{&quot;ekit_we_effect_on&quot;:&quot;none&quot;}\" data-widget_type=\"text-editor.default\">\n\t\t\t\t<div class=\"elementor-widget-container\">\n\t\t\t\t\t\t\t<p><i>\"Till kejsaren Caesar Flavius Constantine Maximus Pius Felix Augustus, senaten och det romerska folket, eftersom han genom gudomlig inspiration och storheten i hans ande omedelbart med sin arm\u00e9 h\u00e4mnades staten, med hj\u00e4lp av ett r\u00e4ttvist krig, b\u00e5de fr\u00e5n tyrann och fr\u00e5n alla hans fraktioner, till\u00e4gnade denna utm\u00e4rkta b\u00e5ge f\u00f6r triumf.\"\u00a0\u00a0<\/i><\/p><p>Konstantinb\u00e5gen, som ligger en kort bit fr\u00e5n Colosseum, \u00e4r en imponerande triumfb\u00e5ge med tre valv. Den centrala passagen flankeras av tv\u00e5 mindre sidog\u00e5ngar och hela strukturen kan betraktas som ett officiellt museum f\u00f6r romersk skulptur, p\u00e5 grund av dess extraordin\u00e4ra rikedom och betydelse. Senaten till\u00e4gnade b\u00e5gen till minne av Konstantin I:s seger \u00f6ver Maxentius i slaget vid Ponte Milvio den 28 oktober 312 och den invigdes 315 i samband med kejsarens decennalia, dvs. de tio \u00e5ren av hans regeringstid. B\u00e5gens placering, mellan Palatin och Caelian, sammanf\u00f6ll med den antika triumfv\u00e4gen.<\/p>\t\t\t\t\t\t<\/div>\n\t\t\t\t<\/div>\n\t\t\t\t<div class=\"elementor-element elementor-element-8afefe0 elementor-widget elementor-widget-heading\" data-id=\"8afefe0\" data-element_type=\"widget\" data-settings=\"{&quot;ekit_we_effect_on&quot;:&quot;none&quot;}\" data-widget_type=\"heading.default\">\n\t\t\t\t<div class=\"elementor-widget-container\">\n\t\t\t<h5 class=\"elementor-heading-title elementor-size-default\">K\u00e4llarutrymmet i Neros koloss<\/h5>\t\t<\/div>\n\t\t\t\t<\/div>\n\t\t\t\t<div class=\"elementor-element elementor-element-994190c elementor-widget elementor-widget-text-editor\" data-id=\"994190c\" data-element_type=\"widget\" data-settings=\"{&quot;ekit_we_effect_on&quot;:&quot;none&quot;}\" data-widget_type=\"text-editor.default\">\n\t\t\t\t<div class=\"elementor-widget-container\">\n\t\t\t\t\t\t\t<p>Enligt Plinius den \u00e4ldre var kolossen, som skapades av skulpt\u00f6ren Zenodorus, 33,5 meter h\u00f6g och stod p\u00e5 en fyrkantig piedestal som var 11 meter l\u00e5ng p\u00e5 sidorna. Bronsstatyn, som troligen var inspirerad av den ber\u00f6mda kolossen p\u00e5 Rhodos, f\u00f6rest\u00e4llde kejsaren som en solgud med h\u00f6ger arm utstr\u00e4ckt fram\u00e5t och h\u00e5llande en gren, medan v\u00e4nster arm h\u00f6ll ett klot som symboliserade jordklotet. Huvudet p\u00e5 den imponerande statyn pryddes av en krona best\u00e5ende av sju str\u00e5lar, var och en sex meter l\u00e5ng. Den imponerande visuella effekten av statyn m\u00e5ste ha varit h\u00e4pnadsv\u00e4ckande och l\u00e4tt att uppfatta \u00e4ven p\u00e5 l\u00e5ngt avst\u00e5nd p\u00e5 grund av dess gigantiska storlek och guldet som t\u00e4ckte bronset. Dessutom fanns Colosseum \u00e4nnu inte vid tiden f\u00f6r statyn, och det m\u00e5ste ha funnits en liten sj\u00f6 som reflekterade det imponerande monumentet och skapade ett otroligt imponerande sk\u00e5despel.\u00a0<\/p>\t\t\t\t\t\t<\/div>\n\t\t\t\t<\/div>\n\t\t\t\t<div class=\"elementor-element elementor-element-a238a9b elementor-widget elementor-widget-heading\" data-id=\"a238a9b\" data-element_type=\"widget\" data-settings=\"{&quot;ekit_we_effect_on&quot;:&quot;none&quot;}\" data-widget_type=\"heading.default\">\n\t\t\t\t<div class=\"elementor-widget-container\">\n\t\t\t<h5 class=\"elementor-heading-title elementor-size-default\">Colosseums namn h\u00e4rr\u00f6r fr\u00e5n Neros koloss?<\/h5>\t\t<\/div>\n\t\t\t\t<\/div>\n\t\t\t\t<div class=\"elementor-element elementor-element-3bf8c1a elementor-widget elementor-widget-text-editor\" data-id=\"3bf8c1a\" data-element_type=\"widget\" data-settings=\"{&quot;ekit_we_effect_on&quot;:&quot;none&quot;}\" data-widget_type=\"text-editor.default\">\n\t\t\t\t<div class=\"elementor-widget-container\">\n\t\t\t\t\t\t\t<p>Det \u00e4r m\u00f6jligt att namnet \"Colosseum\" h\u00e4rr\u00f6r fr\u00e5n n\u00e4rvaron av Neros koloss i n\u00e4rheten av den flaviska amfiteatern som byggdes \u00e5r 80 e.Kr. Det finns dock andra hypoteser som tyder p\u00e5 att smeknamnet kan ha kommit fr\u00e5n sj\u00e4lva amfiteaterns stora storlek eller fr\u00e5n det n\u00e4rliggande Colle Oppio, d\u00e4r Isis tempel k\u00e4nt som \"Collis Isei\" stod. Genom historien har Neros koloss genomg\u00e5tt m\u00e5nga f\u00f6r\u00e4ndringar beroende p\u00e5 den tidens kejsare. Vespasianus, som regerade fr\u00e5n 69 till 79 e.Kr., var tvungen att ingripa f\u00f6r att reparera den efter att en brand brutit ut i Domus Aurea. \u00c5r 127 e.Kr. gav Hadrianus arkitekten Decrianus i uppdrag att flytta kolossen intill Colosseum f\u00f6r att ge plats \u00e5t det nya Venustemplet. Decrianus anv\u00e4nde tjugofyra elefanter f\u00f6r att transportera den och h\u00e5lla den uppr\u00e4tt, och p\u00e5 kejsarens beg\u00e4ran ersatte han Neros ansiktsdrag med Hadrianus. En grafisk gravyr illustrerar kolossens nya position efter flytten.<\/p>\t\t\t\t\t\t<\/div>\n\t\t\t\t<\/div>\n\t\t\t\t<div class=\"elementor-element elementor-element-9db846e elementor-widget elementor-widget-heading\" data-id=\"9db846e\" data-element_type=\"widget\" data-settings=\"{&quot;ekit_we_effect_on&quot;:&quot;none&quot;}\" data-widget_type=\"heading.default\">\n\t\t\t\t<div class=\"elementor-widget-container\">\n\t\t\t<h5 class=\"elementor-heading-title elementor-size-default\">Kyrkan Santa Maria della Piet\u00e0 vid Colosseum<\/h5>\t\t<\/div>\n\t\t\t\t<\/div>\n\t\t\t\t<div class=\"elementor-element elementor-element-8923a6c elementor-widget elementor-widget-text-editor\" data-id=\"8923a6c\" data-element_type=\"widget\" data-settings=\"{&quot;ekit_we_effect_on&quot;:&quot;none&quot;}\" data-widget_type=\"text-editor.default\">\n\t\t\t\t<div class=\"elementor-widget-container\">\n\t\t\t\t\t\t\t<p>Inuti ett av Roms viktigaste monument, den flaviska amfiteatern, n\u00e4rmare best\u00e4mt i den 24:e b\u00e5gen i ett av de stora valven, finns ett litet kapell till\u00e4gnat Santa Maria della Piet\u00e0. Kyrkan grundades mellan 600- och 700-talet som en plats f\u00f6r tillbedjan, f\u00f6rmodligen till minne av de m\u00e4nniskor som dog inne i Colosseum. Den f\u00f6rsta v\u00e4lgrundade informationen om kapellet kommer fr\u00e5n kardinal Cencio Camerario, en framst\u00e5ende historiker och k\u00e4nnare av romerska kyrkor, och g\u00e5r tillbaka till 1192, d\u00e5 kyrkan var k\u00e4nd under titeln \"Santissimo Salvatore in Rota Colisei\".<\/p>\t\t\t\t\t\t<\/div>\n\t\t\t\t<\/div>\n\t\t\t\t<div class=\"elementor-element elementor-element-10ef1ad elementor-widget elementor-widget-heading\" data-id=\"10ef1ad\" data-element_type=\"widget\" data-settings=\"{&quot;ekit_we_effect_on&quot;:&quot;none&quot;}\" data-widget_type=\"heading.default\">\n\t\t\t\t<div class=\"elementor-widget-container\">\n\t\t\t<h5 class=\"elementor-heading-title elementor-size-default\">Roms sev\u00e4rdheter kan l\u00e4tt n\u00e5s fr\u00e5n Piazza:<\/h5>\t\t<\/div>\n\t\t\t\t<\/div>\n\t\t\t\t<div class=\"elementor-element elementor-element-15b046c elementor-widget elementor-widget-text-editor\" data-id=\"15b046c\" data-element_type=\"widget\" data-settings=\"{&quot;ekit_we_effect_on&quot;:&quot;none&quot;}\" data-widget_type=\"text-editor.default\">\n\t\t\t\t<div class=\"elementor-widget-container\">\n\t\t\t\t\t\t\t<p>Den arkeologiska parken Colosseum:\u00a0<\/p><p>Palatinkullen<\/p><p>Palatinmuseet<\/p><p>Domus Aurea<\/p><p>Romerska forum<\/p><p>Imperial Forum<\/p><p>Basilikan f\u00f6r de heliga Johannes och Paulus<\/p>\t\t\t\t\t\t<\/div>\n\t\t\t\t<\/div>\n\t\t\t\t<div class=\"elementor-element elementor-element-792aa3d elementor-widget elementor-widget-heading\" data-id=\"792aa3d\" data-element_type=\"widget\" data-settings=\"{&quot;ekit_we_effect_on&quot;:&quot;none&quot;}\" data-widget_type=\"heading.default\">\n\t\t\t\t<div class=\"elementor-widget-container\">\n\t\t\t<h5 class=\"elementor-heading-title elementor-size-default\">Recensioner:<\/h5>\t\t<\/div>\n\t\t\t\t<\/div>\n\t\t<div class=\"elementor-element elementor-element-aaa1ccc e-flex e-con-boxed e-con e-parent\" data-id=\"aaa1ccc\" data-element_type=\"container\" data-settings=\"{&quot;jet_parallax_layout_list&quot;:[],&quot;ekit_has_onepagescroll_dot&quot;:&quot;yes&quot;}\">\n\t\t\t\t\t<div class=\"e-con-inner\">\n\t\t\t\t<div class=\"elementor-element elementor-element-75dff37 elementor-widget elementor-widget-jet-carousel\" data-id=\"75dff37\" data-element_type=\"widget\" data-settings=\"{&quot;slides_to_show&quot;:&quot;3&quot;,&quot;slides_to_scroll&quot;:&quot;3&quot;,&quot;slides_to_show_tablet&quot;:&quot;2&quot;,&quot;slides_to_show_mobile&quot;:&quot;1&quot;,&quot;slides_to_scroll_tablet&quot;:&quot;2&quot;,&quot;slides_to_scroll_mobile&quot;:&quot;1&quot;,&quot;ekit_we_effect_on&quot;:&quot;none&quot;}\" data-widget_type=\"jet-carousel.default\">\n\t\t\t\t<div class=\"elementor-widget-container\">\n\t\t\t<div class=\"elementor-jet-carousel jet-elements\"><div class=\"jet-carousel-wrap jet-equal-cols\">\n\t<div class=\"jet-carousel\" data-slider_options=\"{&quot;autoplaySpeed&quot;:5000,&quot;autoplay&quot;:true,&quot;infinite&quot;:true,&quot;centerMode&quot;:false,&quot;centerPadding&quot;:&quot;50px&quot;,&quot;pauseOnHover&quot;:false,&quot;speed&quot;:500,&quot;arrows&quot;:true,&quot;dots&quot;:false,&quot;variableWidth&quot;:false,&quot;prevArrow&quot;:&quot;.jet-carousel__prev-arrow-75dff37&quot;,&quot;nextArrow&quot;:&quot;.jet-carousel__next-arrow-75dff37&quot;,&quot;rtl&quot;:false,&quot;fractionNav&quot;:false}\" dir=\"ltr\">\n\t<div class=\"elementor-slick-slider\">\n\n<div class=\"jet-carousel__item\">\n\t<div class=\"jet-carousel__item-inner\"><div class=\"jet-carousel__content\"><h5 class=\"jet-carousel__item-title\"><\/h5><div class=\"jet-carousel__item-text\"><p>\"Piazza del Colosseo \u00e4r ett av de mest fascinerande torg jag n\u00e5gonsin har sett! Utsikten \u00f6ver Colosseums majest\u00e4tiska struktur, liksom \u00f6ver resterna av den flaviska amfiteatern, f\u00e5r en att tappa andan. Det \u00e4r alltid mycket folk p\u00e5 sj\u00e4lva torget, men man gl\u00f6mmer aldrig k\u00e4nslan av att befinna sig p\u00e5 en s\u00e5 historisk och ikonisk plats.\"<\/p><\/div><\/div><\/div>\n<\/div>\n\n<div class=\"jet-carousel__item\">\n\t<div class=\"jet-carousel__item-inner\"><div class=\"jet-carousel__content\"><h5 class=\"jet-carousel__item-title\"><\/h5><div class=\"jet-carousel__item-text\"><p>\"Med kullerstenar under f\u00f6tterna och Colosseums imponerande arkitektur som bakgrund k\u00e4nns Piazza del Colosseo n\u00e4stan som en plats ur tiden i staden Rom. Det \u00e4r en helt unik upplevelse att g\u00e5 runt detta torg och se v\u00e4rldens f\u00f6rmodligen mest ber\u00f6mda monument och ruinerna som ber\u00e4ttar historien om det antika Rom.\"<\/p><\/div><\/div><\/div>\n<\/div>\n\n<div class=\"jet-carousel__item\">\n\t<div class=\"jet-carousel__item-inner\"><div class=\"jet-carousel__content\"><h5 class=\"jet-carousel__item-title\"><\/h5><div class=\"jet-carousel__item-text\"><p>\"Piazza del Colosseo \u00e4r den perfekta platsen f\u00f6r ett bes\u00f6k p\u00e5 kv\u00e4llen. Ljusen som lyser upp Colosseum och omr\u00e5det runtomkring skapar en magisk och romantisk atmosf\u00e4r, samtidigt som \u00f6knen ofta f\u00e5r en att k\u00e4nna att man har den h\u00e4r otroliga platsen helt f\u00f6r sig sj\u00e4lv.\"<\/p><\/div><\/div><\/div>\n<\/div>\n\n<div class=\"jet-carousel__item\">\n\t<div class=\"jet-carousel__item-inner\"><div class=\"jet-carousel__content\"><h5 class=\"jet-carousel__item-title\"><\/h5><div class=\"jet-carousel__item-text\"><p>\"Piazza del Colosseo \u00e4r utan tvekan en av de mest turistiga platserna i Rom, men inte mindre imponerande f\u00f6r det. M\u00e4ngden m\u00e4nniskor kan vara lite kv\u00e4vande, men \u00e5synen av det historiska Colosseum i centrum av Roms huvudstad \u00e4r m\u00e4ktig och f\u00e5r allt annat att hamna i bakgrunden.\"<\/p><\/div><\/div><\/div>\n<\/div>\n\n<div class=\"jet-carousel__item\">\n\t<div class=\"jet-carousel__item-inner\"><div class=\"jet-carousel__content\"><h5 class=\"jet-carousel__item-title\"><\/h5><div class=\"jet-carousel__item-text\"><p>\"Bland s\u00e5 m\u00e5nga historiska och kulturella platser runt om i Italien \u00e4r Piazza del Colosseo en av de f\u00e5 som verkar ha en magisk f\u00f6rm\u00e5ga att stimulera fantasin och f\u00f6ra in historien i ditt medvetande. Att kunna g\u00e5 p\u00e5 en trottoar d\u00e4r tusentals m\u00e4nniskor har passerat och se Colosseum skulpterat mot den bl\u00e5 himlen \u00e4r en unik upplevelse och lyfter fram detta extraordin\u00e4ra monument.\"<\/p><\/div><\/div><\/div>\n<\/div>\n<\/div><div class=\"jet-carousel__prev-arrow-75dff37 jet-arrow prev-arrow\"><i aria-hidden=\"true\" class=\"fal fa-chevron-left\"><\/i><\/div><div class=\"jet-carousel__next-arrow-75dff37 jet-arrow next-arrow\"><i aria-hidden=\"true\" class=\"fal fa-chevron-right\"><\/i><\/div><\/div>\n<\/div>\n<\/div>\t\t<\/div>\n\t\t\t\t<\/div>\n\t\t\t\t\t<\/div>\n\t\t\t\t<\/div>\n\t\t\t\t\t<\/div>\n\t\t<\/div>\n\t\t\t\t\t<\/div>\n\t\t<\/section>\n\t\t\t\t<\/div>","protected":false},"excerpt":{"rendered":"<p>Colosseumtorget Colosseumtorget i hj\u00e4rtat av Rom H\u00e4r finns v\u00e4rldens mest ber\u00f6mda monument. Att uppt\u00e4cka Piazza del Colosseo i Rom inneb\u00e4r att man g\u00f6r en resa genom tiden och samtidigt beundrar ett av v\u00e4rldens sju underverk. Colosseumtorget i hj\u00e4rtat av Rom I mitten av Colosseumtorget [...]<\/p>","protected":false},"author":1,"featured_media":0,"parent":526,"menu_order":5,"comment_status":"closed","ping_status":"closed","template":"","meta":{"site-sidebar-layout":"no-sidebar","site-content-layout":"page-builder","ast-site-content-layout":"full-width-container","site-content-style":"unboxed","site-sidebar-style":"unboxed","ast-global-header-display":"","ast-banner-title-visibility":"","ast-main-header-display":"","ast-hfb-above-header-display":"","ast-hfb-below-header-display":"","ast-hfb-mobile-header-display":"","site-post-title":"disabled","ast-breadcrumbs-content":"","ast-featured-img":"disabled","footer-sml-layout":"","ast-disable-related-posts":"","theme-transparent-header-meta":"default","adv-header-id-meta":"","stick-header-meta":"","header-above-stick-meta":"","header-main-stick-meta":"","header-below-stick-meta":"","astra-migrate-meta-layouts":"default","ast-page-background-enabled":"default","ast-page-background-meta":{"desktop":{"background-color":"var(--ast-global-color-4)","background-image":"","background-repeat":"repeat","background-position":"center center","background-size":"auto","background-attachment":"scroll","background-type":"","background-media":"","overlay-type":"","overlay-color":"","overlay-opacity":"","overlay-gradient":""},"tablet":{"background-color":"","background-image":"","background-repeat":"repeat","background-position":"center center","background-size":"auto","background-attachment":"scroll","background-type":"","background-media":"","overlay-type":"","overlay-color":"","overlay-opacity":"","overlay-gradient":""},"mobile":{"background-color":"","background-image":"","background-repeat":"repeat","background-position":"center center","background-size":"auto","background-attachment":"scroll","background-type":"","background-media":"","overlay-type":"","overlay-color":"","overlay-opacity":"","overlay-gradient":""}},"ast-content-background-meta":{"desktop":{"background-color":"var(--ast-global-color-5)","background-image":"","background-repeat":"repeat","background-position":"center center","background-size":"auto","background-attachment":"scroll","background-type":"","background-media":"","overlay-type":"","overlay-color":"","overlay-opacity":"","overlay-gradient":""},"tablet":{"background-color":"var(--ast-global-color-5)","background-image":"","background-repeat":"repeat","background-position":"center center","background-size":"auto","background-attachment":"scroll","background-type":"","background-media":"","overlay-type":"","overlay-color":"","overlay-opacity":"","overlay-gradient":""},"mobile":{"background-color":"var(--ast-global-color-5)","background-image":"","background-repeat":"repeat","background-position":"center center","background-size":"auto","background-attachment":"scroll","background-type":"","background-media":"","overlay-type":"","overlay-color":"","overlay-opacity":"","overlay-gradient":""}},"iawp_total_views":932,"footnotes":""},"class_list":["post-1198","page","type-page","status-publish","hentry"],"_links":{"self":[{"href":"https:\/\/colosseo-roma.it\/sv\/wp-json\/wp\/v2\/pages\/1198","targetHints":{"allow":["GET"]}}],"collection":[{"href":"https:\/\/colosseo-roma.it\/sv\/wp-json\/wp\/v2\/pages"}],"about":[{"href":"https:\/\/colosseo-roma.it\/sv\/wp-json\/wp\/v2\/types\/page"}],"author":[{"embeddable":true,"href":"https:\/\/colosseo-roma.it\/sv\/wp-json\/wp\/v2\/users\/1"}],"replies":[{"embeddable":true,"href":"https:\/\/colosseo-roma.it\/sv\/wp-json\/wp\/v2\/comments?post=1198"}],"version-history":[{"count":0,"href":"https:\/\/colosseo-roma.it\/sv\/wp-json\/wp\/v2\/pages\/1198\/revisions"}],"up":[{"embeddable":true,"href":"https:\/\/colosseo-roma.it\/sv\/wp-json\/wp\/v2\/pages\/526"}],"wp:attachment":[{"href":"https:\/\/colosseo-roma.it\/sv\/wp-json\/wp\/v2\/media?parent=1198"}],"curies":[{"name":"wp","href":"https:\/\/api.w.org\/{rel}","templated":true}]}}