{"id":40,"date":"2023-03-10T11:18:58","date_gmt":"2023-03-10T10:18:58","guid":{"rendered":"https:\/\/wordpress-1074717-3818660.cloudwaysapps.com\/?page_id=40"},"modified":"2026-01-26T17:12:47","modified_gmt":"2026-01-26T16:12:47","slug":"tidtabeller","status":"publish","type":"page","link":"https:\/\/colosseo-roma.it\/sv\/besok\/oppettider\/","title":{"rendered":"\u00d6ppettider"},"content":{"rendered":"<div data-elementor-type=\"wp-page\" data-elementor-id=\"40\" class=\"elementor elementor-40\" data-elementor-post-type=\"page\">\n\t\t\t\t\t\t<section class=\"elementor-section elementor-top-section elementor-element elementor-element-f90df0c elementor-section-boxed elementor-section-height-default elementor-section-height-default\" data-id=\"f90df0c\" data-element_type=\"section\" data-settings=\"{&quot;jet_parallax_layout_list&quot;:[],&quot;ekit_has_onepagescroll_dot&quot;:&quot;yes&quot;}\">\n\t\t\t\t\t\t<div class=\"elementor-container elementor-column-gap-default\">\n\t\t\t\t\t<div class=\"elementor-column elementor-col-100 elementor-top-column elementor-element elementor-element-b1f1488\" data-id=\"b1f1488\" data-element_type=\"column\" data-settings=\"{&quot;background_background&quot;:&quot;classic&quot;}\">\n\t\t\t<div class=\"elementor-widget-wrap elementor-element-populated\">\n\t\t\t\t\t\t<div class=\"elementor-element elementor-element-09e0654 elementor-widget elementor-widget-heading\" data-id=\"09e0654\" data-element_type=\"widget\" data-settings=\"{&quot;ekit_we_effect_on&quot;:&quot;none&quot;}\" data-widget_type=\"heading.default\">\n\t\t\t\t<div class=\"elementor-widget-container\">\n\t\t\t<h1 class=\"elementor-heading-title elementor-size-default\">Colosseum \u00d6ppettider\n\n<\/h1>\t\t<\/div>\n\t\t\t\t<\/div>\n\t\t\t\t<div class=\"elementor-element elementor-element-b14ffde elementor-widget elementor-widget-heading\" data-id=\"b14ffde\" data-element_type=\"widget\" data-settings=\"{&quot;ekit_we_effect_on&quot;:&quot;none&quot;}\" data-widget_type=\"heading.default\">\n\t\t\t\t<div class=\"elementor-widget-container\">\n\t\t\t<h4 class=\"elementor-heading-title elementor-size-default\">\u00d6ppettider f\u00f6r att bes\u00f6ka Colosseum<\/h4>\t\t<\/div>\n\t\t\t\t<\/div>\n\t\t\t\t<div class=\"elementor-element elementor-element-5c62bb9 elementor-widget elementor-widget-text-editor\" data-id=\"5c62bb9\" data-element_type=\"widget\" data-settings=\"{&quot;ekit_we_effect_on&quot;:&quot;none&quot;}\" data-widget_type=\"text-editor.default\">\n\t\t\t\t<div class=\"elementor-widget-container\">\n\t\t\t\t\t\t\t<p style=\"text-align: center;\"><strong>Colosseum har f\u00f6ljande \u00f6ppnings- och st\u00e4ngningstider:\u00a0<\/strong><\/p><p style=\"text-align: center;\"><strong>\u00d6ppettider 08.30 - 16.30: fr\u00e5n sista s\u00f6ndagen i oktober till 15 februari<\/strong><\/p><p style=\"text-align: center;\"><strong>\u00d6ppettider 08.30 - 17.00: 16 februari till 15 mars<\/strong><\/p><p style=\"text-align: center;\"><strong>\u00d6ppettider 08.30 - 17.30: 16 till sista l\u00f6rdagen i mars.<\/strong><\/p><p style=\"text-align: center;\"><strong>\u00d6ppettider 08.30 - 19.15: fr\u00e5n sista s\u00f6ndagen i mars till 31 augusti<\/strong><\/p><p style=\"text-align: center;\"><strong>\u00d6ppettider 08.30 - 19.00: 1 till 30 september<\/strong><\/p><p style=\"text-align: center;\"><strong>\u00d6ppettider 08.30 - 18.30: 1 till sista l\u00f6rdagen i oktober<\/strong><\/p><p style=\"text-align: center;\"><strong>Observera att sista insl\u00e4ppet \u00e4r m\u00f6jligt en timme innan Colosseum st\u00e4nger.<\/strong><\/p><p style=\"text-align: center;\"><strong>Colosseum \u00e4r \u00f6ppet varje dag, men \u00e4r st\u00e4ngt endast den 1 januari och den 25 december.<\/strong><\/p>\t\t\t\t\t\t<\/div>\n\t\t\t\t<\/div>\n\t\t\t\t<div class=\"elementor-element elementor-element-57e6c65 elementor-widget elementor-widget-spacer\" data-id=\"57e6c65\" data-element_type=\"widget\" data-settings=\"{&quot;ekit_we_effect_on&quot;:&quot;none&quot;}\" data-widget_type=\"spacer.default\">\n\t\t\t\t<div class=\"elementor-widget-container\">\n\t\t\t\t\t<div class=\"elementor-spacer\">\n\t\t\t<div class=\"elementor-spacer-inner\"><\/div>\n\t\t<\/div>\n\t\t\t\t<\/div>\n\t\t\t\t<\/div>\n\t\t\t\t\t<\/div>\n\t\t<\/div>\n\t\t\t\t\t<\/div>\n\t\t<\/section>\n\t\t\t\t<section class=\"elementor-section elementor-top-section elementor-element elementor-element-4decdf9 elementor-section-boxed elementor-section-height-default elementor-section-height-default\" data-id=\"4decdf9\" data-element_type=\"section\" data-settings=\"{&quot;jet_parallax_layout_list&quot;:[],&quot;ekit_has_onepagescroll_dot&quot;:&quot;yes&quot;}\">\n\t\t\t\t\t\t<div class=\"elementor-container elementor-column-gap-default\">\n\t\t\t\t\t<div class=\"elementor-column elementor-col-100 elementor-top-column elementor-element elementor-element-ae96b9f\" data-id=\"ae96b9f\" data-element_type=\"column\" data-settings=\"{&quot;background_background&quot;:&quot;classic&quot;}\">\n\t\t\t<div class=\"elementor-widget-wrap elementor-element-populated\">\n\t\t\t\t\t\t<div class=\"elementor-element elementor-element-b170979 elementor-widget elementor-widget-html\" data-id=\"b170979\" data-element_type=\"widget\" data-settings=\"{&quot;ekit_we_effect_on&quot;:&quot;none&quot;}\" data-widget_type=\"html.default\">\n\t\t\t\t<div class=\"elementor-widget-container\">\n\t\t\t<div data-tiqets-widget=\"discovery\" data-cards-layout=\"responsive\" data-content-type=\"product\" data-item_count=\"4\" data-destination-type=\"venue\" data-destination-id=\"217362\" data-partner=\"colosseo_roma\" data-tq-campaign=\"orari\"><\/div><script defer src=\"https:\/\/widgets.tiqets.com\/loader.js\"><\/script>\t\t<\/div>\n\t\t\t\t<\/div>\n\t\t\t\t<div class=\"elementor-element elementor-element-8bac0b3 elementor-widget elementor-widget-heading\" data-id=\"8bac0b3\" data-element_type=\"widget\" data-settings=\"{&quot;ekit_we_effect_on&quot;:&quot;none&quot;}\" data-widget_type=\"heading.default\">\n\t\t\t\t<div class=\"elementor-widget-container\">\n\t\t\t<h5 class=\"elementor-heading-title elementor-size-default\">Varf\u00f6r boka guidade turer?<\/h5>\t\t<\/div>\n\t\t\t\t<\/div>\n\t\t\t\t<div class=\"elementor-element elementor-element-6f6d1b0 elementor-widget elementor-widget-text-editor\" data-id=\"6f6d1b0\" data-element_type=\"widget\" data-settings=\"{&quot;ekit_we_effect_on&quot;:&quot;none&quot;}\" data-widget_type=\"text-editor.default\">\n\t\t\t\t<div class=\"elementor-widget-container\">\n\t\t\t\t\t\t\t<p>Att boka guidade turer \u00e4r ett bra val f\u00f6r dig som vill maximera din tid och njuta av en mer djupg\u00e5ende sightseeingupplevelse. Med en guidad tur tar en erfaren guide dig genom hela arenaturen och ger dig ocks\u00e5 tillg\u00e5ng till den del av Colosseum som \u00e4r st\u00e4ngd f\u00f6r bes\u00f6kare som g\u00e5r p\u00e5 egen hand: Colosseums underjordiska omr\u00e5de. M\u00e5nga guidade turer inkluderar dessutom prioriterad tillg\u00e5ng utan k\u00f6er, vilket sparar dig v\u00e4rdefull tid och du beh\u00f6ver inte v\u00e4nta i k\u00f6 under solen.<\/p>\t\t\t\t\t\t<\/div>\n\t\t\t\t<\/div>\n\t\t\t\t<div class=\"elementor-element elementor-element-3a1f1fb elementor-widget elementor-widget-heading\" data-id=\"3a1f1fb\" data-element_type=\"widget\" data-settings=\"{&quot;ekit_we_effect_on&quot;:&quot;none&quot;}\" data-widget_type=\"heading.default\">\n\t\t\t\t<div class=\"elementor-widget-container\">\n\t\t\t<h5 class=\"elementor-heading-title elementor-size-default\">Varf\u00f6r k\u00f6pa biljetter och turer?<\/h5>\t\t<\/div>\n\t\t\t\t<\/div>\n\t\t\t\t<div class=\"elementor-element elementor-element-6442606 elementor-widget elementor-widget-text-editor\" data-id=\"6442606\" data-element_type=\"widget\" data-settings=\"{&quot;ekit_we_effect_on&quot;:&quot;none&quot;}\" data-widget_type=\"text-editor.default\">\n\t\t\t\t<div class=\"elementor-widget-container\">\n\t\t\t\t\t\t\t<p>Genom att k\u00f6pa biljetter och turer i f\u00f6rv\u00e4g kan du undvika k\u00f6er och s\u00e4kra tilltr\u00e4de p\u00e5 \u00f6nskade datum och tider. Dessutom finns det ofta specialerbjudanden online eller paket som inkluderar flera turistattraktioner. Genom att k\u00f6pa biljetter och turer p\u00e5 arenan i f\u00f6rv\u00e4g kan du ocks\u00e5 b\u00e4ttre organisera din resa och f\u00e5 en \u00f6verblick \u00f6ver kostnaderna i f\u00f6rv\u00e4g och undvika ov\u00e4lkomna \u00f6verraskningar.<\/p>\t\t\t\t\t\t<\/div>\n\t\t\t\t<\/div>\n\t\t\t\t<div class=\"elementor-element elementor-element-ec87156 elementor-widget elementor-widget-heading\" data-id=\"ec87156\" data-element_type=\"widget\" data-settings=\"{&quot;ekit_we_effect_on&quot;:&quot;none&quot;}\" data-widget_type=\"heading.default\">\n\t\t\t\t<div class=\"elementor-widget-container\">\n\t\t\t<h5 class=\"elementor-heading-title elementor-size-default\">Hur l\u00e5ng tid tar bes\u00f6ket?<\/h5>\t\t<\/div>\n\t\t\t\t<\/div>\n\t\t\t\t<div class=\"elementor-element elementor-element-4c254f8 elementor-widget elementor-widget-text-editor\" data-id=\"4c254f8\" data-element_type=\"widget\" data-settings=\"{&quot;ekit_we_effect_on&quot;:&quot;none&quot;}\" data-widget_type=\"text-editor.default\">\n\t\t\t\t<div class=\"elementor-widget-container\">\n\t\t\t\t\t\t\t<p>Det tar minst en timme att bes\u00f6ka Colosseum ensam, vilket inkluderar tid att utforska monumentet och ta n\u00e5gra foton och selfies. Att bes\u00f6ka andra attraktioner som Forum Romanum och Palatinkullen tar 3 timmar. Den tid som kr\u00e4vs f\u00f6r att bes\u00f6ka dessa monument beror ocks\u00e5 p\u00e5 vilken typ av tur som v\u00e4ljs. Guidade turer tar vanligtvis l\u00e4ngre tid \u00e4n att bes\u00f6ka p\u00e5 egen hand.<\/p>\t\t\t\t\t\t<\/div>\n\t\t\t\t<\/div>\n\t\t\t\t<div class=\"elementor-element elementor-element-6d32b39 elementor-widget elementor-widget-heading\" data-id=\"6d32b39\" data-element_type=\"widget\" data-settings=\"{&quot;ekit_we_effect_on&quot;:&quot;none&quot;}\" data-widget_type=\"heading.default\">\n\t\t\t\t<div class=\"elementor-widget-container\">\n\t\t\t<h5 class=\"elementor-heading-title elementor-size-default\">Ett viktigt tips f\u00f6r att bes\u00f6ka Colosseum:<\/h5>\t\t<\/div>\n\t\t\t\t<\/div>\n\t\t\t\t<div class=\"elementor-element elementor-element-e39e5d8 elementor-widget elementor-widget-text-editor\" data-id=\"e39e5d8\" data-element_type=\"widget\" data-settings=\"{&quot;ekit_we_effect_on&quot;:&quot;none&quot;}\" data-widget_type=\"text-editor.default\">\n\t\t\t\t<div class=\"elementor-widget-container\">\n\t\t\t\t\t\t\t<ul><li>Den b\u00e4sta tiden att bes\u00f6ka Colosseum \u00e4r mellan november och mars, d\u00e5 klimatet \u00e4r behagligare och antalet turister f\u00e4rre.<\/li><li>Under dagen rekommenderas det att bes\u00f6ka attraktionen under de tidiga morgontimmarna eller strax f\u00f6re st\u00e4ngningsdags.<\/li><li>Planera ditt bes\u00f6k under vardagar f\u00f6r att undvika tr\u00e4ngsel av bes\u00f6kare.<\/li><\/ul>\t\t\t\t\t\t<\/div>\n\t\t\t\t<\/div>\n\t\t\t\t<div class=\"elementor-element elementor-element-e79276d elementor-widget elementor-widget-heading\" data-id=\"e79276d\" data-element_type=\"widget\" data-settings=\"{&quot;ekit_we_effect_on&quot;:&quot;none&quot;}\" data-widget_type=\"heading.default\">\n\t\t\t\t<div class=\"elementor-widget-container\">\n\t\t\t<h5 class=\"elementor-heading-title elementor-size-default\">Colosseum - Reducerade biljetter<\/h5>\t\t<\/div>\n\t\t\t\t<\/div>\n\t\t\t\t<div class=\"elementor-element elementor-element-9c60533 elementor-widget elementor-widget-text-editor\" data-id=\"9c60533\" data-element_type=\"widget\" data-settings=\"{&quot;ekit_we_effect_on&quot;:&quot;none&quot;}\" data-widget_type=\"text-editor.default\">\n\t\t\t\t<div class=\"elementor-widget-container\">\n\t\t\t\t\t\t\t<p>K\u00f6p f\u00f6ljande aktiviteter och v\u00e4lj den tur som passar dina behov och kom ih\u00e5g att<\/p><ul><li style=\"list-style-type: none;\"><ul><li><strong>EU-medborgare mellan 18 och 25 \u00e5r m\u00e5ste visa upp ett identitetsbevis f\u00f6r att kunna utnyttja rabatten p\u00e5 2,00 euro.<\/strong>.<\/li><\/ul><\/li><\/ul>\t\t\t\t\t\t<\/div>\n\t\t\t\t<\/div>\n\t\t\t\t<div class=\"elementor-element elementor-element-3dd2788 elementor-widget elementor-widget-spacer\" data-id=\"3dd2788\" data-element_type=\"widget\" data-settings=\"{&quot;ekit_we_effect_on&quot;:&quot;none&quot;}\" data-widget_type=\"spacer.default\">\n\t\t\t\t<div class=\"elementor-widget-container\">\n\t\t\t\t\t<div class=\"elementor-spacer\">\n\t\t\t<div class=\"elementor-spacer-inner\"><\/div>\n\t\t<\/div>\n\t\t\t\t<\/div>\n\t\t\t\t<\/div>\n\t\t\t\t\t<\/div>\n\t\t<\/div>\n\t\t\t\t\t<\/div>\n\t\t<\/section>\n\t\t\t\t<\/div>","protected":false},"excerpt":{"rendered":"<p>Colosseum \u00d6ppettider F\u00f6r att bes\u00f6ka Colosseum Colosseum har f\u00f6ljande \u00f6ppet- och st\u00e4ngningstider: \u00d6ppettider 08.30 - 16.30: fr\u00e5n sista s\u00f6ndagen i oktober till 15 februari \u00d6ppettider 08.30 - 17.00: fr\u00e5n 16 februari till 15 mars \u00d6ppettider 08.30 - 17.30: fr\u00e5n 16 till sista l\u00f6rdagen i mars \u00d6ppettider 08.30 - [...]<\/p>","protected":false},"author":1,"featured_media":0,"parent":2357,"menu_order":4,"comment_status":"closed","ping_status":"closed","template":"","meta":{"site-sidebar-layout":"no-sidebar","site-content-layout":"page-builder","ast-site-content-layout":"full-width-container","site-content-style":"unboxed","site-sidebar-style":"unboxed","ast-global-header-display":"","ast-banner-title-visibility":"","ast-main-header-display":"","ast-hfb-above-header-display":"","ast-hfb-below-header-display":"","ast-hfb-mobile-header-display":"","site-post-title":"disabled","ast-breadcrumbs-content":"","ast-featured-img":"disabled","footer-sml-layout":"","ast-disable-related-posts":"","theme-transparent-header-meta":"default","adv-header-id-meta":"","stick-header-meta":"","header-above-stick-meta":"","header-main-stick-meta":"","header-below-stick-meta":"","astra-migrate-meta-layouts":"default","ast-page-background-enabled":"default","ast-page-background-meta":{"desktop":{"background-color":"var(--ast-global-color-4)","background-image":"","background-repeat":"repeat","background-position":"center center","background-size":"auto","background-attachment":"scroll","background-type":"","background-media":"","overlay-type":"","overlay-color":"","overlay-opacity":"","overlay-gradient":""},"tablet":{"background-color":"","background-image":"","background-repeat":"repeat","background-position":"center center","background-size":"auto","background-attachment":"scroll","background-type":"","background-media":"","overlay-type":"","overlay-color":"","overlay-opacity":"","overlay-gradient":""},"mobile":{"background-color":"","background-image":"","background-repeat":"repeat","background-position":"center center","background-size":"auto","background-attachment":"scroll","background-type":"","background-media":"","overlay-type":"","overlay-color":"","overlay-opacity":"","overlay-gradient":""}},"ast-content-background-meta":{"desktop":{"background-color":"var(--ast-global-color-5)","background-image":"","background-repeat":"repeat","background-position":"center center","background-size":"auto","background-attachment":"scroll","background-type":"","background-media":"","overlay-type":"","overlay-color":"","overlay-opacity":"","overlay-gradient":""},"tablet":{"background-color":"var(--ast-global-color-5)","background-image":"","background-repeat":"repeat","background-position":"center center","background-size":"auto","background-attachment":"scroll","background-type":"","background-media":"","overlay-type":"","overlay-color":"","overlay-opacity":"","overlay-gradient":""},"mobile":{"background-color":"var(--ast-global-color-5)","background-image":"","background-repeat":"repeat","background-position":"center center","background-size":"auto","background-attachment":"scroll","background-type":"","background-media":"","overlay-type":"","overlay-color":"","overlay-opacity":"","overlay-gradient":""}},"iawp_total_views":19500,"footnotes":""},"class_list":["post-40","page","type-page","status-publish","hentry"],"_links":{"self":[{"href":"https:\/\/colosseo-roma.it\/sv\/wp-json\/wp\/v2\/pages\/40","targetHints":{"allow":["GET"]}}],"collection":[{"href":"https:\/\/colosseo-roma.it\/sv\/wp-json\/wp\/v2\/pages"}],"about":[{"href":"https:\/\/colosseo-roma.it\/sv\/wp-json\/wp\/v2\/types\/page"}],"author":[{"embeddable":true,"href":"https:\/\/colosseo-roma.it\/sv\/wp-json\/wp\/v2\/users\/1"}],"replies":[{"embeddable":true,"href":"https:\/\/colosseo-roma.it\/sv\/wp-json\/wp\/v2\/comments?post=40"}],"version-history":[{"count":0,"href":"https:\/\/colosseo-roma.it\/sv\/wp-json\/wp\/v2\/pages\/40\/revisions"}],"up":[{"embeddable":true,"href":"https:\/\/colosseo-roma.it\/sv\/wp-json\/wp\/v2\/pages\/2357"}],"wp:attachment":[{"href":"https:\/\/colosseo-roma.it\/sv\/wp-json\/wp\/v2\/media?parent=40"}],"curies":[{"name":"wp","href":"https:\/\/api.w.org\/{rel}","templated":true}]}}