{"id":46,"date":"2023-03-10T11:29:55","date_gmt":"2023-03-10T10:29:55","guid":{"rendered":"https:\/\/wordpress-1074717-3818660.cloudwaysapps.com\/?page_id=46"},"modified":"2026-01-26T17:11:31","modified_gmt":"2026-01-26T16:11:31","slug":"10-saker-om-colosseum","status":"publish","type":"page","link":"https:\/\/colosseo-roma.it\/sv\/colosseums-arkeologiska-park\/coliseum\/10-saker-att-veta-om-colosseum\/","title":{"rendered":"10 saker att veta om Colosseum"},"content":{"rendered":"<div data-elementor-type=\"wp-page\" data-elementor-id=\"46\" class=\"elementor elementor-46\" data-elementor-post-type=\"page\">\n\t\t\t\t\t\t<section class=\"elementor-section elementor-top-section elementor-element elementor-element-561ee7c elementor-section-boxed elementor-section-height-default elementor-section-height-default\" data-id=\"561ee7c\" data-element_type=\"section\" data-settings=\"{&quot;jet_parallax_layout_list&quot;:[],&quot;ekit_has_onepagescroll_dot&quot;:&quot;yes&quot;}\">\n\t\t\t\t\t\t<div class=\"elementor-container elementor-column-gap-default\">\n\t\t\t\t\t<div class=\"elementor-column elementor-col-100 elementor-top-column elementor-element elementor-element-e725d89\" data-id=\"e725d89\" data-element_type=\"column\" data-settings=\"{&quot;background_background&quot;:&quot;classic&quot;}\">\n\t\t\t<div class=\"elementor-widget-wrap elementor-element-populated\">\n\t\t\t\t\t\t<div class=\"elementor-element elementor-element-2beb02e elementor-widget elementor-widget-heading\" data-id=\"2beb02e\" data-element_type=\"widget\" data-settings=\"{&quot;ekit_we_effect_on&quot;:&quot;none&quot;}\" data-widget_type=\"heading.default\">\n\t\t\t\t<div class=\"elementor-widget-container\">\n\t\t\t<h1 class=\"elementor-heading-title elementor-size-default\">TIO SAKER ATT VETA OM COLOSSEUM<\/h1>\t\t<\/div>\n\t\t\t\t<\/div>\n\t\t\t\t<div class=\"elementor-element elementor-element-eee1aeb elementor-widget elementor-widget-heading\" data-id=\"eee1aeb\" data-element_type=\"widget\" data-settings=\"{&quot;ekit_we_effect_on&quot;:&quot;none&quot;}\" data-widget_type=\"heading.default\">\n\t\t\t\t<div class=\"elementor-widget-container\">\n\t\t\t<h5 class=\"elementor-heading-title elementor-size-default\">1. Kolossala... dimensioner<\/h5>\t\t<\/div>\n\t\t\t\t<\/div>\n\t\t\t\t<div class=\"elementor-element elementor-element-a55de91 elementor-widget elementor-widget-text-editor\" data-id=\"a55de91\" data-element_type=\"widget\" data-settings=\"{&quot;ekit_we_effect_on&quot;:&quot;none&quot;}\" data-widget_type=\"text-editor.default\">\n\t\t\t\t<div class=\"elementor-widget-container\">\n\t\t\t\t\t\t\t<p>Colosseum \u00e4r en elliptisk byggnad som \u00e4r 189 meter l\u00e5ng (100 meter mindre \u00e4n Costa Concordia, reds anm.) och 156 meter bred, med en yta p\u00e5 24.000 kvadratmeter och en h\u00f6jd p\u00e5 \u00f6ver 48 meter. Den har cirka 80 ing\u00e5ngar och rymmer cirka 50.000 \u00e5sk\u00e5dare.<\/p>\t\t\t\t\t\t<\/div>\n\t\t\t\t<\/div>\n\t\t\t\t<div class=\"elementor-element elementor-element-a2b4579 elementor-widget elementor-widget-heading\" data-id=\"a2b4579\" data-element_type=\"widget\" data-settings=\"{&quot;ekit_we_effect_on&quot;:&quot;none&quot;}\" data-widget_type=\"heading.default\">\n\t\t\t\t<div class=\"elementor-widget-container\">\n\t\t\t<h5 class=\"elementor-heading-title elementor-size-default\">2. P\u00e5g\u00e5ende arbete.<\/h5>\t\t<\/div>\n\t\t\t\t<\/div>\n\t\t\t\t<div class=\"elementor-element elementor-element-323f92a elementor-widget elementor-widget-text-editor\" data-id=\"323f92a\" data-element_type=\"widget\" data-settings=\"{&quot;ekit_we_effect_on&quot;:&quot;none&quot;}\" data-widget_type=\"text-editor.default\">\n\t\t\t\t<div class=\"elementor-widget-container\">\n\t\t\t\t\t\t\t<p>Det tog drygt fem \u00e5r att bygga den: fr\u00e5n 75 till 80 e.Kr. Enbart till yttermuren anv\u00e4ndes mer \u00e4n 100.000 kubikmeter travertin.<\/p>\t\t\t\t\t\t<\/div>\n\t\t\t\t<\/div>\n\t\t\t\t<div class=\"elementor-element elementor-element-fa40b62 elementor-widget elementor-widget-heading\" data-id=\"fa40b62\" data-element_type=\"widget\" data-settings=\"{&quot;ekit_we_effect_on&quot;:&quot;none&quot;}\" data-widget_type=\"heading.default\">\n\t\t\t\t<div class=\"elementor-widget-container\">\n\t\t\t<h5 class=\"elementor-heading-title elementor-size-default\">3. Ett namn, ett mysterium.<\/h5>\t\t<\/div>\n\t\t\t\t<\/div>\n\t\t\t\t<div class=\"elementor-element elementor-element-2b928d1 elementor-widget elementor-widget-text-editor\" data-id=\"2b928d1\" data-element_type=\"widget\" data-settings=\"{&quot;ekit_we_effect_on&quot;:&quot;none&quot;}\" data-widget_type=\"text-editor.default\">\n\t\t\t\t<div class=\"elementor-widget-container\">\n\t\t\t\t\t\t\t<p>Fr\u00e5n b\u00f6rjan kallades den Flaviska amfiteatern (den byggdes av Vespasianus och Titus av den flaviska dynastin, reds anm). Namnet \"Colosseum\" kom f\u00f6rst p\u00e5 medeltiden: den mest vedertagna teorin \u00e4r att det kallas s\u00e5 f\u00f6r att det byggdes n\u00e4ra statyn av Neros \"koloss\" som stod n\u00e5gra meter fr\u00e5n amfiteatern. Andra s\u00e4ger att det kommer fr\u00e5n platsen, eftersom den ligger p\u00e5 en kulle d\u00e4r ett tempel till Isis en g\u00e5ng stod (d\u00e4rav Collis Isei). Men det finns ocks\u00e5 en svart legend om att det en g\u00e5ng i tiden var ett hedniskt tempel d\u00e4r dj\u00e4vulen dyrkades. Och i slutet av varje ceremoni fr\u00e5gade pr\u00e4sterna de tillbedjande: \"Colis Eum?\" (\"Dyrkar ni honom?\").<\/p>\t\t\t\t\t\t<\/div>\n\t\t\t\t<\/div>\n\t\t\t\t<div class=\"elementor-element elementor-element-cbbddd9 elementor-widget elementor-widget-heading\" data-id=\"cbbddd9\" data-element_type=\"widget\" data-settings=\"{&quot;ekit_we_effect_on&quot;:&quot;none&quot;}\" data-widget_type=\"heading.default\">\n\t\t\t\t<div class=\"elementor-widget-container\">\n\t\t\t<h5 class=\"elementor-heading-title elementor-size-default\">4. Utan Colosseum skulle m\u00e5nga historiska byggnader inte ha funnits.<\/h5>\t\t<\/div>\n\t\t\t\t<\/div>\n\t\t\t\t<div class=\"elementor-element elementor-element-58f4fda elementor-widget elementor-widget-text-editor\" data-id=\"58f4fda\" data-element_type=\"widget\" data-settings=\"{&quot;ekit_we_effect_on&quot;:&quot;none&quot;}\" data-widget_type=\"text-editor.default\">\n\t\t\t\t<div class=\"elementor-widget-container\">\n\t\t\t\t\t\t\t<p>Marmorn fr\u00e5n Colosseums fasad och vissa inre delar anv\u00e4ndes vid byggandet av Peterskyrkan och \u00e4ven till civila byggnader som Palazzo Barberini. Efter att ha fallit i gl\u00f6mska anv\u00e4ndes amfiteatern under l\u00e5ng tid som en k\u00e4lla till byggmaterial. S\u00e5 var fallet fram till 1700-talet, d\u00e5 k\u00e4rleken till de antika l\u00e4mningarna i Rom \u00e5terv\u00e4nde. Man uppskattar att endast en tredjedel av den ursprungliga konstruktionen \u00e5terstod under tidens g\u00e5ng.<\/p>\t\t\t\t\t\t<\/div>\n\t\t\t\t<\/div>\n\t\t\t\t<div class=\"elementor-element elementor-element-54e09ea elementor-widget elementor-widget-heading\" data-id=\"54e09ea\" data-element_type=\"widget\" data-settings=\"{&quot;ekit_we_effect_on&quot;:&quot;none&quot;}\" data-widget_type=\"heading.default\">\n\t\t\t\t<div class=\"elementor-widget-container\">\n\t\t\t<h5 class=\"elementor-heading-title elementor-size-default\">5. Historisk film? Nej, skr\u00e4ck.<\/h5>\t\t<\/div>\n\t\t\t\t<\/div>\n\t\t\t\t<div class=\"elementor-element elementor-element-5d03ddb elementor-widget elementor-widget-text-editor\" data-id=\"5d03ddb\" data-element_type=\"widget\" data-settings=\"{&quot;ekit_we_effect_on&quot;:&quot;none&quot;}\" data-widget_type=\"text-editor.default\">\n\t\t\t\t<div class=\"elementor-widget-container\">\n\t\t\t\t\t\t\t<p>Under gladiatorernas tid fick Colosseum ett olycksb\u00e5dande rykte, s\u00e5 till den grad att det ans\u00e5gs vara en av helvetets 7 portar (tiotusentals dog d\u00e4r). Det s\u00e4gs att f\u00f6rsoningsriter h\u00f6lls d\u00e4r, med hj\u00e4lp av blodet fr\u00e5n de d\u00f6da p\u00e5 arenan. Under medeltiden anv\u00e4nde r\u00f6varband den f\u00f6r att begrava sina offer. Och p\u00e5 1500-talet var den ett m\u00e5l f\u00f6r magiker och trollkarlar som uppenbarligen nj\u00f6t av de \u00f6rter med magiska krafter som v\u00e4xte bland ruinerna.<\/p>\t\t\t\t\t\t<\/div>\n\t\t\t\t<\/div>\n\t\t\t\t<div class=\"elementor-element elementor-element-ef40974 elementor-widget elementor-widget-heading\" data-id=\"ef40974\" data-element_type=\"widget\" data-settings=\"{&quot;ekit_we_effect_on&quot;:&quot;none&quot;}\" data-widget_type=\"heading.default\">\n\t\t\t\t<div class=\"elementor-widget-container\">\n\t\t\t<h5 class=\"elementor-heading-title elementor-size-default\">6. Det \u00e4r lite som i djungeln.<\/h5>\t\t<\/div>\n\t\t\t\t<\/div>\n\t\t\t\t<div class=\"elementor-element elementor-element-ddb7852 elementor-widget elementor-widget-text-editor\" data-id=\"ddb7852\" data-element_type=\"widget\" data-settings=\"{&quot;ekit_we_effect_on&quot;:&quot;none&quot;}\" data-widget_type=\"text-editor.default\">\n\t\t\t\t<div class=\"elementor-widget-container\">\n\t\t\t\t\t\t\t<p>Konstigt men sant: i flera \u00e5rhundraden har botaniska experter studerat den flora som v\u00e4xer vilt inne i Colosseum. Mer \u00e4n 350 olika arter av v\u00e4xter har slagit rot i ruinerna, varav n\u00e5gra \u00e4r av exotiskt ursprung och vars tillv\u00e4xt skulle gynnas av amfiteaterns mikroklimat.<\/p>\t\t\t\t\t\t<\/div>\n\t\t\t\t<\/div>\n\t\t\t\t<div class=\"elementor-element elementor-element-1ea489e elementor-widget elementor-widget-heading\" data-id=\"1ea489e\" data-element_type=\"widget\" data-settings=\"{&quot;ekit_we_effect_on&quot;:&quot;none&quot;}\" data-widget_type=\"heading.default\">\n\t\t\t\t<div class=\"elementor-widget-container\">\n\t\t\t<h5 class=\"elementor-heading-title elementor-size-default\">7. Den anv\u00e4ndes ocks\u00e5 som simbass\u00e4ng.<\/h5>\t\t<\/div>\n\t\t\t\t<\/div>\n\t\t\t\t<div class=\"elementor-element elementor-element-53280c6 elementor-widget elementor-widget-text-editor\" data-id=\"53280c6\" data-element_type=\"widget\" data-settings=\"{&quot;ekit_we_effect_on&quot;:&quot;none&quot;}\" data-widget_type=\"text-editor.default\">\n\t\t\t\t<div class=\"elementor-widget-container\">\n\t\t\t\t\t\t\t<p>Under en tid h\u00f6lls ocks\u00e5 nauromachiae, f\u00f6rest\u00e4llningar om sj\u00f6slag i vatten, inne p\u00e5 arenan, men de var inte lika framg\u00e5ngsrika som gladiatorspelen. Enligt Martin Crapper, docent i civil- och milj\u00f6teknik vid University of Edinburgh, fl\u00f6dade vattnet genom en serie interna brunnar och r\u00f6r under l\u00e4ktarna. Det tog cirka sju timmar att fylla hela arenan.<\/p>\t\t\t\t\t\t<\/div>\n\t\t\t\t<\/div>\n\t\t\t\t<div class=\"elementor-element elementor-element-bf73000 elementor-widget elementor-widget-heading\" data-id=\"bf73000\" data-element_type=\"widget\" data-settings=\"{&quot;ekit_we_effect_on&quot;:&quot;none&quot;}\" data-widget_type=\"heading.default\">\n\t\t\t\t<div class=\"elementor-widget-container\">\n\t\t\t<h5 class=\"elementor-heading-title elementor-size-default\">8. ...och t\u00e4ckt av ett stort solskydd.<\/h5>\t\t<\/div>\n\t\t\t\t<\/div>\n\t\t\t\t<div class=\"elementor-element elementor-element-ea6cf2b elementor-widget elementor-widget-text-editor\" data-id=\"ea6cf2b\" data-element_type=\"widget\" data-settings=\"{&quot;ekit_we_effect_on&quot;:&quot;none&quot;}\" data-widget_type=\"text-editor.default\">\n\t\t\t\t<div class=\"elementor-widget-container\">\n\t\t\t\t\t\t\t<p>Under soliga dagar t\u00e4cktes Colosseum av ett segel best\u00e5ende av ca 80 triangul\u00e4ra segel som styrdes av 320 st\u00f6drep. Anledningen \u00e4r l\u00e4tt att gissa: f\u00f6r att undvika solsting f\u00f6r \u00e5sk\u00e5darna under middagsshowerna.<\/p>\t\t\t\t\t\t<\/div>\n\t\t\t\t<\/div>\n\t\t\t\t<div class=\"elementor-element elementor-element-4d8e281 elementor-widget elementor-widget-heading\" data-id=\"4d8e281\" data-element_type=\"widget\" data-settings=\"{&quot;ekit_we_effect_on&quot;:&quot;none&quot;}\" data-widget_type=\"heading.default\">\n\t\t\t\t<div class=\"elementor-widget-container\">\n\t\t\t<h5 class=\"elementor-heading-title elementor-size-default\">9. P\u00e5 biografen.<\/h5>\t\t<\/div>\n\t\t\t\t<\/div>\n\t\t\t\t<div class=\"elementor-element elementor-element-43a34f8 elementor-widget elementor-widget-text-editor\" data-id=\"43a34f8\" data-element_type=\"widget\" data-settings=\"{&quot;ekit_we_effect_on&quot;:&quot;none&quot;}\" data-widget_type=\"text-editor.default\">\n\t\t\t\t<div class=\"elementor-widget-container\">\n\t\t\t\t\t\t\t<p>Det har varit inspelningsplats f\u00f6r m\u00e5nga filmer. Men filmen som gjorde den v\u00e4rldsber\u00f6md, Gladiator, spelades inte in p\u00e5 Colosseum. I sj\u00e4lva verket fick en rad problem regiss\u00f6ren Ridley Scott att spela in n\u00e5gra scener i den romerska amfiteatern El Jem i Tunisien och att rekonstruera en p\u00e5 Malta, d\u00e4r det tog 19 veckor och bara delvis: huvuddelen \u00e5terskapades p\u00e5 datorn.<\/p>\t\t\t\t\t\t<\/div>\n\t\t\t\t<\/div>\n\t\t\t\t<div class=\"elementor-element elementor-element-7faaeef elementor-widget elementor-widget-heading\" data-id=\"7faaeef\" data-element_type=\"widget\" data-settings=\"{&quot;ekit_we_effect_on&quot;:&quot;none&quot;}\" data-widget_type=\"heading.default\">\n\t\t\t\t<div class=\"elementor-widget-container\">\n\t\t\t<h5 class=\"elementor-heading-title elementor-size-default\">10. Ny, eller snarare gammal, look.<\/h5>\t\t<\/div>\n\t\t\t\t<\/div>\n\t\t\t\t<div class=\"elementor-element elementor-element-1465308 elementor-widget elementor-widget-text-editor\" data-id=\"1465308\" data-element_type=\"widget\" data-settings=\"{&quot;ekit_we_effect_on&quot;:&quot;none&quot;}\" data-widget_type=\"text-editor.default\">\n\t\t\t\t<div class=\"elementor-widget-container\">\n\t\t\t\t\t\t\t<p>I slutet av september ska f\u00f6rberedelsefasen vara avslutad och restaureringen av Colosseums fasad kan b\u00f6rja, som renad fr\u00e5n smog kommer att \u00e5terg\u00e5 till travertinens skinande vita f\u00e4rg. Den ber\u00e4knade kostnaden f\u00f6r operationen, som sponsras av Tod's, \u00e4r 25 miljoner euro.<\/p>\t\t\t\t\t\t<\/div>\n\t\t\t\t<\/div>\n\t\t\t\t\t<\/div>\n\t\t<\/div>\n\t\t\t\t\t<\/div>\n\t\t<\/section>\n\t\t\t\t<\/div>","protected":false},"excerpt":{"rendered":"<p>TIO SAKER ATT VETA OM COLOSSEUM 1. M\u00e5tt... kolossalt Colosseum \u00e4r en elliptisk byggnad som \u00e4r 189 meter l\u00e5ng (100 meter mindre \u00e4n Costa Concordia, reds. anm.) och 156 meter bred, med en yta p\u00e5 24 000 kvadratmeter och en h\u00f6jd p\u00e5 \u00f6ver 48 meter. Den har cirka 80 ing\u00e5ngar och rymmer cirka 50 000 [...].<\/p>","protected":false},"author":1,"featured_media":0,"parent":528,"menu_order":8,"comment_status":"closed","ping_status":"closed","template":"","meta":{"site-sidebar-layout":"no-sidebar","site-content-layout":"page-builder","ast-site-content-layout":"full-width-container","site-content-style":"unboxed","site-sidebar-style":"unboxed","ast-global-header-display":"","ast-banner-title-visibility":"","ast-main-header-display":"","ast-hfb-above-header-display":"","ast-hfb-below-header-display":"","ast-hfb-mobile-header-display":"","site-post-title":"disabled","ast-breadcrumbs-content":"","ast-featured-img":"disabled","footer-sml-layout":"","ast-disable-related-posts":"","theme-transparent-header-meta":"default","adv-header-id-meta":"","stick-header-meta":"","header-above-stick-meta":"","header-main-stick-meta":"","header-below-stick-meta":"","astra-migrate-meta-layouts":"set","ast-page-background-enabled":"default","ast-page-background-meta":{"desktop":{"background-color":"var(--ast-global-color-4)","background-image":"","background-repeat":"repeat","background-position":"center center","background-size":"auto","background-attachment":"scroll","background-type":"","background-media":"","overlay-type":"","overlay-color":"","overlay-opacity":"","overlay-gradient":""},"tablet":{"background-color":"","background-image":"","background-repeat":"repeat","background-position":"center center","background-size":"auto","background-attachment":"scroll","background-type":"","background-media":"","overlay-type":"","overlay-color":"","overlay-opacity":"","overlay-gradient":""},"mobile":{"background-color":"","background-image":"","background-repeat":"repeat","background-position":"center center","background-size":"auto","background-attachment":"scroll","background-type":"","background-media":"","overlay-type":"","overlay-color":"","overlay-opacity":"","overlay-gradient":""}},"ast-content-background-meta":{"desktop":{"background-color":"var(--ast-global-color-5)","background-image":"","background-repeat":"repeat","background-position":"center center","background-size":"auto","background-attachment":"scroll","background-type":"","background-media":"","overlay-type":"","overlay-color":"","overlay-opacity":"","overlay-gradient":""},"tablet":{"background-color":"var(--ast-global-color-5)","background-image":"","background-repeat":"repeat","background-position":"center center","background-size":"auto","background-attachment":"scroll","background-type":"","background-media":"","overlay-type":"","overlay-color":"","overlay-opacity":"","overlay-gradient":""},"mobile":{"background-color":"var(--ast-global-color-5)","background-image":"","background-repeat":"repeat","background-position":"center center","background-size":"auto","background-attachment":"scroll","background-type":"","background-media":"","overlay-type":"","overlay-color":"","overlay-opacity":"","overlay-gradient":""}},"iawp_total_views":1652,"footnotes":""},"class_list":["post-46","page","type-page","status-publish","hentry"],"_links":{"self":[{"href":"https:\/\/colosseo-roma.it\/sv\/wp-json\/wp\/v2\/pages\/46","targetHints":{"allow":["GET"]}}],"collection":[{"href":"https:\/\/colosseo-roma.it\/sv\/wp-json\/wp\/v2\/pages"}],"about":[{"href":"https:\/\/colosseo-roma.it\/sv\/wp-json\/wp\/v2\/types\/page"}],"author":[{"embeddable":true,"href":"https:\/\/colosseo-roma.it\/sv\/wp-json\/wp\/v2\/users\/1"}],"replies":[{"embeddable":true,"href":"https:\/\/colosseo-roma.it\/sv\/wp-json\/wp\/v2\/comments?post=46"}],"version-history":[{"count":0,"href":"https:\/\/colosseo-roma.it\/sv\/wp-json\/wp\/v2\/pages\/46\/revisions"}],"up":[{"embeddable":true,"href":"https:\/\/colosseo-roma.it\/sv\/wp-json\/wp\/v2\/pages\/528"}],"wp:attachment":[{"href":"https:\/\/colosseo-roma.it\/sv\/wp-json\/wp\/v2\/media?parent=46"}],"curies":[{"name":"wp","href":"https:\/\/api.w.org\/{rel}","templated":true}]}}