{"id":513,"date":"2023-03-28T09:13:38","date_gmt":"2023-03-28T08:13:38","guid":{"rendered":"https:\/\/wordpress-1074717-3818660.cloudwaysapps.com\/?page_id=513"},"modified":"2026-01-26T17:12:37","modified_gmt":"2026-01-26T16:12:37","slug":"bilar","status":"publish","type":"page","link":"https:\/\/colosseo-roma.it\/sv\/besok\/hur-man-tar-sig-dit\/bilar\/","title":{"rendered":"Bilar"},"content":{"rendered":"<div data-elementor-type=\"wp-page\" data-elementor-id=\"513\" class=\"elementor elementor-513\" data-elementor-post-type=\"page\">\n\t\t\t\t\t\t<section class=\"elementor-section elementor-top-section elementor-element elementor-element-5692cc6 elementor-section-boxed elementor-section-height-default elementor-section-height-default\" data-id=\"5692cc6\" data-element_type=\"section\" data-settings=\"{&quot;jet_parallax_layout_list&quot;:[],&quot;ekit_has_onepagescroll_dot&quot;:&quot;yes&quot;}\">\n\t\t\t\t\t\t<div class=\"elementor-container elementor-column-gap-default\">\n\t\t\t\t\t<div class=\"elementor-column elementor-col-100 elementor-top-column elementor-element elementor-element-cdf2143\" data-id=\"cdf2143\" data-element_type=\"column\" data-settings=\"{&quot;background_background&quot;:&quot;classic&quot;}\">\n\t\t\t<div class=\"elementor-widget-wrap elementor-element-populated\">\n\t\t\t\t\t\t<div class=\"elementor-element elementor-element-a663f07 elementor-widget elementor-widget-heading\" data-id=\"a663f07\" data-element_type=\"widget\" data-settings=\"{&quot;ekit_we_effect_on&quot;:&quot;none&quot;}\" data-widget_type=\"heading.default\">\n\t\t\t\t<div class=\"elementor-widget-container\">\n\t\t\t<h1 class=\"elementor-heading-title elementor-size-default\">Hur man tar sig till Colosseum med bil<\/h1>\t\t<\/div>\n\t\t\t\t<\/div>\n\t\t\t\t<div class=\"elementor-element elementor-element-97ca5f0 elementor-widget elementor-widget-text-editor\" data-id=\"97ca5f0\" data-element_type=\"widget\" data-settings=\"{&quot;ekit_we_effect_on&quot;:&quot;none&quot;}\" data-widget_type=\"text-editor.default\">\n\t\t\t\t<div class=\"elementor-widget-container\">\n\t\t\t\t\t\t\t<p>Att ta sig till Colosseum med bil \u00e4r inte ett alternativ f\u00f6r att n\u00e5 turistattraktionen, eftersom omr\u00e5det runt monumentet \u00e4r mycket trafikerat.<\/p><p>Men om du m\u00e5ste \u00e5ka bil till Colosseum finns det n\u00e5gra avgiftsbelagda parkeringsplatser i n\u00e4rheten.<\/p><p><strong>De mest funktionella parkeringsplatserna \u00e4r<\/strong><\/p><ul><li>Colosseum Park Service: 4\u20ac per timme<\/li><li>Colosseum Park: 8\u20ac f\u00f6r 2 timmar<\/li><li>Supergarage Metronio: \u20ac22.93 per dag<\/li><\/ul><p>Ett mycket mer rekommenderat alternativ \u00e4r att parkera bilen utanf\u00f6r Roms historiska centrum i <strong>Parkeringsplatser f\u00f6r ATAC-v\u00e4xlar.<\/strong> Dessa \u00e4r mycket funktionella och billiga parkeringsplatser. D\u00e4rifr\u00e5n beh\u00f6ver du bara ta tunnelbanan f\u00f6r att resa in i Rom.<\/p><p>Om du vill ta dig in till Rom med bil rekommenderar vi <strong>Termini station parkeringsplats<\/strong>och d\u00e4rifr\u00e5n kan Colosseum n\u00e5s p\u00e5 cirka 20 minuter till fots eller med tunnelbana.<\/p><p>Alternativt finns det ett antal betalparkeringar i olika delar av staden, som du kan ha nytta av beroende p\u00e5 din startposition och din planerade resv\u00e4g.<\/p><p>Men om du planerar ett bes\u00f6k i Rom och Colosseum, <strong>Jag r\u00e5der dig att anv\u00e4nda kollektivtrafiken<\/strong> som tunnelbana, buss eftersom gatorna i centrum \u00e4r fulla av trafik och att parkera bilen kan vara en ganska obekv\u00e4m upplevelse.<\/p>\t\t\t\t\t\t<\/div>\n\t\t\t\t<\/div>\n\t\t\t\t\t<\/div>\n\t\t<\/div>\n\t\t\t\t\t<\/div>\n\t\t<\/section>\n\t\t\t\t<\/div>","protected":false},"excerpt":{"rendered":"<p>Att ta sig till Colosseum med bil Att ta sig till Colosseum med bil \u00e4r inte ett alternativ f\u00f6r att n\u00e5 turistattraktionen, eftersom monumentomr\u00e5det \u00e4r mycket trafikerat. Om du \u00e4nd\u00e5 m\u00e5ste ta dig till Colosseum med bil finns det n\u00e5gra avgiftsbelagda parkeringsplatser i n\u00e4rheten. De mest funktionella parkeringsplatserna \u00e4r f\u00f6ljande: Colosseum Park Service: 4 \u20ac per timme [...].<\/p>","protected":false},"author":1,"featured_media":0,"parent":42,"menu_order":3,"comment_status":"closed","ping_status":"closed","template":"","meta":{"site-sidebar-layout":"no-sidebar","site-content-layout":"page-builder","ast-site-content-layout":"full-width-container","site-content-style":"unboxed","site-sidebar-style":"unboxed","ast-global-header-display":"","ast-banner-title-visibility":"","ast-main-header-display":"","ast-hfb-above-header-display":"","ast-hfb-below-header-display":"","ast-hfb-mobile-header-display":"","site-post-title":"disabled","ast-breadcrumbs-content":"","ast-featured-img":"disabled","footer-sml-layout":"","ast-disable-related-posts":"","theme-transparent-header-meta":"default","adv-header-id-meta":"","stick-header-meta":"","header-above-stick-meta":"","header-main-stick-meta":"","header-below-stick-meta":"","astra-migrate-meta-layouts":"set","ast-page-background-enabled":"default","ast-page-background-meta":{"desktop":{"background-color":"var(--ast-global-color-4)","background-image":"","background-repeat":"repeat","background-position":"center center","background-size":"auto","background-attachment":"scroll","background-type":"","background-media":"","overlay-type":"","overlay-color":"","overlay-opacity":"","overlay-gradient":""},"tablet":{"background-color":"","background-image":"","background-repeat":"repeat","background-position":"center center","background-size":"auto","background-attachment":"scroll","background-type":"","background-media":"","overlay-type":"","overlay-color":"","overlay-opacity":"","overlay-gradient":""},"mobile":{"background-color":"","background-image":"","background-repeat":"repeat","background-position":"center center","background-size":"auto","background-attachment":"scroll","background-type":"","background-media":"","overlay-type":"","overlay-color":"","overlay-opacity":"","overlay-gradient":""}},"ast-content-background-meta":{"desktop":{"background-color":"var(--ast-global-color-5)","background-image":"","background-repeat":"repeat","background-position":"center center","background-size":"auto","background-attachment":"scroll","background-type":"","background-media":"","overlay-type":"","overlay-color":"","overlay-opacity":"","overlay-gradient":""},"tablet":{"background-color":"var(--ast-global-color-5)","background-image":"","background-repeat":"repeat","background-position":"center center","background-size":"auto","background-attachment":"scroll","background-type":"","background-media":"","overlay-type":"","overlay-color":"","overlay-opacity":"","overlay-gradient":""},"mobile":{"background-color":"var(--ast-global-color-5)","background-image":"","background-repeat":"repeat","background-position":"center center","background-size":"auto","background-attachment":"scroll","background-type":"","background-media":"","overlay-type":"","overlay-color":"","overlay-opacity":"","overlay-gradient":""}},"iawp_total_views":2364,"footnotes":""},"class_list":["post-513","page","type-page","status-publish","hentry"],"_links":{"self":[{"href":"https:\/\/colosseo-roma.it\/sv\/wp-json\/wp\/v2\/pages\/513","targetHints":{"allow":["GET"]}}],"collection":[{"href":"https:\/\/colosseo-roma.it\/sv\/wp-json\/wp\/v2\/pages"}],"about":[{"href":"https:\/\/colosseo-roma.it\/sv\/wp-json\/wp\/v2\/types\/page"}],"author":[{"embeddable":true,"href":"https:\/\/colosseo-roma.it\/sv\/wp-json\/wp\/v2\/users\/1"}],"replies":[{"embeddable":true,"href":"https:\/\/colosseo-roma.it\/sv\/wp-json\/wp\/v2\/comments?post=513"}],"version-history":[{"count":0,"href":"https:\/\/colosseo-roma.it\/sv\/wp-json\/wp\/v2\/pages\/513\/revisions"}],"up":[{"embeddable":true,"href":"https:\/\/colosseo-roma.it\/sv\/wp-json\/wp\/v2\/pages\/42"}],"wp:attachment":[{"href":"https:\/\/colosseo-roma.it\/sv\/wp-json\/wp\/v2\/media?parent=513"}],"curies":[{"name":"wp","href":"https:\/\/api.w.org\/{rel}","templated":true}]}}