{"id":515,"date":"2023-03-28T09:13:47","date_gmt":"2023-03-28T08:13:47","guid":{"rendered":"https:\/\/wordpress-1074717-3818660.cloudwaysapps.com\/?page_id=515"},"modified":"2026-01-26T17:12:26","modified_gmt":"2026-01-26T16:12:26","slug":"tunnelbana","status":"publish","type":"page","link":"https:\/\/colosseo-roma.it\/sv\/besok\/hur-man-tar-sig-dit\/tunnelbana\/","title":{"rendered":"Metro"},"content":{"rendered":"<div data-elementor-type=\"wp-page\" data-elementor-id=\"515\" class=\"elementor elementor-515\" data-elementor-post-type=\"page\">\n\t\t\t\t\t\t<section class=\"elementor-section elementor-top-section elementor-element elementor-element-0fb4f47 elementor-section-boxed elementor-section-height-default elementor-section-height-default\" data-id=\"0fb4f47\" data-element_type=\"section\" data-settings=\"{&quot;jet_parallax_layout_list&quot;:[],&quot;ekit_has_onepagescroll_dot&quot;:&quot;yes&quot;}\">\n\t\t\t\t\t\t<div class=\"elementor-container elementor-column-gap-default\">\n\t\t\t\t\t<div class=\"elementor-column elementor-col-100 elementor-top-column elementor-element elementor-element-4208249\" data-id=\"4208249\" data-element_type=\"column\" data-settings=\"{&quot;background_background&quot;:&quot;classic&quot;}\">\n\t\t\t<div class=\"elementor-widget-wrap elementor-element-populated\">\n\t\t\t\t\t\t<div class=\"elementor-element elementor-element-ea5c774 elementor-widget elementor-widget-heading\" data-id=\"ea5c774\" data-element_type=\"widget\" data-settings=\"{&quot;ekit_we_effect_on&quot;:&quot;none&quot;}\" data-widget_type=\"heading.default\">\n\t\t\t\t<div class=\"elementor-widget-container\">\n\t\t\t<h1 class=\"elementor-heading-title elementor-size-default\">Tunnelbanestation Colosseo<\/h1>\t\t<\/div>\n\t\t\t\t<\/div>\n\t\t\t\t<div class=\"elementor-element elementor-element-a13ccf3 elementor-widget elementor-widget-heading\" data-id=\"a13ccf3\" data-element_type=\"widget\" data-settings=\"{&quot;ekit_we_effect_on&quot;:&quot;none&quot;}\" data-widget_type=\"heading.default\">\n\t\t\t\t<div class=\"elementor-widget-container\">\n\t\t\t<h4 class=\"elementor-heading-title elementor-size-default\">Vilken \u00e4r tunnelbanestationen f\u00f6r att bes\u00f6ka Colosseum? <\/h4>\t\t<\/div>\n\t\t\t\t<\/div>\n\t\t\t\t<div class=\"elementor-element elementor-element-b4a2803 elementor-widget elementor-widget-text-editor\" data-id=\"b4a2803\" data-element_type=\"widget\" data-settings=\"{&quot;ekit_we_effect_on&quot;:&quot;none&quot;}\" data-widget_type=\"text-editor.default\">\n\t\t\t\t<div class=\"elementor-widget-container\">\n\t\t\t\t\t\t\t<ul><li>F\u00f6r att komma till Colosseum tar du bara <strong>linje b colosseum h\u00e5llplats.\u00a0<\/strong><\/li><\/ul><p><strong>Colosseum<\/strong> \u00e4r en h\u00e5llplats p\u00e5 <strong>Roms tunnelbana linje B<\/strong>ligger i stadsdelen Monti och invigdes 1955.\u00a0<\/p><p>H\u00e5llplatsen har tv\u00e5 ing\u00e5ngar: den f\u00f6rsta p\u00e5 Piazza del Colosseo och den andra p\u00e5 Largo Gaetana Agnesi.<\/p><p>Mitt emot huvudentr\u00e9n till stationen ligger <strong>Colosseum<\/strong> och<strong>Konstantins b\u00e5ge<\/strong>n\u00e4r du forts\u00e4tter l\u00e4ngs Via dei Fori Imperiali kan du n\u00e5 <strong>piazza Venezia<\/strong> och <strong>Huvudstaden<\/strong> samt grannar <strong>arkeologiska utgr\u00e4vningar av Forum Romanum<\/strong>av <strong>Palatine<\/strong>av <strong>Ludus Magnus<\/strong>av <strong>Domus Aurea<\/strong> och <strong>Imperial Forum<\/strong>.<\/p><p>N\u00e4ra stationen ligger ocks\u00e5: Colle Oppio, med <strong>S:t Peterskyrkan i kedjor<\/strong> och n\u00e5gra rester av Domus Aurea, den <strong>Basilikan Santo Stefano Rotondo al Celio<\/strong>, den <strong>Basilikan f\u00f6r de heliga Johannes och Paulus<\/strong>, den <strong>Basilikan f\u00f6r de fyra helgonkronorna<\/strong>, den <strong>Basilikan San Clemente al Laterano<\/strong> och <strong>Basilikan f\u00f6r de heliga Cosmas och Damian.<\/strong><\/p>\t\t\t\t\t\t<\/div>\n\t\t\t\t<\/div>\n\t\t\t\t<div class=\"elementor-element elementor-element-92707de elementor-widget elementor-widget-heading\" data-id=\"92707de\" data-element_type=\"widget\" data-settings=\"{&quot;ekit_we_effect_on&quot;:&quot;none&quot;}\" data-widget_type=\"heading.default\">\n\t\t\t\t<div class=\"elementor-widget-container\">\n\t\t\t<h4 class=\"elementor-heading-title elementor-size-default\">Tunnelbana till Colosseo: Linje B - Bl\u00e5<\/h4>\t\t<\/div>\n\t\t\t\t<\/div>\n\t\t\t\t<div class=\"elementor-element elementor-element-2bd55ec elementor-widget elementor-widget-text-editor\" data-id=\"2bd55ec\" data-element_type=\"widget\" data-settings=\"{&quot;ekit_we_effect_on&quot;:&quot;none&quot;}\" data-widget_type=\"text-editor.default\">\n\t\t\t\t<div class=\"elementor-widget-container\">\n\t\t\t\t\t\t\t<ul><li><p>Tv\u00e4rs \u00f6ver Rom <strong>nordost till s\u00f6der<\/strong>fr\u00e5n Rebibbia till Laurentina. De viktigaste h\u00e5llplatserna \u00e4r:<\/p><ul><li>Termini: F\u00f6rbindelsepunkt mellan tunnelbanan och j\u00e4rnv\u00e4gsstationen, d\u00e4r t\u00e5gen fr\u00e5n Fiumicino anl\u00e4nder<\/li><li><strong>Colosseum: H\u00e5llplats n\u00e4ra Colosseum och Forum Romanum<\/strong><\/li><li>Piramide: Om du anl\u00e4nder med regionalt\u00e5g fr\u00e5n Fiumicino kan du ta tunnelbanan hit.\u00a0<\/li><\/ul><\/li><\/ul>\t\t\t\t\t\t<\/div>\n\t\t\t\t<\/div>\n\t\t\t\t<div class=\"elementor-element elementor-element-187db69 elementor-widget elementor-widget-heading\" data-id=\"187db69\" data-element_type=\"widget\" data-settings=\"{&quot;ekit_we_effect_on&quot;:&quot;none&quot;}\" data-widget_type=\"heading.default\">\n\t\t\t\t<div class=\"elementor-widget-container\">\n\t\t\t<h4 class=\"elementor-heading-title elementor-size-default\">All information om Roms tunnelbana<\/h4>\t\t<\/div>\n\t\t\t\t<\/div>\n\t\t\t\t<div class=\"elementor-element elementor-element-ad4877b elementor-widget elementor-widget-text-editor\" data-id=\"ad4877b\" data-element_type=\"widget\" data-settings=\"{&quot;ekit_we_effect_on&quot;:&quot;none&quot;}\" data-widget_type=\"text-editor.default\">\n\t\t\t\t<div class=\"elementor-widget-container\">\n\t\t\t\t\t\t\t<p><strong>Tidtabell\u00a0<\/strong><\/p><ul><li>Tunnelbanan \u00e4r \u00f6ppen varje dag <strong>fr\u00e5n kl. 05.30 till kl. 23.30<\/strong>.<\/li><li>P\u00e5 fredagar och l\u00f6rdagar \u00e4r det \u00f6ppet till kl. 01.30.<\/li><li>Tunnelbanebiljetter kan k\u00f6pas i stationernas biljettkontor, kiosker eller tobaksaff\u00e4rer.<\/li><li>Det \u00e4r viktigt att du har biljetter eller ett abonnemang innan du g\u00e5r ombord p\u00e5 annan lokal kollektivtrafik som bussar eller sp\u00e5rvagnar, eftersom det inte g\u00e5r att k\u00f6pa biljetter ombord.<\/li><\/ul>\t\t\t\t\t\t<\/div>\n\t\t\t\t<\/div>\n\t\t\t\t<div class=\"elementor-element elementor-element-1b6712c elementor-widget elementor-widget-heading\" data-id=\"1b6712c\" data-element_type=\"widget\" data-settings=\"{&quot;ekit_we_effect_on&quot;:&quot;none&quot;}\" data-widget_type=\"heading.default\">\n\t\t\t\t<div class=\"elementor-widget-container\">\n\t\t\t<div class=\"elementor-heading-title elementor-size-default\">Kom ih\u00e5g att g\u00e5 av vid Colosseum Stop\n\n<\/div>\t\t<\/div>\n\t\t\t\t<\/div>\n\t\t\t\t\t<\/div>\n\t\t<\/div>\n\t\t\t\t\t<\/div>\n\t\t<\/section>\n\t\t\t\t<\/div>","protected":false},"excerpt":{"rendered":"<p>Fermata Metro Colosseo Quale \u00e8 la fermata metro per visitare il Colosseo? Per raggiungere il Colosseo basta prendere la linea b fermata colosseo.\u00a0 Colosseo \u00e8 una fermata della linea B della metropolitana di Roma, situata nel rione Monti e inaugurata nel 1955. La fermata dispone di due ingressi: il primo in piazza del Colosseo e [&hellip;]<\/p>","protected":false},"author":1,"featured_media":0,"parent":42,"menu_order":1,"comment_status":"closed","ping_status":"closed","template":"","meta":{"site-sidebar-layout":"no-sidebar","site-content-layout":"page-builder","ast-site-content-layout":"full-width-container","site-content-style":"unboxed","site-sidebar-style":"unboxed","ast-global-header-display":"","ast-banner-title-visibility":"","ast-main-header-display":"","ast-hfb-above-header-display":"","ast-hfb-below-header-display":"","ast-hfb-mobile-header-display":"","site-post-title":"disabled","ast-breadcrumbs-content":"","ast-featured-img":"disabled","footer-sml-layout":"","ast-disable-related-posts":"","theme-transparent-header-meta":"default","adv-header-id-meta":"","stick-header-meta":"","header-above-stick-meta":"","header-main-stick-meta":"","header-below-stick-meta":"","astra-migrate-meta-layouts":"set","ast-page-background-enabled":"default","ast-page-background-meta":{"desktop":{"background-color":"var(--ast-global-color-4)","background-image":"","background-repeat":"repeat","background-position":"center center","background-size":"auto","background-attachment":"scroll","background-type":"","background-media":"","overlay-type":"","overlay-color":"","overlay-opacity":"","overlay-gradient":""},"tablet":{"background-color":"","background-image":"","background-repeat":"repeat","background-position":"center center","background-size":"auto","background-attachment":"scroll","background-type":"","background-media":"","overlay-type":"","overlay-color":"","overlay-opacity":"","overlay-gradient":""},"mobile":{"background-color":"","background-image":"","background-repeat":"repeat","background-position":"center center","background-size":"auto","background-attachment":"scroll","background-type":"","background-media":"","overlay-type":"","overlay-color":"","overlay-opacity":"","overlay-gradient":""}},"ast-content-background-meta":{"desktop":{"background-color":"var(--ast-global-color-5)","background-image":"","background-repeat":"repeat","background-position":"center center","background-size":"auto","background-attachment":"scroll","background-type":"","background-media":"","overlay-type":"","overlay-color":"","overlay-opacity":"","overlay-gradient":""},"tablet":{"background-color":"var(--ast-global-color-5)","background-image":"","background-repeat":"repeat","background-position":"center center","background-size":"auto","background-attachment":"scroll","background-type":"","background-media":"","overlay-type":"","overlay-color":"","overlay-opacity":"","overlay-gradient":""},"mobile":{"background-color":"var(--ast-global-color-5)","background-image":"","background-repeat":"repeat","background-position":"center center","background-size":"auto","background-attachment":"scroll","background-type":"","background-media":"","overlay-type":"","overlay-color":"","overlay-opacity":"","overlay-gradient":""}},"iawp_total_views":13820,"footnotes":""},"class_list":["post-515","page","type-page","status-publish","hentry"],"_links":{"self":[{"href":"https:\/\/colosseo-roma.it\/sv\/wp-json\/wp\/v2\/pages\/515","targetHints":{"allow":["GET"]}}],"collection":[{"href":"https:\/\/colosseo-roma.it\/sv\/wp-json\/wp\/v2\/pages"}],"about":[{"href":"https:\/\/colosseo-roma.it\/sv\/wp-json\/wp\/v2\/types\/page"}],"author":[{"embeddable":true,"href":"https:\/\/colosseo-roma.it\/sv\/wp-json\/wp\/v2\/users\/1"}],"replies":[{"embeddable":true,"href":"https:\/\/colosseo-roma.it\/sv\/wp-json\/wp\/v2\/comments?post=515"}],"version-history":[{"count":0,"href":"https:\/\/colosseo-roma.it\/sv\/wp-json\/wp\/v2\/pages\/515\/revisions"}],"up":[{"embeddable":true,"href":"https:\/\/colosseo-roma.it\/sv\/wp-json\/wp\/v2\/pages\/42"}],"wp:attachment":[{"href":"https:\/\/colosseo-roma.it\/sv\/wp-json\/wp\/v2\/media?parent=515"}],"curies":[{"name":"wp","href":"https:\/\/api.w.org\/{rel}","templated":true}]}}