{"id":516,"date":"2023-03-28T09:13:59","date_gmt":"2023-03-28T08:13:59","guid":{"rendered":"https:\/\/wordpress-1074717-3818660.cloudwaysapps.com\/?page_id=516"},"modified":"2026-01-26T17:12:22","modified_gmt":"2026-01-26T16:12:22","slug":"buss","status":"publish","type":"page","link":"https:\/\/colosseo-roma.it\/sv\/besok\/hur-man-tar-sig-dit\/buss\/","title":{"rendered":"Buss"},"content":{"rendered":"<div data-elementor-type=\"wp-page\" data-elementor-id=\"516\" class=\"elementor elementor-516\" data-elementor-post-type=\"page\">\n\t\t\t\t\t\t<section class=\"elementor-section elementor-top-section elementor-element elementor-element-7ba6fb9 elementor-section-boxed elementor-section-height-default elementor-section-height-default\" data-id=\"7ba6fb9\" data-element_type=\"section\" data-settings=\"{&quot;jet_parallax_layout_list&quot;:[],&quot;ekit_has_onepagescroll_dot&quot;:&quot;yes&quot;}\">\n\t\t\t\t\t\t<div class=\"elementor-container elementor-column-gap-default\">\n\t\t\t\t\t<div class=\"elementor-column elementor-col-100 elementor-top-column elementor-element elementor-element-aa82c96\" data-id=\"aa82c96\" data-element_type=\"column\" data-settings=\"{&quot;background_background&quot;:&quot;classic&quot;}\">\n\t\t\t<div class=\"elementor-widget-wrap elementor-element-populated\">\n\t\t\t\t\t\t<div class=\"elementor-element elementor-element-3156afc elementor-widget elementor-widget-heading\" data-id=\"3156afc\" data-element_type=\"widget\" data-settings=\"{&quot;ekit_we_effect_on&quot;:&quot;none&quot;}\" data-widget_type=\"heading.default\">\n\t\t\t\t<div class=\"elementor-widget-container\">\n\t\t\t<h1 class=\"elementor-heading-title elementor-size-default\">Att ta sig till Colosseum med buss<\/h1>\t\t<\/div>\n\t\t\t\t<\/div>\n\t\t\t\t<div class=\"elementor-element elementor-element-4f8f27a elementor-widget elementor-widget-text-editor\" data-id=\"4f8f27a\" data-element_type=\"widget\" data-settings=\"{&quot;ekit_we_effect_on&quot;:&quot;none&quot;}\" data-widget_type=\"text-editor.default\">\n\t\t\t\t<div class=\"elementor-widget-container\">\n\t\t\t\t\t\t\t<p>F\u00f6r att ta sig till Colosseum i Rom med buss finns det flera alternativ beroende p\u00e5 var du befinner dig i Rom.<\/p><p>H\u00e4r \u00e4r n\u00e5gra av de viktigaste resv\u00e4garna:<\/p><ul><li><strong>Fr\u00e5n Termini Station i Rom<\/strong>ta buss nr 75 i riktning mot Poerio-Marmorata och kliv av vid h\u00e5llplatsen <strong>Colosseum-Celio\/Musei Capitolini<\/strong>. Denna h\u00e5llplats ligger bara n\u00e5gra steg fr\u00e5n Colosseums huvuding\u00e5ng.<\/li><li><strong>Fr\u00e5n Roms Tiburtina-station<\/strong>Ta buss nr 714 i riktning mot Palazzo Sport och kliv av vid h\u00e5llplatsen Colosseo-Gladiatori. Denna h\u00e5llplats ligger n\u00e5gra steg bort fr\u00e5n Colosseum.<\/li><li><strong>Fr\u00e5n Roms Ostiense-station<\/strong>Ta buss nummer 170 mot Clodio-Cipro och kliv av vid h\u00e5llplatsen Piazza del Colosseo. H\u00e4rifr\u00e5n ligger Colosseum bara n\u00e5gra minuters promenad bort.<\/li><\/ul><p>Ut\u00f6ver dessa alternativ finns det andra bussar som tar dig till n\u00e4rheten av Colosseum, s\u00e5 det \u00e4r en bra id\u00e9 att titta p\u00e5 kartan och tidtabellerna f\u00f6r Roms bussar f\u00f6r att hitta den b\u00e4sta l\u00f6sningen baserat p\u00e5 din startposition.<\/p>\t\t\t\t\t\t<\/div>\n\t\t\t\t<\/div>\n\t\t\t\t\t<\/div>\n\t\t<\/div>\n\t\t\t\t\t<\/div>\n\t\t<\/section>\n\t\t\t\t<\/div>","protected":false},"excerpt":{"rendered":"<p>Att ta sig till Colosseum med buss F\u00f6r att ta sig till Colosseum i Rom med buss finns det flera alternativ beroende p\u00e5 var du befinner dig i Rom. H\u00e4r \u00e4r n\u00e5gra av de viktigaste rutterna: Fr\u00e5n Roms Termini-station: ta buss nummer 75 i riktning mot Poerio-Marmorata och kliv av vid h\u00e5llplatsen Colosseo-Celio\/Musei Capitolini. Denna h\u00e5llplats ligger [...]<\/p>","protected":false},"author":1,"featured_media":0,"parent":42,"menu_order":2,"comment_status":"closed","ping_status":"closed","template":"","meta":{"site-sidebar-layout":"no-sidebar","site-content-layout":"page-builder","ast-site-content-layout":"full-width-container","site-content-style":"unboxed","site-sidebar-style":"unboxed","ast-global-header-display":"","ast-banner-title-visibility":"","ast-main-header-display":"","ast-hfb-above-header-display":"","ast-hfb-below-header-display":"","ast-hfb-mobile-header-display":"","site-post-title":"disabled","ast-breadcrumbs-content":"","ast-featured-img":"disabled","footer-sml-layout":"","ast-disable-related-posts":"","theme-transparent-header-meta":"default","adv-header-id-meta":"","stick-header-meta":"","header-above-stick-meta":"","header-main-stick-meta":"","header-below-stick-meta":"","astra-migrate-meta-layouts":"set","ast-page-background-enabled":"default","ast-page-background-meta":{"desktop":{"background-color":"var(--ast-global-color-4)","background-image":"","background-repeat":"repeat","background-position":"center center","background-size":"auto","background-attachment":"scroll","background-type":"","background-media":"","overlay-type":"","overlay-color":"","overlay-opacity":"","overlay-gradient":""},"tablet":{"background-color":"","background-image":"","background-repeat":"repeat","background-position":"center center","background-size":"auto","background-attachment":"scroll","background-type":"","background-media":"","overlay-type":"","overlay-color":"","overlay-opacity":"","overlay-gradient":""},"mobile":{"background-color":"","background-image":"","background-repeat":"repeat","background-position":"center center","background-size":"auto","background-attachment":"scroll","background-type":"","background-media":"","overlay-type":"","overlay-color":"","overlay-opacity":"","overlay-gradient":""}},"ast-content-background-meta":{"desktop":{"background-color":"var(--ast-global-color-5)","background-image":"","background-repeat":"repeat","background-position":"center center","background-size":"auto","background-attachment":"scroll","background-type":"","background-media":"","overlay-type":"","overlay-color":"","overlay-opacity":"","overlay-gradient":""},"tablet":{"background-color":"var(--ast-global-color-5)","background-image":"","background-repeat":"repeat","background-position":"center center","background-size":"auto","background-attachment":"scroll","background-type":"","background-media":"","overlay-type":"","overlay-color":"","overlay-opacity":"","overlay-gradient":""},"mobile":{"background-color":"var(--ast-global-color-5)","background-image":"","background-repeat":"repeat","background-position":"center center","background-size":"auto","background-attachment":"scroll","background-type":"","background-media":"","overlay-type":"","overlay-color":"","overlay-opacity":"","overlay-gradient":""}},"iawp_total_views":1431,"footnotes":""},"class_list":["post-516","page","type-page","status-publish","hentry"],"_links":{"self":[{"href":"https:\/\/colosseo-roma.it\/sv\/wp-json\/wp\/v2\/pages\/516","targetHints":{"allow":["GET"]}}],"collection":[{"href":"https:\/\/colosseo-roma.it\/sv\/wp-json\/wp\/v2\/pages"}],"about":[{"href":"https:\/\/colosseo-roma.it\/sv\/wp-json\/wp\/v2\/types\/page"}],"author":[{"embeddable":true,"href":"https:\/\/colosseo-roma.it\/sv\/wp-json\/wp\/v2\/users\/1"}],"replies":[{"embeddable":true,"href":"https:\/\/colosseo-roma.it\/sv\/wp-json\/wp\/v2\/comments?post=516"}],"version-history":[{"count":0,"href":"https:\/\/colosseo-roma.it\/sv\/wp-json\/wp\/v2\/pages\/516\/revisions"}],"up":[{"embeddable":true,"href":"https:\/\/colosseo-roma.it\/sv\/wp-json\/wp\/v2\/pages\/42"}],"wp:attachment":[{"href":"https:\/\/colosseo-roma.it\/sv\/wp-json\/wp\/v2\/media?parent=516"}],"curies":[{"name":"wp","href":"https:\/\/api.w.org\/{rel}","templated":true}]}}