{"id":521,"date":"2023-03-28T09:14:40","date_gmt":"2023-03-28T08:14:40","guid":{"rendered":"https:\/\/wordpress-1074717-3818660.cloudwaysapps.com\/?page_id=521"},"modified":"2026-01-26T17:12:17","modified_gmt":"2026-01-26T16:12:17","slug":"planera-besok","status":"publish","type":"page","link":"https:\/\/colosseo-roma.it\/sv\/besok\/planera-besok\/","title":{"rendered":"Planera bes\u00f6k"},"content":{"rendered":"<div data-elementor-type=\"wp-page\" data-elementor-id=\"521\" class=\"elementor elementor-521\" data-elementor-post-type=\"page\">\n\t\t\t\t\t\t<section class=\"elementor-section elementor-top-section elementor-element elementor-element-fdbd7ad elementor-section-boxed elementor-section-height-default elementor-section-height-default\" data-id=\"fdbd7ad\" data-element_type=\"section\" data-settings=\"{&quot;jet_parallax_layout_list&quot;:[],&quot;ekit_has_onepagescroll_dot&quot;:&quot;yes&quot;}\">\n\t\t\t\t\t\t<div class=\"elementor-container elementor-column-gap-default\">\n\t\t\t\t\t<div class=\"elementor-column elementor-col-100 elementor-top-column elementor-element elementor-element-356d384\" data-id=\"356d384\" data-element_type=\"column\" data-settings=\"{&quot;background_background&quot;:&quot;classic&quot;}\">\n\t\t\t<div class=\"elementor-widget-wrap elementor-element-populated\">\n\t\t\t\t\t\t<div class=\"elementor-element elementor-element-6c161f4 elementor-widget elementor-widget-heading\" data-id=\"6c161f4\" data-element_type=\"widget\" data-settings=\"{&quot;ekit_we_effect_on&quot;:&quot;none&quot;}\" data-widget_type=\"heading.default\">\n\t\t\t\t<div class=\"elementor-widget-container\">\n\t\t\t<h1 class=\"elementor-heading-title elementor-size-default\">Planera ditt bes\u00f6k <\/h1>\t\t<\/div>\n\t\t\t\t<\/div>\n\t\t\t\t<div class=\"elementor-element elementor-element-269dbcf elementor-widget elementor-widget-heading\" data-id=\"269dbcf\" data-element_type=\"widget\" data-settings=\"{&quot;ekit_we_effect_on&quot;:&quot;none&quot;}\" data-widget_type=\"heading.default\">\n\t\t\t\t<div class=\"elementor-widget-container\">\n\t\t\t<h5 class=\"elementor-heading-title elementor-size-default\">Vi hj\u00e4lper dig att organisera ditt bes\u00f6k p\u00e5 Colosseum<\/h5>\t\t<\/div>\n\t\t\t\t<\/div>\n\t\t\t\t<div class=\"elementor-element elementor-element-174a2a0 elementor-widget elementor-widget-html\" data-id=\"174a2a0\" data-element_type=\"widget\" data-settings=\"{&quot;ekit_we_effect_on&quot;:&quot;none&quot;}\" data-widget_type=\"html.default\">\n\t\t\t\t<div class=\"elementor-widget-container\">\n\t\t\t<div data-tiqets-widget=\"discovery\" data-cards-layout=\"responsive\" data-content-type=\"product\" data-item_count=\"4\" data-destination-type=\"venue\" data-destination-id=\"145769\" data-partner=\"colosseo_roma\" data-tq-campaign=\"pianifica_visita\"><\/div><script defer src=\"https:\/\/widgets.tiqets.com\/loader.js\"><\/script>\t\t<\/div>\n\t\t\t\t<\/div>\n\t\t\t\t<div class=\"elementor-element elementor-element-462bd3a elementor-widget elementor-widget-spacer\" data-id=\"462bd3a\" data-element_type=\"widget\" data-settings=\"{&quot;ekit_we_effect_on&quot;:&quot;none&quot;}\" data-widget_type=\"spacer.default\">\n\t\t\t\t<div class=\"elementor-widget-container\">\n\t\t\t\t\t<div class=\"elementor-spacer\">\n\t\t\t<div class=\"elementor-spacer-inner\"><\/div>\n\t\t<\/div>\n\t\t\t\t<\/div>\n\t\t\t\t<\/div>\n\t\t\t\t<section class=\"elementor-section elementor-inner-section elementor-element elementor-element-9c51d8d elementor-section-boxed elementor-section-height-default elementor-section-height-default\" data-id=\"9c51d8d\" data-element_type=\"section\" data-settings=\"{&quot;jet_parallax_layout_list&quot;:[],&quot;ekit_has_onepagescroll_dot&quot;:&quot;yes&quot;}\">\n\t\t\t\t\t\t<div class=\"elementor-container elementor-column-gap-default\">\n\t\t\t\t\t<div class=\"elementor-column elementor-col-50 elementor-inner-column elementor-element elementor-element-3a5f46c\" data-id=\"3a5f46c\" data-element_type=\"column\" data-settings=\"{&quot;background_background&quot;:&quot;slideshow&quot;,&quot;background_slideshow_gallery&quot;:[{&quot;id&quot;:2213,&quot;url&quot;:&quot;https:\\\/\\\/colosseo-roma.it\\\/wp-content\\\/uploads\\\/2024\\\/08\\\/Colosseo_notte.jpg&quot;}],&quot;background_slideshow_loop&quot;:&quot;yes&quot;,&quot;background_slideshow_slide_duration&quot;:5000,&quot;background_slideshow_slide_transition&quot;:&quot;fade&quot;,&quot;background_slideshow_transition_duration&quot;:500}\">\n\t\t\t<div class=\"elementor-widget-wrap elementor-element-populated\">\n\t\t\t\t\t\t<div class=\"elementor-element elementor-element-ecd185e elementor-widget elementor-widget-spacer\" data-id=\"ecd185e\" data-element_type=\"widget\" data-settings=\"{&quot;ekit_we_effect_on&quot;:&quot;none&quot;}\" data-widget_type=\"spacer.default\">\n\t\t\t\t<div class=\"elementor-widget-container\">\n\t\t\t\t\t<div class=\"elementor-spacer\">\n\t\t\t<div class=\"elementor-spacer-inner\"><\/div>\n\t\t<\/div>\n\t\t\t\t<\/div>\n\t\t\t\t<\/div>\n\t\t\t\t\t<\/div>\n\t\t<\/div>\n\t\t\t\t<div class=\"elementor-column elementor-col-50 elementor-inner-column elementor-element elementor-element-e7baccf\" data-id=\"e7baccf\" data-element_type=\"column\">\n\t\t\t<div class=\"elementor-widget-wrap elementor-element-populated\">\n\t\t\t\t\t\t<div class=\"elementor-element elementor-element-1b66dc1 elementor-widget elementor-widget-heading\" data-id=\"1b66dc1\" data-element_type=\"widget\" data-settings=\"{&quot;ekit_we_effect_on&quot;:&quot;none&quot;}\" data-widget_type=\"heading.default\">\n\t\t\t\t<div class=\"elementor-widget-container\">\n\t\t\t<h4 class=\"elementor-heading-title elementor-size-default\">Att bes\u00f6ka Colosseum kr\u00e4ver noggrann planering f\u00f6r att undvika besvikelse<\/h4>\t\t<\/div>\n\t\t\t\t<\/div>\n\t\t\t\t<div class=\"elementor-element elementor-element-b43c6cf elementor-widget elementor-widget-text-editor\" data-id=\"b43c6cf\" data-element_type=\"widget\" data-settings=\"{&quot;ekit_we_effect_on&quot;:&quot;none&quot;}\" data-widget_type=\"text-editor.default\">\n\t\t\t\t<div class=\"elementor-widget-container\">\n\t\t\t\t\t\t\t<p>Organisera ditt bes\u00f6k p\u00e5 <strong>Colosseum<\/strong> \u00e4r avg\u00f6rande f\u00f6r en of\u00f6rgl\u00f6mlig upplevelse vid ett av v\u00e4rldens mest ikoniska monument. <span style=\"text-decoration: underline;\">Boka biljetter online i f\u00f6rv\u00e4g <\/span>g\u00f6r att du kan hoppa \u00f6ver de l\u00e5nga k\u00f6erna och f\u00e5r prioriterad tillg\u00e5ng. Du kan v\u00e4lja mellan flera bes\u00f6ksalternativ: fr\u00e5n<strong> biljetter utan k\u00f6<\/strong>, p\u00e5 <strong>guidade turer<\/strong> som \u00e4ven omfattar Forum Romanum och Palatinen, upp till <strong>exklusiva turer<\/strong> natt eller under jord. Se till att boka din tid f\u00f6r intr\u00e4de, s\u00e4rskilt under h\u00f6gs\u00e4song, f\u00f6r att undvika besvikelser. Kom n\u00e5gra minuter tidigare f\u00f6r att g\u00e5 igenom s\u00e4kerhetskontrollen och kom ih\u00e5g att b\u00e4ra bekv\u00e4ma skor, eftersom platsen \u00e4r stor och rik p\u00e5 historia. F\u00f6r ett komplett och v\u00e4linformerat bes\u00f6k, \u00f6verv\u00e4g att anv\u00e4nda en<strong>audioguide<\/strong> eller en guidad tur f\u00f6r att uppt\u00e4cka hemligheterna och underverken i det antika Rom. <span style=\"text-decoration: underline;\">Planera ditt bes\u00f6k<\/span> g\u00f6r att du kan njuta fullt ut av Colosseums storslagenhet och f\u00f6rdjupa dig i dess fascinerande historia.<\/p>\t\t\t\t\t\t<\/div>\n\t\t\t\t<\/div>\n\t\t\t\t\t<\/div>\n\t\t<\/div>\n\t\t\t\t\t<\/div>\n\t\t<\/section>\n\t\t\t\t<section class=\"elementor-section elementor-inner-section elementor-element elementor-element-a65ae7d elementor-section-boxed elementor-section-height-default elementor-section-height-default\" data-id=\"a65ae7d\" data-element_type=\"section\" data-settings=\"{&quot;jet_parallax_layout_list&quot;:[],&quot;ekit_has_onepagescroll_dot&quot;:&quot;yes&quot;}\">\n\t\t\t\t\t\t<div class=\"elementor-container elementor-column-gap-default\">\n\t\t\t\t\t<div class=\"elementor-column elementor-col-50 elementor-inner-column elementor-element elementor-element-61ec2c8\" data-id=\"61ec2c8\" data-element_type=\"column\">\n\t\t\t<div class=\"elementor-widget-wrap elementor-element-populated\">\n\t\t\t\t\t\t<div class=\"elementor-element elementor-element-b1e56fb elementor-widget elementor-widget-heading\" data-id=\"b1e56fb\" data-element_type=\"widget\" data-settings=\"{&quot;ekit_we_effect_on&quot;:&quot;none&quot;}\" data-widget_type=\"heading.default\">\n\t\t\t\t<div class=\"elementor-widget-container\">\n\t\t\t<h4 class=\"elementor-heading-title elementor-size-default\">Vilken \u00e4r den b\u00e4sta tiden att bes\u00f6ka Colosseum och njuta av denna extraordin\u00e4ra plats utan folkmassor?<\/h4>\t\t<\/div>\n\t\t\t\t<\/div>\n\t\t\t\t<div class=\"elementor-element elementor-element-ef88207 elementor-widget elementor-widget-text-editor\" data-id=\"ef88207\" data-element_type=\"widget\" data-settings=\"{&quot;ekit_we_effect_on&quot;:&quot;none&quot;}\" data-widget_type=\"text-editor.default\">\n\t\t\t\t<div class=\"elementor-widget-container\">\n\t\t\t\t\t\t\t<p>Den <strong>b\u00e4sta perioden<\/strong> f\u00f6r att bes\u00f6ka Colosseum och njuta av platsen utan alltf\u00f6r m\u00e5nga m\u00e4nniskor \u00e4r under <strong>l\u00e5gs\u00e4song,<\/strong> som i allm\u00e4nhet varierar fr\u00e5n <span style=\"text-decoration: underline;\">November till mars<\/span> (exklusive jul- och ny\u00e5rshelgerna). Under dessa m\u00e5nader \u00e4r antalet bes\u00f6kare betydligt l\u00e4gre \u00e4n under h\u00f6gs\u00e4songen, vilket g\u00f6r att du kan utforska Colosseum med st\u00f6rre sinnesfrid. \u00c4ven de <strong>tidiga morgontimmar<\/strong>s\u00e5 snart attraktionen \u00f6ppnar, eller s\u00e5 kommer <strong>sen eftermiddag<\/strong>n\u00e4ra st\u00e4ngningsdags \u00e4r bra tider f\u00f6r att undvika stora folkmassor. Under dessa tider kan du njuta av Colosseums majest\u00e4t utan att beh\u00f6va ta itu med l\u00e5nga v\u00e4ntetider eller stora grupper av turister.<\/p>\t\t\t\t\t\t<\/div>\n\t\t\t\t<\/div>\n\t\t\t\t\t<\/div>\n\t\t<\/div>\n\t\t\t\t<div class=\"elementor-column elementor-col-50 elementor-inner-column elementor-element elementor-element-2d372b0\" data-id=\"2d372b0\" data-element_type=\"column\" data-settings=\"{&quot;background_background&quot;:&quot;slideshow&quot;,&quot;background_slideshow_gallery&quot;:[{&quot;id&quot;:2258,&quot;url&quot;:&quot;https:\\\/\\\/colosseo-roma.it\\\/wp-content\\\/uploads\\\/2024\\\/08\\\/Sotterranei_colosseo.jpg&quot;}],&quot;background_slideshow_loop&quot;:&quot;yes&quot;,&quot;background_slideshow_slide_duration&quot;:5000,&quot;background_slideshow_slide_transition&quot;:&quot;fade&quot;,&quot;background_slideshow_transition_duration&quot;:500}\">\n\t\t\t<div class=\"elementor-widget-wrap elementor-element-populated\">\n\t\t\t\t\t\t<div class=\"elementor-element elementor-element-08aba30 elementor-widget elementor-widget-spacer\" data-id=\"08aba30\" data-element_type=\"widget\" data-settings=\"{&quot;ekit_we_effect_on&quot;:&quot;none&quot;}\" data-widget_type=\"spacer.default\">\n\t\t\t\t<div class=\"elementor-widget-container\">\n\t\t\t\t\t<div class=\"elementor-spacer\">\n\t\t\t<div class=\"elementor-spacer-inner\"><\/div>\n\t\t<\/div>\n\t\t\t\t<\/div>\n\t\t\t\t<\/div>\n\t\t\t\t\t<\/div>\n\t\t<\/div>\n\t\t\t\t\t<\/div>\n\t\t<\/section>\n\t\t\t\t<section class=\"elementor-section elementor-inner-section elementor-element elementor-element-b6edc51 elementor-section-boxed elementor-section-height-default elementor-section-height-default\" data-id=\"b6edc51\" data-element_type=\"section\" data-settings=\"{&quot;jet_parallax_layout_list&quot;:[],&quot;ekit_has_onepagescroll_dot&quot;:&quot;yes&quot;}\">\n\t\t\t\t\t\t<div class=\"elementor-container elementor-column-gap-default\">\n\t\t\t\t\t<div class=\"elementor-column elementor-col-50 elementor-inner-column elementor-element elementor-element-5e0a5a6\" data-id=\"5e0a5a6\" data-element_type=\"column\" data-settings=\"{&quot;background_background&quot;:&quot;slideshow&quot;,&quot;background_slideshow_gallery&quot;:[{&quot;id&quot;:2260,&quot;url&quot;:&quot;https:\\\/\\\/colosseo-roma.it\\\/wp-content\\\/uploads\\\/2024\\\/08\\\/Pavimento_colosseo.jpg&quot;}],&quot;background_slideshow_loop&quot;:&quot;yes&quot;,&quot;background_slideshow_slide_duration&quot;:5000,&quot;background_slideshow_slide_transition&quot;:&quot;fade&quot;,&quot;background_slideshow_transition_duration&quot;:500}\">\n\t\t\t<div class=\"elementor-widget-wrap elementor-element-populated\">\n\t\t\t\t\t\t<div class=\"elementor-element elementor-element-1359518 elementor-widget elementor-widget-spacer\" data-id=\"1359518\" data-element_type=\"widget\" data-settings=\"{&quot;ekit_we_effect_on&quot;:&quot;none&quot;}\" data-widget_type=\"spacer.default\">\n\t\t\t\t<div class=\"elementor-widget-container\">\n\t\t\t\t\t<div class=\"elementor-spacer\">\n\t\t\t<div class=\"elementor-spacer-inner\"><\/div>\n\t\t<\/div>\n\t\t\t\t<\/div>\n\t\t\t\t<\/div>\n\t\t\t\t\t<\/div>\n\t\t<\/div>\n\t\t\t\t<div class=\"elementor-column elementor-col-50 elementor-inner-column elementor-element elementor-element-7cf086b\" data-id=\"7cf086b\" data-element_type=\"column\">\n\t\t\t<div class=\"elementor-widget-wrap elementor-element-populated\">\n\t\t\t\t\t\t<div class=\"elementor-element elementor-element-e2925a5 elementor-widget elementor-widget-heading\" data-id=\"e2925a5\" data-element_type=\"widget\" data-settings=\"{&quot;ekit_we_effect_on&quot;:&quot;none&quot;}\" data-widget_type=\"heading.default\">\n\t\t\t\t<div class=\"elementor-widget-container\">\n\t\t\t<h4 class=\"elementor-heading-title elementor-size-default\">Vilken \u00e4r den b\u00e4sta tiden att bes\u00f6ka Colosseum och njuta av denna extraordin\u00e4ra plats utan folkmassor?<\/h4>\t\t<\/div>\n\t\t\t\t<\/div>\n\t\t\t\t<div class=\"elementor-element elementor-element-8907f82 elementor-widget elementor-widget-text-editor\" data-id=\"8907f82\" data-element_type=\"widget\" data-settings=\"{&quot;ekit_we_effect_on&quot;:&quot;none&quot;}\" data-widget_type=\"text-editor.default\">\n\t\t\t\t<div class=\"elementor-widget-container\">\n\t\t\t\t\t\t\t<p>Den <strong>Colosseum<\/strong> \u00e4r \u00f6ppen \u00e5ret runt, med \u00f6ppettider som varierar beroende p\u00e5 s\u00e4song. I allm\u00e4nhet \u00e4r \u00f6ppettiderna f\u00f6r <strong>\u00f6ppning<\/strong> \u00e4r inst\u00e4lld p\u00e5<strong> 9:00<\/strong> <strong>p\u00e5 morgonen<\/strong>medan st\u00e4ngningstiden \u00e4ndras i takt med att solljuset \u00e4ndras. Fr\u00e5n<span style=\"text-decoration: underline;\"> slutet av mars till slutet av augusti<\/span>Colosseum <strong>st\u00e4nger kl. 19:15<\/strong>medan fr\u00e5n <span style=\"text-decoration: underline;\">slutet av augusti till slutet av oktober<\/span> st\u00e4ngningstiden tidigarel\u00e4ggs till <strong>18:30<\/strong>. Under den <span style=\"text-decoration: underline;\">vinterm\u00e5naderna,<\/span> November till februari, monumentet <strong>st\u00e4nger kl. 16.30.<\/strong> Det \u00e4r viktigt att notera att det sista intr\u00e4det \u00e4r till\u00e5tet en timme f\u00f6re st\u00e4ngningsdags. Colosseum \u00e4r endast st\u00e4ngt p\u00e5 <strong>25 december och 1 januari<\/strong>. Om du planerar ditt bes\u00f6k med dessa tider i \u00e5tanke kommer du att kunna njuta fullt ut av din upplevelse.<\/p>\t\t\t\t\t\t<\/div>\n\t\t\t\t<\/div>\n\t\t\t\t\t<\/div>\n\t\t<\/div>\n\t\t\t\t\t<\/div>\n\t\t<\/section>\n\t\t\t\t\t<\/div>\n\t\t<\/div>\n\t\t\t\t\t<\/div>\n\t\t<\/section>\n\t\t\t\t<\/div>","protected":false},"excerpt":{"rendered":"<p>Planera ditt bes\u00f6k Vi hj\u00e4lper dig att organisera ditt bes\u00f6k p\u00e5 Colosseum Att bes\u00f6ka Colosseum kr\u00e4ver noggrann planering f\u00f6r att undvika besvikelse Att organisera ditt bes\u00f6k p\u00e5 Colosseum \u00e4r avg\u00f6rande f\u00f6r en of\u00f6rgl\u00f6mlig upplevelse p\u00e5 ett av v\u00e4rldens mest ikoniska monument. Om du bokar biljetter online i f\u00f6rv\u00e4g kan du hoppa \u00f6ver [...]<\/p>","protected":false},"author":1,"featured_media":0,"parent":2357,"menu_order":6,"comment_status":"closed","ping_status":"closed","template":"","meta":{"site-sidebar-layout":"no-sidebar","site-content-layout":"page-builder","ast-site-content-layout":"full-width-container","site-content-style":"unboxed","site-sidebar-style":"unboxed","ast-global-header-display":"","ast-banner-title-visibility":"","ast-main-header-display":"","ast-hfb-above-header-display":"","ast-hfb-below-header-display":"","ast-hfb-mobile-header-display":"","site-post-title":"disabled","ast-breadcrumbs-content":"","ast-featured-img":"disabled","footer-sml-layout":"","ast-disable-related-posts":"","theme-transparent-header-meta":"default","adv-header-id-meta":"","stick-header-meta":"","header-above-stick-meta":"","header-main-stick-meta":"","header-below-stick-meta":"","astra-migrate-meta-layouts":"set","ast-page-background-enabled":"default","ast-page-background-meta":{"desktop":{"background-color":"var(--ast-global-color-4)","background-image":"","background-repeat":"repeat","background-position":"center center","background-size":"auto","background-attachment":"scroll","background-type":"","background-media":"","overlay-type":"","overlay-color":"","overlay-opacity":"","overlay-gradient":""},"tablet":{"background-color":"","background-image":"","background-repeat":"repeat","background-position":"center center","background-size":"auto","background-attachment":"scroll","background-type":"","background-media":"","overlay-type":"","overlay-color":"","overlay-opacity":"","overlay-gradient":""},"mobile":{"background-color":"","background-image":"","background-repeat":"repeat","background-position":"center center","background-size":"auto","background-attachment":"scroll","background-type":"","background-media":"","overlay-type":"","overlay-color":"","overlay-opacity":"","overlay-gradient":""}},"ast-content-background-meta":{"desktop":{"background-color":"var(--ast-global-color-5)","background-image":"","background-repeat":"repeat","background-position":"center center","background-size":"auto","background-attachment":"scroll","background-type":"","background-media":"","overlay-type":"","overlay-color":"","overlay-opacity":"","overlay-gradient":""},"tablet":{"background-color":"var(--ast-global-color-5)","background-image":"","background-repeat":"repeat","background-position":"center center","background-size":"auto","background-attachment":"scroll","background-type":"","background-media":"","overlay-type":"","overlay-color":"","overlay-opacity":"","overlay-gradient":""},"mobile":{"background-color":"var(--ast-global-color-5)","background-image":"","background-repeat":"repeat","background-position":"center center","background-size":"auto","background-attachment":"scroll","background-type":"","background-media":"","overlay-type":"","overlay-color":"","overlay-opacity":"","overlay-gradient":""}},"iawp_total_views":16005,"footnotes":""},"class_list":["post-521","page","type-page","status-publish","hentry"],"_links":{"self":[{"href":"https:\/\/colosseo-roma.it\/sv\/wp-json\/wp\/v2\/pages\/521","targetHints":{"allow":["GET"]}}],"collection":[{"href":"https:\/\/colosseo-roma.it\/sv\/wp-json\/wp\/v2\/pages"}],"about":[{"href":"https:\/\/colosseo-roma.it\/sv\/wp-json\/wp\/v2\/types\/page"}],"author":[{"embeddable":true,"href":"https:\/\/colosseo-roma.it\/sv\/wp-json\/wp\/v2\/users\/1"}],"replies":[{"embeddable":true,"href":"https:\/\/colosseo-roma.it\/sv\/wp-json\/wp\/v2\/comments?post=521"}],"version-history":[{"count":0,"href":"https:\/\/colosseo-roma.it\/sv\/wp-json\/wp\/v2\/pages\/521\/revisions"}],"up":[{"embeddable":true,"href":"https:\/\/colosseo-roma.it\/sv\/wp-json\/wp\/v2\/pages\/2357"}],"wp:attachment":[{"href":"https:\/\/colosseo-roma.it\/sv\/wp-json\/wp\/v2\/media?parent=521"}],"curies":[{"name":"wp","href":"https:\/\/api.w.org\/{rel}","templated":true}]}}