{"id":528,"date":"2023-03-28T09:17:41","date_gmt":"2023-03-28T08:17:41","guid":{"rendered":"https:\/\/wordpress-1074717-3818660.cloudwaysapps.com\/?page_id=528"},"modified":"2026-01-26T17:11:52","modified_gmt":"2026-01-26T16:11:52","slug":"coliseum","status":"publish","type":"page","link":"https:\/\/colosseo-roma.it\/sv\/colosseums-arkeologiska-park\/coliseum\/","title":{"rendered":"Colosseum"},"content":{"rendered":"<div data-elementor-type=\"wp-page\" data-elementor-id=\"528\" class=\"elementor elementor-528\" data-elementor-post-type=\"page\">\n\t\t\t\t\t\t<section class=\"elementor-section elementor-top-section elementor-element elementor-element-f7c0010 elementor-section-boxed elementor-section-height-default elementor-section-height-default\" data-id=\"f7c0010\" data-element_type=\"section\" data-settings=\"{&quot;jet_parallax_layout_list&quot;:[],&quot;ekit_has_onepagescroll_dot&quot;:&quot;yes&quot;}\">\n\t\t\t\t\t\t<div class=\"elementor-container elementor-column-gap-default\">\n\t\t\t\t\t<div class=\"elementor-column elementor-col-100 elementor-top-column elementor-element elementor-element-c1d5877\" data-id=\"c1d5877\" data-element_type=\"column\" data-settings=\"{&quot;background_background&quot;:&quot;classic&quot;}\">\n\t\t\t<div class=\"elementor-widget-wrap elementor-element-populated\">\n\t\t\t\t\t\t<div class=\"elementor-element elementor-element-2b03883 elementor-widget elementor-widget-heading\" data-id=\"2b03883\" data-element_type=\"widget\" data-settings=\"{&quot;ekit_we_effect_on&quot;:&quot;none&quot;}\" data-widget_type=\"heading.default\">\n\t\t\t\t<div class=\"elementor-widget-container\">\n\t\t\t<h1 class=\"elementor-heading-title elementor-size-default\">Colosseum<\/h1>\t\t<\/div>\n\t\t\t\t<\/div>\n\t\t\t\t<div class=\"elementor-element elementor-element-3c63e13 elementor-widget elementor-widget-text-editor\" data-id=\"3c63e13\" data-element_type=\"widget\" data-settings=\"{&quot;ekit_we_effect_on&quot;:&quot;none&quot;}\" data-widget_type=\"text-editor.default\">\n\t\t\t\t<div class=\"elementor-widget-container\">\n\t\t\t\t\t\t\t<p>Ett bes\u00f6k p\u00e5 Colosseum \u00e4r en unik och of\u00f6rgl\u00f6mlig upplevelse som g\u00f6r att du kan f\u00f6rdjupa dig i historien och sk\u00f6nheten i ett av v\u00e4rldens mest ikoniska monument.<\/p>\t\t\t\t\t\t<\/div>\n\t\t\t\t<\/div>\n\t\t\t\t<div class=\"elementor-element elementor-element-cbf735d elementor-widget elementor-widget-html\" data-id=\"cbf735d\" data-element_type=\"widget\" data-settings=\"{&quot;ekit_we_effect_on&quot;:&quot;none&quot;}\" data-widget_type=\"html.default\">\n\t\t\t\t<div class=\"elementor-widget-container\">\n\t\t\t<div data-tiqets-widget=\"discovery\" data-cards-layout=\"responsive\" data-content-type=\"product\" data-item_count=\"4\" data-destination-type=\"venue\" data-destination-id=\"145769\" data-partner=\"colosseo_roma\" data-tq-campaign=\"colosseo\"><\/div><script defer src=\"https:\/\/widgets.tiqets.com\/loader.js\"><\/script>\t\t<\/div>\n\t\t\t\t<\/div>\n\t\t\t\t<div class=\"elementor-element elementor-element-cf9137a elementor-widget elementor-widget-heading\" data-id=\"cf9137a\" data-element_type=\"widget\" data-settings=\"{&quot;ekit_we_effect_on&quot;:&quot;none&quot;}\" data-widget_type=\"heading.default\">\n\t\t\t\t<div class=\"elementor-widget-container\">\n\t\t\t<h3 class=\"elementor-heading-title elementor-size-default\">Den flaviska amfiteatern<\/h3>\t\t<\/div>\n\t\t\t\t<\/div>\n\t\t\t\t<div class=\"elementor-element elementor-element-1fcfaad elementor-widget elementor-widget-text-editor\" data-id=\"1fcfaad\" data-element_type=\"widget\" data-settings=\"{&quot;ekit_we_effect_on&quot;:&quot;none&quot;}\" data-widget_type=\"text-editor.default\">\n\t\t\t\t<div class=\"elementor-widget-container\">\n\t\t\t\t\t\t\t<p>Den antika flaviska amfiteatern, som byggdes i Rom p\u00e5 1000-talet e.Kr., d\u00f6ptes om till \"Colosseum\" p\u00e5 800-talet p\u00e5 grund av sin n\u00e4rhet till den Neroniska kolossen. Etymologin bakom det nya namnet har gett upphov till flera hypoteser: vissa ser i ben\u00e4mningen \"Colosseum\" en h\u00e4nvisning till byggnadens \"kolossala\" proportioner, medan andra h\u00e4nvisar till n\u00e4rheten till Neros koloss, vilket tyder p\u00e5 att folk skulle s\u00e4ga \"ad Colossum eo\", dvs. \"jag g\u00e5r till kolossen\". Enligt en annan teori skulle namnet h\u00e4rstamma fr\u00e5n den antika termen \"Collis Isei\", som syftade p\u00e5 Isis tempel som l\u00e5g p\u00e5 den n\u00e4rbel\u00e4gna Colle Oppio.<\/p>\t\t\t\t\t\t<\/div>\n\t\t\t\t<\/div>\n\t\t\t\t<div class=\"elementor-element elementor-element-7b72c82 elementor-widget elementor-widget-heading\" data-id=\"7b72c82\" data-element_type=\"widget\" data-settings=\"{&quot;ekit_we_effect_on&quot;:&quot;none&quot;}\" data-widget_type=\"heading.default\">\n\t\t\t\t<div class=\"elementor-widget-container\">\n\t\t\t<h5 class=\"elementor-heading-title elementor-size-default\">Bes\u00f6k den flaviska amfiteatern<\/h5>\t\t<\/div>\n\t\t\t\t<\/div>\n\t\t\t\t<div class=\"elementor-element elementor-element-7bf2ad0 elementor-widget elementor-widget-text-editor\" data-id=\"7bf2ad0\" data-element_type=\"widget\" data-settings=\"{&quot;ekit_we_effect_on&quot;:&quot;none&quot;}\" data-widget_type=\"text-editor.default\">\n\t\t\t\t<div class=\"elementor-widget-container\">\n\t\t\t\t\t\t\t<p>Colosseum i Rom \u00e4r en romersk amfiteater som byggdes p\u00e5 1000-talet e.Kr. och \u00e4r ett av de mest k\u00e4nda och bes\u00f6kta monumenten i v\u00e4rlden. Det \u00e4r k\u00e4nt som den flaviska amfiteatern och har inkluderats bland v\u00e4rldens sju underverk f\u00f6r sitt majest\u00e4t och sin historiska betydelse. Colosseum \u00e4r mest k\u00e4nt f\u00f6r att vara epicentrum f\u00f6r det antika Roms gladiatorshower och strider.<\/p>\t\t\t\t\t\t<\/div>\n\t\t\t\t<\/div>\n\t\t\t\t<div class=\"elementor-element elementor-element-02f550b elementor-widget elementor-widget-heading\" data-id=\"02f550b\" data-element_type=\"widget\" data-settings=\"{&quot;ekit_we_effect_on&quot;:&quot;none&quot;}\" data-widget_type=\"heading.default\">\n\t\t\t\t<div class=\"elementor-widget-container\">\n\t\t\t<h5 class=\"elementor-heading-title elementor-size-default\">Anv\u00e4ndbar information f\u00f6r att bes\u00f6ka Colosseum<\/h5>\t\t<\/div>\n\t\t\t\t<\/div>\n\t\t\t\t<div class=\"elementor-element elementor-element-4947f3a elementor-widget elementor-widget-text-editor\" data-id=\"4947f3a\" data-element_type=\"widget\" data-settings=\"{&quot;ekit_we_effect_on&quot;:&quot;none&quot;}\" data-widget_type=\"text-editor.default\">\n\t\t\t\t<div class=\"elementor-widget-container\">\n\t\t\t\t\t\t\t<p>Intr\u00e4desbiljetter kan k\u00f6pas online eller p\u00e5 auktoriserade f\u00f6rs\u00e4ljningsst\u00e4llen. Vi rekommenderar dock att du k\u00f6per en organiserad tur online med en \"skip the line\"-biljett f\u00f6r att undvika l\u00e5nga k\u00f6er.<\/p><p>Den arkeologiska parken Colosseum \u00e4r l\u00e4ttillg\u00e4nglig fr\u00e5n stadens centrum<\/p><ul><li>G\u00e5ngavst\u00e5nd till Roms centrum<\/li><li>Buss<\/li><li>Metro<\/li><\/ul><p>De viktigaste sev\u00e4rdheterna i Rom som kan n\u00e5s fr\u00e5n Colosseum \u00e4r<\/p><ul><li>Domus Aurea<\/li><li>Forum Romanum Palatine<\/li><\/ul>\t\t\t\t\t\t<\/div>\n\t\t\t\t<\/div>\n\t\t\t\t<div class=\"elementor-element elementor-element-f36208e elementor-widget elementor-widget-heading\" data-id=\"f36208e\" data-element_type=\"widget\" data-settings=\"{&quot;ekit_we_effect_on&quot;:&quot;none&quot;}\" data-widget_type=\"heading.default\">\n\t\t\t\t<div class=\"elementor-widget-container\">\n\t\t\t<h5 class=\"elementor-heading-title elementor-size-default\">Den flaviska amfiteaterns arkitektur<\/h5>\t\t<\/div>\n\t\t\t\t<\/div>\n\t\t\t\t<div class=\"elementor-element elementor-element-7eff0fc elementor-widget elementor-widget-text-editor\" data-id=\"7eff0fc\" data-element_type=\"widget\" data-settings=\"{&quot;ekit_we_effect_on&quot;:&quot;none&quot;}\" data-widget_type=\"text-editor.default\">\n\t\t\t\t<div class=\"elementor-widget-container\">\n\t\t\t\t\t\t\t<p>Colosseum i Rom \u00e4r ett av den romerska arkitekturens m\u00e4sterverk och ett av de viktigaste vittnesb\u00f6rden om det romerska rikets storhet. Det komplexa systemet i Colosseum best\u00e5r av tre huvudniv\u00e5er, var och en med en serie halvcirkelformade valv, som st\u00f6ds av pelare och kolonner av travertinsten. Dessa b\u00e5gar bildar inre gallerier d\u00e4r upp till 50.000 personer kunde sitta. Colosseums dimensioner \u00e4r h\u00e4pnadsv\u00e4ckande: den ovala arenan t\u00e4cker en yta p\u00e5 cirka 6.000 kvadratmeter och \u00e4r 57 meter h\u00f6g. B\u00e5garna i Colosseum \u00e4r ca 30 meter h\u00f6ga, totalt 80 b\u00e5gar. Colosseums bottenv\u00e5ning var reserverad f\u00f6r organisatoriska aktiviteter, medan de \u00f6vre v\u00e5ningarna inrymde sittplatser f\u00f6r f\u00f6rsamlingar och offentliga firanden av det romerska folket. Colosseums ytterv\u00e4gg var rikt dekorerad med m\u00e5nga stenornament, valv, nischer och avsmalnande pelare. P\u00e5 vardera sidan av byggnaden fanns fyra huvuding\u00e5ngar, var och en med en pelarf\u00f6rsedd portik, som ledde till arenans gallerier. Colosseums majest\u00e4t m\u00f6jliggjordes ocks\u00e5 av ett stort antal bevattnings- och dr\u00e4neringssystem, som gjorde det m\u00f6jligt att anordna evenemang inomhus utan r\u00e4dsla f\u00f6r \u00f6versv\u00e4mningar eller vattenansamlingar. Sammanfattningsvis \u00e4r Colosseums arkitektur exceptionell f\u00f6r sin kombination av funktionalitet och sk\u00f6nhet, vilket g\u00f6r den till en enast\u00e5ende och fortfarande h\u00e4pnadsv\u00e4ckande struktur f\u00f6r bes\u00f6kare fr\u00e5n hela v\u00e4rlden.<\/p>\t\t\t\t\t\t<\/div>\n\t\t\t\t<\/div>\n\t\t\t\t<div class=\"elementor-element elementor-element-056af37 elementor-widget elementor-widget-heading\" data-id=\"056af37\" data-element_type=\"widget\" data-settings=\"{&quot;ekit_we_effect_on&quot;:&quot;none&quot;}\" data-widget_type=\"heading.default\">\n\t\t\t\t<div class=\"elementor-widget-container\">\n\t\t\t<h5 class=\"elementor-heading-title elementor-size-default\">Colosseums historia<\/h5>\t\t<\/div>\n\t\t\t\t<\/div>\n\t\t\t\t<div class=\"elementor-element elementor-element-1c9abae elementor-widget elementor-widget-text-editor\" data-id=\"1c9abae\" data-element_type=\"widget\" data-settings=\"{&quot;ekit_we_effect_on&quot;:&quot;none&quot;}\" data-widget_type=\"text-editor.default\">\n\t\t\t\t<div class=\"elementor-widget-container\">\n\t\t\t\t\t\t\t<p>Colosseum b\u00f6rjade byggas under kejsar Vespasianus \u00e5r 72 e.Kr. och f\u00e4rdigst\u00e4lldes under hans son Titus \u00e5r 80 e.Kr. Det var m\u00f6jligt tack vare Roms stadsreform, som ledde till att Campus Martius togs i anspr\u00e5k och att det stora omr\u00e5det Colle Oppio skapades. Colosseum var ursprungligen k\u00e4nd som den flaviska amfiteatern, f\u00f6r att hedra den flaviska dynastin. Huvudsyftet med Colosseum var att vara v\u00e4rd f\u00f6r en m\u00e4ngd olika offentliga spektakel, i synnerhet gladiatorstrider, jakt p\u00e5 vilda djur och simulerade sj\u00f6slag, tack vare den innovativa tekniken med en stor underjordisk cistern som kunde fyllas med vatten. Colosseum blev snabbt en av imperiets favoritplatser f\u00f6r underh\u00e5llning och anv\u00e4ndes \u00e4ven vid offentliga festivaler och firanden, som t.ex. firandet av er\u00f6vringen av Jerusalem \u00e5r 70 e.Kr. Trots sin historiska betydelse f\u00f6rf\u00f6ll Colosseum under medeltiden och anv\u00e4ndes som k\u00e4lla f\u00f6r byggmaterial. Under \u00e5rhundradenas lopp har byggnaden tagit stor skada, b\u00e5de av jordb\u00e4vningar och av tidens tand och slitage.<\/p><p>Idag \u00e4r Colosseum fortfarande ett av v\u00e4rldens mest bes\u00f6kta monument och en av de viktigaste symbolerna f\u00f6r Roms \u00e4rorika f\u00f6rflutna. Tack vare v\u00e5r historiska kunskap och teknik har Colosseum kunnat restaureras och bevaras f\u00f6r kommande generationer.<\/p>\t\t\t\t\t\t<\/div>\n\t\t\t\t<\/div>\n\t\t\t\t<div class=\"elementor-element elementor-element-b2c6de7 elementor-widget elementor-widget-heading\" data-id=\"b2c6de7\" data-element_type=\"widget\" data-settings=\"{&quot;ekit_we_effect_on&quot;:&quot;none&quot;}\" data-widget_type=\"heading.default\">\n\t\t\t\t<div class=\"elementor-widget-container\">\n\t\t\t<h5 class=\"elementor-heading-title elementor-size-default\">Terrassen till det imponerande monumentet<\/h5>\t\t<\/div>\n\t\t\t\t<\/div>\n\t\t\t\t<div class=\"elementor-element elementor-element-602d3ae elementor-widget elementor-widget-text-editor\" data-id=\"602d3ae\" data-element_type=\"widget\" data-settings=\"{&quot;ekit_we_effect_on&quot;:&quot;none&quot;}\" data-widget_type=\"text-editor.default\">\n\t\t\t\t<div class=\"elementor-widget-container\">\n\t\t\t\t\t\t\t<p>Tilltr\u00e4det till Colosseum var fritt och man gick in genom 76 numrerade b\u00e5gar markerade med r\u00f6tt, varav 29 fortfarande \u00e4r synliga p\u00e5 den norra sidan. V\u00e4gledning f\u00f6r \u00e5sk\u00e5darna fanns p\u00e5 stigarna i b\u00e5garna och \u00e4ven p\u00e5 de kort som delades ut till varje hush\u00e5llschef. F\u00f6rdelningen av platser f\u00f6ljde ett strikt hierarkiskt kriterium: den b\u00e4sta utsikten var fr\u00e5n den kejserliga logen, bel\u00e4gen vid den s\u00f6dra ing\u00e5ngen, p\u00e5 monumentets mindre axel. Senatorerna hade de b\u00e4sta platserna n\u00e4ra arenan, f\u00f6ljt av sektorn bakom som var reserverad f\u00f6r riddarna, medan de tv\u00e5 sektorerna i maenianum secundum inrymde gradvis l\u00e4gre sociala kategorier. De s\u00e4msta platserna, sett till synlighet och l\u00e4ttillg\u00e4nglighet, fanns i maenianum summum, den pelarf\u00f6rsedda portik som kr\u00f6nte cavea och som var utrustad med tr\u00e4stolar reserverade f\u00f6r plebejerna. H\u00e4rifr\u00e5n kunde man n\u00e5 terrassen p\u00e5 den s\u00e5 kallade \"Belvedere\" p\u00e5 tredje v\u00e5ningen, fr\u00e5n vilken det nu \u00e4r m\u00f6jligt att beundra cavea fr\u00e5n olika h\u00f6jder i de h\u00f6gre klasserna, som n\u00e5r terrasserna p\u00e5 tredje, fj\u00e4rde och femte v\u00e5ningen.<\/p>\t\t\t\t\t\t<\/div>\n\t\t\t\t<\/div>\n\t\t\t\t<div class=\"elementor-element elementor-element-2e7af6b elementor-widget elementor-widget-spacer\" data-id=\"2e7af6b\" data-element_type=\"widget\" data-settings=\"{&quot;ekit_we_effect_on&quot;:&quot;none&quot;}\" data-widget_type=\"spacer.default\">\n\t\t\t\t<div class=\"elementor-widget-container\">\n\t\t\t\t\t<div class=\"elementor-spacer\">\n\t\t\t<div class=\"elementor-spacer-inner\"><\/div>\n\t\t<\/div>\n\t\t\t\t<\/div>\n\t\t\t\t<\/div>\n\t\t\t\t<div class=\"elementor-element elementor-element-373d514 elementor-widget elementor-widget-heading\" data-id=\"373d514\" data-element_type=\"widget\" data-settings=\"{&quot;ekit_we_effect_on&quot;:&quot;none&quot;}\" data-widget_type=\"heading.default\">\n\t\t\t\t<div class=\"elementor-widget-container\">\n\t\t\t<h3 class=\"elementor-heading-title elementor-size-default\">Recensioner<\/h3>\t\t<\/div>\n\t\t\t\t<\/div>\n\t\t<div class=\"elementor-element elementor-element-75822e0 e-flex e-con-boxed e-con e-parent\" data-id=\"75822e0\" data-element_type=\"container\" data-settings=\"{&quot;jet_parallax_layout_list&quot;:[],&quot;ekit_has_onepagescroll_dot&quot;:&quot;yes&quot;}\">\n\t\t\t\t\t<div class=\"e-con-inner\">\n\t\t\t\t<div class=\"elementor-element elementor-element-1ebef0a elementor-widget elementor-widget-jet-carousel\" data-id=\"1ebef0a\" data-element_type=\"widget\" data-settings=\"{&quot;slides_to_show&quot;:&quot;3&quot;,&quot;slides_to_scroll&quot;:&quot;3&quot;,&quot;slides_to_show_tablet&quot;:&quot;2&quot;,&quot;slides_to_show_mobile&quot;:&quot;1&quot;,&quot;slides_to_scroll_tablet&quot;:&quot;2&quot;,&quot;slides_to_scroll_mobile&quot;:&quot;1&quot;,&quot;ekit_we_effect_on&quot;:&quot;none&quot;}\" data-widget_type=\"jet-carousel.default\">\n\t\t\t\t<div class=\"elementor-widget-container\">\n\t\t\t<div class=\"elementor-jet-carousel jet-elements\"><div class=\"jet-carousel-wrap jet-equal-cols\">\n\t<div class=\"jet-carousel\" data-slider_options=\"{&quot;autoplaySpeed&quot;:5000,&quot;autoplay&quot;:true,&quot;infinite&quot;:true,&quot;centerMode&quot;:false,&quot;centerPadding&quot;:&quot;50px&quot;,&quot;pauseOnHover&quot;:false,&quot;speed&quot;:500,&quot;arrows&quot;:true,&quot;dots&quot;:false,&quot;variableWidth&quot;:false,&quot;prevArrow&quot;:&quot;.jet-carousel__prev-arrow-1ebef0a&quot;,&quot;nextArrow&quot;:&quot;.jet-carousel__next-arrow-1ebef0a&quot;,&quot;rtl&quot;:false,&quot;fractionNav&quot;:false}\" dir=\"ltr\">\n\t<div class=\"elementor-slick-slider\">\n\n<div class=\"jet-carousel__item\">\n\t<div class=\"jet-carousel__item-inner\"><div class=\"jet-carousel__content\"><h5 class=\"jet-carousel__item-title\"><\/h5><div class=\"jet-carousel__item-text\"><p>Colosseum \u00e4r en av de mest ikoniska platserna i den eviga staden och i hela v\u00e4rlden. Den h\u00e4r antika strukturen \u00e4r otroligt storslagen och man kan inte l\u00e5ta bli att k\u00e4nna en k\u00e4nsla av f\u00f6rundran och respekt n\u00e4r man bes\u00f6ker den.<\/p><\/div><\/div><\/div>\n<\/div>\n\n<div class=\"jet-carousel__item\">\n\t<div class=\"jet-carousel__item-inner\"><div class=\"jet-carousel__content\"><h5 class=\"jet-carousel__item-title\"><\/h5><div class=\"jet-carousel__item-text\"><p>Att bes\u00f6ka Colosseum \u00e4r en of\u00f6rgl\u00f6mlig upplevelse som du inte f\u00e5r missa om du \u00e4r i Rom. Arenans majest\u00e4t och den historia som du andas i varje h\u00f6rn g\u00f6r den till en unik plats i v\u00e4rlden.<\/p><\/div><\/div><\/div>\n<\/div>\n\n<div class=\"jet-carousel__item\">\n\t<div class=\"jet-carousel__item-inner\"><div class=\"jet-carousel__content\"><h5 class=\"jet-carousel__item-title\"><\/h5><div class=\"jet-carousel__item-text\"><p>Colosseum m\u00e5 vara \u00f6verfullt av turister, men det \u00e4r \u00e4nd\u00e5 v\u00e4rt ett bes\u00f6k. Det \u00e4r ett arkitektoniskt verk som p\u00e5 ett perfekt s\u00e4tt representerar romarrikets storhet och dess betydelse i m\u00e4nsklighetens historia.<\/p><\/div><\/div><\/div>\n<\/div>\n\n<div class=\"jet-carousel__item\">\n\t<div class=\"jet-carousel__item-inner\"><div class=\"jet-carousel__content\"><h5 class=\"jet-carousel__item-title\"><\/h5><div class=\"jet-carousel__item-text\"><p>Ett bes\u00f6k i Colosseum kr\u00e4ver lite t\u00e5lamod, s\u00e4rskilt om man vill undvika k\u00f6erna f\u00f6r att komma in. Men v\u00e4l inne i arenan \u00e4r sk\u00f6nheten i arenan och de antika freskerna som dekorerar den v\u00e4rt alla anstr\u00e4ngningar.<\/p><\/div><\/div><\/div>\n<\/div>\n\n<div class=\"jet-carousel__item\">\n\t<div class=\"jet-carousel__item-inner\"><div class=\"jet-carousel__content\"><h5 class=\"jet-carousel__item-title\"><\/h5><div class=\"jet-carousel__item-text\"><p>Colosseum \u00e4r en av de mest fotograferade platserna i v\u00e4rlden och det \u00e4r l\u00e4tt att f\u00f6rst\u00e5 varf\u00f6r. Den imponerande strukturen och den sl\u00e5ende utsikten \u00f6ver staden Rom g\u00f6r det till ett m\u00e5ste f\u00f6r alla fotoentusiaster.<\/p><\/div><\/div><\/div>\n<\/div>\n\n<div class=\"jet-carousel__item\">\n\t<div class=\"jet-carousel__item-inner\"><div class=\"jet-carousel__content\"><h5 class=\"jet-carousel__item-title\"><\/h5><div class=\"jet-carousel__item-text\"><p>Om du inte \u00e4r bekant med de historiska detaljerna om Colosseum kan du f\u00f6lja med p\u00e5 en guidad tur f\u00f6r att l\u00e4ra dig mer om dess historia och kuriosa som omger det.<\/p><\/div><\/div><\/div>\n<\/div>\n\n<div class=\"jet-carousel__item\">\n\t<div class=\"jet-carousel__item-inner\"><div class=\"jet-carousel__content\"><h5 class=\"jet-carousel__item-title\"><\/h5><div class=\"jet-carousel__item-text\"><p>Colosseum \u00e4r en plats som aldrig upph\u00f6r att f\u00f6rv\u00e5na och fascinera, \u00e4ven efter m\u00e5nga bes\u00f6k. Dess storhet och tecknen p\u00e5 dess antika storhet \u00e4r fortfarande mycket tydliga.<\/p><\/div><\/div><\/div>\n<\/div>\n\n<div class=\"jet-carousel__item\">\n\t<div class=\"jet-carousel__item-inner\"><div class=\"jet-carousel__content\"><h5 class=\"jet-carousel__item-title\"><\/h5><div class=\"jet-carousel__item-text\"><p>Colosseum \u00e4r en ikonisk symbol f\u00f6r staden Rom och hela landet. Varje italienare b\u00f6r bes\u00f6ka det minst en g\u00e5ng under sin livstid f\u00f6r att uppskatta dess sk\u00f6nhet och majest\u00e4tiska arkitektur.<\/p><\/div><\/div><\/div>\n<\/div>\n\n<div class=\"jet-carousel__item\">\n\t<div class=\"jet-carousel__item-inner\"><div class=\"jet-carousel__content\"><h5 class=\"jet-carousel__item-title\"><\/h5><div class=\"jet-carousel__item-text\"><p>Trots allt verkar Colosseum fortfarande st\u00e5 kvar med sin styrka och robusthet, trots den tid som har g\u00e5tt. Det \u00e4r en evig symbol f\u00f6r m\u00e4nsklighetens storhet och dess vilja att bygga outpl\u00e5nliga monument.<\/p><\/div><\/div><\/div>\n<\/div>\n\n<div class=\"jet-carousel__item\">\n\t<div class=\"jet-carousel__item-inner\"><div class=\"jet-carousel__content\"><h5 class=\"jet-carousel__item-title\"><\/h5><div class=\"jet-carousel__item-text\"><p>Ett bes\u00f6k p\u00e5 Colosseum \u00e4r f\u00f6rmodligen ett av de mest sp\u00e4nnande \u00f6gonblicken man kan uppleva i Rom. Att titta p\u00e5 arenan och f\u00f6rest\u00e4lla sig de strider som \u00e4gde rum d\u00e4r f\u00f6r \u00e5rhundraden sedan \u00e4r en upplevelse som inte g\u00e5r att upprepa.<\/p><\/div><\/div><\/div>\n<\/div>\n<\/div><div class=\"jet-carousel__prev-arrow-1ebef0a jet-arrow prev-arrow\"><i aria-hidden=\"true\" class=\"fal fa-chevron-left\"><\/i><\/div><div class=\"jet-carousel__next-arrow-1ebef0a jet-arrow next-arrow\"><i aria-hidden=\"true\" class=\"fal fa-chevron-right\"><\/i><\/div><\/div>\n<\/div>\n<\/div>\t\t<\/div>\n\t\t\t\t<\/div>\n\t\t\t\t\t<\/div>\n\t\t\t\t<\/div>\n\t\t\t\t\t<\/div>\n\t\t<\/div>\n\t\t\t\t\t<\/div>\n\t\t<\/section>\n\t\t\t\t<\/div>","protected":false},"excerpt":{"rendered":"<p>Colosseum Ett bes\u00f6k p\u00e5 Colosseum \u00e4r en unik och of\u00f6rgl\u00f6mlig upplevelse som g\u00f6r att du kan f\u00f6rdjupa dig i historien och sk\u00f6nheten i ett av v\u00e4rldens mest ikoniska monument. Den flaviska amfiteatern Den flaviska amfiteatern, som byggdes i Rom p\u00e5 1000-talet e.Kr., d\u00f6ptes om till \"Colosseum\" p\u00e5 800-talet p\u00e5 grund av sin n\u00e4rhet till den Neroniska kolossen. Etymologin av [...]]<\/p>","protected":false},"author":1,"featured_media":0,"parent":526,"menu_order":0,"comment_status":"closed","ping_status":"closed","template":"","meta":{"site-sidebar-layout":"no-sidebar","site-content-layout":"page-builder","ast-site-content-layout":"full-width-container","site-content-style":"unboxed","site-sidebar-style":"unboxed","ast-global-header-display":"","ast-banner-title-visibility":"","ast-main-header-display":"","ast-hfb-above-header-display":"","ast-hfb-below-header-display":"","ast-hfb-mobile-header-display":"","site-post-title":"disabled","ast-breadcrumbs-content":"","ast-featured-img":"disabled","footer-sml-layout":"","ast-disable-related-posts":"","theme-transparent-header-meta":"default","adv-header-id-meta":"","stick-header-meta":"","header-above-stick-meta":"","header-main-stick-meta":"","header-below-stick-meta":"","astra-migrate-meta-layouts":"set","ast-page-background-enabled":"default","ast-page-background-meta":{"desktop":{"background-color":"var(--ast-global-color-4)","background-image":"","background-repeat":"repeat","background-position":"center center","background-size":"auto","background-attachment":"scroll","background-type":"","background-media":"","overlay-type":"","overlay-color":"","overlay-opacity":"","overlay-gradient":""},"tablet":{"background-color":"","background-image":"","background-repeat":"repeat","background-position":"center center","background-size":"auto","background-attachment":"scroll","background-type":"","background-media":"","overlay-type":"","overlay-color":"","overlay-opacity":"","overlay-gradient":""},"mobile":{"background-color":"","background-image":"","background-repeat":"repeat","background-position":"center center","background-size":"auto","background-attachment":"scroll","background-type":"","background-media":"","overlay-type":"","overlay-color":"","overlay-opacity":"","overlay-gradient":""}},"ast-content-background-meta":{"desktop":{"background-color":"var(--ast-global-color-5)","background-image":"","background-repeat":"repeat","background-position":"center center","background-size":"auto","background-attachment":"scroll","background-type":"","background-media":"","overlay-type":"","overlay-color":"","overlay-opacity":"","overlay-gradient":""},"tablet":{"background-color":"var(--ast-global-color-5)","background-image":"","background-repeat":"repeat","background-position":"center center","background-size":"auto","background-attachment":"scroll","background-type":"","background-media":"","overlay-type":"","overlay-color":"","overlay-opacity":"","overlay-gradient":""},"mobile":{"background-color":"var(--ast-global-color-5)","background-image":"","background-repeat":"repeat","background-position":"center center","background-size":"auto","background-attachment":"scroll","background-type":"","background-media":"","overlay-type":"","overlay-color":"","overlay-opacity":"","overlay-gradient":""}},"iawp_total_views":6411,"footnotes":""},"class_list":["post-528","page","type-page","status-publish","hentry"],"_links":{"self":[{"href":"https:\/\/colosseo-roma.it\/sv\/wp-json\/wp\/v2\/pages\/528","targetHints":{"allow":["GET"]}}],"collection":[{"href":"https:\/\/colosseo-roma.it\/sv\/wp-json\/wp\/v2\/pages"}],"about":[{"href":"https:\/\/colosseo-roma.it\/sv\/wp-json\/wp\/v2\/types\/page"}],"author":[{"embeddable":true,"href":"https:\/\/colosseo-roma.it\/sv\/wp-json\/wp\/v2\/users\/1"}],"replies":[{"embeddable":true,"href":"https:\/\/colosseo-roma.it\/sv\/wp-json\/wp\/v2\/comments?post=528"}],"version-history":[{"count":0,"href":"https:\/\/colosseo-roma.it\/sv\/wp-json\/wp\/v2\/pages\/528\/revisions"}],"up":[{"embeddable":true,"href":"https:\/\/colosseo-roma.it\/sv\/wp-json\/wp\/v2\/pages\/526"}],"wp:attachment":[{"href":"https:\/\/colosseo-roma.it\/sv\/wp-json\/wp\/v2\/media?parent=528"}],"curies":[{"name":"wp","href":"https:\/\/api.w.org\/{rel}","templated":true}]}}