{"id":53,"date":"2023-03-10T11:30:46","date_gmt":"2023-03-10T10:30:46","guid":{"rendered":"https:\/\/wordpress-1074717-3818660.cloudwaysapps.com\/?page_id=53"},"modified":"2026-01-26T16:42:41","modified_gmt":"2026-01-26T15:42:41","slug":"ludus","status":"publish","type":"page","link":"https:\/\/colosseo-roma.it\/sv\/romarriket\/ludus\/","title":{"rendered":"Ludus"},"content":{"rendered":"<div data-elementor-type=\"wp-page\" data-elementor-id=\"53\" class=\"elementor elementor-53\" data-elementor-post-type=\"page\">\n\t\t\t\t\t\t<section class=\"elementor-section elementor-top-section elementor-element elementor-element-1e61d2d elementor-section-boxed elementor-section-height-default elementor-section-height-default\" data-id=\"1e61d2d\" data-element_type=\"section\" data-settings=\"{&quot;jet_parallax_layout_list&quot;:[],&quot;ekit_has_onepagescroll_dot&quot;:&quot;yes&quot;}\">\n\t\t\t\t\t\t<div class=\"elementor-container elementor-column-gap-default\">\n\t\t\t\t\t<div class=\"elementor-column elementor-col-100 elementor-top-column elementor-element elementor-element-1093d22\" data-id=\"1093d22\" data-element_type=\"column\">\n\t\t\t<div class=\"elementor-widget-wrap elementor-element-populated\">\n\t\t\t\t\t\t<div class=\"elementor-element elementor-element-574882b elementor-widget elementor-widget-heading\" data-id=\"574882b\" data-element_type=\"widget\" data-settings=\"{&quot;ekit_we_effect_on&quot;:&quot;none&quot;}\" data-widget_type=\"heading.default\">\n\t\t\t\t<div class=\"elementor-widget-container\">\n\t\t\t<h1 class=\"elementor-heading-title elementor-size-default\">La Ludis<\/h1>\t\t<\/div>\n\t\t\t\t<\/div>\n\t\t\t\t<div class=\"elementor-element elementor-element-e0b9cf4 elementor-widget elementor-widget-heading\" data-id=\"e0b9cf4\" data-element_type=\"widget\" data-settings=\"{&quot;ekit_we_effect_on&quot;:&quot;none&quot;}\" data-widget_type=\"heading.default\">\n\t\t\t\t<div class=\"elementor-widget-container\">\n\t\t\t<h5 class=\"elementor-heading-title elementor-size-default\">\nSpel (ludus) eller fester var ursprungligen f\u00f6r romarna en slags religi\u00f6s ceremoni, en ritual som utf\u00f6rdes f\u00f6r att vinna gudarnas gunst, hade ett f\u00f6rsonande syfte eller ett minnesm\u00e4rke.<\/h5>\t\t<\/div>\n\t\t\t\t<\/div>\n\t\t\t\t<section data-dce-background-image-url=\"https:\/\/colosseo-roma.it\/wp-content\/uploads\/2023\/03\/rome-3550739_1920.jpg\" class=\"elementor-section elementor-inner-section elementor-element elementor-element-85dfc67 elementor-section-height-min-height elementor-section-boxed elementor-section-height-default\" data-id=\"85dfc67\" data-element_type=\"section\" data-settings=\"{&quot;jet_parallax_layout_list&quot;:[],&quot;background_background&quot;:&quot;classic&quot;,&quot;ekit_has_onepagescroll_dot&quot;:&quot;yes&quot;}\">\n\t\t\t\t\t\t<div class=\"elementor-container elementor-column-gap-default\">\n\t\t\t\t\t<div class=\"elementor-column elementor-col-100 elementor-inner-column elementor-element elementor-element-97de53d\" data-id=\"97de53d\" data-element_type=\"column\">\n\t\t\t<div class=\"elementor-widget-wrap\">\n\t\t\t\t\t\t\t<\/div>\n\t\t<\/div>\n\t\t\t\t\t<\/div>\n\t\t<\/section>\n\t\t\t\t<div class=\"elementor-element elementor-element-1dde345 elementor-widget elementor-widget-text-editor\" data-id=\"1dde345\" data-element_type=\"widget\" data-settings=\"{&quot;ekit_we_effect_on&quot;:&quot;none&quot;}\" data-widget_type=\"text-editor.default\">\n\t\t\t\t<div class=\"elementor-widget-container\">\n\t\t\t\t\t\t\t<p>Spelen (ludus) kunde vara av fyra olika slag: \"teater\", \"cirkus\", \"atletiska\" och \"jakt\". I den flaviska amfiteatern, den mest ber\u00f6mda arenan i den antika v\u00e4rlden, \u00e4gde gladiatorstrider (munera), jaktf\u00f6rest\u00e4llningar (venationes) och i b\u00f6rjan \u00e4ven sj\u00f6slag rum. avr\u00e4ttningar genomf\u00f6rdes ocks\u00e5 p\u00e5 arenan, men det finns inga historiska bevis f\u00f6r att kristna led martyrd\u00f6den d\u00e4r.<\/p><p>Demonstrationerna var av olika slag, ibland grymma och ibland p\u00e5minde de om cirkusf\u00f6rest\u00e4llningar med dresserade djur.<\/p><p>I vilket fall som helst kr\u00e4vde varje f\u00f6rest\u00e4llning en hel del organisation och resulterade i mycket h\u00f6ga kostnader.<\/p><p>Under spelen var colosseum v\u00e4rd f\u00f6r en enorm publik p\u00e5 sina l\u00e4ktare, redo att titta p\u00e5 de extraordin\u00e4ra spektaklen med girighet och sp\u00e4nning.... f\u00f6rs\u00f6k att f\u00f6rest\u00e4lla dig \u00f6ver 50.000 \u00e5sk\u00e5dare som inte var \"i sitt skinn\" och som nj\u00f6t av gladiatorernas blod och djurens grymhet....<\/p><p>I dag njuter vi av Colosseums tystnad, av dess nattliga atmosf\u00e4r och av \u00f6gonblicket d\u00e5 det t\u00e4nds varje g\u00e5ng ett d\u00f6dsstraff upph\u00e4vs i v\u00e4rlden. vi tycker om det s\u00e5 i dag, \u00e4ven utan de vackra kulorna; renade av tiden.<\/p>\t\t\t\t\t\t<\/div>\n\t\t\t\t<\/div>\n\t\t\t\t\t<\/div>\n\t\t<\/div>\n\t\t\t\t\t<\/div>\n\t\t<\/section>\n\t\t\t\t<\/div>","protected":false},"excerpt":{"rendered":"<p>Ludis Spelen (ludus) eller festerna var ursprungligen f\u00f6r romarna ett slags religi\u00f6s ceremoni, en ritual som utf\u00f6rdes f\u00f6r att vinna gudarnas v\u00e4lvilja, hade ett f\u00f6rsonande syfte eller ett minnesm\u00e4rke. Spelen (ludus) kunde vara av fyra olika slag: \"teater\", \"cirkus\", \"idrott\" och \"jakt\". I den flaviska amfiteatern, den mest ber\u00f6mda arenan i den antika v\u00e4rlden, [...].<\/p>","protected":false},"author":1,"featured_media":0,"parent":556,"menu_order":0,"comment_status":"closed","ping_status":"closed","template":"","meta":{"site-sidebar-layout":"no-sidebar","site-content-layout":"page-builder","ast-site-content-layout":"full-width-container","site-content-style":"unboxed","site-sidebar-style":"unboxed","ast-global-header-display":"","ast-banner-title-visibility":"","ast-main-header-display":"","ast-hfb-above-header-display":"","ast-hfb-below-header-display":"","ast-hfb-mobile-header-display":"","site-post-title":"disabled","ast-breadcrumbs-content":"","ast-featured-img":"disabled","footer-sml-layout":"","ast-disable-related-posts":"","theme-transparent-header-meta":"default","adv-header-id-meta":"","stick-header-meta":"","header-above-stick-meta":"","header-main-stick-meta":"","header-below-stick-meta":"","astra-migrate-meta-layouts":"default","ast-page-background-enabled":"default","ast-page-background-meta":{"desktop":{"background-color":"var(--ast-global-color-4)","background-image":"","background-repeat":"repeat","background-position":"center center","background-size":"auto","background-attachment":"scroll","background-type":"","background-media":"","overlay-type":"","overlay-color":"","overlay-opacity":"","overlay-gradient":""},"tablet":{"background-color":"","background-image":"","background-repeat":"repeat","background-position":"center center","background-size":"auto","background-attachment":"scroll","background-type":"","background-media":"","overlay-type":"","overlay-color":"","overlay-opacity":"","overlay-gradient":""},"mobile":{"background-color":"","background-image":"","background-repeat":"repeat","background-position":"center center","background-size":"auto","background-attachment":"scroll","background-type":"","background-media":"","overlay-type":"","overlay-color":"","overlay-opacity":"","overlay-gradient":""}},"ast-content-background-meta":{"desktop":{"background-color":"var(--ast-global-color-5)","background-image":"","background-repeat":"repeat","background-position":"center center","background-size":"auto","background-attachment":"scroll","background-type":"","background-media":"","overlay-type":"","overlay-color":"","overlay-opacity":"","overlay-gradient":""},"tablet":{"background-color":"var(--ast-global-color-5)","background-image":"","background-repeat":"repeat","background-position":"center center","background-size":"auto","background-attachment":"scroll","background-type":"","background-media":"","overlay-type":"","overlay-color":"","overlay-opacity":"","overlay-gradient":""},"mobile":{"background-color":"var(--ast-global-color-5)","background-image":"","background-repeat":"repeat","background-position":"center center","background-size":"auto","background-attachment":"scroll","background-type":"","background-media":"","overlay-type":"","overlay-color":"","overlay-opacity":"","overlay-gradient":""}},"iawp_total_views":287,"footnotes":""},"class_list":["post-53","page","type-page","status-publish","hentry"],"_links":{"self":[{"href":"https:\/\/colosseo-roma.it\/sv\/wp-json\/wp\/v2\/pages\/53","targetHints":{"allow":["GET"]}}],"collection":[{"href":"https:\/\/colosseo-roma.it\/sv\/wp-json\/wp\/v2\/pages"}],"about":[{"href":"https:\/\/colosseo-roma.it\/sv\/wp-json\/wp\/v2\/types\/page"}],"author":[{"embeddable":true,"href":"https:\/\/colosseo-roma.it\/sv\/wp-json\/wp\/v2\/users\/1"}],"replies":[{"embeddable":true,"href":"https:\/\/colosseo-roma.it\/sv\/wp-json\/wp\/v2\/comments?post=53"}],"version-history":[{"count":0,"href":"https:\/\/colosseo-roma.it\/sv\/wp-json\/wp\/v2\/pages\/53\/revisions"}],"up":[{"embeddable":true,"href":"https:\/\/colosseo-roma.it\/sv\/wp-json\/wp\/v2\/pages\/556"}],"wp:attachment":[{"href":"https:\/\/colosseo-roma.it\/sv\/wp-json\/wp\/v2\/media?parent=53"}],"curies":[{"name":"wp","href":"https:\/\/api.w.org\/{rel}","templated":true}]}}