{"id":536,"date":"2023-03-28T09:18:11","date_gmt":"2023-03-28T08:18:11","guid":{"rendered":"https:\/\/wordpress-1074717-3818660.cloudwaysapps.com\/?page_id=536"},"modified":"2026-01-26T17:11:37","modified_gmt":"2026-01-26T16:11:37","slug":"arena-2","status":"publish","type":"page","link":"https:\/\/colosseo-roma.it\/sv\/colosseums-arkeologiska-park\/coliseum\/arena-2\/","title":{"rendered":"Arena"},"content":{"rendered":"<div data-elementor-type=\"wp-page\" data-elementor-id=\"536\" class=\"elementor elementor-536\" data-elementor-post-type=\"page\">\n\t\t\t\t\t\t<section class=\"elementor-section elementor-top-section elementor-element elementor-element-08eec93 elementor-section-boxed elementor-section-height-default elementor-section-height-default\" data-id=\"08eec93\" data-element_type=\"section\" data-settings=\"{&quot;jet_parallax_layout_list&quot;:[],&quot;ekit_has_onepagescroll_dot&quot;:&quot;yes&quot;}\">\n\t\t\t\t\t\t<div class=\"elementor-container elementor-column-gap-default\">\n\t\t\t\t\t<div class=\"elementor-column elementor-col-100 elementor-top-column elementor-element elementor-element-d4070b0\" data-id=\"d4070b0\" data-element_type=\"column\" data-settings=\"{&quot;background_background&quot;:&quot;classic&quot;}\">\n\t\t\t<div class=\"elementor-widget-wrap elementor-element-populated\">\n\t\t\t\t\t\t<div class=\"elementor-element elementor-element-5374739 elementor-widget elementor-widget-heading\" data-id=\"5374739\" data-element_type=\"widget\" data-settings=\"{&quot;ekit_we_effect_on&quot;:&quot;none&quot;}\" data-widget_type=\"heading.default\">\n\t\t\t\t<div class=\"elementor-widget-container\">\n\t\t\t<h1 class=\"elementor-heading-title elementor-size-default\">Colosseum Arena<\/h1>\t\t<\/div>\n\t\t\t\t<\/div>\n\t\t\t\t<div class=\"elementor-element elementor-element-26d4e55 elementor-widget elementor-widget-heading\" data-id=\"26d4e55\" data-element_type=\"widget\" data-settings=\"{&quot;ekit_we_effect_on&quot;:&quot;none&quot;}\" data-widget_type=\"heading.default\">\n\t\t\t\t<div class=\"elementor-widget-container\">\n\t\t\t<h4 class=\"elementor-heading-title elementor-size-default\">Colosseum Arena <\/h4>\t\t<\/div>\n\t\t\t\t<\/div>\n\t\t\t\t<div class=\"elementor-element elementor-element-c399692 elementor-widget elementor-widget-text-editor\" data-id=\"c399692\" data-element_type=\"widget\" data-settings=\"{&quot;ekit_we_effect_on&quot;:&quot;none&quot;}\" data-widget_type=\"text-editor.default\">\n\t\t\t\t<div class=\"elementor-widget-container\">\n\t\t\t\t\t\t\t<p>Byggnaden har en elliptisk plan och har en trippelkolonnad med \u00e5ttio travertinb\u00e5gar p\u00e5 utsidan, dekorerade med halvkolonner i dorisk-tuscansk stil p\u00e5 den nedre niv\u00e5n, jonisk stil p\u00e5 den andra niv\u00e5n och korintisk stil p\u00e5 den tredje. Vinden \u00e4r utsmyckad med kolonner i kompositstil och har h\u00e5l fr\u00e5n de stolpar som bar upp den stora rid\u00e5n (velum) som anv\u00e4ndes f\u00f6r att skydda \u00e5sk\u00e5darna fr\u00e5n sol och regn. Sj\u00e4lva vinden var utsmyckad med 40 bronssk\u00f6ldar, symboler f\u00f6r Roms milit\u00e4ra segrar \u00f6ver fiendernas sk\u00f6ldar.<\/p><p>Colosseum \u00e4r 189 meter l\u00e5ngt och 156 meter brett och har en 48 meter h\u00f6g fasad. Den centrala arenan \u00e4r en oval med en 86 meter l\u00e5ng huvudaxel som omges av en 4,5 meter h\u00f6g mur som n\u00e5r upp till de f\u00f6rsta trappstegen.<\/p><p>Strukturen byggdes av en m\u00e4ngd olika material, bland annat tuff och travertin, som anv\u00e4ndes s\u00e4rskilt f\u00f6r fasaden. De h\u00e5l som syns p\u00e5 fasaden borrades huvudsakligen under medeltiden f\u00f6r att f\u00e5 fram de metallplattor som sammanfogade stenblocken.<\/p><p>Arkadg\u00e5ngarna p\u00e5 bottenv\u00e5ningen gav publiken tillg\u00e5ng till trapporna upp till l\u00e4ktarna. Ovanf\u00f6r b\u00e5garna finns romerska siffror som anger de olika delarna av auditoriet. B\u00e5garna p\u00e5 de tv\u00e5 f\u00f6rsta v\u00e5ningarna var dekorerade med 160 5 meter h\u00f6ga bronsstatyer som f\u00f6rest\u00e4llde gudar och mytologiska figurer. De fyra huvuding\u00e5ngarna, som inte var numrerade, var reserverade f\u00f6r privilegierade kategorier som magistrater eller religi\u00f6sa personer. Den norra porten ledde till den kejserliga tribunen.<\/p><p>I den centrala delen av amfiteatern finns de underjordiska salarna, som ursprungligen var t\u00e4ckta med tr\u00e4skivor som utgjorde arenans yta. H\u00e4r fanns maskiner, djurburar, f\u00f6rvaringsutrymmen och andra faciliteter. Fyra korridorer, bel\u00e4gna under huvuding\u00e5ngarna, f\u00f6rband k\u00e4llarna med utsidan. En av dem ledde till Ludus Magnus, gladiatorernas baracker.<\/p><p>F\u00f6rest\u00e4llningarna var gratis och platserna f\u00f6rdelades efter social klass. De l\u00e4ngst ner var reserverade f\u00f6r senatorer eller pr\u00e4ster. Bland namnen p\u00e5 listan finns 195 senatorer fr\u00e5n Odoacers tid (476-483).<\/p><p>\u00a0<\/p>\t\t\t\t\t\t<\/div>\n\t\t\t\t<\/div>\n\t\t\t\t\t<\/div>\n\t\t<\/div>\n\t\t\t\t\t<\/div>\n\t\t<\/section>\n\t\t\t\t<\/div>","protected":false},"excerpt":{"rendered":"<p>Colosseum Arena Colosseum Arena k\u00e4nnetecknas av en elliptisk plan och har en trippelkolonnad med \u00e5ttio travertinb\u00e5gar p\u00e5 utsidan, dekorerade med halvkolonner i dorisk-tuscansk stil p\u00e5 den nedre niv\u00e5n, jonisk stil p\u00e5 den andra niv\u00e5n och korintisk stil p\u00e5 den tredje. Vinden \u00e4r utsmyckad med kolonner i kompositstil och har [...].<\/p>","protected":false},"author":1,"featured_media":0,"parent":528,"menu_order":1,"comment_status":"closed","ping_status":"closed","template":"","meta":{"site-sidebar-layout":"no-sidebar","site-content-layout":"page-builder","ast-site-content-layout":"full-width-container","site-content-style":"unboxed","site-sidebar-style":"unboxed","ast-global-header-display":"","ast-banner-title-visibility":"","ast-main-header-display":"","ast-hfb-above-header-display":"","ast-hfb-below-header-display":"","ast-hfb-mobile-header-display":"","site-post-title":"disabled","ast-breadcrumbs-content":"","ast-featured-img":"disabled","footer-sml-layout":"","ast-disable-related-posts":"","theme-transparent-header-meta":"default","adv-header-id-meta":"","stick-header-meta":"","header-above-stick-meta":"","header-main-stick-meta":"","header-below-stick-meta":"","astra-migrate-meta-layouts":"set","ast-page-background-enabled":"default","ast-page-background-meta":{"desktop":{"background-color":"var(--ast-global-color-4)","background-image":"","background-repeat":"repeat","background-position":"center center","background-size":"auto","background-attachment":"scroll","background-type":"","background-media":"","overlay-type":"","overlay-color":"","overlay-opacity":"","overlay-gradient":""},"tablet":{"background-color":"","background-image":"","background-repeat":"repeat","background-position":"center center","background-size":"auto","background-attachment":"scroll","background-type":"","background-media":"","overlay-type":"","overlay-color":"","overlay-opacity":"","overlay-gradient":""},"mobile":{"background-color":"","background-image":"","background-repeat":"repeat","background-position":"center center","background-size":"auto","background-attachment":"scroll","background-type":"","background-media":"","overlay-type":"","overlay-color":"","overlay-opacity":"","overlay-gradient":""}},"ast-content-background-meta":{"desktop":{"background-color":"var(--ast-global-color-5)","background-image":"","background-repeat":"repeat","background-position":"center center","background-size":"auto","background-attachment":"scroll","background-type":"","background-media":"","overlay-type":"","overlay-color":"","overlay-opacity":"","overlay-gradient":""},"tablet":{"background-color":"var(--ast-global-color-5)","background-image":"","background-repeat":"repeat","background-position":"center center","background-size":"auto","background-attachment":"scroll","background-type":"","background-media":"","overlay-type":"","overlay-color":"","overlay-opacity":"","overlay-gradient":""},"mobile":{"background-color":"var(--ast-global-color-5)","background-image":"","background-repeat":"repeat","background-position":"center center","background-size":"auto","background-attachment":"scroll","background-type":"","background-media":"","overlay-type":"","overlay-color":"","overlay-opacity":"","overlay-gradient":""}},"iawp_total_views":1374,"footnotes":""},"class_list":["post-536","page","type-page","status-publish","hentry"],"_links":{"self":[{"href":"https:\/\/colosseo-roma.it\/sv\/wp-json\/wp\/v2\/pages\/536","targetHints":{"allow":["GET"]}}],"collection":[{"href":"https:\/\/colosseo-roma.it\/sv\/wp-json\/wp\/v2\/pages"}],"about":[{"href":"https:\/\/colosseo-roma.it\/sv\/wp-json\/wp\/v2\/types\/page"}],"author":[{"embeddable":true,"href":"https:\/\/colosseo-roma.it\/sv\/wp-json\/wp\/v2\/users\/1"}],"replies":[{"embeddable":true,"href":"https:\/\/colosseo-roma.it\/sv\/wp-json\/wp\/v2\/comments?post=536"}],"version-history":[{"count":0,"href":"https:\/\/colosseo-roma.it\/sv\/wp-json\/wp\/v2\/pages\/536\/revisions"}],"up":[{"embeddable":true,"href":"https:\/\/colosseo-roma.it\/sv\/wp-json\/wp\/v2\/pages\/528"}],"wp:attachment":[{"href":"https:\/\/colosseo-roma.it\/sv\/wp-json\/wp\/v2\/media?parent=536"}],"curies":[{"name":"wp","href":"https:\/\/api.w.org\/{rel}","templated":true}]}}