{"id":537,"date":"2023-03-28T09:18:27","date_gmt":"2023-03-28T08:18:27","guid":{"rendered":"https:\/\/wordpress-1074717-3818660.cloudwaysapps.com\/?page_id=537"},"modified":"2026-01-26T17:11:42","modified_gmt":"2026-01-26T16:11:42","slug":"kallare","status":"publish","type":"page","link":"https:\/\/colosseo-roma.it\/sv\/colosseums-arkeologiska-park\/coliseum\/kallare\/","title":{"rendered":"Underjordisk"},"content":{"rendered":"<div data-elementor-type=\"wp-page\" data-elementor-id=\"537\" class=\"elementor elementor-537\" data-elementor-post-type=\"page\">\n\t\t\t\t\t\t<section class=\"elementor-section elementor-top-section elementor-element elementor-element-235238d elementor-section-boxed elementor-section-height-default elementor-section-height-default\" data-id=\"235238d\" data-element_type=\"section\" data-settings=\"{&quot;jet_parallax_layout_list&quot;:[],&quot;ekit_has_onepagescroll_dot&quot;:&quot;yes&quot;}\">\n\t\t\t\t\t\t<div class=\"elementor-container elementor-column-gap-default\">\n\t\t\t\t\t<div class=\"elementor-column elementor-col-100 elementor-top-column elementor-element elementor-element-dcb42cd\" data-id=\"dcb42cd\" data-element_type=\"column\" data-settings=\"{&quot;background_background&quot;:&quot;classic&quot;}\">\n\t\t\t<div class=\"elementor-widget-wrap elementor-element-populated\">\n\t\t\t\t\t\t<div class=\"elementor-element elementor-element-6a119f8 elementor-widget elementor-widget-heading\" data-id=\"6a119f8\" data-element_type=\"widget\" data-settings=\"{&quot;ekit_we_effect_on&quot;:&quot;none&quot;}\" data-widget_type=\"heading.default\">\n\t\t\t\t<div class=\"elementor-widget-container\">\n\t\t\t<h1 class=\"elementor-heading-title elementor-size-default\">Colosseums underjordiska utrymmen<\/h1>\t\t<\/div>\n\t\t\t\t<\/div>\n\t\t\t\t<div class=\"elementor-element elementor-element-5ae2d92 elementor-widget elementor-widget-heading\" data-id=\"5ae2d92\" data-element_type=\"widget\" data-settings=\"{&quot;ekit_we_effect_on&quot;:&quot;none&quot;}\" data-widget_type=\"heading.default\">\n\t\t\t\t<div class=\"elementor-widget-container\">\n\t\t\t<h4 class=\"elementor-heading-title elementor-size-default\">Colosseum och tunnelbanan<\/h4>\t\t<\/div>\n\t\t\t\t<\/div>\n\t\t\t\t<div class=\"elementor-element elementor-element-44f1ced elementor-widget elementor-widget-text-editor\" data-id=\"44f1ced\" data-element_type=\"widget\" data-settings=\"{&quot;ekit_we_effect_on&quot;:&quot;none&quot;}\" data-widget_type=\"text-editor.default\">\n\t\t\t\t<div class=\"elementor-widget-container\">\n\t\t\t\t\t\t\t<p>Colosseums elliptiska form f\u00f6rverkligades med hj\u00e4lp av en sofistikerad 4-centrerad geometrisk procedur och togs ocks\u00e5 upp av arenagolvet genom att anta ett murverk blandat med en tr\u00e4plank som var t\u00e4ckt med sand. Under arenans golvplatta fanns rymliga underjordiska serviceutrymmen som byggdes efter kejsar Domitianus.<\/p><p>Tidigare kunde arenan \u00f6versv\u00e4mmas f\u00f6r att anordna naumachiae eller uppvisningar med simmare, vilket Martial rapporterade om i sin bok De spectaculis. En stor del av f\u00e4ngelseh\u00e5lan \u00e4r fortfarande synlig ovanifr\u00e5n och man kan se en bred korridor l\u00e4ngs huvudaxeln som delar in omr\u00e5det i tv\u00e5 halvcirklar som korsas av tolv kr\u00f6kta korridorer. L\u00e4ngs ytterv\u00e4ggen finns en rad v\u00e4lvda tj\u00e4nsterum som troligen inrymde de djur som anv\u00e4ndes under spelen, tillsammans med scenografi.<\/p><p>Korridoren l\u00e4ngs ellipsens huvudaxel slutade med tv\u00e5 gallerier som \u00f6ppnar sig inuti den betongdonut som utg\u00f6r amfiteaterns fundament. Tv\u00e5 andra gallerier l\u00e4ngs ellipsens mindre axel, ett i riktning mot Colle Oppio och ett i riktning mot Caelian, har \u00e4nnu inte gr\u00e4vts ut. En femte tunnel, bel\u00e4gen l\u00e4ngs kil V nedanf\u00f6r den kejserliga scenen, byggdes under Domitianus tid och var troligen en tilltr\u00e4desled reserverad enbart f\u00f6r kejsaren och direkt ansluten till n\u00e5gra kejserliga byggnader i omr\u00e5det kring Claudiustemplet p\u00e5 Caelian.<\/p>\t\t\t\t\t\t<\/div>\n\t\t\t\t<\/div>\n\t\t\t\t<div class=\"elementor-element elementor-element-d94dd08 elementor-widget elementor-widget-heading\" data-id=\"d94dd08\" data-element_type=\"widget\" data-settings=\"{&quot;ekit_we_effect_on&quot;:&quot;none&quot;}\" data-widget_type=\"heading.default\">\n\t\t\t\t<div class=\"elementor-widget-container\">\n\t\t\t<h4 class=\"elementor-heading-title elementor-size-default\">Colosseum och tunnelbanan<\/h4>\t\t<\/div>\n\t\t\t\t<\/div>\n\t\t\t\t<div class=\"elementor-element elementor-element-fd1e286 elementor-widget elementor-widget-text-editor\" data-id=\"fd1e286\" data-element_type=\"widget\" data-settings=\"{&quot;ekit_we_effect_on&quot;:&quot;none&quot;}\" data-widget_type=\"text-editor.default\">\n\t\t\t\t<div class=\"elementor-widget-container\">\n\t\t\t\t\t\t\t<p>Under de fyra tunnlarna l\u00e4ngs de tv\u00e5 axlarna finns hydrauliska ledningar, som var oumb\u00e4rliga f\u00f6r bortskaffande av regnvatten och latrinavlopp. Speleo-subaque-unders\u00f6kningar har lett till uppt\u00e4ckten av andra stora ledningar, som hittades under Colosseum och som f\u00f6rmodligen var en del av det ledningssystem som matade sj\u00f6n som byggdes f\u00f6r Neros residens.<\/p><p>Den hydrauliska strukturen i Colosseum \u00e4r fortfarande mycket komplex och inte helt klarlagd. Utanf\u00f6r amfiteatern hittades en tunnel p\u00e5 8 meters djup fr\u00e5n markniv\u00e5n p\u00e5 det torg som omger hela amfiteatern p\u00e5 ca 2-3 meters avst\u00e5nd fr\u00e5n dess yttre omkrets; det \u00e4r en avloppsledning. En annan, mindre, kapucinvalvf\u00f6rsedd tunnel, bel\u00e4gen inuti grundmuren p\u00e5 ett djup av 2,8 meter, inneh\u00f6ll troligen blyr\u00f6r som transporterade vatten som h\u00f6lls under tryck av tankar.<\/p>\t\t\t\t\t\t<\/div>\n\t\t\t\t<\/div>\n\t\t\t\t\t<\/div>\n\t\t<\/div>\n\t\t\t\t\t<\/div>\n\t\t<\/section>\n\t\t\t\t<\/div>","protected":false},"excerpt":{"rendered":"<p>Colosseums underjord Colosseum och underjorden Colosseums elliptiska form f\u00f6rverkligades med hj\u00e4lp av ett sofistikerat geometriskt f\u00f6rfarande med fyra centrum, och togs ocks\u00e5 upp av arenans golv genom att man anv\u00e4nde ett murverk blandat med en tr\u00e4planka som t\u00e4cktes med sand. Under arenans golvplatta fanns rymliga underjordiska serviceutrymmen som var [...].<\/p>","protected":false},"author":1,"featured_media":0,"parent":528,"menu_order":2,"comment_status":"closed","ping_status":"closed","template":"","meta":{"site-sidebar-layout":"no-sidebar","site-content-layout":"page-builder","ast-site-content-layout":"full-width-container","site-content-style":"unboxed","site-sidebar-style":"unboxed","ast-global-header-display":"","ast-banner-title-visibility":"","ast-main-header-display":"","ast-hfb-above-header-display":"","ast-hfb-below-header-display":"","ast-hfb-mobile-header-display":"","site-post-title":"disabled","ast-breadcrumbs-content":"","ast-featured-img":"disabled","footer-sml-layout":"","ast-disable-related-posts":"","theme-transparent-header-meta":"default","adv-header-id-meta":"","stick-header-meta":"","header-above-stick-meta":"","header-main-stick-meta":"","header-below-stick-meta":"","astra-migrate-meta-layouts":"set","ast-page-background-enabled":"default","ast-page-background-meta":{"desktop":{"background-color":"var(--ast-global-color-4)","background-image":"","background-repeat":"repeat","background-position":"center center","background-size":"auto","background-attachment":"scroll","background-type":"","background-media":"","overlay-type":"","overlay-color":"","overlay-opacity":"","overlay-gradient":""},"tablet":{"background-color":"","background-image":"","background-repeat":"repeat","background-position":"center center","background-size":"auto","background-attachment":"scroll","background-type":"","background-media":"","overlay-type":"","overlay-color":"","overlay-opacity":"","overlay-gradient":""},"mobile":{"background-color":"","background-image":"","background-repeat":"repeat","background-position":"center center","background-size":"auto","background-attachment":"scroll","background-type":"","background-media":"","overlay-type":"","overlay-color":"","overlay-opacity":"","overlay-gradient":""}},"ast-content-background-meta":{"desktop":{"background-color":"var(--ast-global-color-5)","background-image":"","background-repeat":"repeat","background-position":"center center","background-size":"auto","background-attachment":"scroll","background-type":"","background-media":"","overlay-type":"","overlay-color":"","overlay-opacity":"","overlay-gradient":""},"tablet":{"background-color":"var(--ast-global-color-5)","background-image":"","background-repeat":"repeat","background-position":"center center","background-size":"auto","background-attachment":"scroll","background-type":"","background-media":"","overlay-type":"","overlay-color":"","overlay-opacity":"","overlay-gradient":""},"mobile":{"background-color":"var(--ast-global-color-5)","background-image":"","background-repeat":"repeat","background-position":"center center","background-size":"auto","background-attachment":"scroll","background-type":"","background-media":"","overlay-type":"","overlay-color":"","overlay-opacity":"","overlay-gradient":""}},"iawp_total_views":2178,"footnotes":""},"class_list":["post-537","page","type-page","status-publish","hentry"],"_links":{"self":[{"href":"https:\/\/colosseo-roma.it\/sv\/wp-json\/wp\/v2\/pages\/537","targetHints":{"allow":["GET"]}}],"collection":[{"href":"https:\/\/colosseo-roma.it\/sv\/wp-json\/wp\/v2\/pages"}],"about":[{"href":"https:\/\/colosseo-roma.it\/sv\/wp-json\/wp\/v2\/types\/page"}],"author":[{"embeddable":true,"href":"https:\/\/colosseo-roma.it\/sv\/wp-json\/wp\/v2\/users\/1"}],"replies":[{"embeddable":true,"href":"https:\/\/colosseo-roma.it\/sv\/wp-json\/wp\/v2\/comments?post=537"}],"version-history":[{"count":0,"href":"https:\/\/colosseo-roma.it\/sv\/wp-json\/wp\/v2\/pages\/537\/revisions"}],"up":[{"embeddable":true,"href":"https:\/\/colosseo-roma.it\/sv\/wp-json\/wp\/v2\/pages\/528"}],"wp:attachment":[{"href":"https:\/\/colosseo-roma.it\/sv\/wp-json\/wp\/v2\/media?parent=537"}],"curies":[{"name":"wp","href":"https:\/\/api.w.org\/{rel}","templated":true}]}}