{"id":538,"date":"2023-03-28T09:18:33","date_gmt":"2023-03-28T08:18:33","guid":{"rendered":"https:\/\/wordpress-1074717-3818660.cloudwaysapps.com\/?page_id=538"},"modified":"2023-03-31T22:37:11","modified_gmt":"2023-03-31T21:37:11","slug":"colosseum-museum","status":"publish","type":"page","link":"https:\/\/colosseo-roma.it\/sv\/colosseums-arkeologiska-park\/coliseum\/colosseum-museum\/","title":{"rendered":"Colosseum Museum"},"content":{"rendered":"<div data-elementor-type=\"wp-page\" data-elementor-id=\"538\" class=\"elementor elementor-538\" data-elementor-post-type=\"page\">\n\t\t\t\t\t\t<section class=\"elementor-section elementor-top-section elementor-element elementor-element-226a65a elementor-section-boxed elementor-section-height-default elementor-section-height-default\" data-id=\"226a65a\" data-element_type=\"section\" data-settings=\"{&quot;jet_parallax_layout_list&quot;:[],&quot;ekit_has_onepagescroll_dot&quot;:&quot;yes&quot;}\">\n\t\t\t\t\t\t<div class=\"elementor-container elementor-column-gap-default\">\n\t\t\t\t\t<div class=\"elementor-column elementor-col-100 elementor-top-column elementor-element elementor-element-7fe7b2d\" data-id=\"7fe7b2d\" data-element_type=\"column\">\n\t\t\t<div class=\"elementor-widget-wrap elementor-element-populated\">\n\t\t\t\t\t\t<div class=\"elementor-element elementor-element-730ea5d elementor-widget elementor-widget-heading\" data-id=\"730ea5d\" data-element_type=\"widget\" data-settings=\"{&quot;ekit_we_effect_on&quot;:&quot;none&quot;}\" data-widget_type=\"heading.default\">\n\t\t\t\t<div class=\"elementor-widget-container\">\n\t\t\t<h1 class=\"elementor-heading-title elementor-size-default\">Palatinmuseet<\/h1>\t\t<\/div>\n\t\t\t\t<\/div>\n\t\t\t\t<div class=\"elementor-element elementor-element-3566507 elementor-widget elementor-widget-heading\" data-id=\"3566507\" data-element_type=\"widget\" data-settings=\"{&quot;ekit_we_effect_on&quot;:&quot;none&quot;}\" data-widget_type=\"heading.default\">\n\t\t\t\t<div class=\"elementor-widget-container\">\n\t\t\t<h5 class=\"elementor-heading-title elementor-size-default\">Bes\u00f6k Colosseum-museet<\/h5>\t\t<\/div>\n\t\t\t\t<\/div>\n\t\t\t\t<div class=\"elementor-element elementor-element-d56a64d elementor-widget elementor-widget-heading\" data-id=\"d56a64d\" data-element_type=\"widget\" data-settings=\"{&quot;ekit_we_effect_on&quot;:&quot;none&quot;}\" data-widget_type=\"heading.default\">\n\t\t\t\t<div class=\"elementor-widget-container\">\n\t\t\t<h5 class=\"elementor-heading-title elementor-size-default\">K\u00f6p din biljett och g\u00e5 p\u00e5 rundtur <\/h5>\t\t<\/div>\n\t\t\t\t<\/div>\n\t\t\t\t<div class=\"elementor-element elementor-element-a1a62c5 elementor-widget elementor-widget-html\" data-id=\"a1a62c5\" data-element_type=\"widget\" data-settings=\"{&quot;ekit_we_effect_on&quot;:&quot;none&quot;}\" data-widget_type=\"html.default\">\n\t\t\t\t<div class=\"elementor-widget-container\">\n\t\t\t<div data-gyg-href=\"https:\/\/widget.getyourguide.com\/default\/activities.frame\" data-gyg-locale-code=\"it-IT\" data-gyg-widget=\"activities\" data-gyg-number-of-items=\"3\" data-gyg-partner-id=\"D5VYVWQ\" data-gyg-tour-ids=\"183746,408602,225249\"><\/div>\t\t<\/div>\n\t\t\t\t<\/div>\n\t\t\t\t<div class=\"elementor-element elementor-element-21f6686 elementor-widget elementor-widget-heading\" data-id=\"21f6686\" data-element_type=\"widget\" data-settings=\"{&quot;ekit_we_effect_on&quot;:&quot;none&quot;}\" data-widget_type=\"heading.default\">\n\t\t\t\t<div class=\"elementor-widget-container\">\n\t\t\t<h5 class=\"elementor-heading-title elementor-size-default\">Museet f\u00f6r den flaviska amfiteatern<\/h5>\t\t<\/div>\n\t\t\t\t<\/div>\n\t\t\t\t<div class=\"elementor-element elementor-element-bccb85f elementor-widget elementor-widget-text-editor\" data-id=\"bccb85f\" data-element_type=\"widget\" data-settings=\"{&quot;ekit_we_effect_on&quot;:&quot;none&quot;}\" data-widget_type=\"text-editor.default\">\n\t\t\t\t<div class=\"elementor-widget-container\">\n\t\t\t\t\t\t\t<p>Colosseum Museum, som ligger p\u00e5 andra v\u00e5ningen i amfiteatern, utg\u00f6r en tematisk resv\u00e4g inom utst\u00e4llningsomr\u00e5det. V\u00e4l utformad skyltning identifierar de viktigaste resv\u00e4garna f\u00f6r att f\u00e5 ut det mesta av bes\u00f6ket.<\/p><p>De senaste \u00e5rens arkeologiska forskning, tillsammans med de senaste utst\u00e4llningarna och de tryckta publikationer som de har inf\u00f6rlivats i, har gett experter en st\u00f6rre f\u00f6rst\u00e5else f\u00f6r Colosseums l\u00e5nga liv, dess \u00e5teranv\u00e4ndning och till och med dess ideologiska betydelser. Museets utst\u00e4llning sammanf\u00f6r de mest anm\u00e4rkningsv\u00e4rda verken fr\u00e5n byggnaden och utgr\u00e4vningarna, organiserade p\u00e5 ett s\u00e5dant s\u00e4tt att de illustrerar de viktigaste aspekterna av monumentet genom hypertextuella och hypermediala utvidgningar.<\/p><p>Den f\u00f6rsta sektionen \u00e4r museets utg\u00e5ngspunkt och baseras p\u00e5 den stora antiteaterns arkitektur, med utst\u00e4llningsf\u00f6rem\u00e5l som kapit\u00e4l och fragment av transennor och den imponerande rekonstruktionen av vomitoria. I denna del framh\u00e4vs monumentets styrka som en modell f\u00f6r arkitektur genom \u00e5rhundradena. En signatur som Hubert Robert l\u00e4mnat p\u00e5 Colosseums \"levande k\u00f6tt\" \u00e4r ett tydligt konstn\u00e4rligt exempel p\u00e5 existentiell identifikation med byggnaden. De m\u00e5lningar som \u00e5terges i de f\u00f6rklarande panelerna visar troget de olika typerna av anv\u00e4ndning av bottenv\u00e5ningen, p\u00e5 ett s\u00e4tt som var vanligt redan under senmedeltiden.<\/p><p>Den andra delen illustrerar amfiteaterns funktion och det dagliga livet i den med hj\u00e4lp av plastmodeller och utst\u00e4llningsf\u00f6rem\u00e5l. Dessutom presenteras graffiti, mosaiker och reliefer som beskriver gladiatorernas yrke och \u00e4mnen f\u00f6r venationes.<\/p><p>Den tredje sektionen \u00e4r till\u00e4gnad \u00e5sk\u00e5darna, med senatorial loca vars inskriptioner visar en uppdelning av platserna p\u00e5 sittplatserna. En m\u00e4ngd olika kulor p\u00e5 displayen beskriver monumentets skulpturala apparat, inklusive deras ursprungliga plats, om den \u00e4r k\u00e4nd.<\/p><p>Den f\u00f6ljande fj\u00e4rde delen fokuserar p\u00e5 den ideologiska \u00e5teranv\u00e4ndningen av monumentet, som f\u00f6rvandlades till en symbol f\u00f6r det nya imperiet under imperiets \u00e5r. Avsnittet f\u00f6ljs sedan av en illustration av Colosseums medeltid, dess \"kristnande\" och, som en motpol, framkallandet av ett \"magiskt\" och demoniskt Colosseum.<\/p><p>Utst\u00e4llningen i Colosseum Museum avslutas med avsnittet om den \"filologiska\" rekonstruktionen av Lucangelis modell och de \"lummiga b\u00e5garna\" med romantiska vyer och skrifter fr\u00e5n Grand Tour.<\/p>\t\t\t\t\t\t<\/div>\n\t\t\t\t<\/div>\n\t\t\t\t<div class=\"elementor-element elementor-element-33084a0 elementor-widget elementor-widget-heading\" data-id=\"33084a0\" data-element_type=\"widget\" data-settings=\"{&quot;ekit_we_effect_on&quot;:&quot;none&quot;}\" data-widget_type=\"heading.default\">\n\t\t\t\t<div class=\"elementor-widget-container\">\n\t\t\t<h5 class=\"elementor-heading-title elementor-size-default\">\u00d6ppettider<\/h5>\t\t<\/div>\n\t\t\t\t<\/div>\n\t\t\t\t<div class=\"elementor-element elementor-element-41630b5 elementor-widget elementor-widget-text-editor\" data-id=\"41630b5\" data-element_type=\"widget\" data-settings=\"{&quot;ekit_we_effect_on&quot;:&quot;none&quot;}\" data-widget_type=\"text-editor.default\">\n\t\t\t\t<div class=\"elementor-widget-container\">\n\t\t\t\t\t\t\t<p>Museet \u00e4r \u00f6ppet dagligen, m\u00e5ndag till s\u00f6ndag, kl. 9.00-16.30.<\/p><p>Sista bes\u00f6kstid \u00e4r en timme f\u00f6re st\u00e4ngning.\u00a0<\/p><p>\u00a0<\/p><p>\u00a0<\/p><p>\u00a0<\/p><p>\u00a0<\/p>\t\t\t\t\t\t<\/div>\n\t\t\t\t<\/div>\n\t\t\t\t<div class=\"elementor-element elementor-element-5a13300 elementor-widget elementor-widget-heading\" data-id=\"5a13300\" data-element_type=\"widget\" data-settings=\"{&quot;ekit_we_effect_on&quot;:&quot;none&quot;}\" data-widget_type=\"heading.default\">\n\t\t\t\t<div class=\"elementor-widget-container\">\n\t\t\t<h5 class=\"elementor-heading-title elementor-size-default\">Hur man tar sig till Flavian Amphitheatre Museum<\/h5>\t\t<\/div>\n\t\t\t\t<\/div>\n\t\t\t\t<div class=\"elementor-element elementor-element-b392f7f elementor-widget elementor-widget-text-editor\" data-id=\"b392f7f\" data-element_type=\"widget\" data-settings=\"{&quot;ekit_we_effect_on&quot;:&quot;none&quot;}\" data-widget_type=\"text-editor.default\">\n\t\t\t\t<div class=\"elementor-widget-container\">\n\t\t\t\t\t\t\t<p>Tunnelbana: Linje B h\u00e5llplats Colosseo<\/p><p>Bussar: nr 75, 81, 87, 673, 175, 204<\/p><p>Sp\u00e5rv\u00e4g: Nr 3<\/p>\t\t\t\t\t\t<\/div>\n\t\t\t\t<\/div>\n\t\t\t\t<div class=\"elementor-element elementor-element-35c1500 elementor-widget elementor-widget-heading\" data-id=\"35c1500\" data-element_type=\"widget\" data-settings=\"{&quot;ekit_we_effect_on&quot;:&quot;none&quot;}\" data-widget_type=\"heading.default\">\n\t\t\t\t<div class=\"elementor-widget-container\">\n\t\t\t<h5 class=\"elementor-heading-title elementor-size-default\">Boka \u00e4ven Forum Palatinum och Domus Aurea<\/h5>\t\t<\/div>\n\t\t\t\t<\/div>\n\t\t\t\t\t<\/div>\n\t\t<\/div>\n\t\t\t\t\t<\/div>\n\t\t<\/section>\n\t\t\t\t<\/div>","protected":false},"excerpt":{"rendered":"<p>The Palatine Museum Bes\u00f6k Colosseum Museum K\u00f6p biljett och guidning The Flavian Amphitheatre Museum Colosseum Museum, som ligger p\u00e5 andra v\u00e5ningen i amfiteatern, utg\u00f6r en tematisk resv\u00e4g inom utst\u00e4llningsomr\u00e5det. V\u00e4l utformad skyltning identifierar de mest betydelsefulla resv\u00e4garna f\u00f6r att f\u00e5 ut det mesta av bes\u00f6ket. Den arkeologiska forskningen under de senaste [...]<\/p>","protected":false},"author":1,"featured_media":0,"parent":528,"menu_order":5,"comment_status":"closed","ping_status":"closed","template":"","meta":{"site-sidebar-layout":"no-sidebar","site-content-layout":"page-builder","ast-site-content-layout":"default","site-content-style":"default","site-sidebar-style":"default","ast-global-header-display":"","ast-banner-title-visibility":"","ast-main-header-display":"","ast-hfb-above-header-display":"","ast-hfb-below-header-display":"","ast-hfb-mobile-header-display":"","site-post-title":"disabled","ast-breadcrumbs-content":"","ast-featured-img":"disabled","footer-sml-layout":"","ast-disable-related-posts":"","theme-transparent-header-meta":"default","adv-header-id-meta":"","stick-header-meta":"","header-above-stick-meta":"","header-main-stick-meta":"","header-below-stick-meta":"","astra-migrate-meta-layouts":"default","ast-page-background-enabled":"default","ast-page-background-meta":{"desktop":{"background-color":"var(--ast-global-color-4)","background-image":"","background-repeat":"repeat","background-position":"center center","background-size":"auto","background-attachment":"scroll","background-type":"","background-media":"","overlay-type":"","overlay-color":"","overlay-opacity":"","overlay-gradient":""},"tablet":{"background-color":"","background-image":"","background-repeat":"repeat","background-position":"center center","background-size":"auto","background-attachment":"scroll","background-type":"","background-media":"","overlay-type":"","overlay-color":"","overlay-opacity":"","overlay-gradient":""},"mobile":{"background-color":"","background-image":"","background-repeat":"repeat","background-position":"center center","background-size":"auto","background-attachment":"scroll","background-type":"","background-media":"","overlay-type":"","overlay-color":"","overlay-opacity":"","overlay-gradient":""}},"ast-content-background-meta":{"desktop":{"background-color":"var(--ast-global-color-5)","background-image":"","background-repeat":"repeat","background-position":"center center","background-size":"auto","background-attachment":"scroll","background-type":"","background-media":"","overlay-type":"","overlay-color":"","overlay-opacity":"","overlay-gradient":""},"tablet":{"background-color":"var(--ast-global-color-5)","background-image":"","background-repeat":"repeat","background-position":"center center","background-size":"auto","background-attachment":"scroll","background-type":"","background-media":"","overlay-type":"","overlay-color":"","overlay-opacity":"","overlay-gradient":""},"mobile":{"background-color":"var(--ast-global-color-5)","background-image":"","background-repeat":"repeat","background-position":"center center","background-size":"auto","background-attachment":"scroll","background-type":"","background-media":"","overlay-type":"","overlay-color":"","overlay-opacity":"","overlay-gradient":""}},"iawp_total_views":516,"footnotes":""},"class_list":["post-538","page","type-page","status-publish","hentry"],"_links":{"self":[{"href":"https:\/\/colosseo-roma.it\/sv\/wp-json\/wp\/v2\/pages\/538","targetHints":{"allow":["GET"]}}],"collection":[{"href":"https:\/\/colosseo-roma.it\/sv\/wp-json\/wp\/v2\/pages"}],"about":[{"href":"https:\/\/colosseo-roma.it\/sv\/wp-json\/wp\/v2\/types\/page"}],"author":[{"embeddable":true,"href":"https:\/\/colosseo-roma.it\/sv\/wp-json\/wp\/v2\/users\/1"}],"replies":[{"embeddable":true,"href":"https:\/\/colosseo-roma.it\/sv\/wp-json\/wp\/v2\/comments?post=538"}],"version-history":[{"count":0,"href":"https:\/\/colosseo-roma.it\/sv\/wp-json\/wp\/v2\/pages\/538\/revisions"}],"up":[{"embeddable":true,"href":"https:\/\/colosseo-roma.it\/sv\/wp-json\/wp\/v2\/pages\/528"}],"wp:attachment":[{"href":"https:\/\/colosseo-roma.it\/sv\/wp-json\/wp\/v2\/media?parent=538"}],"curies":[{"name":"wp","href":"https:\/\/api.w.org\/{rel}","templated":true}]}}