{"id":540,"date":"2023-03-28T09:18:40","date_gmt":"2023-03-28T08:18:40","guid":{"rendered":"https:\/\/wordpress-1074717-3818660.cloudwaysapps.com\/?page_id=540"},"modified":"2026-01-26T17:11:47","modified_gmt":"2026-01-26T16:11:47","slug":"arkitektur","status":"publish","type":"page","link":"https:\/\/colosseo-roma.it\/sv\/colosseums-arkeologiska-park\/coliseum\/arkitektur\/","title":{"rendered":"Arkitektur"},"content":{"rendered":"<div data-elementor-type=\"wp-page\" data-elementor-id=\"540\" class=\"elementor elementor-540\" data-elementor-post-type=\"page\">\n\t\t\t\t\t\t<section class=\"elementor-section elementor-top-section elementor-element elementor-element-bd0a364 elementor-section-boxed elementor-section-height-default elementor-section-height-default\" data-id=\"bd0a364\" data-element_type=\"section\" data-settings=\"{&quot;jet_parallax_layout_list&quot;:[],&quot;ekit_has_onepagescroll_dot&quot;:&quot;yes&quot;}\">\n\t\t\t\t\t\t<div class=\"elementor-container elementor-column-gap-default\">\n\t\t\t\t\t<div class=\"elementor-column elementor-col-100 elementor-top-column elementor-element elementor-element-e53f870\" data-id=\"e53f870\" data-element_type=\"column\" data-settings=\"{&quot;background_background&quot;:&quot;classic&quot;}\">\n\t\t\t<div class=\"elementor-widget-wrap elementor-element-populated\">\n\t\t\t\t\t\t<div class=\"elementor-element elementor-element-3f626a0 elementor-widget elementor-widget-heading\" data-id=\"3f626a0\" data-element_type=\"widget\" data-settings=\"{&quot;ekit_we_effect_on&quot;:&quot;none&quot;}\" data-widget_type=\"heading.default\">\n\t\t\t\t<div class=\"elementor-widget-container\">\n\t\t\t<h1 class=\"elementor-heading-title elementor-size-default\">Colosseums arkitektur<\/h1>\t\t<\/div>\n\t\t\t\t<\/div>\n\t\t\t\t<div class=\"elementor-element elementor-element-63abe57 elementor-widget elementor-widget-text-editor\" data-id=\"63abe57\" data-element_type=\"widget\" data-settings=\"{&quot;ekit_we_effect_on&quot;:&quot;none&quot;}\" data-widget_type=\"text-editor.default\">\n\t\t\t\t<div class=\"elementor-widget-container\">\n\t\t\t\t\t\t\t<p><strong>Colosseum \u00e4r 52 meter h\u00f6gt.<\/strong><br \/><strong>Den mindre axeln p\u00e5 156 meter.<\/strong><br \/><strong>Huvudaxeln \u00e4r 188 meter.<\/strong><br \/><strong>Arenan har en yta p\u00e5 3357 kvadratmeter.<\/strong><\/p>\t\t\t\t\t\t<\/div>\n\t\t\t\t<\/div>\n\t\t\t\t<div class=\"elementor-element elementor-element-0ad6c2a elementor-widget elementor-widget-heading\" data-id=\"0ad6c2a\" data-element_type=\"widget\" data-settings=\"{&quot;ekit_we_effect_on&quot;:&quot;none&quot;}\" data-widget_type=\"heading.default\">\n\t\t\t\t<div class=\"elementor-widget-container\">\n\t\t\t<h4 class=\"elementor-heading-title elementor-size-default\">Colosseums egenskaper<\/h4>\t\t<\/div>\n\t\t\t\t<\/div>\n\t\t\t\t<div class=\"elementor-element elementor-element-f411953 elementor-widget elementor-widget-text-editor\" data-id=\"f411953\" data-element_type=\"widget\" data-settings=\"{&quot;ekit_we_effect_on&quot;:&quot;none&quot;}\" data-widget_type=\"text-editor.default\">\n\t\t\t\t<div class=\"elementor-widget-container\">\n\t\t\t\t\t\t\t<p>Strukturen \u00e4r ledad p\u00e5 utsidan i fyra ordningar, som p\u00e5 insidan motsvarar fem sektorer av sittplatser som utg\u00f6r cavea. Den b\u00e4rande konstruktionen best\u00e5r av pelare av travertinblock som i f\u00f6rsta ledet \u00e4r murade av tuffblock och i de \u00f6vre leden av radiella tegelpartier. Takvalven \u00e4r gjorda av gul och orange tufabetong, den f\u00f6rra fr\u00e5n den flaviska perioden, den senare fr\u00e5n den severiska perioden.Golvet i den f\u00f6rsta ordningen var gjord av travertinplattor, utom l\u00e4ngs korridoren bredvid arenan, som, eftersom den var avsedd f\u00f6r senatorerna, var t\u00e4ckt med marmor. I de \u00f6vre v\u00e5ningarna var golvet i opus spicatum, av tegelstenar i fiskbensm\u00f6nster. Travertin anv\u00e4ndes fortfarande som bekl\u00e4dnad i trappor och avsatser och i de synliga kanalerna. Valven och v\u00e4ggarna av tegel och tuff var t\u00e4ckta med vit puts, v\u00e4ggarnas bas var r\u00f6d. Alla g\u00e5ngar f\u00f6r kejsaren, senatorerna och de h\u00f6gsta religi\u00f6sa auktoriteterna var kl\u00e4dda med marmor.<\/p>\t\t\t\t\t\t<\/div>\n\t\t\t\t<\/div>\n\t\t\t\t<div class=\"elementor-element elementor-element-3a32cd8 elementor-widget elementor-widget-heading\" data-id=\"3a32cd8\" data-element_type=\"widget\" data-settings=\"{&quot;ekit_we_effect_on&quot;:&quot;none&quot;}\" data-widget_type=\"heading.default\">\n\t\t\t\t<div class=\"elementor-widget-container\">\n\t\t\t<h4 class=\"elementor-heading-title elementor-size-default\">Den flaviska amfiteaterns struktur<\/h4>\t\t<\/div>\n\t\t\t\t<\/div>\n\t\t\t\t<div class=\"elementor-element elementor-element-c8ccae0 elementor-widget elementor-widget-text-editor\" data-id=\"c8ccae0\" data-element_type=\"widget\" data-settings=\"{&quot;ekit_we_effect_on&quot;:&quot;none&quot;}\" data-widget_type=\"text-editor.default\">\n\t\t\t\t<div class=\"elementor-widget-container\">\n\t\t\t\t\t\t\t<p>Amfiteatern reser sig p\u00e5 en l\u00e5g crepidine av travertinblock som bildar tv\u00e5 niv\u00e5er. De tre f\u00f6rsta niv\u00e5erna utg\u00f6rs av 80 b\u00e5gar p\u00e5 pelare i opus quadratum, med utskjutande halvkolonner kr\u00f6nta av doriska kapit\u00e4l p\u00e5 den f\u00f6rsta niv\u00e5n, joniska p\u00e5 den andra och korintiska p\u00e5 den tredje. Det fj\u00e4rde och sista registret best\u00e5r av en solid v\u00e4gg d\u00e4r pilastrar av korintisk ordning v\u00e4xlar med kvadratiska f\u00f6nster. De kragstenar av travertin som utgjorde basen f\u00f6r de tr\u00e4bj\u00e4lkar som bar upp velarietaket \u00e4r fortfarande synliga; i den utskjutande taklisten finns h\u00e5l f\u00f6r att s\u00e4tta in bj\u00e4lkarna, ett f\u00f6r varje kragsten nedanf\u00f6r.<\/p>\t\t\t\t\t\t<\/div>\n\t\t\t\t<\/div>\n\t\t\t\t<div class=\"elementor-element elementor-element-27c309a elementor-widget elementor-widget-heading\" data-id=\"27c309a\" data-element_type=\"widget\" data-settings=\"{&quot;ekit_we_effect_on&quot;:&quot;none&quot;}\" data-widget_type=\"heading.default\">\n\t\t\t\t<div class=\"elementor-widget-container\">\n\t\t\t<h4 class=\"elementor-heading-title elementor-size-default\">F\u00f6rdjupa dig i Colosseums arkitektur<\/h4>\t\t<\/div>\n\t\t\t\t<\/div>\n\t\t\t\t<div class=\"elementor-element elementor-element-378bf9b elementor-widget elementor-widget-text-editor\" data-id=\"378bf9b\" data-element_type=\"widget\" data-settings=\"{&quot;ekit_we_effect_on&quot;:&quot;none&quot;}\" data-widget_type=\"text-editor.default\">\n\t\t\t\t<div class=\"elementor-widget-container\">\n\t\t\t\t\t\t\t<p>Cavea var nedifr\u00e5n uppdelad i en f\u00f6rsta sektor med sittplatser (podium) best\u00e5ende av fyra stora marmorplattor p\u00e5 vilka senatorernas flyttbara s\u00e4ten vilade; en andra sektor, maenianum primum, bestod av \u00e5tta marmortrappor; maenianum secundum, den st\u00f6rsta sektorn, var uppdelad i imum och summum och var reserverad f\u00f6r ryttarorden; maenianum summum in ligneis var bel\u00e4gen i den h\u00f6gsta delen strax nedanf\u00f6r velarium och hade 11 tr\u00e4trappor nedanf\u00f6r en kolonnad. Elliptiska korridorer som kallades praecinctiones skilde de olika sektorerna av platser \u00e5t: praecinctio som skilde den nedre fr\u00e5n den \u00f6vre maenianum bildade en h\u00f6g upph\u00f6jning som var uppdelad i d\u00f6rrar, vomitoria (korridorer f\u00f6r publikens utg\u00e5ng) och nischer.<\/p>\t\t\t\t\t\t<\/div>\n\t\t\t\t<\/div>\n\t\t\t\t<div class=\"elementor-element elementor-element-b25ef14 elementor-widget elementor-widget-heading\" data-id=\"b25ef14\" data-element_type=\"widget\" data-settings=\"{&quot;ekit_we_effect_on&quot;:&quot;none&quot;}\" data-widget_type=\"heading.default\">\n\t\t\t\t<div class=\"elementor-widget-container\">\n\t\t\t<h4 class=\"elementor-heading-title elementor-size-default\">Hur m\u00e5nga m\u00e4nniskor rymde Colosseum i Rom?<\/h4>\t\t<\/div>\n\t\t\t\t<\/div>\n\t\t\t\t<div class=\"elementor-element elementor-element-9dfaf83 elementor-widget elementor-widget-text-editor\" data-id=\"9dfaf83\" data-element_type=\"widget\" data-settings=\"{&quot;ekit_we_effect_on&quot;:&quot;none&quot;}\" data-widget_type=\"text-editor.default\">\n\t\t\t\t<div class=\"elementor-widget-container\">\n\t\t\t\t\t\t\t<p>Det har ber\u00e4knats att amfiteatern hade plats f\u00f6r ca 55.000 \u00e5sk\u00e5dare, varav 50.000 sittande och 5.000 st\u00e5ende i den h\u00f6gsta delen. Runt arenan l\u00f6pte ett galleri, av vilket endast den bakre v\u00e4ggen med 24 nischer \u00e4r bevarad, som kommunicerade med spelgolvet genom d\u00f6rrar som anv\u00e4ndes av servicepersonalen. En liten del av serveringsgalleriet rekonstruerades p\u00e5 1800-talet l\u00e4ngs den s\u00f6dra sluttningen f\u00f6r att understryka n\u00e4rvaron av den kejserliga kryptoporticus, som vid denna tidpunkt n\u00e5dde fram till scenen f\u00f6r kejsaren.<\/p><p>Intr\u00e4det till amfiteatern var gratis men reglerades enligt ett exakt hierarkiskt kriterium: de b\u00e4sta platserna runt arenan var reserverade f\u00f6r senatorerna, medan de s\u00e4msta, h\u00f6gre och mer avl\u00e4gsna platserna med nedsatt sikt, var reserverade f\u00f6r plebejerna och var bel\u00e4gna i maenianum summum in ligneis.<\/p><p>Ing\u00e5ngarna var numrerade: vissa nummer kan fortfarande ses p\u00e5 toppen av b\u00e5garna i den yttre ringen l\u00e4ngs den intakta norra sidan. Andra skyltar var m\u00e5lade p\u00e5 toppen av de inre arkaderna f\u00f6r att \u00e5sk\u00e5darna l\u00e4tt skulle kunna hitta till sina tilldelade platser: samma skyltar fanns p\u00e5 det personliga kort som varje medborgare hade. Endast ing\u00e5ngarna i \u00e4ndarna av den stora och den lilla axeln var inte numrerade eftersom de var reserverade f\u00f6r myndigheterna och gladiatorerna.<\/p><p>I Colosseum \u00e4gde, f\u00f6rutom gladiatorstrider (munera) och jaktuppvisningar (venationes), avr\u00e4ttningar av d\u00f6dsd\u00f6mda (noxii) rum, vilket f\u00f6r romarna hade ett h\u00f6gt pedagogiskt v\u00e4rde som en varning om att f\u00f6lja ett socialt korrekt beteende. Offentliga avr\u00e4ttningar blev vanligare under senantiken, d\u00e5 vissa typer av tortyr som galgen och korsf\u00e4stelsen f\u00f6rsvann, medan br\u00e4nning och halshuggning \u00f6verlevde.<\/p>\t\t\t\t\t\t<\/div>\n\t\t\t\t<\/div>\n\t\t\t\t<div class=\"elementor-element elementor-element-76b51ab elementor-widget elementor-widget-heading\" data-id=\"76b51ab\" data-element_type=\"widget\" data-settings=\"{&quot;ekit_we_effect_on&quot;:&quot;none&quot;}\" data-widget_type=\"heading.default\">\n\t\t\t\t<div class=\"elementor-widget-container\">\n\t\t\t<h4 class=\"elementor-heading-title elementor-size-default\">Gladiatorernas f\u00e4ngelseh\u00e5la<\/h4>\t\t<\/div>\n\t\t\t\t<\/div>\n\t\t\t\t<div class=\"elementor-element elementor-element-c7220c5 elementor-widget elementor-widget-text-editor\" data-id=\"c7220c5\" data-element_type=\"widget\" data-settings=\"{&quot;ekit_we_effect_on&quot;:&quot;none&quot;}\" data-widget_type=\"text-editor.default\">\n\t\t\t\t<div class=\"elementor-widget-container\">\n\t\t\t\t\t\t\t<p>Golvet d\u00e4r sk\u00e5despelen \u00e4gde rum, arenan, dolde helt f\u00f6r \u00e5sk\u00e5darnas blickar de underjordiska rummen d\u00e4r alla aktiviteter i samband med spelens genomf\u00f6rande \u00e4gde rum. Arenan str\u00f6ddes med sand (d\u00e4rav namnet \"arena\") som var anv\u00e4ndbar b\u00e5de f\u00f6r att undvika att halka och f\u00f6r att absorbera det rikliga blodet fr\u00e5n d\u00f6dandet av stora djur. De underjordiska g\u00e5ngarna i Colosseum var \u00f6ppna fr\u00e5n 80 e.Kr. till 508 e.Kr. d\u00e5 de fylldes helt med jord. De v\u00e4ggar som syns idag \u00e4r resultatet av en rad strukturella f\u00f6r\u00e4ndringar, som inte alltid \u00e4r l\u00e4tta att f\u00f6rst\u00e5, p\u00e5 grund av b\u00e5de restaurering och scenografiska f\u00f6r\u00e4ndringar. I k\u00e4llarna fanns de 80 hissar som anv\u00e4ndes f\u00f6r att kommunicera med arenans golv och f\u00f6r att snabbt f\u00e5 ut m\u00e4n, djur, kulisser och material som beh\u00f6vdes f\u00f6r spelen. H\u00f6jdskillnaden mellan golvet i f\u00e4ngelseh\u00e5lorna och den f\u00f6rsta ordningen var 6 meter. Det elliptiska utrymmet i f\u00e4ngelseh\u00e5lorna \u00e4r indelat i fyra symmetriska sektorer som avgr\u00e4nsas av tv\u00e5 huvudkorridorer l\u00e4ngs huvudaxlarna, som korsar varandra i r\u00e4t vinkel. Tuffstensv\u00e4ggarna, p\u00e5 vilka sp\u00e5ren f\u00f6r balkarnas inf\u00e4stning och de vertikalt r\u00e4fflade styrningarna f\u00f6r hissarna \u00e4r synliga, h\u00e4rstammar fr\u00e5n den ursprungliga byggnadsfasen under Domitian-perioden. Under utgr\u00e4vningarna mellan 1874 och 1875 hittades m\u00e5nga tr\u00e4element som h\u00f6rde till lyftmekanismerna, och till och med ett helt tr\u00e4golv, som hittades intakt i den centrala korridoren, fortfarande p\u00e5 plats kanske f\u00f6r att isolera golvet fr\u00e5n stigande vatten.<\/p>\t\t\t\t\t\t<\/div>\n\t\t\t\t<\/div>\n\t\t\t\t<div class=\"elementor-element elementor-element-c77714e elementor-widget elementor-widget-heading\" data-id=\"c77714e\" data-element_type=\"widget\" data-settings=\"{&quot;ekit_we_effect_on&quot;:&quot;none&quot;}\" data-widget_type=\"heading.default\">\n\t\t\t\t<div class=\"elementor-widget-container\">\n\t\t\t<h4 class=\"elementor-heading-title elementor-size-default\">Byggnader som betj\u00e4nar amfiteatern<\/h4>\t\t<\/div>\n\t\t\t\t<\/div>\n\t\t\t\t<div class=\"elementor-element elementor-element-1e25503 elementor-widget elementor-widget-text-editor\" data-id=\"1e25503\" data-element_type=\"widget\" data-settings=\"{&quot;ekit_we_effect_on&quot;:&quot;none&quot;}\" data-widget_type=\"text-editor.default\">\n\t\t\t\t<div class=\"elementor-widget-container\">\n\t\t\t\t\t\t\t<p>Byggandet av amfiteatern innebar ocks\u00e5 att man samtidigt uppf\u00f6rde en rad servicebyggnader, som alla h\u00e4rstammar fr\u00e5n Domitianus (81-96 e.Kr.).): de fyra Ludi, eller gymmen f\u00f6r tr\u00e4ning av gladiatorer och venatores (Ludus Magnus i b\u00f6rjan av Via Labicana \u00e4r v\u00e4lbevarad), barackerna f\u00f6r flottans sj\u00f6m\u00e4n fr\u00e5n Cape Misenum (Castra Misenatium) som ansvarade f\u00f6r att man\u00f6vrera velariet, Summum Choragium, eller f\u00f6rr\u00e5det f\u00f6r kulisserna, och Armamentaria, gladiatorernas vapenf\u00f6rr\u00e5d. Det fanns ocks\u00e5 Saniarium, f\u00f6rsta hj\u00e4lpen f\u00f6r de s\u00e5rade som kunde behandlas p\u00e5 plats, och Spoliarium, d\u00e4r avkl\u00e4dningen av kropparna fr\u00e5n d\u00f6dade gladiatorer och \u00e5tervinningen av rustningar \u00e4gde rum.<\/p>\t\t\t\t\t\t<\/div>\n\t\t\t\t<\/div>\n\t\t\t\t\t<\/div>\n\t\t<\/div>\n\t\t\t\t\t<\/div>\n\t\t<\/section>\n\t\t\t\t<\/div>","protected":false},"excerpt":{"rendered":"<p>Archittetura del Colosseo Il Colosseo \u00e8 alto 52 metri. L&#8217;asse minore di 156 metri. L&#8217;asse maggiore di 188 metri. L&#8217;arena ha una superficie di 3357 metri quadrati. Le caratteristiche del Colosseo La struttura \u00e8 articolata all&#8217;esterno in quattro ordini, corrispondenti all&#8217;interno a cinque settori di posti a sedere costituenti la cavea. La struttura portante \u00e8 [&hellip;]<\/p>","protected":false},"author":1,"featured_media":0,"parent":528,"menu_order":3,"comment_status":"closed","ping_status":"closed","template":"","meta":{"site-sidebar-layout":"no-sidebar","site-content-layout":"page-builder","ast-site-content-layout":"full-width-container","site-content-style":"unboxed","site-sidebar-style":"unboxed","ast-global-header-display":"","ast-banner-title-visibility":"","ast-main-header-display":"","ast-hfb-above-header-display":"","ast-hfb-below-header-display":"","ast-hfb-mobile-header-display":"","site-post-title":"disabled","ast-breadcrumbs-content":"","ast-featured-img":"disabled","footer-sml-layout":"","ast-disable-related-posts":"","theme-transparent-header-meta":"default","adv-header-id-meta":"","stick-header-meta":"","header-above-stick-meta":"","header-main-stick-meta":"","header-below-stick-meta":"","astra-migrate-meta-layouts":"set","ast-page-background-enabled":"default","ast-page-background-meta":{"desktop":{"background-color":"var(--ast-global-color-4)","background-image":"","background-repeat":"repeat","background-position":"center center","background-size":"auto","background-attachment":"scroll","background-type":"","background-media":"","overlay-type":"","overlay-color":"","overlay-opacity":"","overlay-gradient":""},"tablet":{"background-color":"","background-image":"","background-repeat":"repeat","background-position":"center center","background-size":"auto","background-attachment":"scroll","background-type":"","background-media":"","overlay-type":"","overlay-color":"","overlay-opacity":"","overlay-gradient":""},"mobile":{"background-color":"","background-image":"","background-repeat":"repeat","background-position":"center center","background-size":"auto","background-attachment":"scroll","background-type":"","background-media":"","overlay-type":"","overlay-color":"","overlay-opacity":"","overlay-gradient":""}},"ast-content-background-meta":{"desktop":{"background-color":"var(--ast-global-color-5)","background-image":"","background-repeat":"repeat","background-position":"center center","background-size":"auto","background-attachment":"scroll","background-type":"","background-media":"","overlay-type":"","overlay-color":"","overlay-opacity":"","overlay-gradient":""},"tablet":{"background-color":"var(--ast-global-color-5)","background-image":"","background-repeat":"repeat","background-position":"center center","background-size":"auto","background-attachment":"scroll","background-type":"","background-media":"","overlay-type":"","overlay-color":"","overlay-opacity":"","overlay-gradient":""},"mobile":{"background-color":"var(--ast-global-color-5)","background-image":"","background-repeat":"repeat","background-position":"center center","background-size":"auto","background-attachment":"scroll","background-type":"","background-media":"","overlay-type":"","overlay-color":"","overlay-opacity":"","overlay-gradient":""}},"iawp_total_views":4303,"footnotes":""},"class_list":["post-540","page","type-page","status-publish","hentry"],"_links":{"self":[{"href":"https:\/\/colosseo-roma.it\/sv\/wp-json\/wp\/v2\/pages\/540","targetHints":{"allow":["GET"]}}],"collection":[{"href":"https:\/\/colosseo-roma.it\/sv\/wp-json\/wp\/v2\/pages"}],"about":[{"href":"https:\/\/colosseo-roma.it\/sv\/wp-json\/wp\/v2\/types\/page"}],"author":[{"embeddable":true,"href":"https:\/\/colosseo-roma.it\/sv\/wp-json\/wp\/v2\/users\/1"}],"replies":[{"embeddable":true,"href":"https:\/\/colosseo-roma.it\/sv\/wp-json\/wp\/v2\/comments?post=540"}],"version-history":[{"count":0,"href":"https:\/\/colosseo-roma.it\/sv\/wp-json\/wp\/v2\/pages\/540\/revisions"}],"up":[{"embeddable":true,"href":"https:\/\/colosseo-roma.it\/sv\/wp-json\/wp\/v2\/pages\/528"}],"wp:attachment":[{"href":"https:\/\/colosseo-roma.it\/sv\/wp-json\/wp\/v2\/media?parent=540"}],"curies":[{"name":"wp","href":"https:\/\/api.w.org\/{rel}","templated":true}]}}