{"id":541,"date":"2023-03-28T09:18:49","date_gmt":"2023-03-28T08:18:49","guid":{"rendered":"https:\/\/wordpress-1074717-3818660.cloudwaysapps.com\/?page_id=541"},"modified":"2026-01-26T17:11:26","modified_gmt":"2026-01-26T16:11:26","slug":"historia-2","status":"publish","type":"page","link":"https:\/\/colosseo-roma.it\/sv\/colosseums-arkeologiska-park\/coliseum\/historia-2\/","title":{"rendered":"Historia"},"content":{"rendered":"<div data-elementor-type=\"wp-page\" data-elementor-id=\"541\" class=\"elementor elementor-541\" data-elementor-post-type=\"page\">\n\t\t\t\t\t\t<section class=\"elementor-section elementor-top-section elementor-element elementor-element-2d9a5e1 elementor-section-boxed elementor-section-height-default elementor-section-height-default\" data-id=\"2d9a5e1\" data-element_type=\"section\" data-settings=\"{&quot;jet_parallax_layout_list&quot;:[],&quot;ekit_has_onepagescroll_dot&quot;:&quot;yes&quot;}\">\n\t\t\t\t\t\t<div class=\"elementor-container elementor-column-gap-default\">\n\t\t\t\t\t<div class=\"elementor-column elementor-col-100 elementor-top-column elementor-element elementor-element-6e78c0a\" data-id=\"6e78c0a\" data-element_type=\"column\" data-settings=\"{&quot;background_background&quot;:&quot;classic&quot;}\">\n\t\t\t<div class=\"elementor-widget-wrap elementor-element-populated\">\n\t\t\t\t\t\t<div class=\"elementor-element elementor-element-d6843ff elementor-widget elementor-widget-heading\" data-id=\"d6843ff\" data-element_type=\"widget\" data-settings=\"{&quot;ekit_we_effect_on&quot;:&quot;none&quot;}\" data-widget_type=\"heading.default\">\n\t\t\t\t<div class=\"elementor-widget-container\">\n\t\t\t<h1 class=\"elementor-heading-title elementor-size-default\">Colosseums historia<\/h1>\t\t<\/div>\n\t\t\t\t<\/div>\n\t\t\t\t<div class=\"elementor-element elementor-element-a0dcb53 elementor-widget elementor-widget-text-editor\" data-id=\"a0dcb53\" data-element_type=\"widget\" data-settings=\"{&quot;ekit_we_effect_on&quot;:&quot;none&quot;}\" data-widget_type=\"text-editor.default\">\n\t\t\t\t<div class=\"elementor-widget-container\">\n\t\t\t\t\t\t\t<p style=\"text-align: center;\">Om historien bakom <strong>Colosseum<\/strong> genom \u00e5rhundradena, fr\u00e5n uppf\u00f6rande till f\u00f6rst\u00f6relse, finns det mycket att s\u00e4ga. En l\u00e5ng historisk period, under vilken Colosseum har anv\u00e4nts och restaurerats m\u00e5nga, m\u00e5nga g\u00e5nger, p\u00e5 olika s\u00e4tt, med olika metoder. Colosseums historia \u00e4r i sj\u00e4lva verket m\u00e5nga och markerar de olika perioderna i historien. <strong>Antika Rom.<\/strong> Kort sagt, denna magnifika amfiteater har sett och genomlidit allt m\u00f6jligt och forts\u00e4tter att g\u00f6ra det! Eftersom Colosseum fortfarande st\u00e5r kvar tillh\u00f6r det ocks\u00e5 den moderna eran.<\/p><p style=\"text-align: center;\">Colosseum \u00e4r fortfarande k\u00e4nd \u00f6ver hela v\u00e4rlden som en symbol f\u00f6r Rom. Av de gamla romarna kallades det<em><strong>Amphitheatrum Flavium'.<\/strong><\/em> uppkallad efter den kejserliga flaviska familjen under vilken arbetet med att bygga den p\u00e5b\u00f6rjades och avslutades. \u00c5r 72 e.Kr. p\u00e5b\u00f6rjade kejsar Vespasianus arbetet, som avslutades \u00e5r 80 e.Kr. av hans son Titus. I slutet av arbetena firades invigningen med extraordin\u00e4ra spel och strider som varade i 100 dagar.<\/p><p style=\"text-align: center;\">Den h\u00e4r lilla informationen ger oss en kort \u00f6versikt \u00f6ver Colosseums historia, men dess historia \u00e4r mycket mer komplex och fascinerande. Colosseum byggdes f\u00f6r att vara den st\u00f6rsta amfiteatern som n\u00e5gonsin byggts och representerade den makt och storhet som<strong>Romerska riket<\/strong>blev inte bara en plats f\u00f6r underh\u00e5llning, utan ocks\u00e5 ett politiskt verktyg f\u00f6r att h\u00e4vda de romerska kejsarnas kontroll och auktoritet.<\/p>\t\t\t\t\t\t<\/div>\n\t\t\t\t<\/div>\n\t\t\t\t<div class=\"elementor-element elementor-element-32a6686 elementor-widget elementor-widget-jet-timeline\" data-id=\"32a6686\" data-element_type=\"widget\" data-settings=\"{&quot;ekit_we_effect_on&quot;:&quot;none&quot;}\" data-widget_type=\"jet-timeline.default\">\n\t\t\t\t<div class=\"elementor-widget-container\">\n\t\t\t<div class=\"elementor-jet-timeline jet-elements\"><div class=\"jet-timeline jet-timeline--align-center jet-timeline--align-middle\">\n\t<div class=\"jet-timeline__line\"><div class=\"jet-timeline__line-progress\"><\/div><\/div>\n\t<div class=\"jet-timeline-list\"><div class=\"jet-timeline-item  elementor-repeater-item-fd1235f jet-timeline-item--image-inside\">\n\t<div class=\"timeline-item__card\">\n\t\t<div class=\"timeline-item__card-inner\">\n\t\t\t\t\t\t\t\t<div class=\"timeline-item__card-content\">\n\t\t\t\t\t<div class=\"timeline-item__meta\"><div class=\"timeline-item__meta-content\">Byggandet och guld\u00e5ldern<\/div><\/div><h5 class=\"timeline-item__card-title\"> Antika Rom, flaviska perioden (72-80 e.Kr.)<\/h5><div class=\"timeline-item__card-desc\">Id\u00e9n att bygga en s\u00e5 imponerande amfiteater i hj\u00e4rtat av Rom f\u00f6ddes under Vespasianus, den f\u00f6rsta kejsaren i den flaviska dynastin. Beslutet att bygga den \u00f6ver den konstgjorda sj\u00f6n Domus Aurea, Neros lyxvilla, var symboliskt: ett s\u00e4tt att ge tillbaka till det romerska folket den mark som den tidigare tyrannen hade tagit ifr\u00e5n dem och att vinna massornas gunst. Villan var ett av antikens st\u00f6rsta arkitektoniska verk och uppf\u00f6rdes med hj\u00e4lp av tusentals slavar och arbetare.\n\nInvigningen av amfiteatern var en extraordin\u00e4r h\u00e4ndelse som speglade Roms storhet. F\u00f6r att fira invigningen av Colosseum anordnade Titus spel och spektakel som p\u00e5gick i 100 dagar i f\u00f6ljd och under vilka tusentals vilda djur och gladiatorer ber\u00e4knas ha d\u00f6dats. Dessa massevenemang var en del av \"panem et circenses\" (br\u00f6d och spel), en politisk strategi f\u00f6r att distrahera och kontrollera den romerska befolkningen.<\/div>\t\t\t\t<\/div>\n\t\t\t\t\t\t<\/div>\n\t\t<div class=\"timeline-item__card-arrow\"><\/div>\n\t<\/div>\n\t<div class=\"timeline-item__point\"><div class=\"timeline-item__point-content timeline-item__point-content--icon\"><span class=\"jet-elements-icon\"><i aria-hidden=\"true\" class=\"fas fa-history\"><\/i><\/span><\/div><\/div><div class=\"timeline-item__meta\"><div class=\"timeline-item__meta-content\">Byggandet och guld\u00e5ldern<\/div><\/div><\/div><div class=\"jet-timeline-item  elementor-repeater-item-c9e98a0 jet-timeline-item--image-inside\">\n\t<div class=\"timeline-item__card\">\n\t\t<div class=\"timeline-item__card-inner\">\n\t\t\t\t\t\t\t\t<div class=\"timeline-item__card-content\">\n\t\t\t\t\t<div class=\"timeline-item__meta\"><div class=\"timeline-item__meta-content\">Nedg\u00e5ng och omvandling<\/div><\/div><h5 class=\"timeline-item__card-title\">Sena romarriket och medeltiden (5-1500-talet)<\/h5><div class=\"timeline-item__card-desc\">Efter det v\u00e4stromerska rikets fall genomgick Colosseum m\u00e5nga f\u00f6r\u00e4ndringar. Under medeltiden slutade amfiteatern att anv\u00e4ndas f\u00f6r offentliga f\u00f6rest\u00e4llningar och anpassades till olika anv\u00e4ndningsomr\u00e5den. N\u00e5gra av de yttre valven byggdes om till bost\u00e4der och butiker, medan den nedre v\u00e5ningen f\u00f6rvandlades till en kyrkog\u00e5rd.\n\nUnder \u00e5rhundradenas lopp orsakade jordb\u00e4vningar, plundring och \u00e4ndrad anv\u00e4ndning av byggnaderna betydande skador p\u00e5 strukturen. En del av stenarna togs bort och \u00e5teranv\u00e4ndes f\u00f6r att uppf\u00f6ra andra byggnader i Rom, bland annat Peterskyrkan. Colosseum fortsatte dock att vara en symbol f\u00f6r staden och ett tyst vittne till dess omtumlande historia.\n<\/div>\t\t\t\t<\/div>\n\t\t\t\t\t\t<\/div>\n\t\t<div class=\"timeline-item__card-arrow\"><\/div>\n\t<\/div>\n\t<div class=\"timeline-item__point\"><div class=\"timeline-item__point-content timeline-item__point-content--icon\"><span class=\"jet-elements-icon\"><i aria-hidden=\"true\" class=\"fas fa-history\"><\/i><\/span><\/div><\/div><div class=\"timeline-item__meta\"><div class=\"timeline-item__meta-content\">Nedg\u00e5ng och omvandling<\/div><\/div><\/div><div class=\"jet-timeline-item  elementor-repeater-item-1a116c5 jet-timeline-item--image-inside\">\n\t<div class=\"timeline-item__card\">\n\t\t<div class=\"timeline-item__card-inner\">\n\t\t\t\t\t\t\t\t<div class=\"timeline-item__card-content\">\n\t\t\t\t\t<div class=\"timeline-item__meta\"><div class=\"timeline-item__meta-content\">\u00c5teruppt\u00e4ckt och f\u00f6rnyelse<\/div><\/div><h5 class=\"timeline-item__card-title\">Ren\u00e4ssans och senare perioder (16-1900-talet)<\/h5><div class=\"timeline-item__card-desc\">Under ren\u00e4ssansen \u00e5teruppt\u00e4cktes Colosseum som en symbol f\u00f6r Roms \u00e4rorika f\u00f6rflutna. Konstn\u00e4rer, f\u00f6rfattare och intellektuella b\u00f6rjade intressera sig f\u00f6r den antika amfiteatern och inspirerades av dess storslagenhet och komplexa historia. P\u00e5 1600-talet f\u00f6rklarade den katolska kyrkan Colosseum som en helig plats till minne av de kristna martyrer som enligt traditionen hade d\u00f6dats d\u00e4r. En Via Crucis byggdes inne i amfiteatern och f\u00f6rvandlade den till en plats f\u00f6r tillbedjan och h\u00e5gkomst.\n\nUnder 1700- och 1800-talen blev Colosseum f\u00f6rem\u00e5l f\u00f6r flera restaureringsprojekt f\u00f6r att bevara dess struktur och historiska v\u00e4rde. Bevarandearbetet fortsatte under hela 1900-talet och fram till idag, vilket g\u00f6r att Colosseum kan beh\u00e5lla sin storslagenhet och charm trots tidens utmaningar.\n<\/div>\t\t\t\t<\/div>\n\t\t\t\t\t\t<\/div>\n\t\t<div class=\"timeline-item__card-arrow\"><\/div>\n\t<\/div>\n\t<div class=\"timeline-item__point\"><div class=\"timeline-item__point-content timeline-item__point-content--icon\"><span class=\"jet-elements-icon\"><i aria-hidden=\"true\" class=\"fas fa-history\"><\/i><\/span><\/div><\/div><div class=\"timeline-item__meta\"><div class=\"timeline-item__meta-content\">\u00c5teruppt\u00e4ckt och f\u00f6rnyelse<\/div><\/div><\/div><div class=\"jet-timeline-item  elementor-repeater-item-7ed7f15 jet-timeline-item--image-inside\">\n\t<div class=\"timeline-item__card\">\n\t\t<div class=\"timeline-item__card-inner\">\n\t\t\t\t\t\t\t\t<div class=\"timeline-item__card-content\">\n\t\t\t\t\t<div class=\"timeline-item__meta\"><div class=\"timeline-item__meta-content\">Colosseum idag<\/div><\/div><h5 class=\"timeline-item__card-title\">Modern och samtida tid (20:e och 21:a \u00e5rhundradet)<\/h5><div class=\"timeline-item__card-desc\">Idag \u00e4r Colosseum ett av de mest bes\u00f6kta monumenten i v\u00e4rlden, en ikon f\u00f6r italiensk kultur och en symbol f\u00f6r staden Roms motst\u00e5ndskraft. Det forts\u00e4tter att inspirera miljontals m\u00e4nniskor varje \u00e5r, tack vare sin imponerande struktur och fascinerande historia som str\u00e4cker sig \u00f6ver \u00e5rhundradena. Colosseum \u00e4r mer \u00e4n bara en arkeologisk plats; det \u00e4r ett levande vittnesb\u00f6rd om historien, kulturen och uppfinningsrikedomen hos en civilisation som har pr\u00e4glat m\u00e4nsklighetens utveckling.\n\nAtt bes\u00f6ka Colosseum \u00e4r att g\u00f6ra en resa genom tiden och f\u00f6rdjupa sig i dess m\u00e5nga ber\u00e4ttelser, fr\u00e5n det antika Roms prakt till modernitetens utmaningar. Trots att den har utsatts f\u00f6r f\u00f6rst\u00f6relse, jordb\u00e4vningar och \u00e5rhundraden av f\u00f6rsummelse st\u00e5r denna majest\u00e4tiska amfiteater fortfarande kvar, ett tyst och imponerande vittne om ett f\u00f6rflutet som lever vidare i nutiden.<\/div>\t\t\t\t<\/div>\n\t\t\t\t\t\t<\/div>\n\t\t<div class=\"timeline-item__card-arrow\"><\/div>\n\t<\/div>\n\t<div class=\"timeline-item__point\"><div class=\"timeline-item__point-content timeline-item__point-content--icon\"><span class=\"jet-elements-icon\"><i aria-hidden=\"true\" class=\"fas fa-history\"><\/i><\/span><\/div><\/div><div class=\"timeline-item__meta\"><div class=\"timeline-item__meta-content\">Colosseum idag<\/div><\/div><\/div><\/div><\/div><\/div>\t\t<\/div>\n\t\t\t\t<\/div>\n\t\t\t\t\t<\/div>\n\t\t<\/div>\n\t\t\t\t\t<\/div>\n\t\t<\/section>\n\t\t\t\t<\/div>","protected":false},"excerpt":{"rendered":"<p>Colosseums historia Det finns mycket att s\u00e4ga om Colosseums historia genom \u00e5rhundradena, fr\u00e5n dess uppf\u00f6rande till dess f\u00f6rst\u00f6relse. En l\u00e5ng historisk period under vilken Colosseum har anv\u00e4nts och restaurerats m\u00e5nga, m\u00e5nga g\u00e5nger, p\u00e5 olika s\u00e4tt och med olika metoder. Colosseums historia \u00e4r i sj\u00e4lva verket m\u00e5nga och markerar de olika perioderna i [...]<\/p>","protected":false},"author":1,"featured_media":0,"parent":528,"menu_order":4,"comment_status":"closed","ping_status":"closed","template":"","meta":{"site-sidebar-layout":"no-sidebar","site-content-layout":"page-builder","ast-site-content-layout":"full-width-container","site-content-style":"unboxed","site-sidebar-style":"unboxed","ast-global-header-display":"","ast-banner-title-visibility":"","ast-main-header-display":"","ast-hfb-above-header-display":"","ast-hfb-below-header-display":"","ast-hfb-mobile-header-display":"","site-post-title":"disabled","ast-breadcrumbs-content":"","ast-featured-img":"disabled","footer-sml-layout":"","ast-disable-related-posts":"","theme-transparent-header-meta":"default","adv-header-id-meta":"","stick-header-meta":"","header-above-stick-meta":"","header-main-stick-meta":"","header-below-stick-meta":"","astra-migrate-meta-layouts":"set","ast-page-background-enabled":"default","ast-page-background-meta":{"desktop":{"background-color":"var(--ast-global-color-4)","background-image":"","background-repeat":"repeat","background-position":"center center","background-size":"auto","background-attachment":"scroll","background-type":"","background-media":"","overlay-type":"","overlay-color":"","overlay-opacity":"","overlay-gradient":""},"tablet":{"background-color":"","background-image":"","background-repeat":"repeat","background-position":"center center","background-size":"auto","background-attachment":"scroll","background-type":"","background-media":"","overlay-type":"","overlay-color":"","overlay-opacity":"","overlay-gradient":""},"mobile":{"background-color":"","background-image":"","background-repeat":"repeat","background-position":"center center","background-size":"auto","background-attachment":"scroll","background-type":"","background-media":"","overlay-type":"","overlay-color":"","overlay-opacity":"","overlay-gradient":""}},"ast-content-background-meta":{"desktop":{"background-color":"var(--ast-global-color-5)","background-image":"","background-repeat":"repeat","background-position":"center center","background-size":"auto","background-attachment":"scroll","background-type":"","background-media":"","overlay-type":"","overlay-color":"","overlay-opacity":"","overlay-gradient":""},"tablet":{"background-color":"var(--ast-global-color-5)","background-image":"","background-repeat":"repeat","background-position":"center center","background-size":"auto","background-attachment":"scroll","background-type":"","background-media":"","overlay-type":"","overlay-color":"","overlay-opacity":"","overlay-gradient":""},"mobile":{"background-color":"var(--ast-global-color-5)","background-image":"","background-repeat":"repeat","background-position":"center center","background-size":"auto","background-attachment":"scroll","background-type":"","background-media":"","overlay-type":"","overlay-color":"","overlay-opacity":"","overlay-gradient":""}},"iawp_total_views":5003,"footnotes":""},"class_list":["post-541","page","type-page","status-publish","hentry"],"_links":{"self":[{"href":"https:\/\/colosseo-roma.it\/sv\/wp-json\/wp\/v2\/pages\/541","targetHints":{"allow":["GET"]}}],"collection":[{"href":"https:\/\/colosseo-roma.it\/sv\/wp-json\/wp\/v2\/pages"}],"about":[{"href":"https:\/\/colosseo-roma.it\/sv\/wp-json\/wp\/v2\/types\/page"}],"author":[{"embeddable":true,"href":"https:\/\/colosseo-roma.it\/sv\/wp-json\/wp\/v2\/users\/1"}],"replies":[{"embeddable":true,"href":"https:\/\/colosseo-roma.it\/sv\/wp-json\/wp\/v2\/comments?post=541"}],"version-history":[{"count":0,"href":"https:\/\/colosseo-roma.it\/sv\/wp-json\/wp\/v2\/pages\/541\/revisions"}],"up":[{"embeddable":true,"href":"https:\/\/colosseo-roma.it\/sv\/wp-json\/wp\/v2\/pages\/528"}],"wp:attachment":[{"href":"https:\/\/colosseo-roma.it\/sv\/wp-json\/wp\/v2\/media?parent=541"}],"curies":[{"name":"wp","href":"https:\/\/api.w.org\/{rel}","templated":true}]}}