{"id":551,"date":"2023-03-28T09:21:21","date_gmt":"2023-03-28T08:21:21","guid":{"rendered":"https:\/\/wordpress-1074717-3818660.cloudwaysapps.com\/?page_id=551"},"modified":"2026-01-26T16:51:32","modified_gmt":"2026-01-26T15:51:32","slug":"palatin-museum","status":"publish","type":"page","link":"https:\/\/colosseo-roma.it\/sv\/colosseums-arkeologiska-park\/palatin-museum\/","title":{"rendered":"Palatinska museet"},"content":{"rendered":"<div data-elementor-type=\"wp-page\" data-elementor-id=\"551\" class=\"elementor elementor-551\" data-elementor-post-type=\"page\">\n\t\t\t\t\t\t<section class=\"elementor-section elementor-top-section elementor-element elementor-element-19ebf5d elementor-section-boxed elementor-section-height-default elementor-section-height-default\" data-id=\"19ebf5d\" data-element_type=\"section\" data-settings=\"{&quot;jet_parallax_layout_list&quot;:[],&quot;ekit_has_onepagescroll_dot&quot;:&quot;yes&quot;}\">\n\t\t\t\t\t\t<div class=\"elementor-container elementor-column-gap-default\">\n\t\t\t\t\t<div class=\"elementor-column elementor-col-100 elementor-top-column elementor-element elementor-element-a5b5be8\" data-id=\"a5b5be8\" data-element_type=\"column\" data-settings=\"{&quot;background_background&quot;:&quot;classic&quot;}\">\n\t\t\t<div class=\"elementor-widget-wrap elementor-element-populated\">\n\t\t\t\t\t\t<div class=\"elementor-element elementor-element-3e68570 elementor-widget elementor-widget-heading\" data-id=\"3e68570\" data-element_type=\"widget\" data-settings=\"{&quot;ekit_we_effect_on&quot;:&quot;none&quot;}\" data-widget_type=\"heading.default\">\n\t\t\t\t<div class=\"elementor-widget-container\">\n\t\t\t<h1 class=\"elementor-heading-title elementor-size-default\">Palatinska museet<\/h1>\t\t<\/div>\n\t\t\t\t<\/div>\n\t\t\t\t<div class=\"elementor-element elementor-element-8ed7262 elementor-widget elementor-widget-heading\" data-id=\"8ed7262\" data-element_type=\"widget\" data-settings=\"{&quot;ekit_we_effect_on&quot;:&quot;none&quot;}\" data-widget_type=\"heading.default\">\n\t\t\t\t<div class=\"elementor-widget-container\">\n\t\t\t<h4 class=\"elementor-heading-title elementor-size-default\">Bes\u00f6k Palatinmuseet<\/h4>\t\t<\/div>\n\t\t\t\t<\/div>\n\t\t\t\t<div class=\"elementor-element elementor-element-3d53991 elementor-widget elementor-widget-text-editor\" data-id=\"3d53991\" data-element_type=\"widget\" data-settings=\"{&quot;ekit_we_effect_on&quot;:&quot;none&quot;}\" data-widget_type=\"text-editor.default\">\n\t\t\t\t<div class=\"elementor-widget-container\">\n\t\t\t\t\t\t\t<p>Palatinmuseet, som ligger i det tidigare klostret f\u00f6r nunnorna i Visitation, \u00e4r ett av de viktigaste och mest imponerande museerna i Rom. Museet \u00e4r byggt p\u00e5 toppen av Palatinkullen och rymmer m\u00e5nga arkeologiska fynd som ber\u00e4ttar stadens historia fr\u00e5n Roms ursprung till furstend\u00f6mets tillkomst.<\/p>\t\t\t\t\t\t<\/div>\n\t\t\t\t<\/div>\n\t\t\t\t<div class=\"elementor-element elementor-element-5af4a50 elementor-widget elementor-widget-text-editor\" data-id=\"5af4a50\" data-element_type=\"widget\" data-settings=\"{&quot;ekit_we_effect_on&quot;:&quot;none&quot;}\" data-widget_type=\"text-editor.default\">\n\t\t\t\t<div class=\"elementor-widget-container\">\n\t\t\t\t\t\t\t<p>Museet har tv\u00e5 v\u00e5ningar: p\u00e5 bottenv\u00e5ningen finns rummen som bevarar de ursprungliga strukturerna i den tidigare domus, d\u00e4r Palatinkullens historia ber\u00e4ttas. P\u00e5 f\u00f6rsta v\u00e5ningen finns d\u00e4remot ett stort antal utst\u00e4llningsf\u00f6rem\u00e5l att beundra, bland annat f\u00f6rem\u00e5l fr\u00e5n Augustus tid, kejsaren som f\u00f6rst f\u00f6r\u00e4ndrade Palatinkullens utseende, samt mosaiker och dyrbara m\u00e5lningar fr\u00e5n Neros Domus Transitoria.<\/p><p>Museet inr\u00e4ttades 1868 p\u00e5 resterna av Domitianus palats och p\u00e5 1930-talet inr\u00e4ttade arkeologen Alfonso Bartoli det nya Palatine Antiquarium. Tack vare hans initiativ kunde museet \u00e5teruppst\u00e5 och g\u00f6ras mer anv\u00e4ndbart, bland annat med hj\u00e4lp av multimediainstallationer, i samband med det augsburgska tv\u00e5\u00e5rsjubileet.<\/p><p>Under andra v\u00e4rldskriget \u00f6verf\u00f6rdes mycket av det material som hittades vid de m\u00e5nga utgr\u00e4vningar som hade \u00e4gt rum p\u00e5 Palatinkullen sedan andra h\u00e4lften av 1800-talet till Museum of the Baths of Diocletian. Endast en liten del av samlingen \u00e5terv\u00e4nde slutligen till Palatinen efter konflikten.<\/p><p>F\u00f6r den som vill l\u00e4ra sig mer om Roms och Palatinkullens historia \u00e4r museet ett mycket intressant och sp\u00e4nnande bes\u00f6ksm\u00e5l. De vackra utst\u00e4llningsf\u00f6rem\u00e5len och museets suggestiva l\u00e4ge g\u00f6r bes\u00f6ket till en mycket attraktiv och engagerande upplevelse.<\/p>\t\t\t\t\t\t<\/div>\n\t\t\t\t<\/div>\n\t\t\t\t<div class=\"elementor-element elementor-element-2187982 elementor-widget elementor-widget-heading\" data-id=\"2187982\" data-element_type=\"widget\" data-settings=\"{&quot;ekit_we_effect_on&quot;:&quot;none&quot;}\" data-widget_type=\"heading.default\">\n\t\t\t\t<div class=\"elementor-widget-container\">\n\t\t\t<h5 class=\"elementor-heading-title elementor-size-default\">Palatine Museum \u00d6ppettider:<\/h5>\t\t<\/div>\n\t\t\t\t<\/div>\n\t\t\t\t<div class=\"elementor-element elementor-element-0d1a3ce elementor-widget elementor-widget-text-editor\" data-id=\"0d1a3ce\" data-element_type=\"widget\" data-settings=\"{&quot;ekit_we_effect_on&quot;:&quot;none&quot;}\" data-widget_type=\"text-editor.default\">\n\t\t\t\t<div class=\"elementor-widget-container\">\n\t\t\t\t\t\t\t<p>Museet \u00e4r \u00f6ppet mellan kl. 9.30 och 15.30. Sista insl\u00e4ppet kl. 15.00.<\/p>\t\t\t\t\t\t<\/div>\n\t\t\t\t<\/div>\n\t\t\t\t<div class=\"elementor-element elementor-element-521910f elementor-widget elementor-widget-heading\" data-id=\"521910f\" data-element_type=\"widget\" data-settings=\"{&quot;ekit_we_effect_on&quot;:&quot;none&quot;}\" data-widget_type=\"heading.default\">\n\t\t\t\t<div class=\"elementor-widget-container\">\n\t\t\t<h5 class=\"elementor-heading-title elementor-size-default\">Hur man tar sig till Palatine Museum:<\/h5>\t\t<\/div>\n\t\t\t\t<\/div>\n\t\t\t\t<div class=\"elementor-element elementor-element-089a9ea elementor-widget elementor-widget-text-editor\" data-id=\"089a9ea\" data-element_type=\"widget\" data-settings=\"{&quot;ekit_we_effect_on&quot;:&quot;none&quot;}\" data-widget_type=\"text-editor.default\">\n\t\t\t\t<div class=\"elementor-widget-container\">\n\t\t\t\t\t\t\t<p>Tunnelbana: Linje B h\u00e5llplats Colosseo<\/p><p>Bussar: nr 75, 81, 87, 673, 175, 204<\/p><p>Sp\u00e5rv\u00e4g: Nr 3<\/p>\t\t\t\t\t\t<\/div>\n\t\t\t\t<\/div>\n\t\t\t\t<div class=\"elementor-element elementor-element-af008be elementor-widget elementor-widget-heading\" data-id=\"af008be\" data-element_type=\"widget\" data-settings=\"{&quot;ekit_we_effect_on&quot;:&quot;none&quot;}\" data-widget_type=\"heading.default\">\n\t\t\t\t<div class=\"elementor-widget-container\">\n\t\t\t<h5 class=\"elementor-heading-title elementor-size-default\">Hur du tar dig dit:<\/h5>\t\t<\/div>\n\t\t\t\t<\/div>\n\t\t\t\t<div class=\"elementor-element elementor-element-fa104ab elementor-widget elementor-widget-text-editor\" data-id=\"fa104ab\" data-element_type=\"widget\" data-settings=\"{&quot;ekit_we_effect_on&quot;:&quot;none&quot;}\" data-widget_type=\"text-editor.default\">\n\t\t\t\t<div class=\"elementor-widget-container\">\n\t\t\t\t\t\t\t<p>-Sp\u00e5rvagn: nr 3<\/p><p>-Metro: Linje B h\u00e5llplats Colosseo<\/p><p>-Bussar: nr 51, 75, 81, 85, 87, 118<\/p>\t\t\t\t\t\t<\/div>\n\t\t\t\t<\/div>\n\t\t\t\t<div class=\"elementor-element elementor-element-79a3ab9 elementor-widget elementor-widget-spacer\" data-id=\"79a3ab9\" data-element_type=\"widget\" data-settings=\"{&quot;ekit_we_effect_on&quot;:&quot;none&quot;}\" data-widget_type=\"spacer.default\">\n\t\t\t\t<div class=\"elementor-widget-container\">\n\t\t\t\t\t<div class=\"elementor-spacer\">\n\t\t\t<div class=\"elementor-spacer-inner\"><\/div>\n\t\t<\/div>\n\t\t\t\t<\/div>\n\t\t\t\t<\/div>\n\t\t\t\t<div class=\"elementor-element elementor-element-7aa5fc7 elementor-widget elementor-widget-heading\" data-id=\"7aa5fc7\" data-element_type=\"widget\" data-settings=\"{&quot;ekit_we_effect_on&quot;:&quot;none&quot;}\" data-widget_type=\"heading.default\">\n\t\t\t\t<div class=\"elementor-widget-container\">\n\t\t\t<h3 class=\"elementor-heading-title elementor-size-default\">Recensioner<\/h3>\t\t<\/div>\n\t\t\t\t<\/div>\n\t\t<div class=\"elementor-element elementor-element-df5c899 e-flex e-con-boxed e-con e-parent\" data-id=\"df5c899\" data-element_type=\"container\" data-settings=\"{&quot;jet_parallax_layout_list&quot;:[],&quot;ekit_has_onepagescroll_dot&quot;:&quot;yes&quot;}\">\n\t\t\t\t\t<div class=\"e-con-inner\">\n\t\t\t\t<div class=\"elementor-element elementor-element-39b3c22 elementor-widget elementor-widget-jet-carousel\" data-id=\"39b3c22\" data-element_type=\"widget\" data-settings=\"{&quot;slides_to_show&quot;:&quot;3&quot;,&quot;slides_to_scroll&quot;:&quot;3&quot;,&quot;slides_to_show_tablet&quot;:&quot;2&quot;,&quot;slides_to_show_mobile&quot;:&quot;1&quot;,&quot;slides_to_scroll_tablet&quot;:&quot;2&quot;,&quot;slides_to_scroll_mobile&quot;:&quot;1&quot;,&quot;ekit_we_effect_on&quot;:&quot;none&quot;}\" data-widget_type=\"jet-carousel.default\">\n\t\t\t\t<div class=\"elementor-widget-container\">\n\t\t\t<div class=\"elementor-jet-carousel jet-elements\"><div class=\"jet-carousel-wrap jet-equal-cols\">\n\t<div class=\"jet-carousel\" data-slider_options=\"{&quot;autoplaySpeed&quot;:5000,&quot;autoplay&quot;:true,&quot;infinite&quot;:true,&quot;centerMode&quot;:false,&quot;centerPadding&quot;:&quot;50px&quot;,&quot;pauseOnHover&quot;:false,&quot;speed&quot;:500,&quot;arrows&quot;:true,&quot;dots&quot;:false,&quot;variableWidth&quot;:false,&quot;prevArrow&quot;:&quot;.jet-carousel__prev-arrow-39b3c22&quot;,&quot;nextArrow&quot;:&quot;.jet-carousel__next-arrow-39b3c22&quot;,&quot;rtl&quot;:false,&quot;fractionNav&quot;:false}\" dir=\"ltr\">\n\t<div class=\"elementor-slick-slider\">\n\n<div class=\"jet-carousel__item\">\n\t<div class=\"jet-carousel__item-inner\"><div class=\"jet-carousel__content\"><h5 class=\"jet-carousel__item-title\"><\/h5><div class=\"jet-carousel__item-text\"><p>Palatinmuseet var en riktig \u00f6verraskning: m\u00e4ngden utst\u00e4llningsf\u00f6rem\u00e5l \u00e4r helt enkelt otrolig och historien som ber\u00e4ttas \u00e4r mycket intressant. Jag rekommenderar starkt att du bes\u00f6ker detta museum om du \u00e4r passionerad av arkeologi och antik historia.\" - Marco, 35 \u00e5r gammal.<\/p><\/div><\/div><\/div>\n<\/div>\n\n<div class=\"jet-carousel__item\">\n\t<div class=\"jet-carousel__item-inner\"><div class=\"jet-carousel__content\"><h5 class=\"jet-carousel__item-title\"><\/h5><div class=\"jet-carousel__item-text\"><p>Det romerska nationalmuseet \u00e4r en av de mest imponerande platserna i Rom: atmosf\u00e4ren som skapas av salarna och utst\u00e4llningarna \u00e4r helt enkelt magisk. Dessutom tillf\u00f6r multimediainstallationerna en viktig teknisk komponent som g\u00f6r bes\u00f6ksupplevelsen \u00e4nnu mer engagerande och uppslukande.\" - Sara, 27 \u00e5r gammal.<\/p><\/div><\/div><\/div>\n<\/div>\n\n<div class=\"jet-carousel__item\">\n\t<div class=\"jet-carousel__item-inner\"><div class=\"jet-carousel__content\"><h5 class=\"jet-carousel__item-title\"><\/h5><div class=\"jet-carousel__item-text\"><p>\"Mycket intressant bes\u00f6k! Jag gillade s\u00e4rskilt den del som \u00e4gnades \u00e5t Augustus tid, med de m\u00e5nga utst\u00e4llningsf\u00f6rem\u00e5len som ber\u00e4ttar om omvandlingen av Palatinkullen till ett kejserligt residens. Personalen \u00e4r mycket professionell och hj\u00e4lpsam.\" - Giovanni, 43 \u00e5r.<\/p><\/div><\/div><\/div>\n<\/div>\n\n<div class=\"jet-carousel__item\">\n\t<div class=\"jet-carousel__item-inner\"><div class=\"jet-carousel__content\"><h5 class=\"jet-carousel__item-title\"><\/h5><div class=\"jet-carousel__item-text\"><p>\"Jag bes\u00f6kte Palatinmuseet med min familj och jag m\u00e5ste s\u00e4ga att det var en stor succ\u00e9: samlingen \u00e4r mycket stor och passar alla \u00e5ldersgrupper. Mina barn \u00e4lskade mosaikerna och m\u00e5lningarna fr\u00e5n Neros Domus Transitoria, medan jag verkligen gillade den grafiska rekonstruktionen av det antika Rom.\" - Maria, 38 \u00e5r.<\/p><\/div><\/div><\/div>\n<\/div>\n\n<div class=\"jet-carousel__item\">\n\t<div class=\"jet-carousel__item-inner\"><div class=\"jet-carousel__content\"><h5 class=\"jet-carousel__item-title\"><\/h5><div class=\"jet-carousel__item-text\"><p>\"Palatinmuseet \u00e4r ett m\u00e5ste f\u00f6r alla turister som bes\u00f6ker Rom. Samlingen \u00e4r mycket intressant och extremt v\u00e4l sammanst\u00e4lld, perfekt f\u00f6r den som vill f\u00f6rdjupa sig i den antika romerska historien. Dessutom \u00e4r l\u00e4get exceptionellt, precis p\u00e5 Palatinkullen varifr\u00e5n man har en underbar utsikt \u00f6ver staden.\" - Andrea, 29.<\/p><\/div><\/div><\/div>\n<\/div>\n<\/div><div class=\"jet-carousel__prev-arrow-39b3c22 jet-arrow prev-arrow\"><i aria-hidden=\"true\" class=\"fal fa-chevron-left\"><\/i><\/div><div class=\"jet-carousel__next-arrow-39b3c22 jet-arrow next-arrow\"><i aria-hidden=\"true\" class=\"fal fa-chevron-right\"><\/i><\/div><\/div>\n<\/div>\n<\/div>\t\t<\/div>\n\t\t\t\t<\/div>\n\t\t\t\t\t<\/div>\n\t\t\t\t<\/div>\n\t\t\t\t\t<\/div>\n\t\t<\/div>\n\t\t\t\t\t<\/div>\n\t\t<\/section>\n\t\t\t\t<\/div>","protected":false},"excerpt":{"rendered":"<p>Palatinmuseet Bes\u00f6k Palatinmuseet Palatinmuseet, som ligger i det tidigare klostret f\u00f6r nunnorna i Visitation, \u00e4r ett av de viktigaste och mest imponerande museerna i Rom. Museet \u00e4r byggt p\u00e5 toppen av Palatinkullen och rymmer m\u00e5nga arkeologiska fynd som ber\u00e4ttar stadens historia fr\u00e5n Roms ursprung till furstend\u00f6mets tillkomst. Museet \u00e4r [...]<\/p>","protected":false},"author":1,"featured_media":0,"parent":526,"menu_order":7,"comment_status":"closed","ping_status":"closed","template":"","meta":{"site-sidebar-layout":"no-sidebar","site-content-layout":"page-builder","ast-site-content-layout":"full-width-container","site-content-style":"unboxed","site-sidebar-style":"unboxed","ast-global-header-display":"","ast-banner-title-visibility":"","ast-main-header-display":"","ast-hfb-above-header-display":"","ast-hfb-below-header-display":"","ast-hfb-mobile-header-display":"","site-post-title":"disabled","ast-breadcrumbs-content":"","ast-featured-img":"disabled","footer-sml-layout":"","ast-disable-related-posts":"","theme-transparent-header-meta":"default","adv-header-id-meta":"","stick-header-meta":"","header-above-stick-meta":"","header-main-stick-meta":"","header-below-stick-meta":"","astra-migrate-meta-layouts":"default","ast-page-background-enabled":"default","ast-page-background-meta":{"desktop":{"background-color":"var(--ast-global-color-4)","background-image":"","background-repeat":"repeat","background-position":"center center","background-size":"auto","background-attachment":"scroll","background-type":"","background-media":"","overlay-type":"","overlay-color":"","overlay-opacity":"","overlay-gradient":""},"tablet":{"background-color":"","background-image":"","background-repeat":"repeat","background-position":"center center","background-size":"auto","background-attachment":"scroll","background-type":"","background-media":"","overlay-type":"","overlay-color":"","overlay-opacity":"","overlay-gradient":""},"mobile":{"background-color":"","background-image":"","background-repeat":"repeat","background-position":"center center","background-size":"auto","background-attachment":"scroll","background-type":"","background-media":"","overlay-type":"","overlay-color":"","overlay-opacity":"","overlay-gradient":""}},"ast-content-background-meta":{"desktop":{"background-color":"var(--ast-global-color-5)","background-image":"","background-repeat":"repeat","background-position":"center center","background-size":"auto","background-attachment":"scroll","background-type":"","background-media":"","overlay-type":"","overlay-color":"","overlay-opacity":"","overlay-gradient":""},"tablet":{"background-color":"var(--ast-global-color-5)","background-image":"","background-repeat":"repeat","background-position":"center center","background-size":"auto","background-attachment":"scroll","background-type":"","background-media":"","overlay-type":"","overlay-color":"","overlay-opacity":"","overlay-gradient":""},"mobile":{"background-color":"var(--ast-global-color-5)","background-image":"","background-repeat":"repeat","background-position":"center center","background-size":"auto","background-attachment":"scroll","background-type":"","background-media":"","overlay-type":"","overlay-color":"","overlay-opacity":"","overlay-gradient":""}},"iawp_total_views":916,"footnotes":""},"class_list":["post-551","page","type-page","status-publish","hentry"],"_links":{"self":[{"href":"https:\/\/colosseo-roma.it\/sv\/wp-json\/wp\/v2\/pages\/551","targetHints":{"allow":["GET"]}}],"collection":[{"href":"https:\/\/colosseo-roma.it\/sv\/wp-json\/wp\/v2\/pages"}],"about":[{"href":"https:\/\/colosseo-roma.it\/sv\/wp-json\/wp\/v2\/types\/page"}],"author":[{"embeddable":true,"href":"https:\/\/colosseo-roma.it\/sv\/wp-json\/wp\/v2\/users\/1"}],"replies":[{"embeddable":true,"href":"https:\/\/colosseo-roma.it\/sv\/wp-json\/wp\/v2\/comments?post=551"}],"version-history":[{"count":0,"href":"https:\/\/colosseo-roma.it\/sv\/wp-json\/wp\/v2\/pages\/551\/revisions"}],"up":[{"embeddable":true,"href":"https:\/\/colosseo-roma.it\/sv\/wp-json\/wp\/v2\/pages\/526"}],"wp:attachment":[{"href":"https:\/\/colosseo-roma.it\/sv\/wp-json\/wp\/v2\/media?parent=551"}],"curies":[{"name":"wp","href":"https:\/\/api.w.org\/{rel}","templated":true}]}}