{"id":61,"date":"2023-03-10T11:32:23","date_gmt":"2023-03-10T10:32:23","guid":{"rendered":"https:\/\/wordpress-1074717-3818660.cloudwaysapps.com\/?page_id=61"},"modified":"2026-01-26T16:42:45","modified_gmt":"2026-01-26T15:42:45","slug":"gladiatorer","status":"publish","type":"page","link":"https:\/\/colosseo-roma.it\/sv\/romarriket\/gladiatorer\/","title":{"rendered":"Gladiatorerna"},"content":{"rendered":"<div data-elementor-type=\"wp-page\" data-elementor-id=\"61\" class=\"elementor elementor-61\" data-elementor-post-type=\"page\">\n\t\t\t\t\t\t<section class=\"elementor-section elementor-top-section elementor-element elementor-element-492661c elementor-section-boxed elementor-section-height-default elementor-section-height-default\" data-id=\"492661c\" data-element_type=\"section\" data-settings=\"{&quot;jet_parallax_layout_list&quot;:[],&quot;ekit_has_onepagescroll_dot&quot;:&quot;yes&quot;}\">\n\t\t\t\t\t\t<div class=\"elementor-container elementor-column-gap-default\">\n\t\t\t\t\t<div class=\"elementor-column elementor-col-100 elementor-top-column elementor-element elementor-element-e3c653a\" data-id=\"e3c653a\" data-element_type=\"column\">\n\t\t\t<div class=\"elementor-widget-wrap elementor-element-populated\">\n\t\t\t\t\t\t<div class=\"elementor-element elementor-element-ab68d20 elementor-widget elementor-widget-heading\" data-id=\"ab68d20\" data-element_type=\"widget\" data-settings=\"{&quot;ekit_we_effect_on&quot;:&quot;none&quot;}\" data-widget_type=\"heading.default\">\n\t\t\t\t<div class=\"elementor-widget-container\">\n\t\t\t<h1 class=\"elementor-heading-title elementor-size-default\">Gladiatorerna<\/h1>\t\t<\/div>\n\t\t\t\t<\/div>\n\t\t\t\t<div class=\"elementor-element elementor-element-1ed1f6a elementor-widget elementor-widget-heading\" data-id=\"1ed1f6a\" data-element_type=\"widget\" data-settings=\"{&quot;ekit_we_effect_on&quot;:&quot;none&quot;}\" data-widget_type=\"heading.default\">\n\t\t\t\t<div class=\"elementor-widget-container\">\n\t\t\t<h5 class=\"elementor-heading-title elementor-size-default\">I den flaviska amfiteatern \u00e4gde gladiatorstrider rum p\u00e5 eftermiddagen. Deras namn kommer fr\u00e5n det korta sv\u00e4rd som de anv\u00e4nde i striderna: \"gladius\". Gladiatorerna i Rom l\u00e4rde sig gladiatorkonsten i \"ludi\", skolor som var baracker mycket lika de f\u00e4ngelser som fanns i hela imperiet; de sov i sm\u00e5 celler som var placerade runt den g\u00e5rd d\u00e4r de tr\u00e4nade.<\/h5>\t\t<\/div>\n\t\t\t\t<\/div>\n\t\t\t\t<div class=\"elementor-element elementor-element-51acbbc elementor-widget elementor-widget-jet-unfold\" data-id=\"51acbbc\" data-element_type=\"widget\" data-settings=\"{&quot;mask_height&quot;:{&quot;unit&quot;:&quot;px&quot;,&quot;size&quot;:50,&quot;sizes&quot;:[]},&quot;mask_height_tablet&quot;:{&quot;unit&quot;:&quot;px&quot;,&quot;size&quot;:&quot;&quot;,&quot;sizes&quot;:[]},&quot;mask_height_mobile&quot;:{&quot;unit&quot;:&quot;px&quot;,&quot;size&quot;:&quot;&quot;,&quot;sizes&quot;:[]},&quot;unfold_duration&quot;:{&quot;unit&quot;:&quot;ms&quot;,&quot;size&quot;:500,&quot;sizes&quot;:[]},&quot;unfold_easing&quot;:&quot;easeOutBack&quot;,&quot;fold_duration&quot;:{&quot;unit&quot;:&quot;ms&quot;,&quot;size&quot;:300,&quot;sizes&quot;:[]},&quot;fold_easing&quot;:&quot;easeOutSine&quot;,&quot;ekit_we_effect_on&quot;:&quot;none&quot;}\" data-widget_type=\"jet-unfold.default\">\n\t\t\t\t<div class=\"elementor-widget-container\">\n\t\t\t\t\t<div class=\"jet-unfold\" data-settings=\"{&quot;height&quot;:{&quot;unit&quot;:&quot;px&quot;,&quot;size&quot;:50,&quot;sizes&quot;:[]},&quot;separatorHeight&quot;:{&quot;unit&quot;:&quot;px&quot;,&quot;size&quot;:10,&quot;sizes&quot;:[]},&quot;unfoldDuration&quot;:{&quot;unit&quot;:&quot;ms&quot;,&quot;size&quot;:500,&quot;sizes&quot;:[]},&quot;foldDuration&quot;:{&quot;unit&quot;:&quot;ms&quot;,&quot;size&quot;:300,&quot;sizes&quot;:[]},&quot;unfoldEasing&quot;:&quot;easeOutBack&quot;,&quot;foldEasing&quot;:&quot;easeOutSine&quot;,&quot;foldScrolling&quot;:&quot;false&quot;,&quot;hideOutsideClick&quot;:&quot;false&quot;,&quot;autoHide&quot;:&quot;false&quot;,&quot;autoHideTime&quot;:&quot;&quot;,&quot;foldScrollOffset&quot;:null}\">\n\t\t\t<div class=\"jet-unfold__inner\">\n\t\t\t\t<div class=\"jet-unfold__mask\">\n\t\t\t\t\t<div class=\"jet-unfold__content\">\n\t\t\t\t\t\t<div class=\"jet-unfold__content-inner elementor-text-editor elementor-clearfix\"><p style=\"text-align: center;\">Ludi leddes av en \u00e4gare (lanista) som var gladiatorernas instrukt\u00f6r och hade absolut makt \u00f6ver dem. I Rom rymde de kejserliga ludi (de enda till\u00e5tna skolorna) upp till 2000 m\u00e4n: \"ludus matutinus\" d\u00e4r j\u00e4gare av vilda djur ut\u00f6vade sin verksamhet, \"ludus gallicus\", \"ludus dacicus\" och \"ludus magnus\".<\/p><p style=\"text-align: center;\">Gladiatorerna kunde vara krigsf\u00e5ngar, brottslingar, straff\u00e5ngar, slavar, d\u00f6dsd\u00f6mda eller fria m\u00e4n utan framtid; de kunde vara oerfarna eller riktiga proffs, s\u00e4rskilt krigsf\u00e5ngar som efter att ha upplevt flera v\u00e4pnade strider, slagsm\u00e5l och lidanden var s\u00e4rskilt h\u00e4rdade och v\u00e5ldsamma och ofta kom fr\u00e5n avl\u00e4gsna l\u00e4nder som Thrakien och Tyskland. Dessa personer var de mest eftertraktade och eftersom de inte hade n\u00e5got annat s\u00e4tt att leva ett anst\u00e4ndigt liv, st\u00e4llde de villigt upp och engagerade sig starkt i gladiatorernas farliga karri\u00e4r.<\/p><p style=\"text-align: center;\">Kvinnor k\u00e4mpade ocks\u00e5, men de var mycket s\u00e4llsynta och d\u00e4rf\u00f6r ocks\u00e5 mycket efterfr\u00e5gade. Den vinnande gladiatorns popularitet var verkligen anm\u00e4rkningsv\u00e4rd, folket hyllade honom och f\u00f6ljde striderna och showerna med passion och hans namn blev ber\u00f6mt.<\/p><p style=\"text-align: center;\">Gladiatorerna tr\u00e4nade olika angrepps- och f\u00f6rsvarstekniker med hj\u00e4lp av olika vapen, och beroende p\u00e5 vilken typ av vapen och teknik de anv\u00e4nde kallades de \"cetervari\", \"secutores\", \"reziari\", \"mirmillones\" och \"traces\".<\/p><p style=\"text-align: center;\">I striderna st\u00e4lldes alltid olika par av gladiatorer mot varandra; de mest klassiska var mellan \"reziari\" och \"mirmilloni\" och mellan \"traci\" och \"secutores\".<\/p><p style=\"text-align: center;\">Gladiatorn som hade besegrat sin motst\u00e5ndare v\u00e4nde sig till amfiteaterns publik f\u00f6r att fr\u00e5ga vilket \u00f6de publiken ville reservera f\u00f6r den besegrade, och publiken avgjorde med ett handtecken om d\u00f6d eller liv: tummen som pekade upp\u00e5t, \"mitte\" (s\u00e4ker), betydde att han skulle leva och tummen som pekade ned\u00e5t, \"jugula\" (d\u00f6d), betydde att han skulle d\u00f6. I slut\u00e4ndan var det dock kejsaren eller arrang\u00f6ren av spektaklet i fr\u00e5ga som med sin tumme avgjorde den besegrade gladiatorns \u00f6de.<\/p><p style=\"text-align: center;\">Varje gladiator som d\u00f6dades kostade kejsaren eller den som anordnade spektaklet en mycket stor summa pengar och det var uppenbarligen inte l\u00e4tt f\u00f6r dem att beg\u00e4ra sin d\u00f6d; det berodde f\u00f6rmodligen ocks\u00e5 p\u00e5 den starka efterfr\u00e5gan fr\u00e5n \u00e5sk\u00e5darna.<\/p><p style=\"text-align: center;\">Gladiatorernas strider var inspirerade av mytologiska episoder och de f\u00f6rs\u00f6kte alltid konkurrera med nya spektakel och nya id\u00e9er f\u00f6r att inte tr\u00f6tta ut publiken, samtidigt som de iscensatte groteska situationer som underh\u00f6ll och eggade publiken p\u00e5 samma g\u00e5ng.<\/p><p style=\"text-align: center;\">Gladiatorerna var i sj\u00e4lva verket f\u00e5ngar och kunde inte fly; de kunde bara \u00e5terf\u00e5 sin frihet genom att k\u00e4mpa p\u00e5 arenan och hoppas att n\u00e5gon m\u00e4ktig person skulle l\u00e4gga m\u00e4rke till deras mod och styrka och besluta sig f\u00f6r att befria dem. Detta hopp fanns i gladiatorernas hj\u00e4rtan och hj\u00e4lpte dem att b\u00e4ttre uth\u00e4rda sitt \u00f6de.<\/p><p style=\"text-align: center;\">Gladiatorn hade d\u00e4rf\u00f6r ett sv\u00e5rt och mycket riskfyllt liv. Han k\u00e4mpade f\u00f6r livet, f\u00f6r friheten och f\u00f6r \u00e4ran, och det romerska folket uppskattade och fascinerades av styrkan och modet hos den segerrike gladiatorn som blev en stor hj\u00e4lte.<\/p><\/div>\n\t\t\t\t\t<\/div>\n\t\t\t\t\t<div class=\"jet-unfold__separator\"><\/div>\n\t\t\t\t<\/div>\n\t\t\t\t<div class=\"jet-unfold__trigger\"><div class=\"jet-unfold__button elementor-button elementor-size-md\" href=\"#\" data-unfold-text=\"Mostra di pi\u00f9\" data-fold-text=\"Mostra meno\" data-fold-icon=\"&lt;i aria-hidden=&quot;true&quot; class=&quot;fas fa-chevron-up&quot;&gt;&lt;\/i&gt;\" data-unfold-icon=\"&lt;i aria-hidden=&quot;true&quot; class=&quot;fas fa-chevron-down&quot;&gt;&lt;\/i&gt;\" tabindex=\"0\" role=\"button\"><span class=\"jet-unfold__button-icon jet-tricks-icon\"><i aria-hidden=\"true\" class=\"fas fa-chevron-down\"><\/i><\/span><span class=\"jet-unfold__button-text\">Visa mer<\/span><\/div>\t\t\t\t<\/div>\n\t\t\t<\/div>\n\t\t<\/div>\n\t\t\t\t<\/div>\n\t\t\t\t<\/div>\n\t\t\t\t<section data-dce-background-image-url=\"https:\/\/colosseo-roma.it\/wp-content\/uploads\/2023\/03\/rome-3632318_1920-2.jpg\" class=\"elementor-section elementor-inner-section elementor-element elementor-element-66d3a1d elementor-section-height-min-height elementor-section-boxed elementor-section-height-default\" data-id=\"66d3a1d\" data-element_type=\"section\" data-settings=\"{&quot;jet_parallax_layout_list&quot;:[],&quot;background_background&quot;:&quot;classic&quot;,&quot;ekit_has_onepagescroll_dot&quot;:&quot;yes&quot;}\">\n\t\t\t\t\t\t<div class=\"elementor-container elementor-column-gap-default\">\n\t\t\t\t\t<div class=\"elementor-column elementor-col-100 elementor-inner-column elementor-element elementor-element-fe87e41\" data-id=\"fe87e41\" data-element_type=\"column\">\n\t\t\t<div class=\"elementor-widget-wrap\">\n\t\t\t\t\t\t\t<\/div>\n\t\t<\/div>\n\t\t\t\t\t<\/div>\n\t\t<\/section>\n\t\t\t\t<div class=\"elementor-element elementor-element-347d54d elementor-widget elementor-widget-heading\" data-id=\"347d54d\" data-element_type=\"widget\" data-settings=\"{&quot;ekit_we_effect_on&quot;:&quot;none&quot;}\" data-widget_type=\"heading.default\">\n\t\t\t\t<div class=\"elementor-widget-container\">\n\t\t\t<h5 class=\"elementor-heading-title elementor-size-default\">Vilka var de romerska gladiatorerna?<\/h5>\t\t<\/div>\n\t\t\t\t<\/div>\n\t\t\t\t<div class=\"elementor-element elementor-element-4a8b2ba elementor-widget elementor-widget-text-editor\" data-id=\"4a8b2ba\" data-element_type=\"widget\" data-settings=\"{&quot;ekit_we_effect_on&quot;:&quot;none&quot;}\" data-widget_type=\"text-editor.default\">\n\t\t\t\t<div class=\"elementor-widget-container\">\n\t\t\t\t\t\t\t<p>Gladiatorerna var slavar, krigsf\u00e5ngar men ocks\u00e5 fria m\u00e4n. Man kunde ocks\u00e5 v\u00e4lja att bli gladiator.<\/p><p>Fr\u00e5n och med f\u00f6rsta \u00e5rhundradet f.Kr. tvingades f\u00f6rutom krigsf\u00e5ngar \u00e4ven ett stort antal slavar som gjort sig skyldiga till mycket allvarliga brott att bli gladiatorer.<\/p><p>De tvingades g\u00e5 i gladiatorskola och fick i de flesta fall sin d\u00f6dsdom uppskjuten, men de hade ocks\u00e5 m\u00f6jlighet till rehabilitering.<\/p><p>Vissa gladiatorer lyckades \u00e5terta en plats i samh\u00e4llet genom att k\u00e4mpa p\u00e5 arenan och visa mod och skicklighet med upptr\u00e4danden som f\u00e5ngade \u00e5sk\u00e5darnas gillande.<\/p><p>F\u00f6r vissa slavar var utsikterna v\u00e4rre; vissa d\u00f6mdes till d\u00f6den av vildsinta djur (ad bestias). \u00c4ven medborgare som beg\u00e5tt mycket allvarliga brott kunde d\u00f6mas till en grym d\u00f6d p\u00e5 arenan, genom sv\u00e4rd (ad gladium) och f\u00f6r andra slavar fanns den \u00e4nnu mer tragiska d\u00f6den genom korsf\u00e4stelse (crucifixio).<\/p><p>De flesta gladiatorer tvingades d\u00e4rf\u00f6r in i denna roll, men det fanns ingen brist p\u00e5 fria m\u00e4n som d\u00f6k upp frivilligt eftersom de fascinerades av risk och v\u00e5ld.<\/p><p>Dessa m\u00e4n ingick ett kontrakt som varade under en viss period och gick i gladiatorskolor f\u00f6r att f\u00f6rbereda sig f\u00f6r strider.<\/p><p>M\u00e5nga gjorde det f\u00f6r pengar, andra f\u00f6r att de lockades av de starka k\u00e4nslor som uppstod under striderna, andra f\u00f6r att l\u00e4mna bakom sig ett tillst\u00e5nd av stor fattigdom som gjorde det mycket sv\u00e5rt f\u00f6r dem att leva och hitta en v\u00e4rdig plats i samh\u00e4llet.<\/p><p>De flesta av de fria medborgare som tog v\u00e4rvning var avskedade soldater som efter att ha utsatts f\u00f6r s\u00e5 mycket v\u00e5ld inte l\u00e4ngre kunde integreras i det normala stadslivet.<\/p><p>Det h\u00e4nde ocks\u00e5 att s\u00f6ner till riddare och senatorer stred som frivilliga p\u00e5 arenan, kanske f\u00f6r en g\u00e5ngs skull och med mindre farliga vapen, f\u00f6rmodligen f\u00f6r att bevisa n\u00e5got eller f\u00f6r att f\u00f6r\u00e4ndra sina liv p\u00e5 n\u00e5got s\u00e4tt.<\/p><p>Vissa aristokrater slogs ocks\u00e5 i arenan utan att f\u00f6lja utbildningen i gladiatorskolorna. Senatorer och riddare blev tillf\u00e4lligt gladiatorer f\u00f6r skojs skull eller f\u00f6r att de tvingades till det av kejsaren som ville ta ut en avgift av dem.<\/p><p>Tydligen kunde inte ens kejsarna sj\u00e4lva motst\u00e5 lockelsen av att sl\u00e5ss i Colosseum.<\/p><p>N\u00e5gra av dem, som Titus, Hadrianus, Caligula och den ber\u00f6mde komikern som regelbundet kl\u00e4dde ut sig till gladiator, upptr\u00e4dde i arenan.<\/p><p>L\u00e4mpligt nog verkar det ha varit en riktig hobby, ett slags spel och underh\u00e5llning, och det \u00e4r uppenbart att ingen gladiator n\u00e5gonsin skulle ha v\u00e5gat skada sin kejsare...<\/p>\t\t\t\t\t\t<\/div>\n\t\t\t\t<\/div>\n\t\t\t\t<section data-dce-background-image-url=\"https:\/\/colosseo-roma.it\/wp-content\/uploads\/2023\/03\/colosseum-75003_1920.jpg\" class=\"elementor-section elementor-inner-section elementor-element elementor-element-e433b2f elementor-section-height-min-height elementor-section-boxed elementor-section-height-default\" data-id=\"e433b2f\" data-element_type=\"section\" data-settings=\"{&quot;jet_parallax_layout_list&quot;:[],&quot;background_background&quot;:&quot;classic&quot;,&quot;ekit_has_onepagescroll_dot&quot;:&quot;yes&quot;}\">\n\t\t\t\t\t\t<div class=\"elementor-container elementor-column-gap-default\">\n\t\t\t\t\t<div class=\"elementor-column elementor-col-100 elementor-inner-column elementor-element elementor-element-9e57a8c\" data-id=\"9e57a8c\" data-element_type=\"column\">\n\t\t\t<div class=\"elementor-widget-wrap\">\n\t\t\t\t\t\t\t<\/div>\n\t\t<\/div>\n\t\t\t\t\t<\/div>\n\t\t<\/section>\n\t\t\t\t<div class=\"elementor-element elementor-element-4820706 elementor-widget elementor-widget-heading\" data-id=\"4820706\" data-element_type=\"widget\" data-settings=\"{&quot;ekit_we_effect_on&quot;:&quot;none&quot;}\" data-widget_type=\"heading.default\">\n\t\t\t\t<div class=\"elementor-widget-container\">\n\t\t\t<h5 class=\"elementor-heading-title elementor-size-default\">F\u00f6rv\u00e4ntad livsl\u00e4ngd f\u00f6r Roms gladiatorer<\/h5>\t\t<\/div>\n\t\t\t\t<\/div>\n\t\t\t\t<div class=\"elementor-element elementor-element-95a5248 elementor-widget elementor-widget-text-editor\" data-id=\"95a5248\" data-element_type=\"widget\" data-settings=\"{&quot;ekit_we_effect_on&quot;:&quot;none&quot;}\" data-widget_type=\"text-editor.default\">\n\t\t\t\t<div class=\"elementor-widget-container\">\n\t\t\t\t\t\t\t<p>Vilken f\u00f6rv\u00e4ntad livsl\u00e4ngd hade gladiatorerna? Under vilka f\u00f6rh\u00e5llanden m\u00f6tte de arenan? Hur kunde en strid sluta f\u00f6r en gladiator p\u00e5 arenan?<\/p><p>Att br\u00e5ka med sina kollegor och v\u00e4nner.<\/p><p>En gladiatorkamp p\u00e5 arenan kunde sluta p\u00e5 fem olika s\u00e4tt: gladiatorn kunde vinna eller d\u00f6das, han kunde avr\u00e4ttas av folket eller av kejsaren efter att ha kapitulerat, han kunde l\u00e4mna arenan levande genom n\u00e5d och om kampen slutade oavgjort kunde han l\u00e4mna arenan tillsammans med sin motst\u00e5ndare.<\/p><p>N\u00e4r en gladiator st\u00e4lldes inf\u00f6r en strid visste han att sannolikheten att d\u00f6 var ganska stor, b\u00e5de i arenan och av sina skador. Gladiatorer som upptr\u00e4dde hj\u00e4ltemodigt var mer ben\u00e4gna att bli ben\u00e5dade av folket.<\/p><p>M\u00e5nga gladiatorer dog unga redan efter en enda strid.<\/p><p>N\u00e4r jag f\u00f6rs\u00f6ker f\u00f6rest\u00e4lla mig gladiatorernas sinnesst\u00e4mning n\u00e4r de tr\u00e4nade, n\u00e4r de delade skolor och den plats d\u00e4r de bodde, sl\u00e5r det mig att det f\u00f6rmodligen var sv\u00e5rt f\u00f6r m\u00e5nga av dem att prata med den v\u00e4n som skulle bli en fiende p\u00e5 arenan och konfronteras och kanske d\u00f6das eller av vem som skulle d\u00f6das.<\/p><p>Den stress som gladiatorerna utsattes f\u00f6r dagligen var verkligen ingen dans p\u00e5 rosor och levnadsf\u00f6rh\u00e5llandena var allt annat \u00e4n enkla, s\u00e4rskilt f\u00f6r dem som inte hade ett gott rykte och ans\u00e5gs vara medelm\u00e5ttiga k\u00e4mpar.<\/p><p>Det verkar faktiskt som om m\u00e5nga gladiatorer, s\u00e4rskilt nyrekryterade, ofta f\u00f6rs\u00f6kte fly. Det verkar ocks\u00e5 som om m\u00e5nga av de gladiatorer som inte betraktades som hj\u00e4ltar och stora k\u00e4mpar, och som levde ett mycket sv\u00e5rt vardagsliv, f\u00f6redrog sj\u00e4lvmord framf\u00f6r den f\u00f6r\u00f6dmjukande och hedersl\u00f6sa d\u00f6d som kunde erbjudas dem p\u00e5 arenan.<\/p>\t\t\t\t\t\t<\/div>\n\t\t\t\t<\/div>\n\t\t\t\t<section data-dce-background-image-url=\"https:\/\/colosseo-roma.it\/wp-content\/uploads\/2023\/03\/rome-173469_1920.jpg\" class=\"elementor-section elementor-inner-section elementor-element elementor-element-242c095 elementor-section-height-min-height elementor-section-boxed elementor-section-height-default\" data-id=\"242c095\" data-element_type=\"section\" data-settings=\"{&quot;jet_parallax_layout_list&quot;:[],&quot;background_background&quot;:&quot;classic&quot;,&quot;ekit_has_onepagescroll_dot&quot;:&quot;yes&quot;}\">\n\t\t\t\t\t\t<div class=\"elementor-container elementor-column-gap-default\">\n\t\t\t\t\t<div class=\"elementor-column elementor-col-100 elementor-inner-column elementor-element elementor-element-65b01bc\" data-id=\"65b01bc\" data-element_type=\"column\">\n\t\t\t<div class=\"elementor-widget-wrap\">\n\t\t\t\t\t\t\t<\/div>\n\t\t<\/div>\n\t\t\t\t\t<\/div>\n\t\t<\/section>\n\t\t\t\t<div class=\"elementor-element elementor-element-48304c1 elementor-widget elementor-widget-heading\" data-id=\"48304c1\" data-element_type=\"widget\" data-settings=\"{&quot;ekit_we_effect_on&quot;:&quot;none&quot;}\" data-widget_type=\"heading.default\">\n\t\t\t\t<div class=\"elementor-widget-container\">\n\t\t\t<h5 class=\"elementor-heading-title elementor-size-default\">Ursprung av gladiatorstrider eller gladiatorspel<\/h5>\t\t<\/div>\n\t\t\t\t<\/div>\n\t\t\t\t<div class=\"elementor-element elementor-element-d6becbf elementor-widget elementor-widget-text-editor\" data-id=\"d6becbf\" data-element_type=\"widget\" data-settings=\"{&quot;ekit_we_effect_on&quot;:&quot;none&quot;}\" data-widget_type=\"text-editor.default\">\n\t\t\t\t<div class=\"elementor-widget-container\">\n\t\t\t\t\t\t\t<p>Hur b\u00f6rjade gladiatorstriderna eller gladiatorspelen? N\u00e4r h\u00f6lls gladiatorstrider?<\/p><p>Gladiatorstrid och kulten av de d\u00f6da.<\/p><p>Gladiatorstriderna (munera) har sitt ursprung i kulten av de d\u00f6da. Vi kan se att det redan i Homeros Iliaden ber\u00e4ttas att man f\u00f6r att hedra den avlidne hj\u00e4lten Patroklos h\u00f6ll begravningsspel och f\u00f6r detta offrade f\u00e5ngar som fick k\u00e4mpa mot varandra till d\u00f6den. Med dessa offer trodde man att den avlidnes ande kunde finna frid, riktiga magiska riter<\/p><p>Det verkar som om de f\u00f6rsta romerska ludi kan sp\u00e5ras tillbaka till Tarquinius Priscus tid n\u00e4r Rom stod under etruskernas inflytande, men gladiatorstriderna kom mycket senare.<\/p><p>\u00c5r 264 f.Kr. \u00e4gde den f\u00f6rsta gladiatorkampen rum till den tionde Junius Brutus Peras \u00e4ra under begravningsceremonin.<\/p><p>Snart blev gladiatorstriderna en viktig del av de romerska adelsm\u00e4nnens begravningsceremonier, men ocks\u00e5 av s\u00e4rskilda evenemang och festligheter i det romerska livet.<\/p><p>\"[...] inferiae \u00e4r offer f\u00f6r de d\u00f6da, som offras till de d\u00f6das rike. Utan tvekan var det brukligt att d\u00f6da krigsf\u00e5ngar framf\u00f6r de tappra m\u00e4nnens gravar: eftersom denna sed verkade grym, verkade det l\u00e4mpligt att l\u00e5ta gladiatorer som kallades bustuarii, fr\u00e5n busta [...] sl\u00e5ss framf\u00f6r gravarna.<\/p><p>(kommentarer i vergili aeneidos, bok x, 519)<\/p><p>F\u00f6rutom gladiatorstrider, avr\u00e4ttningar och jaktuppvisningar med vildsinta djur tillkom ocks\u00e5 tragedier och komedier, och fr\u00e5n 186 f.Kr. och fram\u00e5t. b\u00f6rjade \u00e4ven grekiska professionella idrottsm\u00e4n att upptr\u00e4da i Rom.<\/p><p>Ett annat stort spektakel var vagnloppet d\u00e4r den som f\u00f6rst korsade m\u00e5llinjen med vagnen dragen av de fyra h\u00e4starna uppn\u00e5dde stor ber\u00f6mmelse bland det romerska folket.<\/p><p>Men trots de m\u00e5nga olika spektaklen var favoriten alltid gladiatorstriderna som organiserades av offentliga tj\u00e4nstem\u00e4n som valts av folket.<\/p><p>F\u00f6r att bli n\u00e5gon och uppskattad av folket var man tvungen att skapa ett of\u00f6rgl\u00f6mligt spektakel med olika p\u00e5kostade och dyra underh\u00e5llningar.<\/p>\t\t\t\t\t\t<\/div>\n\t\t\t\t<\/div>\n\t\t\t\t\t<\/div>\n\t\t<\/div>\n\t\t\t\t\t<\/div>\n\t\t<\/section>\n\t\t\t\t<\/div>","protected":false},"excerpt":{"rendered":"<p>Gladiatorerna I den flaviska amfiteatern utk\u00e4mpades gladiatorstrider p\u00e5 eftermiddagarna. Deras namn kommer fr\u00e5n det korta sv\u00e4rd som de anv\u00e4nde i striderna: \"gladius\". Gladiatorerna i Rom l\u00e4rde sig gladiatorkonsten i \"ludi\", skolor som var baracker mycket lika de f\u00e4ngelser som fanns i hela imperiet; de sov i sm\u00e5 celler som var arrangerade [...].<\/p>","protected":false},"author":1,"featured_media":0,"parent":556,"menu_order":2,"comment_status":"closed","ping_status":"closed","template":"","meta":{"site-sidebar-layout":"no-sidebar","site-content-layout":"page-builder","ast-site-content-layout":"full-width-container","site-content-style":"unboxed","site-sidebar-style":"unboxed","ast-global-header-display":"","ast-banner-title-visibility":"","ast-main-header-display":"","ast-hfb-above-header-display":"","ast-hfb-below-header-display":"","ast-hfb-mobile-header-display":"","site-post-title":"disabled","ast-breadcrumbs-content":"","ast-featured-img":"disabled","footer-sml-layout":"","ast-disable-related-posts":"","theme-transparent-header-meta":"default","adv-header-id-meta":"","stick-header-meta":"","header-above-stick-meta":"","header-main-stick-meta":"","header-below-stick-meta":"","astra-migrate-meta-layouts":"set","ast-page-background-enabled":"default","ast-page-background-meta":{"desktop":{"background-color":"var(--ast-global-color-4)","background-image":"","background-repeat":"repeat","background-position":"center center","background-size":"auto","background-attachment":"scroll","background-type":"","background-media":"","overlay-type":"","overlay-color":"","overlay-opacity":"","overlay-gradient":""},"tablet":{"background-color":"","background-image":"","background-repeat":"repeat","background-position":"center center","background-size":"auto","background-attachment":"scroll","background-type":"","background-media":"","overlay-type":"","overlay-color":"","overlay-opacity":"","overlay-gradient":""},"mobile":{"background-color":"","background-image":"","background-repeat":"repeat","background-position":"center center","background-size":"auto","background-attachment":"scroll","background-type":"","background-media":"","overlay-type":"","overlay-color":"","overlay-opacity":"","overlay-gradient":""}},"ast-content-background-meta":{"desktop":{"background-color":"var(--ast-global-color-5)","background-image":"","background-repeat":"repeat","background-position":"center center","background-size":"auto","background-attachment":"scroll","background-type":"","background-media":"","overlay-type":"","overlay-color":"","overlay-opacity":"","overlay-gradient":""},"tablet":{"background-color":"var(--ast-global-color-5)","background-image":"","background-repeat":"repeat","background-position":"center center","background-size":"auto","background-attachment":"scroll","background-type":"","background-media":"","overlay-type":"","overlay-color":"","overlay-opacity":"","overlay-gradient":""},"mobile":{"background-color":"var(--ast-global-color-5)","background-image":"","background-repeat":"repeat","background-position":"center center","background-size":"auto","background-attachment":"scroll","background-type":"","background-media":"","overlay-type":"","overlay-color":"","overlay-opacity":"","overlay-gradient":""}},"iawp_total_views":3076,"footnotes":""},"class_list":["post-61","page","type-page","status-publish","hentry"],"_links":{"self":[{"href":"https:\/\/colosseo-roma.it\/sv\/wp-json\/wp\/v2\/pages\/61","targetHints":{"allow":["GET"]}}],"collection":[{"href":"https:\/\/colosseo-roma.it\/sv\/wp-json\/wp\/v2\/pages"}],"about":[{"href":"https:\/\/colosseo-roma.it\/sv\/wp-json\/wp\/v2\/types\/page"}],"author":[{"embeddable":true,"href":"https:\/\/colosseo-roma.it\/sv\/wp-json\/wp\/v2\/users\/1"}],"replies":[{"embeddable":true,"href":"https:\/\/colosseo-roma.it\/sv\/wp-json\/wp\/v2\/comments?post=61"}],"version-history":[{"count":0,"href":"https:\/\/colosseo-roma.it\/sv\/wp-json\/wp\/v2\/pages\/61\/revisions"}],"up":[{"embeddable":true,"href":"https:\/\/colosseo-roma.it\/sv\/wp-json\/wp\/v2\/pages\/556"}],"wp:attachment":[{"href":"https:\/\/colosseo-roma.it\/sv\/wp-json\/wp\/v2\/media?parent=61"}],"curies":[{"name":"wp","href":"https:\/\/api.w.org\/{rel}","templated":true}]}}