{"id":77,"date":"2023-03-10T11:34:31","date_gmt":"2023-03-10T10:34:31","guid":{"rendered":"https:\/\/wordpress-1074717-3818660.cloudwaysapps.com\/?page_id=77"},"modified":"2026-01-26T16:43:07","modified_gmt":"2026-01-26T15:43:07","slug":"via-emilia","status":"publish","type":"page","link":"https:\/\/colosseo-roma.it\/sv\/romarriket\/vagar\/via-emilia\/","title":{"rendered":"Via Emilia"},"content":{"rendered":"<div data-elementor-type=\"wp-page\" data-elementor-id=\"77\" class=\"elementor elementor-77\" data-elementor-post-type=\"page\">\n\t\t\t\t\t\t<section class=\"elementor-section elementor-top-section elementor-element elementor-element-f71a303 elementor-section-boxed elementor-section-height-default elementor-section-height-default\" data-id=\"f71a303\" data-element_type=\"section\" data-settings=\"{&quot;jet_parallax_layout_list&quot;:[],&quot;ekit_has_onepagescroll_dot&quot;:&quot;yes&quot;}\">\n\t\t\t\t\t\t<div class=\"elementor-container elementor-column-gap-default\">\n\t\t\t\t\t<div class=\"elementor-column elementor-col-100 elementor-top-column elementor-element elementor-element-bd018f7\" data-id=\"bd018f7\" data-element_type=\"column\">\n\t\t\t<div class=\"elementor-widget-wrap elementor-element-populated\">\n\t\t\t\t\t\t<div class=\"elementor-element elementor-element-60fc539 elementor-widget elementor-widget-heading\" data-id=\"60fc539\" data-element_type=\"widget\" data-settings=\"{&quot;ekit_we_effect_on&quot;:&quot;none&quot;}\" data-widget_type=\"heading.default\">\n\t\t\t\t<div class=\"elementor-widget-container\">\n\t\t\t<h1 class=\"elementor-heading-title elementor-size-default\">Via Emilia<\/h1>\t\t<\/div>\n\t\t\t\t<\/div>\n\t\t\t\t<div class=\"elementor-element elementor-element-cbc1e95 elementor-widget elementor-widget-heading\" data-id=\"cbc1e95\" data-element_type=\"widget\" data-settings=\"{&quot;ekit_we_effect_on&quot;:&quot;none&quot;}\" data-widget_type=\"heading.default\">\n\t\t\t\t<div class=\"elementor-widget-container\">\n\t\t\t<div class=\"elementor-heading-title elementor-size-default\">Romerska v\u00e4gar, Konsulatsv\u00e4gar i antikens Rom<\/div>\t\t<\/div>\n\t\t\t\t<\/div>\n\t\t\t\t<div class=\"elementor-element elementor-element-3308ae6 elementor-widget elementor-widget-text-editor\" data-id=\"3308ae6\" data-element_type=\"widget\" data-settings=\"{&quot;ekit_we_effect_on&quot;:&quot;none&quot;}\" data-widget_type=\"text-editor.default\">\n\t\t\t\t<div class=\"elementor-widget-container\">\n\t\t\t\t\t\t\t<p>\u00a0Via Emilia, den antika v\u00e4gen som var bekv\u00e4m f\u00f6r den romerska arm\u00e9n.<\/p><p>Den gamla romerska v\u00e4gen genom Emilia Romagna gjorde det m\u00f6jligt f\u00f6r den romerska arm\u00e9n att f\u00f6rflytta sig snabbt och n\u00e5 staden Placentia.<\/p><p>Via Emilia har sitt ursprung i det antika Rom som en romersk v\u00e4g. Den byggdes mellan 189 och 187 f.Kr. av konsul Marco Emilio Lepido. V\u00e4gen byggdes f\u00f6r att direkt f\u00f6rbinda rimini med piacenza vid en tidpunkt d\u00e5 \"placentia\" var omringat av Boii-gallerna som, trots att de besegrats av romarna, hade v\u00e4grat att underteckna ett fredsavtal med rom och hotade med uppror.<\/p><p>Rom best\u00e4mde sig d\u00e4rf\u00f6r f\u00f6r att bygga en bekv\u00e4m v\u00e4g f\u00f6r att snabbt f\u00e5 arm\u00e9n till Placentia redo att undertrycka varje form av uppror fr\u00e5n Boii-gallerna.<\/p><p>Flera \u00e5r senare f\u00f6rl\u00e4ngdes v\u00e4gen fr\u00e5n Piacenza till Milano.<\/p><p>De viktigaste st\u00e4derna som korsas av Via Emilia med romersk grundl\u00e4ggning och de som \u00e5tergrundades av romarna \u00e4r: caesena (cesena), forum popili (forlimpopoli), forum livii (forl\u00ec), faventia (faenza), forum cornelii (imola), bononia (bologna), mutina (modena), regium lepidi (reggio emilia), tannetum (sant ilario d'enza), fidentia (fidenza), parma, placentia (piacenza).<br \/><br \/>Via Aemilia f\u00f6rband tv\u00e5 mycket viktiga romerska v\u00e4gar: Via Emilia, som b\u00f6rjade i Rom och n\u00e5dde Rimini (en koloni som grundades 268 f.Kr.) och Via Postumia, som gick fr\u00e5n Piacenza till Aquileia.<br \/><br \/>\u00c4n idag \u00e4r den romerska Via Emilia huvudpuls\u00e5dern i Emilia Romagna (den region som f\u00e5tt sitt namn efter v\u00e4gen). Via Emilia \u00e4r en bred och bekv\u00e4m v\u00e4g, mestadels rak, en typisk egenskap hos romerska v\u00e4gar. romarna b\u00f6rjade bygga l\u00e5nga, raka v\u00e4gar f\u00f6r milit\u00e4ra, kommersiella och politiska \u00e4ndam\u00e5l; de var n\u00f6dv\u00e4ndiga f\u00f6r tillv\u00e4xten av deras imperium eftersom de gjorde det m\u00f6jligt f\u00f6r den romerska arm\u00e9n att flytta snabbt.<\/p>\t\t\t\t\t\t<\/div>\n\t\t\t\t<\/div>\n\t\t\t\t\t<\/div>\n\t\t<\/div>\n\t\t\t\t\t<\/div>\n\t\t<\/section>\n\t\t\t\t<\/div>","protected":false},"excerpt":{"rendered":"<p>La Via Emilia Strade romane, Vie consolari dell&#8217;antica Roma La Via Emilia, la strada antica comoda per l\u2019esercito romano. L\u2019antica strada romana che attraversa l\u2019emilia romagna permetteva all\u2019esercito romano di muoversi rapidamente e raggiungere la citt\u00e0 di placentia. La via emilia nasce nell\u2019antica roma come strada romana. fatta costruire tra il 189 e il 187 [&hellip;]<\/p>","protected":false},"author":1,"featured_media":0,"parent":75,"menu_order":0,"comment_status":"closed","ping_status":"closed","template":"","meta":{"site-sidebar-layout":"no-sidebar","site-content-layout":"page-builder","ast-site-content-layout":"full-width-container","site-content-style":"unboxed","site-sidebar-style":"unboxed","ast-global-header-display":"","ast-banner-title-visibility":"","ast-main-header-display":"","ast-hfb-above-header-display":"","ast-hfb-below-header-display":"","ast-hfb-mobile-header-display":"","site-post-title":"disabled","ast-breadcrumbs-content":"","ast-featured-img":"disabled","footer-sml-layout":"","ast-disable-related-posts":"","theme-transparent-header-meta":"default","adv-header-id-meta":"","stick-header-meta":"","header-above-stick-meta":"","header-main-stick-meta":"","header-below-stick-meta":"","astra-migrate-meta-layouts":"set","ast-page-background-enabled":"default","ast-page-background-meta":{"desktop":{"background-color":"var(--ast-global-color-4)","background-image":"","background-repeat":"repeat","background-position":"center center","background-size":"auto","background-attachment":"scroll","background-type":"","background-media":"","overlay-type":"","overlay-color":"","overlay-opacity":"","overlay-gradient":""},"tablet":{"background-color":"","background-image":"","background-repeat":"repeat","background-position":"center center","background-size":"auto","background-attachment":"scroll","background-type":"","background-media":"","overlay-type":"","overlay-color":"","overlay-opacity":"","overlay-gradient":""},"mobile":{"background-color":"","background-image":"","background-repeat":"repeat","background-position":"center center","background-size":"auto","background-attachment":"scroll","background-type":"","background-media":"","overlay-type":"","overlay-color":"","overlay-opacity":"","overlay-gradient":""}},"ast-content-background-meta":{"desktop":{"background-color":"var(--ast-global-color-5)","background-image":"","background-repeat":"repeat","background-position":"center center","background-size":"auto","background-attachment":"scroll","background-type":"","background-media":"","overlay-type":"","overlay-color":"","overlay-opacity":"","overlay-gradient":""},"tablet":{"background-color":"var(--ast-global-color-5)","background-image":"","background-repeat":"repeat","background-position":"center center","background-size":"auto","background-attachment":"scroll","background-type":"","background-media":"","overlay-type":"","overlay-color":"","overlay-opacity":"","overlay-gradient":""},"mobile":{"background-color":"var(--ast-global-color-5)","background-image":"","background-repeat":"repeat","background-position":"center center","background-size":"auto","background-attachment":"scroll","background-type":"","background-media":"","overlay-type":"","overlay-color":"","overlay-opacity":"","overlay-gradient":""}},"iawp_total_views":720,"footnotes":""},"class_list":["post-77","page","type-page","status-publish","hentry"],"_links":{"self":[{"href":"https:\/\/colosseo-roma.it\/sv\/wp-json\/wp\/v2\/pages\/77","targetHints":{"allow":["GET"]}}],"collection":[{"href":"https:\/\/colosseo-roma.it\/sv\/wp-json\/wp\/v2\/pages"}],"about":[{"href":"https:\/\/colosseo-roma.it\/sv\/wp-json\/wp\/v2\/types\/page"}],"author":[{"embeddable":true,"href":"https:\/\/colosseo-roma.it\/sv\/wp-json\/wp\/v2\/users\/1"}],"replies":[{"embeddable":true,"href":"https:\/\/colosseo-roma.it\/sv\/wp-json\/wp\/v2\/comments?post=77"}],"version-history":[{"count":0,"href":"https:\/\/colosseo-roma.it\/sv\/wp-json\/wp\/v2\/pages\/77\/revisions"}],"up":[{"embeddable":true,"href":"https:\/\/colosseo-roma.it\/sv\/wp-json\/wp\/v2\/pages\/75"}],"wp:attachment":[{"href":"https:\/\/colosseo-roma.it\/sv\/wp-json\/wp\/v2\/media?parent=77"}],"curies":[{"name":"wp","href":"https:\/\/api.w.org\/{rel}","templated":true}]}}