{"id":79,"date":"2023-03-10T11:34:57","date_gmt":"2023-03-10T10:34:57","guid":{"rendered":"https:\/\/wordpress-1074717-3818660.cloudwaysapps.com\/?page_id=79"},"modified":"2026-01-26T16:43:02","modified_gmt":"2026-01-26T15:43:02","slug":"via-salaria","status":"publish","type":"page","link":"https:\/\/colosseo-roma.it\/sv\/romarriket\/vagar\/via-salaria\/","title":{"rendered":"Via Salaria"},"content":{"rendered":"<div data-elementor-type=\"wp-page\" data-elementor-id=\"79\" class=\"elementor elementor-79\" data-elementor-post-type=\"page\">\n\t\t\t\t\t\t<section class=\"elementor-section elementor-top-section elementor-element elementor-element-4934fd0 elementor-section-boxed elementor-section-height-default elementor-section-height-default\" data-id=\"4934fd0\" data-element_type=\"section\" data-settings=\"{&quot;jet_parallax_layout_list&quot;:[],&quot;ekit_has_onepagescroll_dot&quot;:&quot;yes&quot;}\">\n\t\t\t\t\t\t<div class=\"elementor-container elementor-column-gap-default\">\n\t\t\t\t\t<div class=\"elementor-column elementor-col-100 elementor-top-column elementor-element elementor-element-4a1806c\" data-id=\"4a1806c\" data-element_type=\"column\">\n\t\t\t<div class=\"elementor-widget-wrap elementor-element-populated\">\n\t\t\t\t\t\t<div class=\"elementor-element elementor-element-094bbac elementor-widget elementor-widget-heading\" data-id=\"094bbac\" data-element_type=\"widget\" data-settings=\"{&quot;ekit_we_effect_on&quot;:&quot;none&quot;}\" data-widget_type=\"heading.default\">\n\t\t\t\t<div class=\"elementor-widget-container\">\n\t\t\t<h1 class=\"elementor-heading-title elementor-size-default\">Via Salaria<\/h1>\t\t<\/div>\n\t\t\t\t<\/div>\n\t\t\t\t<div class=\"elementor-element elementor-element-a6c2ce3 elementor-widget elementor-widget-heading\" data-id=\"a6c2ce3\" data-element_type=\"widget\" data-settings=\"{&quot;ekit_we_effect_on&quot;:&quot;none&quot;}\" data-widget_type=\"heading.default\">\n\t\t\t\t<div class=\"elementor-widget-container\">\n\t\t\t<div class=\"elementor-heading-title elementor-size-default\">Romerska v\u00e4gar, Konsulatsv\u00e4gar i antikens Rom<\/div>\t\t<\/div>\n\t\t\t\t<\/div>\n\t\t\t\t<div class=\"elementor-element elementor-element-1811a3a elementor-widget elementor-widget-text-editor\" data-id=\"1811a3a\" data-element_type=\"widget\" data-settings=\"{&quot;ekit_we_effect_on&quot;:&quot;none&quot;}\" data-widget_type=\"text-editor.default\">\n\t\t\t\t<div class=\"elementor-widget-container\">\n\t\t\t\t\t\t\t<p><em>Den gamla romerska saltv\u00e4gen<\/em>.<\/p><p>La <strong>Via Salaria<\/strong>\u00a0\u00e4r en av de mest\u00a0<strong>gamla konsul\u00e4ra v\u00e4gar<\/strong>som byggdes vid flera tillf\u00e4llen av romarna sj\u00e4lva, g\u00e5r fr\u00e5n huvudstaden till Adriatiska havet, och anv\u00e4nds \u00e4n idag och \u00e4r mer k\u00e4nd som SS 4-v\u00e4gen. Det \u00e4r i sj\u00e4lva verket v\u00e4gen mellan Rom och Rieti.<\/p><p>Det m\u00e4rkliga namnet g\u00e5r tillbaka p\u00e5 romarnas anv\u00e4ndning av v\u00e4gen, som fr\u00e4mst var till f\u00f6r att transportera salt som samlats in fr\u00e5n de gamla saltpannorna som f\u00f6rmodligen ligger i Marches.<\/p><p>La\u00a0<strong>Salaria-v\u00e4gen<\/strong>\u00a0startar fr\u00e5n\u00a0<strong>Aurelian Walls<\/strong>\u00a0g\u00e5r ut mot\u00a0<strong>Salaria Gate<\/strong>Den g\u00e5r rakt mot Forte Antenne f\u00f6r att korsa floden Aniene och efter ganska m\u00e5nga kilometer kommer man fram till det som nu \u00e4r Fidene by.<\/p><p>Ursprungligen f\u00f6rgrenade sig v\u00e4gen mellan \u00e4ngar och \u00e5tervunna omr\u00e5den, f\u00f6r att senare \u00e5tervinnas, ja l\u00e5t oss s\u00e4ga att den slutliga \u00e5tervinningen \u00e4gde rum ungef\u00e4r tv\u00e5 \u00e5rhundraden senare. Via Salaria l\u00e4mnar Roms utkanter och g\u00e5r i riktning mot\u00a0<strong>Settebagni<\/strong>\u00a0f\u00f6r att slutligen ta ledningen f\u00f6r\u00a0<strong>Tenuta Marcigliana Vecchia<\/strong>\u00a0d\u00e4r det fanns en gammal romersk bos\u00e4ttning som \u00e4r mer k\u00e4nd som\u00a0<strong>Crustumerium<\/strong>. Lite l\u00e4ngre fram b\u00f6rjar vi se de f\u00f6rsta bergen; vi \u00e4r nu vid Coresepasset i riktning mot Fara Sabina.<\/p><p>H\u00e4r delade sig Salaria i tv\u00e5 sektioner som var mycket viktiga f\u00f6r den antika handeln; i sj\u00e4lva verket fortsatte en gata vid Ponte Buita mot\u00a0<strong>via Cecilia<\/strong>\u00a0vilket ledde till\u00a0<strong>Atri<\/strong>\u00a0- den antika hatria - medan den andra stammen n\u00e5dde\u00a0<strong>Rieti<\/strong>.<\/p><p>F\u00f6re Rieti kan man faktiskt se tv\u00e5 olika delar, en som v\u00e4nder \u00f6sterut, korsar Apenninerna i riktning mot Sella di Corno f\u00f6r att \u00f6verblicka Amiternums sl\u00e4tt i n\u00e4rheten av dagens Eagle tar Passo delle Capannelle och forts\u00e4tter till Teramo, eller snarare genom staden Pretutii.<\/p><p>Den andra stammen fr\u00e5n Rieti g\u00e5r uppf\u00f6r floden Velino ett tag till Terme di Cotilia, som utnyttjades av romarna, eller snarare utnyttjades tillr\u00e4ckligt av en stor bos\u00e4ttning f\u00f6r att \u00f6ppna ett h\u00e4lsocenter i n\u00e4rheten med varmt svavelhaltigt termiskt vatten.<\/p><p>Forts\u00e4tter man kommer man till Antrodoco strax nedanf\u00f6r Monte Giano d\u00e4r romarna ocks\u00e5 byggde ett annat spa. Men Salaria stannar inte, utan forts\u00e4tter norrut l\u00e4ngs floden och korsar raviner och berg. H\u00e4r kommer romarnas kultur och f\u00f6rberedelser otvivelaktigt till sin r\u00e4tt. F\u00f6r att \u00f6vervinna alla dessa \"of\u00f6rutsedda h\u00e4ndelser\" \u00f6vertr\u00e4ffade Augustus och Trajanus ingenj\u00f6rer sig sj\u00e4lva genom att anta tekniska l\u00f6sningar som fortfarande f\u00f6rv\u00e5nar oss idag.<\/p><p>Efter att ha passerat bergen forts\u00e4tter Via Salaria l\u00e4ngs sl\u00e4tten i Tronto-dalen i Marche-regionen, och vi st\u00f6ter d\u00e5 p\u00e5 st\u00e4der som \u00e4r k\u00e4nda och viktiga \u00e4n i dag, som Pescara del Tronto, Acquasanta Terme (som ocks\u00e5 utnyttjades h\u00e4r av romarna som kurort p\u00e5 grund av dess albulevatten), Lettera, Posta, Favalanciata, Quintodecimo f\u00f6r att komma fram till Ascoli Piceno. Om vi forts\u00e4tter l\u00e4ngre fram m\u00f6ter vi slutligen havet n\u00e4ra Castrum Trentium, en ort n\u00e4ra Porto d'Ascoli i kommunen San Benedetto del Tronto.<\/p>\t\t\t\t\t\t<\/div>\n\t\t\t\t<\/div>\n\t\t\t\t\t<\/div>\n\t\t<\/div>\n\t\t\t\t\t<\/div>\n\t\t<\/section>\n\t\t\t\t<\/div>","protected":false},"excerpt":{"rendered":"<p>Via Salaria Romerska v\u00e4gar, Konsul\u00e4ra v\u00e4gar i det antika Rom Den antika romerska saltv\u00e4gen. Via Salaria \u00e4r en av de \u00e4ldsta konsularv\u00e4garna, byggd i flera etapper av romarna sj\u00e4lva, den g\u00e5r fr\u00e5n huvudstaden till Adriatiska havet, anv\u00e4nds fortfarande idag och \u00e4r mer k\u00e4nd som SS 4-v\u00e4gen. [...]<\/p>","protected":false},"author":1,"featured_media":0,"parent":75,"menu_order":5,"comment_status":"closed","ping_status":"closed","template":"","meta":{"site-sidebar-layout":"no-sidebar","site-content-layout":"page-builder","ast-site-content-layout":"full-width-container","site-content-style":"unboxed","site-sidebar-style":"unboxed","ast-global-header-display":"","ast-banner-title-visibility":"","ast-main-header-display":"","ast-hfb-above-header-display":"","ast-hfb-below-header-display":"","ast-hfb-mobile-header-display":"","site-post-title":"disabled","ast-breadcrumbs-content":"","ast-featured-img":"disabled","footer-sml-layout":"","ast-disable-related-posts":"","theme-transparent-header-meta":"default","adv-header-id-meta":"","stick-header-meta":"","header-above-stick-meta":"","header-main-stick-meta":"","header-below-stick-meta":"","astra-migrate-meta-layouts":"set","ast-page-background-enabled":"default","ast-page-background-meta":{"desktop":{"background-color":"var(--ast-global-color-4)","background-image":"","background-repeat":"repeat","background-position":"center center","background-size":"auto","background-attachment":"scroll","background-type":"","background-media":"","overlay-type":"","overlay-color":"","overlay-opacity":"","overlay-gradient":""},"tablet":{"background-color":"","background-image":"","background-repeat":"repeat","background-position":"center center","background-size":"auto","background-attachment":"scroll","background-type":"","background-media":"","overlay-type":"","overlay-color":"","overlay-opacity":"","overlay-gradient":""},"mobile":{"background-color":"","background-image":"","background-repeat":"repeat","background-position":"center center","background-size":"auto","background-attachment":"scroll","background-type":"","background-media":"","overlay-type":"","overlay-color":"","overlay-opacity":"","overlay-gradient":""}},"ast-content-background-meta":{"desktop":{"background-color":"var(--ast-global-color-5)","background-image":"","background-repeat":"repeat","background-position":"center center","background-size":"auto","background-attachment":"scroll","background-type":"","background-media":"","overlay-type":"","overlay-color":"","overlay-opacity":"","overlay-gradient":""},"tablet":{"background-color":"var(--ast-global-color-5)","background-image":"","background-repeat":"repeat","background-position":"center center","background-size":"auto","background-attachment":"scroll","background-type":"","background-media":"","overlay-type":"","overlay-color":"","overlay-opacity":"","overlay-gradient":""},"mobile":{"background-color":"var(--ast-global-color-5)","background-image":"","background-repeat":"repeat","background-position":"center center","background-size":"auto","background-attachment":"scroll","background-type":"","background-media":"","overlay-type":"","overlay-color":"","overlay-opacity":"","overlay-gradient":""}},"iawp_total_views":918,"footnotes":""},"class_list":["post-79","page","type-page","status-publish","hentry"],"_links":{"self":[{"href":"https:\/\/colosseo-roma.it\/sv\/wp-json\/wp\/v2\/pages\/79","targetHints":{"allow":["GET"]}}],"collection":[{"href":"https:\/\/colosseo-roma.it\/sv\/wp-json\/wp\/v2\/pages"}],"about":[{"href":"https:\/\/colosseo-roma.it\/sv\/wp-json\/wp\/v2\/types\/page"}],"author":[{"embeddable":true,"href":"https:\/\/colosseo-roma.it\/sv\/wp-json\/wp\/v2\/users\/1"}],"replies":[{"embeddable":true,"href":"https:\/\/colosseo-roma.it\/sv\/wp-json\/wp\/v2\/comments?post=79"}],"version-history":[{"count":0,"href":"https:\/\/colosseo-roma.it\/sv\/wp-json\/wp\/v2\/pages\/79\/revisions"}],"up":[{"embeddable":true,"href":"https:\/\/colosseo-roma.it\/sv\/wp-json\/wp\/v2\/pages\/75"}],"wp:attachment":[{"href":"https:\/\/colosseo-roma.it\/sv\/wp-json\/wp\/v2\/media?parent=79"}],"curies":[{"name":"wp","href":"https:\/\/api.w.org\/{rel}","templated":true}]}}